{"id":94606,"date":"2017-03-01T08:14:37","date_gmt":"2017-03-01T07:14:37","guid":{"rendered":"https:\/\/alzira.es\/servicios-municipales\/participacion-ciudadana\/consultas\/"},"modified":"2024-01-23T13:47:45","modified_gmt":"2024-01-23T12:47:45","slug":"consultas","status":"publish","type":"page","link":"https:\/\/alzira.es\/es\/servicios-municipales\/participacion-ciudadana\/consultas\/","title":{"rendered":"Consultas"},"content":{"rendered":"<hr \/>\n<p style=\"font-size: 14.4px; text-align: justify;\"><strong>Consulta:\u00a0<\/strong><strong>CONSULTAS DE LA CIUDADAN\u00cdA EN 2023<\/strong><\/p>\n<p style=\"font-size: 14.4px; text-align: left; padding-left: 200px;\"><a href=\"https:\/\/alzira.es\/wp-content\/uploads\/anual\/Consultes_per_mes.pdf\" target=\"_blank\" rel=\"noopener\"><span style=\"font-size: 14.4px;\"><img decoding=\"async\" width=\"18\" height=\"15\" class=\"size-full wp-image-21429 lazyload\" data-src=\"https:\/\/alzira.es\/wp-content\/uploads\/2017\/03\/pdf_rojo.gif\" alt=\"pdf rojo\" src=\"data:image\/svg+xml;base64,PHN2ZyB3aWR0aD0iMSIgaGVpZ2h0PSIxIiB4bWxucz0iaHR0cDovL3d3dy53My5vcmcvMjAwMC9zdmciPjwvc3ZnPg==\" style=\"--smush-placeholder-width: 18px; --smush-placeholder-aspect-ratio: 18\/15;\" \/><\/span> Consultas por mes<\/a><\/p>\n<p style=\"font-size: 14.4px; text-align: left; padding-left: 200px;\"><a href=\"https:\/\/alzira.es\/wp-content\/uploads\/anual\/Per_mes_i_materia_consultades.pdf\" target=\"_blank\" rel=\"noopener\"><img decoding=\"async\" width=\"18\" height=\"15\" class=\"size-full wp-image-21429 lazyload\" data-src=\"https:\/\/alzira.es\/wp-content\/uploads\/2017\/03\/pdf_rojo.gif\" alt=\"pdf rojo\" src=\"data:image\/svg+xml;base64,PHN2ZyB3aWR0aD0iMSIgaGVpZ2h0PSIxIiB4bWxucz0iaHR0cDovL3d3dy53My5vcmcvMjAwMC9zdmciPjwvc3ZnPg==\" style=\"--smush-placeholder-width: 18px; --smush-placeholder-aspect-ratio: 18\/15;\" \/> Por mes y materia consultada<\/a><a href=\"https:\/\/alzira.es\/wp-content\/uploads\/2017\/03\/2020_Per_mes_i_materia_son_12_grafics.pdf\"><br \/>\n<\/a><\/p>\n<p style=\"font-size: 14.4px; text-align: left; padding-left: 200px;\"><a href=\"https:\/\/alzira.es\/wp-content\/uploads\/anual\/Arees_mes_consultades.pdf\" target=\"_blank\" rel=\"noopener\"><span style=\"font-size: 14.4px;\"><img decoding=\"async\" width=\"18\" height=\"15\" class=\"size-full wp-image-21429 lazyload\" data-src=\"https:\/\/alzira.es\/wp-content\/uploads\/2017\/03\/pdf_rojo.gif\" alt=\"pdf rojo\" src=\"data:image\/svg+xml;base64,PHN2ZyB3aWR0aD0iMSIgaGVpZ2h0PSIxIiB4bWxucz0iaHR0cDovL3d3dy53My5vcmcvMjAwMC9zdmciPjwvc3ZnPg==\" style=\"--smush-placeholder-width: 18px; --smush-placeholder-aspect-ratio: 18\/15;\" \/><\/span> <span style=\"font-size: 14.4px;\">\u00c1reas m\u00e1s consultada<\/span><span style=\"font-size: 14.4px;\">s<\/span><\/a><\/p>\n<p style=\"font-size: 14.4px; text-align: left; padding-left: 200px;\"><a href=\"https:\/\/alzira.es\/wp-content\/uploads\/anual\/Consultes_i_respostes.pdf\" target=\"_blank\" rel=\"noopener\"><span style=\"font-size: 14.4px;\"><img decoding=\"async\" class=\"size-full wp-image-21429 lazyload\" data-src=\"https:\/\/alzira.es\/wp-content\/uploads\/2017\/03\/pdf_rojo.gif\" alt=\"pdf rojo\" width=\"18\" height=\"14\" src=\"data:image\/svg+xml;base64,PHN2ZyB3aWR0aD0iMSIgaGVpZ2h0PSIxIiB4bWxucz0iaHR0cDovL3d3dy53My5vcmcvMjAwMC9zdmciPjwvc3ZnPg==\" style=\"--smush-placeholder-width: 18px; --smush-placeholder-aspect-ratio: 18\/14;\" \/><\/span> Consultas y respuestas<\/a><\/p>\n<p style=\"font-size: 14.4px; text-align: justify;\"><strong>\u00a0<\/strong><\/p>\n<hr style=\"font-size: 14.4px;\" \/>\n<p><a title=\"ENQUESTA PAISATGE ANELL VERD D'ALZIRA\" href=\"https:\/\/goo.gl\/forms\/kftI0y4KIGON43Kw1\" target=\"_blank\" rel=\"noopener\"><strong><strong style=\"font-size: 14.4px;\">Encuesta:\u00a0PAISATGE ANELL VERD D&#8217;ALZIRA<\/strong><\/strong><\/a><\/p>\n<p style=\"text-align: center;\"><strong style=\"font-size: 14.4px;\"><strong style=\"font-size: 14.4px;\"><img fetchpriority=\"high\" decoding=\"async\" class=\" size-full wp-image-21441\" title=\"ENQUESTA PAISATGE ANELL VERD D'ALZIRA\" src=\"https:\/\/alzira.es\/wp-content\/uploads\/2017\/03\/AnellVerdAlzira_portada.jpg\" alt=\"AnellVerdAlzira portada\" width=\"500\" height=\"353\" srcset=\"https:\/\/alzira.es\/wp-content\/uploads\/2017\/03\/AnellVerdAlzira_portada.jpg 740w, https:\/\/alzira.es\/wp-content\/uploads\/2017\/03\/AnellVerdAlzira_portada-680x481.jpg 680w\" sizes=\"(max-width: 500px) 100vw, 500px\" \/>\u00a0<\/strong><\/strong><\/p>\n<p style=\"text-align: center;\"><a title=\" Resultados de las encuestas \u201cANELL VERD\u201d\" href=\"https:\/\/alzira.es\/wp-content\/uploads\/2017\/03\/AnellVerdAlzira_Informe_encuestas_cas.pdf\" target=\"_blank\" rel=\"noopener\"><img decoding=\"async\" width=\"18\" height=\"15\" class=\"size-full wp-image-21429 lazyload\" data-src=\"https:\/\/alzira.es\/wp-content\/uploads\/2017\/03\/pdf_rojo.gif\" alt=\"pdf rojo\" src=\"data:image\/svg+xml;base64,PHN2ZyB3aWR0aD0iMSIgaGVpZ2h0PSIxIiB4bWxucz0iaHR0cDovL3d3dy53My5vcmcvMjAwMC9zdmciPjwvc3ZnPg==\" style=\"--smush-placeholder-width: 18px; --smush-placeholder-aspect-ratio: 18\/15;\" \/>\u00a0Resultados de las encuestas \u00abANELL VERD\u00bb<\/a><\/p>\n<p style=\"text-align: center;\"><a title=\"Tr\u00edptico \u201cANELL VERD\u201d\" href=\"https:\/\/alzira.es\/wp-content\/uploads\/2017\/03\/AnellVerdAlzira_triptic.pdf\" target=\"_blank\" rel=\"noopener\"><img decoding=\"async\" width=\"18\" height=\"15\" class=\"size-full wp-image-21429 lazyload\" data-src=\"https:\/\/alzira.es\/wp-content\/uploads\/2017\/03\/pdf_rojo.gif\" alt=\"pdf rojo\" src=\"data:image\/svg+xml;base64,PHN2ZyB3aWR0aD0iMSIgaGVpZ2h0PSIxIiB4bWxucz0iaHR0cDovL3d3dy53My5vcmcvMjAwMC9zdmciPjwvc3ZnPg==\" style=\"--smush-placeholder-width: 18px; --smush-placeholder-aspect-ratio: 18\/15;\" \/>\u00a0Tr\u00edptico \u00abANELL VERD\u00bb<\/a><\/p>\n<p style=\"text-align: center;\"><a title=\"Paneles \u201cANELL VERD\u201d\" href=\"https:\/\/alzira.es\/wp-content\/uploads\/2017\/03\/AnellVerdAlzira_panells.pdf\" target=\"_blank\" rel=\"noopener\"><img decoding=\"async\" width=\"18\" height=\"15\" class=\"size-full wp-image-21429 lazyload\" data-src=\"https:\/\/alzira.es\/wp-content\/uploads\/2017\/03\/pdf_rojo.gif\" alt=\"pdf rojo\" src=\"data:image\/svg+xml;base64,PHN2ZyB3aWR0aD0iMSIgaGVpZ2h0PSIxIiB4bWxucz0iaHR0cDovL3d3dy53My5vcmcvMjAwMC9zdmciPjwvc3ZnPg==\" style=\"--smush-placeholder-width: 18px; --smush-placeholder-aspect-ratio: 18\/15;\" \/>\u00a0Paneles \u00abANELL VERD\u00bb<\/a><\/p>\n<p style=\"text-align: center;\"><a title=\"ANELL VERD\" href=\"https:\/\/issuu.com\/cercle3\/docs\/171218__dossier_anell_verd_alzira__\" target=\"_blank\" rel=\"noopener\"><img decoding=\"async\" class=\"size-full wp-image-21449 lazyload\" style=\"--smush-placeholder-width: 18px; --smush-placeholder-aspect-ratio: 18\/18;color: #363636; font-size: 14.4px; text-align: center;\" data-src=\"https:\/\/alzira.es\/wp-content\/uploads\/2017\/03\/issuu.PNG\" alt=\"issuu\" width=\"18\" height=\"18\" src=\"data:image\/svg+xml;base64,PHN2ZyB3aWR0aD0iMSIgaGVpZ2h0PSIxIiB4bWxucz0iaHR0cDovL3d3dy53My5vcmcvMjAwMC9zdmciPjwvc3ZnPg==\" \/><span style=\"color: #363636; font-size: 14.4px; text-align: center;\">\u00a0Dossier \u00abANELL VERD\u00bb<\/span><\/a><\/p>\n<hr \/>\n<p style=\"text-align: justify;\"><strong style=\"text-align: left; font-size: 14.4px;\"><a class=\"jcepopup\" title=\"Encuesta: Selecciona los tres proyectos que consideras m\u00e1s interesantes para Alzira\" href=\"https:\/\/alzira.es\/wp-content\/uploads\/2017\/03\/enquesta_projectes.pdf\" target=\"_blank\" rel=\"noopener\">Encuesta:\u00a0SELECCIONA LOS TRES PROYECTOS QUE CONSIDERAS M\u00c1S INTERESANTES PARA ALZIRA<\/a><\/strong><\/p>\n<p style=\"text-align: center;\"><a class=\"jcepopup\" title=\"Encuesta: Selecciona los tres proyectos que consideras m\u00e1s interesantes para Alzira\" href=\"https:\/\/alzira.es\/wp-content\/uploads\/2017\/03\/enquesta_projectes.pdf\" target=\"_blank\" rel=\"noopener\"><img decoding=\"async\" class=\"size-full wp-image-20804 lazyload\" title=\"Encuesta: Selecciona los tres proyectos que consideras m\u00e1s interesantes para Alzira\" data-src=\"https:\/\/alzira.es\/wp-content\/uploads\/2017\/02\/enquesta_projectes.png\" alt=\"enquesta projectes\" width=\"800\" height=\"953\" src=\"data:image\/svg+xml;base64,PHN2ZyB3aWR0aD0iMSIgaGVpZ2h0PSIxIiB4bWxucz0iaHR0cDovL3d3dy53My5vcmcvMjAwMC9zdmciPjwvc3ZnPg==\" style=\"--smush-placeholder-width: 800px; --smush-placeholder-aspect-ratio: 800\/953;\" \/><\/a><\/p>\n","protected":false},"excerpt":{"rendered":"<p>Consulta:\u00a0CONSULTAS DE LA CIUDADAN\u00cdA EN 2023 Consultas por mes Por mes y materia consultada \u00c1reas m\u00e1s consultadas Consultas y respuestas \u00a0 Encuesta:\u00a0PAISATGE ANELL VERD D&#8217;ALZIRA \u00a0 \u00a0Resultados de las encuestas \u00abANELL VERD\u00bb \u00a0Tr\u00edptico \u00abANELL VERD\u00bb \u00a0Paneles \u00abANELL VERD\u00bb \u00a0Dossier \u00abANELL VERD\u00bb Encuesta:\u00a0SELECCIONA LOS TRES PROYECTOS QUE CONSIDERAS M\u00c1S INTERESANTES PARA ALZIRA<\/p>\n","protected":false},"author":29,"featured_media":21429,"parent":12504,"menu_order":0,"comment_status":"closed","ping_status":"closed","template":"","meta":{"_acf_changed":false,"footnotes":""},"class_list":["post-94606","page","type-page","status-publish","has-post-thumbnail","hentry"],"acf":[],"_links":{"self":[{"href":"https:\/\/alzira.es\/es\/wp-json\/wp\/v2\/pages\/94606","targetHints":{"allow":["GET"]}}],"collection":[{"href":"https:\/\/alzira.es\/es\/wp-json\/wp\/v2\/pages"}],"about":[{"href":"https:\/\/alzira.es\/es\/wp-json\/wp\/v2\/types\/page"}],"author":[{"embeddable":true,"href":"https:\/\/alzira.es\/es\/wp-json\/wp\/v2\/users\/29"}],"replies":[{"embeddable":true,"href":"https:\/\/alzira.es\/es\/wp-json\/wp\/v2\/comments?post=94606"}],"version-history":[{"count":2,"href":"https:\/\/alzira.es\/es\/wp-json\/wp\/v2\/pages\/94606\/revisions"}],"predecessor-version":[{"id":146268,"href":"https:\/\/alzira.es\/es\/wp-json\/wp\/v2\/pages\/94606\/revisions\/146268"}],"up":[{"embeddable":true,"href":"https:\/\/alzira.es\/es\/wp-json\/wp\/v2\/pages\/12504"}],"wp:featuredmedia":[{"embeddable":true,"href":"https:\/\/alzira.es\/es\/wp-json\/wp\/v2\/media\/21429"}],"wp:attachment":[{"href":"https:\/\/alzira.es\/es\/wp-json\/wp\/v2\/media?parent=94606"}],"curies":[{"name":"wp","href":"https:\/\/api.w.org\/{rel}","templated":true}]}}