{"id":90137,"date":"2021-09-20T10:58:32","date_gmt":"2021-09-20T08:58:32","guid":{"rendered":"https:\/\/alzira.es\/ayuntamiento\/corporacion-y-gobierno-municipal\/organigrama-2019-2023\/alfred-aranda-mata-19-23-curriculum\/"},"modified":"2021-09-20T10:58:37","modified_gmt":"2021-09-20T08:58:37","slug":"alfred-aranda-mata-19-23-curriculum","status":"publish","type":"page","link":"https:\/\/alzira.es\/es\/ayuntamiento\/corporacion-y-gobierno-municipal\/alfred-aranda-mata-19-23-curriculum\/","title":{"rendered":"Alfred Aranda Mata (19-23) Curr\u00edculum"},"content":{"rendered":"\n<p><strong><span style=\"text-decoration: underline;\">DATOS PROFESIONALES.<\/span><\/strong><\/p>\n\n<ul class=\"wp-block-list\"><li>Catedr\u00e1tico de Valenciano: Lengua y Literatura. Educaci\u00f3n Secundaria. (2014).<\/li><li>Licenciado en Filosof\u00eda y Ciencias de la Educaci\u00f3n (Psicolog\u00eda) por la Universidad de Valencia. 1977.<\/li><li>Cursos de especializaci\u00f3n: Psicopatolog\u00eda infantil, Estimulaci\u00f3n precoz, Educaci\u00f3n especial y Psicomotricidad.<\/li><li>Trabajo de psic\u00f3logo infantil en el Centro de Educaci\u00f3n Especial Carmen Pic\u00f3n de Alzira (1979-1982).<\/li><li>Trabajo de psic\u00f3logo en el Gabinete de Psicolog\u00eda Aplicada Medes-Carre\u00f1o-Aranda. (1979-1983).<\/li><li>Titulado Superior en l \u2018Escuela de Expresi\u00f3n y Dramatizaci\u00f3n de Barcelona<\/li><li>Profesor numerario de Lengua y Literatura Valenciana en los institutos de Formaci\u00f3n Profesional de: Borriana (1982- 1984), Algemes\u00ed (1984-1985). Carcaixent (1986- 2015).<\/li><li>Vicedirector del IES Arabista Ribera de Carcaixent (1989-1994)<\/li><li>Profesor de Teatro (optativa de tercer curso de ESO) y profesor de Valenciano: Lengua e Imagen (optativa de primero de Bachillerato. 1990-2015).<\/li><li>He impartido cursos y charlas sobre estos temas: did\u00e1ctica del valenciano, taller de c\u00f3mico, taller cine-historia-novela, publicidad, teatro, animaci\u00f3n lectora, coeducaci\u00f3n..<\/li><li>He realizado m\u00e1s de 100 cursos de perfeccionamiento profesional.<\/li><li>Miembro del Consejo Asesor de Edicions Bromera, desde su creaci\u00f3n (1985-2019).<\/li><li>He realizado los tres cursos de UNISOCIETAT Alzira (2016-2019).<\/li><li>He realizado tres cursos de HISTORIA DEL ARTE Y T\u00c9CNICAS de EXPRESI\u00d3N ART\u00cdSTICA. FPA ENRIC VALOR Alzira (2016-2019).<\/li><\/ul>\n\n<p><span style=\"text-decoration: underline;\"><strong>PREMIOS<\/strong><\/span><\/p>\n\n<p>Algunos premios que he conseguido son:<\/p>\n\n<ul class=\"wp-block-list\"><li>1.- Coordinador-autor del trabajo interdisciplinar La veu de les imatges. Fotograf\u00edas que representan modismos con la correspondencia en valenciano, castellano, ingl\u00e9s y franc\u00e9s. Que ha obtenidos estos premios:<ul><li>1r PREMIO INNOVACI\u00d3N EDUCATIVA. GENERALITAT VALENCIANA. 2002.<\/li><\/ul><\/li><li>2. Primer premio FOMENTO DE LA IGUALDAD. AYUNTAMIENTO de ALZIRA, 2008, por el trabajo titulado CAMBIA EL XIP. FOMENT DE LA IGUALTAT ENTRE HOMES I DONES.<\/li><li> 3. Premio por los trabajos audiovisuales de cortometrajes, dramatizaciones, Tridiaboqs, presentaciones multimedia&#8230; y exposiciones fotogr\u00e1ficas (Mil melics, M\u00e9s Menines) realizados en lugares como Casa de Cultura, Biblioteca, festivales de cine joven como FOROIMATGE, TIRANT AVANT, INQUIET, MIRA\u2018M&#8230; Tres premios de fotograf\u00eda y cuatro de carteles.<\/li><\/ul>\n\n<p><strong><span style=\"text-decoration: underline;\">PUBLICACIONES<\/span><\/strong><\/p>\n\n<ul class=\"wp-block-list\"><li>Autor y coautor de m\u00e1s de 65 libros de texto de Valenciano: Lengua y Literatura para todo el ciclo de ESO (1r, 2n, 3r, 4t) que he publicado en Edicions Bromera de Alzira (1987-2014). He sido coordinador de los libros de texto y de otros materiales did\u00e1cticos en varias ocasiones.<\/li><li>He elaborado y dise\u00f1ado la colecci\u00f3n Calaix\u2013 que son cuatro cuadernos de pr\u00e1cticas de lengua y literatura- y tambi\u00e9n Calaix 5-Quadern de pr\u00e0ctiques de l\u00e8xic-, que forma parte del trabajo interdisciplinar La veu de les imatges, con fotograf\u00edas a que representan modismos y frases hechas en cuatro lenguas.<\/li><li>He elaborado, junto a Susanna Boronat, los tres cuadernos \u2013Benvinguts 1, 2 i B\u00e0sic- para el aprendizaje del valenciano para reci\u00e9n llegados y para aquellas personas que lo aprenden por primera vez.<\/li><li>He elaborado, junto a Soledad Carre\u00f1o, los cuatro cuadernos de actividades de Valenciano Juguem amb la llengua, 3\u00ba, 4\u00ba, 5\u00ba, 6\u00ba curso de Primaria. Editorial SANTILLANA-VORAMAR. ISBN 84-8194-027-5 l995-95.<\/li><li>Trabajo de ilustraci\u00f3n y correcci\u00f3n ling\u00fc\u00edstica del libro Itinerari did\u00e0ctic, un passeig per la Valldigna medieval, de Encarna Sansaloni Mart\u00ed y Josep Carles Casimiro Campos. Edita Concejal\u00eda de Cultura de los ayuntamientos de la Valldigna. ISBN 84- 604-9135-8 1994.<\/li><li>Trabajo de creaci\u00f3n e ilustraci\u00f3n de L\u2018AGENDA ESCOLAR. Equipo psicopedag\u00f3gico de La Safor. Editorial Coure. LUN . V- 2803-1991. Trabajo de dise\u00f1o e ilustraci\u00f3n de L&#8217;AGENDA JOVE. Equipo psicopedag\u00f3gico de Guadassuar. 1995.<\/li><li>Art\u00edculos publicados en el diario Levante, Riberaexpr\u00e9s, revista l\u2018Illa, revista Allioli, revista Punxa, revista Futura, libros de fallas (Plaza la Malva, Plaza Germanies, Pintor Andreu de Alzira y Falla Pla\u00e7a Major de Carcaixent)&#8230; <\/li><\/ul>\n\n<p><strong><span style=\"text-decoration: underline;\">ILUSTRACIONES<\/span><\/strong><\/p>\n\n<ul class=\"wp-block-list\"><li>Logotipos: CP Tirant lo Blanc de Alzira, OMIC de Alzira, Club Cinema Alzira, Trobairitz Teatre, Llibreria X\u00faquer.<\/li><li>Publicaci\u00f3n Reforma educativa. ESOGabinets Psicopedag\u00f2gics municipals de la Ribera. 3 Cuadernos. Oto\u00f1o de 1996.  <\/li><li>Carteles: Llibreria X\u00faquer, Revista l&#8217;Herbasana, Trobada d\u2018Escoles en Valenci\u00e0 de la Ribera 1995, Foroimatge, Nit Esportiva Carcaixent, Cartel del D\u00eda de la Mujer, Prevenci\u00f3n de accidentes infantiles, Campa\u00f1a de promoci\u00f3n del valenciano,..<\/li><li>Otros dise\u00f1os: camisetas, murales, fiestas, tarjetas, juegos..<\/li><\/ul>\n\n<p><strong><span style=\"text-decoration: underline;\"> MIEMBRO DE JURADO PREMIOS LITERARIOS<\/span><\/strong><\/p>\n\n<ul class=\"wp-block-list\"><li>\u00a0PREMI BROMERA I \/ II A L\u2018APLICACI\u00d3 DID\u00c0CTICA D\u2018UN TEXT LITERARI 1993. 1995. Edicions Bromera. Alzira.<\/li><li>PREMI DE NARRATIVA JUVENIL, CIUTAT D \u2018ALZIRA. PREMI BANCAIXA Alzira 2010.<\/li><li>En diez ocasiones prejurado de los  PREMIS DE NOVEL\u00b7LA CIUTAT D\u2018ALZIRA i PREMI DE NOVEL\u00b7LA JUVENIL .<\/li><li>PREMI DE NARRATIVA ER\u00d2TICA LA VALL D\u2018ALBAIDA 1996, 1997, 2012.<\/li><li>PREMI DE NARRATIVA BLAI BELLVER DE X\u00c0TIVA. 2009, 2010 i 2011. PREMI DE POESIA IBN HAZM DE X\u00c0TIVA 2015, 2017, 2019.<\/li><li>PREMIS LITERARIS JUVENILS, CARCAIXENT, 1999, 2000. 2003, 2004.<\/li><li>Miembro del jurado del Concurso de narrativa infantil de la Asociaci\u00f3n Cultural Falla Pla\u00e7a de la Malva de Alzira en diez ocasiones.<\/li><\/ul>\n\n<p><strong><span style=\"text-decoration: underline;\">OTRAS ACTUACIONES<br\/><\/span><\/strong><\/p>\n\n<ul class=\"wp-block-list\"><li>Miembro del Club Amunt de Alzira (1973-1980).<\/li><li>Promotor-fundador de la Asociaci\u00f3n Cultural de Alzira<\/li><li>Miembro activo en los movimientos de renovaci\u00f3n pedag\u00f3gica.<\/li><li>Secretario del AMPA del CP TIRANT LO BLANC DE ALZIRA<\/li><li>Colaborador de la LLIBRERIA X\u00daQUER DE ALZIRA (Hort dels Frares actual) haciendo las presentaciones de los libros: El pardalet sabut i el rei descregut,de J. Palomero, El bruixot tararot, de J. Mu\u00f1oz, El misteri\u00f3s punyal del pirata, de J. Pla, Mester de Joglaria  Els  joglars  25  anys De. 62&#8230;.<\/li><li>Miembro del sindicato STE-PV.<\/li><li>Militando de Unidad del Pueblo Valenciano, Bloque Nacionalista Valenciano y Compromiso.<\/li><li>Concejal del Excelent\u00edsimo Ayuntamiento de Alzira (2019)<\/li><\/ul>\n","protected":false},"excerpt":{"rendered":"<p>DATOS PROFESIONALES. Catedr\u00e1tico de Valenciano: Lengua y Literatura. Educaci\u00f3n Secundaria. (2014). Licenciado en Filosof\u00eda y Ciencias de la Educaci\u00f3n (Psicolog\u00eda) por la Universidad de Valencia. 1977. Cursos de especializaci\u00f3n: Psicopatolog\u00eda infantil, Estimulaci\u00f3n precoz, Educaci\u00f3n especial y Psicomotricidad. Trabajo de psic\u00f3logo infantil en el Centro de Educaci\u00f3n Especial Carmen Pic\u00f3n de Alzira (1979-1982). Trabajo de psic\u00f3logo &hellip; <\/p>\n<p class=\"link-more\"><a href=\"https:\/\/alzira.es\/es\/ayuntamiento\/corporacion-y-gobierno-municipal\/alfred-aranda-mata-19-23-curriculum\/\" class=\"more-link\">Continuar leyendo<span class=\"screen-reader-text\"> \u00abAlfred Aranda Mata (19-23) Curr\u00edculum\u00bb<\/span><\/a><\/p>\n","protected":false},"author":34,"featured_media":0,"parent":13558,"menu_order":0,"comment_status":"closed","ping_status":"closed","template":"","meta":{"_acf_changed":false,"footnotes":""},"class_list":["post-90137","page","type-page","status-publish","hentry"],"acf":[],"_links":{"self":[{"href":"https:\/\/alzira.es\/es\/wp-json\/wp\/v2\/pages\/90137","targetHints":{"allow":["GET"]}}],"collection":[{"href":"https:\/\/alzira.es\/es\/wp-json\/wp\/v2\/pages"}],"about":[{"href":"https:\/\/alzira.es\/es\/wp-json\/wp\/v2\/types\/page"}],"author":[{"embeddable":true,"href":"https:\/\/alzira.es\/es\/wp-json\/wp\/v2\/users\/34"}],"replies":[{"embeddable":true,"href":"https:\/\/alzira.es\/es\/wp-json\/wp\/v2\/comments?post=90137"}],"version-history":[{"count":1,"href":"https:\/\/alzira.es\/es\/wp-json\/wp\/v2\/pages\/90137\/revisions"}],"predecessor-version":[{"id":90138,"href":"https:\/\/alzira.es\/es\/wp-json\/wp\/v2\/pages\/90137\/revisions\/90138"}],"up":[{"embeddable":true,"href":"https:\/\/alzira.es\/es\/wp-json\/wp\/v2\/pages\/13558"}],"wp:attachment":[{"href":"https:\/\/alzira.es\/es\/wp-json\/wp\/v2\/media?parent=90137"}],"curies":[{"name":"wp","href":"https:\/\/api.w.org\/{rel}","templated":true}]}}