{"id":89500,"date":"2021-09-03T18:48:24","date_gmt":"2021-09-03T16:48:24","guid":{"rendered":"https:\/\/alzira.es\/servicios-municipales\/serval\/enlaces-de-interes-serval\/"},"modified":"2021-09-03T18:48:24","modified_gmt":"2021-09-03T16:48:24","slug":"enlaces-de-interes-serval","status":"publish","type":"page","link":"https:\/\/alzira.es\/es\/servicios-municipales\/serval\/enlaces-de-interes-serval\/","title":{"rendered":"Enlaces de Inter\u00e9s Serval"},"content":{"rendered":"<table border=\"0\" cellspacing=\"1\" cellpadding=\"1\" style=\"width: 100%\">\n<tbody>\n<tr>\n<td style=\"width: 160px\">&nbsp;<a onclick=\"target='_blank'\" href=\"http:\/\/www.edu.gva.es\/polin\/val\/salt\/apolin_salt.htm\"><img decoding=\"async\" alt=\"Salt\" data-src=\"https:\/\/alzira.es\/contenidos\/SerVal\/SALT3.jpg\" src=\"data:image\/svg+xml;base64,PHN2ZyB3aWR0aD0iMSIgaGVpZ2h0PSIxIiB4bWxucz0iaHR0cDovL3d3dy53My5vcmcvMjAwMC9zdmciPjwvc3ZnPg==\" class=\"lazyload\"><\/a><\/td>\n<td>&nbsp;<strong>SALT<\/strong>: traductor i corrector de valenci\u00e0<\/td>\n<\/tr>\n<tr>\n<td>&nbsp;<\/td>\n<td>&nbsp;<\/td>\n<\/tr>\n<tr>\n<td>&nbsp;<a onclick=\"target='_blank'\" href=\"http:\/\/www.edu.gva.es\/polin\/val\/salt\/apolin_salt4.htm\"><img decoding=\"async\" alt=\"Salt 4\" width=\"150\" height=\"66\" data-src=\"https:\/\/alzira.es\/contenidos\/SerVal\/salt4.gif\" src=\"data:image\/svg+xml;base64,PHN2ZyB3aWR0aD0iMSIgaGVpZ2h0PSIxIiB4bWxucz0iaHR0cDovL3d3dy53My5vcmcvMjAwMC9zdmciPjwvc3ZnPg==\" class=\"lazyload\" style=\"--smush-placeholder-width: 150px; --smush-placeholder-aspect-ratio: 150\/66;\"><\/a><\/td>\n<td>&nbsp;<strong>SALT 4<\/strong>: traductor i corrector de valenci\u00e0 (requerix Open Office). Inclou diccionaris i conjugaci\u00f3 verbal.<\/td>\n<\/tr>\n<tr>\n<td>&nbsp;<\/td>\n<td>&nbsp;<\/td>\n<\/tr>\n<tr>\n<td>&nbsp;<\/td>\n<td>&nbsp;<\/td>\n<\/tr>\n<tr>\n<td>&nbsp;<a onclick=\"target='_blank'\" href=\"http:\/\/dcvb.iecat.net\"><img decoding=\"async\" alt=\"Diccionari catal\u00e0 - valenci\u00e0 -balear\" data-src=\"https:\/\/alzira.es\/contenidos\/SerVal\/institut.gif\" src=\"data:image\/svg+xml;base64,PHN2ZyB3aWR0aD0iMSIgaGVpZ2h0PSIxIiB4bWxucz0iaHR0cDovL3d3dy53My5vcmcvMjAwMC9zdmciPjwvc3ZnPg==\" class=\"lazyload\"><\/a><\/td>\n<td>&nbsp;<strong>Diccionari catal\u00e0 &#8211; valenci\u00e0 &#8211; balear<\/strong><\/td>\n<\/tr>\n<tr>\n<td>&nbsp;<\/td>\n<td>&nbsp;<\/td>\n<\/tr>\n<tr>\n<td>&nbsp;<a onclick=\"target='_blank'\" href=\"http:\/\/www.termcat.cat\"><img decoding=\"async\" alt=\"Termcat\" data-src=\"https:\/\/alzira.es\/contenidos\/SerVal\/termcat.gif\" src=\"data:image\/svg+xml;base64,PHN2ZyB3aWR0aD0iMSIgaGVpZ2h0PSIxIiB4bWxucz0iaHR0cDovL3d3dy53My5vcmcvMjAwMC9zdmciPjwvc3ZnPg==\" class=\"lazyload\"><\/a><\/td>\n<td>&nbsp;<strong>Diccionari de neologismes, tecnicismes i llenguatge espec\u00edfic<br \/>\n<\/strong><\/td>\n<\/tr>\n<tr>\n<td>&nbsp;<\/td>\n<td>&nbsp;<\/td>\n<\/tr>\n<tr>\n<td>&nbsp;<a onclick=\"target='_blank'\" href=\"http:\/\/www.avl.gva.es\/PDF\/GNV.pdfhttp:\/\/www.avl.gva.es\/documents-normatius.html\"><img decoding=\"async\" alt=\"Gram\u00e0tica normativa valenciana de l'AVL\" data-src=\"https:\/\/alzira.es\/contenidos\/SerVal\/gml.gif\" src=\"data:image\/svg+xml;base64,PHN2ZyB3aWR0aD0iMSIgaGVpZ2h0PSIxIiB4bWxucz0iaHR0cDovL3d3dy53My5vcmcvMjAwMC9zdmciPjwvc3ZnPg==\" class=\"lazyload\"><\/a><\/td>\n<td>&nbsp;<strong>Gram\u00e0tica normativa valenciana de l&#8217;Acad\u00e8mia Valenciana de la Llengua<\/strong><\/td>\n<\/tr>\n<tr>\n<td>&nbsp;<\/td>\n<td>&nbsp;<\/td>\n<\/tr>\n<tr>\n<td>&nbsp;<a onclick=\"target='_blank'\" href=\"http:\/\/www.cece.gva.es\/polin\/val\/jqcv\/preparacio_proves.html\"><img decoding=\"async\" alt=\"Publicacions en l\u00ednia de la Conselleria d'Educaci\u00f3, \u00c0rea de Pol\u00edtica Ling\u00fc\u00edstica\" data-src=\"https:\/\/alzira.es\/contenidos\/SerVal\/practic.gif\" src=\"data:image\/svg+xml;base64,PHN2ZyB3aWR0aD0iMSIgaGVpZ2h0PSIxIiB4bWxucz0iaHR0cDovL3d3dy53My5vcmcvMjAwMC9zdmciPjwvc3ZnPg==\" class=\"lazyload\"><\/a><\/td>\n<td>&nbsp;<strong>Programari de&nbsp;suport&nbsp;per a la preparaci\u00f3&nbsp;de les proves de la Junta Qualificadora de Coneixements de Valenci\u00e0<\/strong><\/td>\n<\/tr>\n<tr>\n<td>&nbsp;<\/td>\n<td>&nbsp;<\/td>\n<\/tr>\n<tr>\n<td>&nbsp;<a onclick=\"target='_blank'\" href=\"http:\/\/www.edu.gva.es\/polin\/val\/jqcv\/index.htm\"><img decoding=\"async\" alt=\"Junta Qualificadora de Coneixements del Valenci\u00e0\" data-src=\"https:\/\/alzira.es\/contenidos\/SerVal\/jqcv.jpg\" src=\"data:image\/svg+xml;base64,PHN2ZyB3aWR0aD0iMSIgaGVpZ2h0PSIxIiB4bWxucz0iaHR0cDovL3d3dy53My5vcmcvMjAwMC9zdmciPjwvc3ZnPg==\" class=\"lazyload\"><\/a><\/td>\n<td>&nbsp;<strong>Junta Qualificadora de Coneixements del Valenci\u00e0<\/strong><\/td>\n<\/tr>\n<tr>\n<td>&nbsp;<\/td>\n<td>&nbsp;<\/td>\n<\/tr>\n<tr>\n<td>&nbsp;<a onclick=\"target='_blank'\" href=\"http:\/\/www.cece.gva.es\/polin\/val\/aprendre_apren_linia.html\"><img decoding=\"async\" alt=\"Programa Inter-Val per a Grau Mitj\u00e0\" data-src=\"https:\/\/alzira.es\/contenidos\/SerVal\/PolLin.gif\" src=\"data:image\/svg+xml;base64,PHN2ZyB3aWR0aD0iMSIgaGVpZ2h0PSIxIiB4bWxucz0iaHR0cDovL3d3dy53My5vcmcvMjAwMC9zdmciPjwvc3ZnPg==\" class=\"lazyload\"><\/a><\/td>\n<td>&nbsp;<strong>Programa Inter-Val per a Grau Mitj\u00e0<\/strong><\/td>\n<\/tr>\n<tr>\n<td>&nbsp;<\/td>\n<td>&nbsp;<\/td>\n<\/tr>\n<tr>\n<td>&nbsp;<a onclick=\"target='_blank'\" href=\"http:\/\/www.avl.gva.es\"><img decoding=\"async\" alt=\"Acad\u00e8mia Valenciana de la Llengua\" data-src=\"https:\/\/alzira.es\/contenidos\/SerVal\/logo.gif\" src=\"data:image\/svg+xml;base64,PHN2ZyB3aWR0aD0iMSIgaGVpZ2h0PSIxIiB4bWxucz0iaHR0cDovL3d3dy53My5vcmcvMjAwMC9zdmciPjwvc3ZnPg==\" class=\"lazyload\"><\/a><\/td>\n<td>&nbsp;<strong>Acad\u00e8mia Valenciana de la Llengua<\/strong><\/td>\n<\/tr>\n<tr>\n<td>&nbsp;<\/td>\n<td>&nbsp;<\/td>\n<\/tr>\n<tr>\n<td>&nbsp;<a onclick=\"target='_blank'\" href=\"http:\/\/portal.dival.es\/es\/normalitzacio\/\"><img decoding=\"async\" alt=\"Diputaci\u00f3 de Val\u00e8ncia: Servei de Normalitzaci\u00f3 Lling\u00fc\u00edstica\" data-src=\"https:\/\/alzira.es\/contenidos\/SerVal\/dival.gif\" src=\"data:image\/svg+xml;base64,PHN2ZyB3aWR0aD0iMSIgaGVpZ2h0PSIxIiB4bWxucz0iaHR0cDovL3d3dy53My5vcmcvMjAwMC9zdmciPjwvc3ZnPg==\" class=\"lazyload\"><\/a><\/td>\n<td>&nbsp;<strong>Diputaci\u00f3 de Val\u00e8ncia: Servei de Normalitzaci\u00f3 Lling\u00fc\u00edstica.<\/strong><\/td>\n<\/tr>\n<tr>\n<td>&nbsp;<\/td>\n<td>&nbsp;<\/td>\n<\/tr>\n<tr>\n<td>&nbsp;<a onclick=\"target='_blank'\" href=\"http:\/\/www.edu.gva.es\/polin\/val\/sies\/sies_informe.asp\"><img decoding=\"async\" alt=\"Programa Inter-Val per a Grau Mitj\u00e0\" data-src=\"https:\/\/alzira.es\/contenidos\/SerVal\/PolLin.gif\" src=\"data:image\/svg+xml;base64,PHN2ZyB3aWR0aD0iMSIgaGVpZ2h0PSIxIiB4bWxucz0iaHR0cDovL3d3dy53My5vcmcvMjAwMC9zdmciPjwvc3ZnPg==\" class=\"lazyload\"><\/a><\/td>\n<td>&nbsp;<strong>Informe SIES sobre la llengua<\/strong><\/td>\n<\/tr>\n<tr>\n<td>&nbsp;<\/td>\n<td>&nbsp;<\/td>\n<\/tr>\n<\/tbody>\n<\/table>\n<p>&nbsp;<\/p>\n","protected":false},"excerpt":{"rendered":"<p>&nbsp; &nbsp;SALT: traductor i corrector de valenci\u00e0 &nbsp; &nbsp; &nbsp; &nbsp;SALT 4: traductor i corrector de valenci\u00e0 (requerix Open Office). Inclou diccionaris i conjugaci\u00f3 verbal. &nbsp; &nbsp; &nbsp; &nbsp; &nbsp; &nbsp;Diccionari catal\u00e0 &#8211; valenci\u00e0 &#8211; balear &nbsp; &nbsp; &nbsp; &nbsp;Diccionari de neologismes, tecnicismes i llenguatge espec\u00edfic &nbsp; &nbsp; &nbsp; &nbsp;Gram\u00e0tica normativa valenciana de l&#8217;Acad\u00e8mia Valenciana &hellip; <\/p>\n<p class=\"link-more\"><a href=\"https:\/\/alzira.es\/es\/servicios-municipales\/serval\/enlaces-de-interes-serval\/\" class=\"more-link\">Continuar leyendo<span class=\"screen-reader-text\"> \u00abEnlaces de Inter\u00e9s Serval\u00bb<\/span><\/a><\/p>\n","protected":false},"author":29,"featured_media":0,"parent":34278,"menu_order":0,"comment_status":"closed","ping_status":"closed","template":"","meta":{"_acf_changed":false,"footnotes":""},"class_list":["post-89500","page","type-page","status-publish","hentry"],"acf":[],"_links":{"self":[{"href":"https:\/\/alzira.es\/es\/wp-json\/wp\/v2\/pages\/89500","targetHints":{"allow":["GET"]}}],"collection":[{"href":"https:\/\/alzira.es\/es\/wp-json\/wp\/v2\/pages"}],"about":[{"href":"https:\/\/alzira.es\/es\/wp-json\/wp\/v2\/types\/page"}],"author":[{"embeddable":true,"href":"https:\/\/alzira.es\/es\/wp-json\/wp\/v2\/users\/29"}],"replies":[{"embeddable":true,"href":"https:\/\/alzira.es\/es\/wp-json\/wp\/v2\/comments?post=89500"}],"version-history":[{"count":0,"href":"https:\/\/alzira.es\/es\/wp-json\/wp\/v2\/pages\/89500\/revisions"}],"up":[{"embeddable":true,"href":"https:\/\/alzira.es\/es\/wp-json\/wp\/v2\/pages\/34278"}],"wp:attachment":[{"href":"https:\/\/alzira.es\/es\/wp-json\/wp\/v2\/media?parent=89500"}],"curies":[{"name":"wp","href":"https:\/\/api.w.org\/{rel}","templated":true}]}}