{"id":89422,"date":"2021-09-03T16:52:30","date_gmt":"2021-09-03T14:52:30","guid":{"rendered":"https:\/\/alzira.es\/ayuntamiento\/corporacion-y-gobierno-municipal\/organigrama-2019-2023\/miguel-vidal-llopis-19-23-curriculum\/"},"modified":"2021-09-03T16:52:32","modified_gmt":"2021-09-03T14:52:32","slug":"miguel-vidal-llopis-19-23-curriculum","status":"publish","type":"page","link":"https:\/\/alzira.es\/es\/ayuntamiento\/corporacion-y-gobierno-municipal\/miguel-vidal-llopis-19-23-curriculum\/","title":{"rendered":"Miguel Vidal Llopis (19-23) Curr\u00edculum"},"content":{"rendered":"\n<h3 class=\"wp-block-heading\">DATOS ACAD\u00c9MICOS<\/h3>\n\n<ul class=\"wp-block-list\"><li><strong>2010.<\/strong>\u00a0Licenciado en\u00a0<strong>Ciencias Pol\u00edticas y de la Administraci\u00f3n P\u00fablica<\/strong>\u00a0en la Universidad Miguel Hern\u00e1ndez de Elche.<\/li><li><strong>2010.<\/strong> Curso de Formaci\u00f3n Socio &#8211; Pol\u00edtica en la Escuela\u00a0 Juan Luis Vives<\/li><li><strong>2012.<\/strong>\u00a0M\u00e1ster en\u00a0<strong>Direcci\u00f3n de Comunicaci\u00f3n y Protocolo<\/strong>\u00a0en Gade Business School.<\/li><\/ul>\n\n<h3 class=\"wp-block-heading\">IDIOMAS<\/h3>\n\n<ul class=\"wp-block-list\"><li>Valenciano. Nivel\u00a0 C1<\/li><li>Itali\u00e0. Nivel\u00a0 B1<\/li><\/ul>\n\n<h3 class=\"wp-block-heading\">EXPERIENCIA PROFESIONAL<\/h3>\n\n<ul class=\"wp-block-list\"><li>2009 \u2013 actualidad. T\u00e9cnico-Administrativo del grupo Aguas de Valencia.<\/li><li>2001 &#8211; 2009. Camarero en Grupo Rex.<\/li><\/ul>\n\n<h3 class=\"wp-block-heading\">EXPERIENCIA POL\u00cdTICA<\/h3>\n\n<ul class=\"wp-block-list\"><li>2019. Candidato a la alcald\u00eda de la ciudad de Alzira por Ciudadanos.<\/li><li>2015-2019. Responsable de pol\u00edtica municipal en la directiva de la agrupaci\u00f3n local de Alzira.<\/li><li>2008-2012. Concejal de Turismo, Pol\u00edticas de Igualdad y Relaciones Institucionales del Ayuntamiento de Alzira por el Partido Popular. (26\/10\/2008 hasta 11\/06\/2012)<\/li><\/ul>\n","protected":false},"excerpt":{"rendered":"<p>DATOS ACAD\u00c9MICOS 2010.\u00a0Licenciado en\u00a0Ciencias Pol\u00edticas y de la Administraci\u00f3n P\u00fablica\u00a0en la Universidad Miguel Hern\u00e1ndez de Elche. 2010. Curso de Formaci\u00f3n Socio &#8211; Pol\u00edtica en la Escuela\u00a0 Juan Luis Vives 2012.\u00a0M\u00e1ster en\u00a0Direcci\u00f3n de Comunicaci\u00f3n y Protocolo\u00a0en Gade Business School. IDIOMAS Valenciano. Nivel\u00a0 C1 Itali\u00e0. Nivel\u00a0 B1 EXPERIENCIA PROFESIONAL 2009 \u2013 actualidad. T\u00e9cnico-Administrativo del grupo Aguas de &hellip; <\/p>\n<p class=\"link-more\"><a href=\"https:\/\/alzira.es\/es\/ayuntamiento\/corporacion-y-gobierno-municipal\/miguel-vidal-llopis-19-23-curriculum\/\" class=\"more-link\">Continuar leyendo<span class=\"screen-reader-text\"> \u00abMiguel Vidal Llopis (19-23) Curr\u00edculum\u00bb<\/span><\/a><\/p>\n","protected":false},"author":34,"featured_media":0,"parent":13558,"menu_order":0,"comment_status":"closed","ping_status":"closed","template":"","meta":{"_acf_changed":false,"footnotes":""},"class_list":["post-89422","page","type-page","status-publish","hentry"],"acf":[],"_links":{"self":[{"href":"https:\/\/alzira.es\/es\/wp-json\/wp\/v2\/pages\/89422","targetHints":{"allow":["GET"]}}],"collection":[{"href":"https:\/\/alzira.es\/es\/wp-json\/wp\/v2\/pages"}],"about":[{"href":"https:\/\/alzira.es\/es\/wp-json\/wp\/v2\/types\/page"}],"author":[{"embeddable":true,"href":"https:\/\/alzira.es\/es\/wp-json\/wp\/v2\/users\/34"}],"replies":[{"embeddable":true,"href":"https:\/\/alzira.es\/es\/wp-json\/wp\/v2\/comments?post=89422"}],"version-history":[{"count":1,"href":"https:\/\/alzira.es\/es\/wp-json\/wp\/v2\/pages\/89422\/revisions"}],"predecessor-version":[{"id":89423,"href":"https:\/\/alzira.es\/es\/wp-json\/wp\/v2\/pages\/89422\/revisions\/89423"}],"up":[{"embeddable":true,"href":"https:\/\/alzira.es\/es\/wp-json\/wp\/v2\/pages\/13558"}],"wp:attachment":[{"href":"https:\/\/alzira.es\/es\/wp-json\/wp\/v2\/media?parent=89422"}],"curies":[{"name":"wp","href":"https:\/\/api.w.org\/{rel}","templated":true}]}}