{"id":89406,"date":"2021-09-03T16:15:53","date_gmt":"2021-09-03T14:15:53","guid":{"rendered":"https:\/\/alzira.es\/ayuntamiento\/corporacion-y-gobierno-municipal\/organigrama-2019-2023\/ricardo-belda-valiente-19-23-curriculum\/"},"modified":"2021-09-03T16:15:53","modified_gmt":"2021-09-03T14:15:53","slug":"ricardo-belda-valiente-19-23-curriculum","status":"publish","type":"page","link":"https:\/\/alzira.es\/es\/ayuntamiento\/corporacion-y-gobierno-municipal\/ricardo-belda-valiente-19-23-curriculum\/","title":{"rendered":"Ricardo Belda Valiente (19-23) Curr\u00edculum"},"content":{"rendered":"<p style=\"background: white; text-align: justify;\" align=\"left\"><strong><span style=\"font-size: 12pt; color: maroon;\">CURR\u00cdCULUM RICARDO BELDA VALIENTE<\/span><\/strong><\/p>\n<div style=\"background: white; text-align: justify;\" align=\"center\">\n<hr style=\"color: #666666;\" align=\"center\" noshade=\"noshade\" size=\"2\" width=\"100%\" \/><\/div>\n<p style=\"margin: 12pt 0cm; background: white; text-align: justify;\"><strong><span style=\"text-decoration: underline;\"><span style=\"text-transform: uppercase;\">Formaci\u00f3n Acad\u00e9mica:<\/span><\/span><\/strong><\/p>\n<p style=\"margin: 12pt 0cm; background: white; text-align: justify;\">Diplomado Universitario<\/p>\n<p style=\"margin: 12pt 0cm; background: white; text-align: justify;\"><strong><span style=\"text-decoration: underline;\"><span style=\"text-transform: uppercase;\">Formaci\u00f3n Profesional:<\/span><\/span><\/strong><\/p>\n<p style=\"margin: 12pt 0cm; background: white; text-align: justify;\">&#8211; Inici\u00e9 mi actividad a\u00e9rea como Piloto en 1970 en la Escuela de la Base A\u00e9rea de Monflorite del Ej\u00e9rcito del Aire.<\/p>\n<p style=\"margin: 12pt 0cm; background: white; text-align: justify;\">&#8211; Piloto de Transporte de L\u00ednea A\u00e9rea.<\/p>\n<p style=\"margin: 12pt 0cm; background: white; text-align: justify;\">&#8211; Profesor de Vuelo de la Escuela Nacional de Aeron\u00e1utica (Ministerio de Transportes)<\/p>\n<p style=\"margin: 12pt 0cm; background: white; text-align: justify;\">&#8211; Oficial de Aeropuertos (Direcci\u00f3n General de Aeropuertos Nacionales)<\/p>\n<p style=\"margin: 12pt 0cm; background: white; text-align: justify;\">&#8211; Inspector del Estado de Operaciones en Vuelo en 1986, en la Direcci\u00f3n General de Aviaci\u00f3n Civil (Ministerio de Transportes) en Madrid.<\/p>\n<p style=\"margin: 12pt 0cm; background: white; text-align: justify;\">&#8211; Piloto de la Compa\u00f1\u00eda a\u00e9rea VIVA air (filial de la Compa\u00f1\u00eda Iberia)<\/p>\n<p style=\"margin: 12pt 0cm; background: white; text-align: justify;\">&#8211; Piloto de la Compa\u00f1\u00eda Iberia LAE hasta 2017.<\/p>\n<p style=\"margin: 12pt 0cm; background: white; text-align: justify;\">&#8211; Aeronaves voladas: monomotores, bimotores y reactores como los Boeing 737, 757 y Airbus 340-300 y 600 acumulando alrededor de 28.000 horas de vuelo.<\/p>\n<p style=\"margin: 12pt 0cm; background: white; text-align: justify;\"><strong><span style=\"text-decoration: underline;\"><span style=\"text-transform: uppercase;\">Otras actividades:<\/span><\/span><\/strong><\/p>\n<p style=\"margin: 12pt 0cm; background: white; text-align: justify;\">&#8211; Autor del texto <i>Navegaci\u00f3n, Sistemas y Equipos, Maniobras y Procedimientos<\/i> en 1981 y siguientes siete ediciones.<\/p>\n<p style=\"margin: 12pt 0cm; background: white; text-align: justify;\">&#8211; Instructor de Simulador de vuelo de avi\u00f3n A-320 para cursos de MCC (Multi CrewConcept).<\/p>\n<p style=\"margin: 12pt 0cm; background: white; text-align: justify;\">&#8211; Instructor de los pilotos noveles para adaptaci\u00f3n a los aviones reactores de la L\u00ednea A\u00e9rea, en la Escuela de Pilotos AIRMED entre los a\u00f1os 2001 al 2010, realizando m\u00e1s de 2.800 horas de instrucci\u00f3n.<\/p>\n<p style=\"margin: 12pt 0cm; background: white; text-align: justify;\">&#8211; Perito Judicial Aeron\u00e1utico, dependiente del Colegio Oficial de Pilotos Comerciales.<\/p>\n","protected":false},"excerpt":{"rendered":"<p>CURR\u00cdCULUM RICARDO BELDA VALIENTE Formaci\u00f3n Acad\u00e9mica: Diplomado Universitario Formaci\u00f3n Profesional: &#8211; Inici\u00e9 mi actividad a\u00e9rea como Piloto en 1970 en la Escuela de la Base A\u00e9rea de Monflorite del Ej\u00e9rcito del Aire. &#8211; Piloto de Transporte de L\u00ednea A\u00e9rea. &#8211; Profesor de Vuelo de la Escuela Nacional de Aeron\u00e1utica (Ministerio de Transportes) &#8211; Oficial de &hellip; <\/p>\n<p class=\"link-more\"><a href=\"https:\/\/alzira.es\/es\/ayuntamiento\/corporacion-y-gobierno-municipal\/ricardo-belda-valiente-19-23-curriculum\/\" class=\"more-link\">Continuar leyendo<span class=\"screen-reader-text\"> \u00abRicardo Belda Valiente (19-23) Curr\u00edculum\u00bb<\/span><\/a><\/p>\n","protected":false},"author":34,"featured_media":0,"parent":13558,"menu_order":0,"comment_status":"closed","ping_status":"closed","template":"","meta":{"_acf_changed":false,"footnotes":""},"class_list":["post-89406","page","type-page","status-publish","hentry"],"acf":[],"_links":{"self":[{"href":"https:\/\/alzira.es\/es\/wp-json\/wp\/v2\/pages\/89406","targetHints":{"allow":["GET"]}}],"collection":[{"href":"https:\/\/alzira.es\/es\/wp-json\/wp\/v2\/pages"}],"about":[{"href":"https:\/\/alzira.es\/es\/wp-json\/wp\/v2\/types\/page"}],"author":[{"embeddable":true,"href":"https:\/\/alzira.es\/es\/wp-json\/wp\/v2\/users\/34"}],"replies":[{"embeddable":true,"href":"https:\/\/alzira.es\/es\/wp-json\/wp\/v2\/comments?post=89406"}],"version-history":[{"count":0,"href":"https:\/\/alzira.es\/es\/wp-json\/wp\/v2\/pages\/89406\/revisions"}],"up":[{"embeddable":true,"href":"https:\/\/alzira.es\/es\/wp-json\/wp\/v2\/pages\/13558"}],"wp:attachment":[{"href":"https:\/\/alzira.es\/es\/wp-json\/wp\/v2\/media?parent=89406"}],"curies":[{"name":"wp","href":"https:\/\/api.w.org\/{rel}","templated":true}]}}