{"id":87557,"date":"2021-08-31T20:37:14","date_gmt":"2021-08-31T18:37:14","guid":{"rendered":"https:\/\/alzira.es\/servicios-municipales\/servicios-sociales\/servei-de-mediacio-en-vivenda\/"},"modified":"2021-08-31T20:37:44","modified_gmt":"2021-08-31T18:37:44","slug":"servei-de-mediacio-en-vivenda","status":"publish","type":"page","link":"https:\/\/alzira.es\/es\/servicios-municipales\/servicios-sociales\/servei-de-mediacio-en-vivenda\/","title":{"rendered":"Servicio de Mediaci\u00f3n en Vivienda"},"content":{"rendered":"\n<p>\u00c9s un recurs especialitzat en temes de vivenda dirigit a les fam\u00edlies.<\/p>\n\n<p> Els servicis que oferix s\u00f3n els d&#8217;informaci\u00f3, mediaci\u00f3, captaci\u00f3 i assessorament en temes de vivenda.<\/p>\n\n<p>El servei es dirigix a totes les fam\u00edlies empadronades en el municipi d&#8217;Alzira i que necessiten la intermediaci\u00f3 social,\u00a0amb l&#8217;objectiu de facilitar a tots aquells ciutadans l&#8217;acc\u00e9s a poder ser beneficiaris dels plans\u00a0de vivenda desenvolupats pel Ministeri d&#8217;Habitatge i la Generalitat i\u00a0de promoure l&#8217;acc\u00e9s al dret a una vivenda digna.<\/p>\n\n<div style=\"height:41px\" aria-hidden=\"true\" class=\"wp-block-spacer\"><\/div>\n\n<p><strong>TIPUS D&#8217;INTERVENCI\u00d3<\/strong><\/p>\n\n<hr class=\"wp-block-separator\"\/>\n\n<ul class=\"wp-block-list\"><li>Racionalitzar els processos de connexi\u00f3 entre demanda i oferta de vivenda per a atendre les necessitats d&#8217;acc\u00e9s a una vivenda en la Comunitat Valenciana.<\/li><li>Impulsar la captaci\u00f3 de vivendes per a llogar i dinamitzar la mediaci\u00f3 en el mercat de lloguer.<\/li><li>Establir accions per a fomentar la posada en el mercat de les vivendes disponibles i facilitar l&#8217;acc\u00e9s a una vivenda en\u00a0arrendament als ciutadans de la Comunitat Valenciana.<\/li><li>Difondre i informar sobre la bossa de vivendes de lloguer existent en la Comunitat Valenciana.<\/li><li>Establir un sistema de protecci\u00f3 jur\u00eddica, tant de l&#8217;inquil\u00ed com del propietari.<\/li><\/ul>\n\n<div style=\"height:41px\" aria-hidden=\"true\" class=\"wp-block-spacer\"><\/div>\n\n<p>Els servicis que presta l&#8217;oficina de Vivenda, totalment gratu\u00efts, s\u00f3n:<\/p>\n\n<ul class=\"wp-block-list\" id=\"block-68e883e1-2dda-4d76-af08-ae56dfd08e7f\"><li>Oferir als ciutadans un servici d&#8217;informaci\u00f3, mediaci\u00f3 i assessorament en mat\u00e8ria de vivenda en lloguer, compra o rehabilitaci\u00f3.<\/li><li>Facilitar la captaci\u00f3 de vivendes que es troben en el mercat per a possibilitar la seua oferta en lloguer i informar dels objectius i avantatges de la Xarxa de Mediaci\u00f3 de l&#8217;Ag\u00e8ncia Valenciana de Lloguer a propietaris i inquilins.<\/li><li>Informaci\u00f3 sobre les ajudes al lloguer de vivendes previstes en el Pla de Vivenda i tramitaci\u00f3, si \u00e9s el cas, de les ajudes i subvencions p\u00fabliques per al seu lloguer.<\/li><li>Mediaci\u00f3 entre les parts, formalitzaci\u00f3 del contracte d&#8217;arrendament i soluci\u00f3 dels possibles conflictes i incid\u00e8ncies que puguen sorgir durant la vig\u00e8ncia d&#8217;este.<\/li><li>Mantindre actualitzada la bossa de vivendes de lloguer pel que fa al seu \u00e0mbit d&#8217;actuaci\u00f3<\/li><li>Informaci\u00f3 i tramitaci\u00f3, si \u00e9s el cas, de les assegurances de cauci\u00f3 i multirisc de la llar.<\/li><li>Oferir la possibilitat d&#8217;un sistema d&#8217;arbitratge en els contractes d&#8217;arrendament formalitzats a trav\u00e9s de la Xarxa.<\/li><\/ul>\n\n<div style=\"height:41px\" aria-hidden=\"true\" class=\"wp-block-spacer\"><\/div>\n\n<p><strong>PROGRAMES<\/strong><\/p>\n\n<hr class=\"wp-block-separator\"\/>\n\n<ul class=\"wp-block-list\"><li>Sol\u00b7licitud d&#8217;ajuda de lloguer solidari (Generalitat)<\/li><li>Renda B\u00e0sica d&#8217;Emancipaci\u00f3 (Ministeri)<\/li><li>Sol\u00b7licitud de complement a\u00a0titulars de pensi\u00f3 n\/c que residisquen en una vivenda llogada (IMSERSO)<\/li><li>Sol\u00b7licitud d&#8217;ajudes al lloguer de vivenda (IVAJ)<\/li><\/ul>\n\n<div style=\"height:41px\" aria-hidden=\"true\" class=\"wp-block-spacer\"><\/div>\n\n<p><strong><br\/>LEGISLACI\u00d3<\/strong><\/p>\n\n<hr class=\"wp-block-separator\"\/>\n\n<p>Fonts jur\u00eddiques i normativa:<\/p>\n\n<ul class=\"wp-block-list\"><li>Reial Decret 2066\/2008, de 12 de desembre, pel qual es\u00a0regula el Pla Estatal de Vivenda i Rehabilitaci\u00f3 2009-2012.<\/li><li>Decret 66\/2009, de 15 de maig, del Consell, pel qual s&#8217;aprova el Pla Auton\u00f2mic de Vivenda de la Comunitat Valenciana 2009-2012.<\/li><li>Llei 8\/2004 de la Vivenda de la Comunitat Valenciana.<\/li><li>Decret 75\/2007, de 18 de maig 2007, que aprova el Reglament de Protecci\u00f3 P\u00fablica a la Vivenda.<\/li><li>Llei 29\/1994, de 24 de novembre, d&#8217;Arrendaments Urbans.<\/li><li>Llei 19\/2009, de 23 de novembre, de Mesures de Foment i Agilitzaci\u00f3 Processal del Lloguer i de l&#8217;Efici\u00e8ncia Energ\u00e8tica dels Edificis.<\/li><\/ul>\n\n<div style=\"height:41px\" aria-hidden=\"true\" class=\"wp-block-spacer\"><\/div>\n\n<p><strong>ON ESTEM:<\/strong><\/p>\n\n<hr class=\"wp-block-separator\"\/>\n\n<p><a href=\"https:\/\/www.google.es\/maps\/place\/Pla%C3%A7a+de+Jes%C3%BAs,+46600+Alzira,+Valencia\/@39.1580269,-0.4264921,17z\/data=!3m1!4b1!4m2!3m1!1s0xd61b076a6176de9:0x9b28e75698d54d37\" target=\"_blank\" rel=\"noopener\">Centre de Participaci\u00f3 Ciutadana, pl. Jes\u00fas, s\/n\u00a0 <\/a><\/p>\n\n<p>Tel\u00e8fon: 96 100 00 40<br\/>Dies d&#8217;atenci\u00f3 al p\u00fablic: dilluns i dijous, de 9 a 14 hores<\/p>\n","protected":false},"excerpt":{"rendered":"<p>\u00c9s un recurs especialitzat en temes de vivenda dirigit a les fam\u00edlies. Els servicis que oferix s\u00f3n els d&#8217;informaci\u00f3, mediaci\u00f3, captaci\u00f3 i assessorament en temes de vivenda. El servei es dirigix a totes les fam\u00edlies empadronades en el municipi d&#8217;Alzira i que necessiten la intermediaci\u00f3 social,\u00a0amb l&#8217;objectiu de facilitar a tots aquells ciutadans l&#8217;acc\u00e9s a &hellip; <\/p>\n<p class=\"link-more\"><a href=\"https:\/\/alzira.es\/es\/servicios-municipales\/servicios-sociales\/servei-de-mediacio-en-vivenda\/\" class=\"more-link\">Continuar leyendo<span class=\"screen-reader-text\"> \u00abServicio de Mediaci\u00f3n en Vivienda\u00bb<\/span><\/a><\/p>\n","protected":false},"author":29,"featured_media":0,"parent":6448,"menu_order":0,"comment_status":"closed","ping_status":"closed","template":"","meta":{"_acf_changed":false,"footnotes":""},"class_list":["post-87557","page","type-page","status-publish","hentry"],"acf":[],"_links":{"self":[{"href":"https:\/\/alzira.es\/es\/wp-json\/wp\/v2\/pages\/87557","targetHints":{"allow":["GET"]}}],"collection":[{"href":"https:\/\/alzira.es\/es\/wp-json\/wp\/v2\/pages"}],"about":[{"href":"https:\/\/alzira.es\/es\/wp-json\/wp\/v2\/types\/page"}],"author":[{"embeddable":true,"href":"https:\/\/alzira.es\/es\/wp-json\/wp\/v2\/users\/29"}],"replies":[{"embeddable":true,"href":"https:\/\/alzira.es\/es\/wp-json\/wp\/v2\/comments?post=87557"}],"version-history":[{"count":2,"href":"https:\/\/alzira.es\/es\/wp-json\/wp\/v2\/pages\/87557\/revisions"}],"predecessor-version":[{"id":87560,"href":"https:\/\/alzira.es\/es\/wp-json\/wp\/v2\/pages\/87557\/revisions\/87560"}],"up":[{"embeddable":true,"href":"https:\/\/alzira.es\/es\/wp-json\/wp\/v2\/pages\/6448"}],"wp:attachment":[{"href":"https:\/\/alzira.es\/es\/wp-json\/wp\/v2\/media?parent=87557"}],"curies":[{"name":"wp","href":"https:\/\/api.w.org\/{rel}","templated":true}]}}