{"id":86783,"date":"2021-08-30T21:20:32","date_gmt":"2021-08-30T19:20:32","guid":{"rendered":"https:\/\/alzira.es\/?page_id=86783"},"modified":"2025-12-30T13:36:34","modified_gmt":"2025-12-30T12:36:34","slug":"recursos-humanos","status":"publish","type":"page","link":"https:\/\/alzira.es\/es\/servicios-municipales\/recursos-humanos\/","title":{"rendered":"Recursos Humanos"},"content":{"rendered":"\t\t<div data-elementor-type=\"wp-page\" data-elementor-id=\"86783\" class=\"elementor elementor-86783\">\n\t\t\t\t\t\t<section class=\"elementor-section elementor-top-section elementor-element elementor-element-24e69d10 elementor-section-full_width iconosportadasec ajuntament elementor-section-height-default elementor-section-height-default\" data-id=\"24e69d10\" data-element_type=\"section\">\n\t\t\t\t\t\t<div class=\"elementor-container elementor-column-gap-narrow\">\n\t\t\t\t\t<div class=\"elementor-column elementor-col-16 elementor-top-column elementor-element elementor-element-166efc74\" data-id=\"166efc74\" data-element_type=\"column\">\n\t\t\t<div class=\"elementor-widget-wrap elementor-element-populated\">\n\t\t\t\t\t\t<div class=\"elementor-element elementor-element-4ba9affd elementor-widget elementor-widget-image\" data-id=\"4ba9affd\" data-element_type=\"widget\" data-widget_type=\"image.default\">\n\t\t\t\t<div class=\"elementor-widget-container\">\n\t\t\t\t\t\t\t\t\t\t\t\t\t\t\t\t<a href=\"https:\/\/alzira.es\/es\/servicios-municipales\/recursos-humanos\/empleo-temporal\/\">\n\t\t\t\t\t\t\t<img fetchpriority=\"high\" decoding=\"async\" width=\"3509\" height=\"2939\" src=\"https:\/\/alzira.es\/wp-content\/uploads\/2021\/11\/OCUPACIO-PUBLICA_OCUPACIO-TEMPORAL.png\" class=\"attachment-full size-full wp-image-105753\" alt=\"\" srcset=\"https:\/\/alzira.es\/wp-content\/uploads\/2021\/11\/OCUPACIO-PUBLICA_OCUPACIO-TEMPORAL.png 3509w, https:\/\/alzira.es\/wp-content\/uploads\/2021\/11\/OCUPACIO-PUBLICA_OCUPACIO-TEMPORAL-609x510.png 609w, https:\/\/alzira.es\/wp-content\/uploads\/2021\/11\/OCUPACIO-PUBLICA_OCUPACIO-TEMPORAL-1280x1072.png 1280w, https:\/\/alzira.es\/wp-content\/uploads\/2021\/11\/OCUPACIO-PUBLICA_OCUPACIO-TEMPORAL-768x643.png 768w, https:\/\/alzira.es\/wp-content\/uploads\/2021\/11\/OCUPACIO-PUBLICA_OCUPACIO-TEMPORAL-1536x1286.png 1536w, https:\/\/alzira.es\/wp-content\/uploads\/2021\/11\/OCUPACIO-PUBLICA_OCUPACIO-TEMPORAL-2048x1715.png 2048w\" sizes=\"100vw\" \/>\t\t\t\t\t\t\t\t<\/a>\n\t\t\t\t\t\t\t\t\t\t\t\t\t\t\t<\/div>\n\t\t\t\t<\/div>\n\t\t\t\t<div class=\"elementor-element elementor-element-55bccbcd elementor-widget elementor-widget-heading\" data-id=\"55bccbcd\" data-element_type=\"widget\" data-widget_type=\"heading.default\">\n\t\t\t\t<div class=\"elementor-widget-container\">\n\t\t\t\t\t<h5 class=\"elementor-heading-title elementor-size-default\"><a href=\"https:\/\/alzira.es\/es\/servicios-municipales\/recursos-humanos\/empleo-temporal\/\">Empleo temporal<\/a><\/h5>\t\t\t\t<\/div>\n\t\t\t\t<\/div>\n\t\t\t\t\t<\/div>\n\t\t<\/div>\n\t\t\t\t<div class=\"elementor-column elementor-col-16 elementor-top-column elementor-element elementor-element-3f640ae1\" data-id=\"3f640ae1\" data-element_type=\"column\">\n\t\t\t<div class=\"elementor-widget-wrap elementor-element-populated\">\n\t\t\t\t\t\t<div class=\"elementor-element elementor-element-656823a0 elementor-widget elementor-widget-image\" data-id=\"656823a0\" data-element_type=\"widget\" data-widget_type=\"image.default\">\n\t\t\t\t<div class=\"elementor-widget-container\">\n\t\t\t\t\t\t\t\t\t\t\t\t\t\t\t\t<a href=\"https:\/\/alzira.es\/wp-content\/uploads\/anual\/calendario-laboral.pdf\" target=\"_blank\">\n\t\t\t\t\t\t\t<img decoding=\"async\" width=\"3509\" height=\"2939\" data-src=\"https:\/\/alzira.es\/wp-content\/uploads\/2021\/11\/OCUPACIO-PUBLICA_CALENDARI-LABORAL.png\" class=\"attachment-full size-full wp-image-105741 lazyload\" alt=\"\" data-srcset=\"https:\/\/alzira.es\/wp-content\/uploads\/2021\/11\/OCUPACIO-PUBLICA_CALENDARI-LABORAL.png 3509w, https:\/\/alzira.es\/wp-content\/uploads\/2021\/11\/OCUPACIO-PUBLICA_CALENDARI-LABORAL-609x510.png 609w, https:\/\/alzira.es\/wp-content\/uploads\/2021\/11\/OCUPACIO-PUBLICA_CALENDARI-LABORAL-1280x1072.png 1280w, https:\/\/alzira.es\/wp-content\/uploads\/2021\/11\/OCUPACIO-PUBLICA_CALENDARI-LABORAL-768x643.png 768w, https:\/\/alzira.es\/wp-content\/uploads\/2021\/11\/OCUPACIO-PUBLICA_CALENDARI-LABORAL-1536x1286.png 1536w, https:\/\/alzira.es\/wp-content\/uploads\/2021\/11\/OCUPACIO-PUBLICA_CALENDARI-LABORAL-2048x1715.png 2048w\" data-sizes=\"100vw\" src=\"data:image\/svg+xml;base64,PHN2ZyB3aWR0aD0iMSIgaGVpZ2h0PSIxIiB4bWxucz0iaHR0cDovL3d3dy53My5vcmcvMjAwMC9zdmciPjwvc3ZnPg==\" style=\"--smush-placeholder-width: 3509px; --smush-placeholder-aspect-ratio: 3509\/2939;\" \/>\t\t\t\t\t\t\t\t<\/a>\n\t\t\t\t\t\t\t\t\t\t\t\t\t\t\t<\/div>\n\t\t\t\t<\/div>\n\t\t\t\t<div class=\"elementor-element elementor-element-4e10ee3 elementor-widget elementor-widget-heading\" data-id=\"4e10ee3\" data-element_type=\"widget\" data-widget_type=\"heading.default\">\n\t\t\t\t<div class=\"elementor-widget-container\">\n\t\t\t\t\t<h5 class=\"elementor-heading-title elementor-size-default\"><a href=\"https:\/\/alzira.es\/wp-content\/uploads\/anual\/calendario-laboral.pdf\">Calendario laboral<\/a><\/h5>\t\t\t\t<\/div>\n\t\t\t\t<\/div>\n\t\t\t\t\t<\/div>\n\t\t<\/div>\n\t\t\t\t<div class=\"elementor-column elementor-col-16 elementor-top-column elementor-element elementor-element-58e3b42\" data-id=\"58e3b42\" data-element_type=\"column\">\n\t\t\t<div class=\"elementor-widget-wrap elementor-element-populated\">\n\t\t\t\t\t\t<div class=\"elementor-element elementor-element-44e72f6b elementor-widget elementor-widget-image\" data-id=\"44e72f6b\" data-element_type=\"widget\" data-widget_type=\"image.default\">\n\t\t\t\t<div class=\"elementor-widget-container\">\n\t\t\t\t\t\t\t\t\t\t\t\t\t\t\t\t<a href=\"https:\/\/alzira.es\/es\/servicios-municipales\/recursos-humanos\/enlaces-de-interes-rr-hh\/\">\n\t\t\t\t\t\t\t<img decoding=\"async\" width=\"3509\" height=\"2938\" data-src=\"https:\/\/alzira.es\/wp-content\/uploads\/2021\/11\/OCUPACIO-PUBLICA_ENLLACOS-DINTERES.png\" class=\"attachment-full size-full wp-image-105743 lazyload\" alt=\"\" data-srcset=\"https:\/\/alzira.es\/wp-content\/uploads\/2021\/11\/OCUPACIO-PUBLICA_ENLLACOS-DINTERES.png 3509w, https:\/\/alzira.es\/wp-content\/uploads\/2021\/11\/OCUPACIO-PUBLICA_ENLLACOS-DINTERES-609x510.png 609w, https:\/\/alzira.es\/wp-content\/uploads\/2021\/11\/OCUPACIO-PUBLICA_ENLLACOS-DINTERES-1280x1072.png 1280w, https:\/\/alzira.es\/wp-content\/uploads\/2021\/11\/OCUPACIO-PUBLICA_ENLLACOS-DINTERES-768x643.png 768w, https:\/\/alzira.es\/wp-content\/uploads\/2021\/11\/OCUPACIO-PUBLICA_ENLLACOS-DINTERES-1536x1286.png 1536w, https:\/\/alzira.es\/wp-content\/uploads\/2021\/11\/OCUPACIO-PUBLICA_ENLLACOS-DINTERES-2048x1715.png 2048w\" data-sizes=\"100vw\" src=\"data:image\/svg+xml;base64,PHN2ZyB3aWR0aD0iMSIgaGVpZ2h0PSIxIiB4bWxucz0iaHR0cDovL3d3dy53My5vcmcvMjAwMC9zdmciPjwvc3ZnPg==\" style=\"--smush-placeholder-width: 3509px; --smush-placeholder-aspect-ratio: 3509\/2938;\" \/>\t\t\t\t\t\t\t\t<\/a>\n\t\t\t\t\t\t\t\t\t\t\t\t\t\t\t<\/div>\n\t\t\t\t<\/div>\n\t\t\t\t<div class=\"elementor-element elementor-element-70fa1574 elementor-widget elementor-widget-heading\" data-id=\"70fa1574\" data-element_type=\"widget\" data-widget_type=\"heading.default\">\n\t\t\t\t<div class=\"elementor-widget-container\">\n\t\t\t\t\t<h5 class=\"elementor-heading-title elementor-size-default\"><a href=\"https:\/\/alzira.es\/es\/servicios-municipales\/recursos-humanos\/enlaces-de-interes-rr-hh\/\">Enlaces de inter\u00e9s<\/a><\/h5>\t\t\t\t<\/div>\n\t\t\t\t<\/div>\n\t\t\t\t\t<\/div>\n\t\t<\/div>\n\t\t\t\t<div class=\"elementor-column elementor-col-16 elementor-top-column elementor-element elementor-element-2c453df7\" data-id=\"2c453df7\" data-element_type=\"column\">\n\t\t\t<div class=\"elementor-widget-wrap elementor-element-populated\">\n\t\t\t\t\t\t<div class=\"elementor-element elementor-element-474fee10 elementor-widget elementor-widget-image\" data-id=\"474fee10\" data-element_type=\"widget\" data-widget_type=\"image.default\">\n\t\t\t\t<div class=\"elementor-widget-container\">\n\t\t\t\t\t\t\t\t\t\t\t\t\t\t\t\t<a href=\"https:\/\/alzira.es\/wp-content\/uploads\/2022\/09\/Pla-dAcollida_act.pdf-Nou.pdf\" target=\"_blank\">\n\t\t\t\t\t\t\t<img decoding=\"async\" width=\"3509\" height=\"2939\" data-src=\"https:\/\/alzira.es\/wp-content\/uploads\/2021\/11\/OCUPACIO-PUBLICA_ACOLLIDA-I-TUTORITZACIO.png\" class=\"attachment-full size-full wp-image-105739 lazyload\" alt=\"\" data-srcset=\"https:\/\/alzira.es\/wp-content\/uploads\/2021\/11\/OCUPACIO-PUBLICA_ACOLLIDA-I-TUTORITZACIO.png 3509w, https:\/\/alzira.es\/wp-content\/uploads\/2021\/11\/OCUPACIO-PUBLICA_ACOLLIDA-I-TUTORITZACIO-609x510.png 609w, https:\/\/alzira.es\/wp-content\/uploads\/2021\/11\/OCUPACIO-PUBLICA_ACOLLIDA-I-TUTORITZACIO-1280x1072.png 1280w, https:\/\/alzira.es\/wp-content\/uploads\/2021\/11\/OCUPACIO-PUBLICA_ACOLLIDA-I-TUTORITZACIO-768x643.png 768w, https:\/\/alzira.es\/wp-content\/uploads\/2021\/11\/OCUPACIO-PUBLICA_ACOLLIDA-I-TUTORITZACIO-1536x1286.png 1536w, https:\/\/alzira.es\/wp-content\/uploads\/2021\/11\/OCUPACIO-PUBLICA_ACOLLIDA-I-TUTORITZACIO-2048x1715.png 2048w\" data-sizes=\"100vw\" src=\"data:image\/svg+xml;base64,PHN2ZyB3aWR0aD0iMSIgaGVpZ2h0PSIxIiB4bWxucz0iaHR0cDovL3d3dy53My5vcmcvMjAwMC9zdmciPjwvc3ZnPg==\" style=\"--smush-placeholder-width: 3509px; --smush-placeholder-aspect-ratio: 3509\/2939;\" \/>\t\t\t\t\t\t\t\t<\/a>\n\t\t\t\t\t\t\t\t\t\t\t\t\t\t\t<\/div>\n\t\t\t\t<\/div>\n\t\t\t\t<div class=\"elementor-element elementor-element-3863b1d7 elementor-widget elementor-widget-heading\" data-id=\"3863b1d7\" data-element_type=\"widget\" data-widget_type=\"heading.default\">\n\t\t\t\t<div class=\"elementor-widget-container\">\n\t\t\t\t\t<h5 class=\"elementor-heading-title elementor-size-default\"><a href=\"https:\/\/alzira.es\/wp-content\/uploads\/2022\/09\/Pla-dAcollida_act.pdf-Nou.pdf\" target=\"_blank\">Acogida y tutorizaci\u00f3n<\/a><\/h5>\t\t\t\t<\/div>\n\t\t\t\t<\/div>\n\t\t\t\t\t<\/div>\n\t\t<\/div>\n\t\t\t\t<div class=\"elementor-column elementor-col-16 elementor-top-column elementor-element elementor-element-87989f3\" data-id=\"87989f3\" data-element_type=\"column\">\n\t\t\t<div class=\"elementor-widget-wrap elementor-element-populated\">\n\t\t\t\t\t\t<div class=\"elementor-element elementor-element-24f23edd elementor-widget elementor-widget-image\" data-id=\"24f23edd\" data-element_type=\"widget\" data-widget_type=\"image.default\">\n\t\t\t\t<div class=\"elementor-widget-container\">\n\t\t\t\t\t\t\t\t\t\t\t\t\t\t\t\t<a href=\"https:\/\/alzira.es\/es\/servicios-municipales\/recursos-humanos\/normativa-empleo-publico\/\">\n\t\t\t\t\t\t\t<img decoding=\"async\" width=\"3509\" height=\"2939\" data-src=\"https:\/\/alzira.es\/wp-content\/uploads\/2021\/11\/OCUPACIO-PUBLICA_NORMATIVA.png\" class=\"attachment-full size-full wp-image-105745 lazyload\" alt=\"\" data-srcset=\"https:\/\/alzira.es\/wp-content\/uploads\/2021\/11\/OCUPACIO-PUBLICA_NORMATIVA.png 3509w, https:\/\/alzira.es\/wp-content\/uploads\/2021\/11\/OCUPACIO-PUBLICA_NORMATIVA-609x510.png 609w, https:\/\/alzira.es\/wp-content\/uploads\/2021\/11\/OCUPACIO-PUBLICA_NORMATIVA-1280x1072.png 1280w, https:\/\/alzira.es\/wp-content\/uploads\/2021\/11\/OCUPACIO-PUBLICA_NORMATIVA-768x643.png 768w, https:\/\/alzira.es\/wp-content\/uploads\/2021\/11\/OCUPACIO-PUBLICA_NORMATIVA-1536x1286.png 1536w, https:\/\/alzira.es\/wp-content\/uploads\/2021\/11\/OCUPACIO-PUBLICA_NORMATIVA-2048x1715.png 2048w\" data-sizes=\"100vw\" src=\"data:image\/svg+xml;base64,PHN2ZyB3aWR0aD0iMSIgaGVpZ2h0PSIxIiB4bWxucz0iaHR0cDovL3d3dy53My5vcmcvMjAwMC9zdmciPjwvc3ZnPg==\" style=\"--smush-placeholder-width: 3509px; --smush-placeholder-aspect-ratio: 3509\/2939;\" \/>\t\t\t\t\t\t\t\t<\/a>\n\t\t\t\t\t\t\t\t\t\t\t\t\t\t\t<\/div>\n\t\t\t\t<\/div>\n\t\t\t\t<div class=\"elementor-element elementor-element-297348bf elementor-widget elementor-widget-heading\" data-id=\"297348bf\" data-element_type=\"widget\" data-widget_type=\"heading.default\">\n\t\t\t\t<div class=\"elementor-widget-container\">\n\t\t\t\t\t<h5 class=\"elementor-heading-title elementor-size-default\"><a href=\"https:\/\/alzira.es\/es\/servicios-municipales\/recursos-humanos\/normativa-empleo-publico\/\">Normativa<\/a><\/h5>\t\t\t\t<\/div>\n\t\t\t\t<\/div>\n\t\t\t\t\t<\/div>\n\t\t<\/div>\n\t\t\t\t<div class=\"elementor-column elementor-col-16 elementor-top-column elementor-element elementor-element-c99d6d5\" data-id=\"c99d6d5\" data-element_type=\"column\">\n\t\t\t<div class=\"elementor-widget-wrap elementor-element-populated\">\n\t\t\t\t\t\t<div class=\"elementor-element elementor-element-11899eb8 elementor-widget elementor-widget-image\" data-id=\"11899eb8\" data-element_type=\"widget\" data-widget_type=\"image.default\">\n\t\t\t\t<div class=\"elementor-widget-container\">\n\t\t\t\t\t\t\t\t\t\t\t\t\t\t\t\t<a href=\"https:\/\/alzira.es\/es\/servicios-municipales\/recursos-humanos\/oferta-de-empleo-publico\/\">\n\t\t\t\t\t\t\t<img decoding=\"async\" width=\"3509\" height=\"2939\" data-src=\"https:\/\/alzira.es\/wp-content\/uploads\/2021\/11\/OCUPACIO-PUBLICA_OFERTES-DOCUPACIO-PUBLICA.png\" class=\"attachment-full size-full wp-image-105749 lazyload\" alt=\"\" data-srcset=\"https:\/\/alzira.es\/wp-content\/uploads\/2021\/11\/OCUPACIO-PUBLICA_OFERTES-DOCUPACIO-PUBLICA.png 3509w, https:\/\/alzira.es\/wp-content\/uploads\/2021\/11\/OCUPACIO-PUBLICA_OFERTES-DOCUPACIO-PUBLICA-609x510.png 609w, https:\/\/alzira.es\/wp-content\/uploads\/2021\/11\/OCUPACIO-PUBLICA_OFERTES-DOCUPACIO-PUBLICA-1280x1072.png 1280w, https:\/\/alzira.es\/wp-content\/uploads\/2021\/11\/OCUPACIO-PUBLICA_OFERTES-DOCUPACIO-PUBLICA-768x643.png 768w, https:\/\/alzira.es\/wp-content\/uploads\/2021\/11\/OCUPACIO-PUBLICA_OFERTES-DOCUPACIO-PUBLICA-1536x1286.png 1536w, https:\/\/alzira.es\/wp-content\/uploads\/2021\/11\/OCUPACIO-PUBLICA_OFERTES-DOCUPACIO-PUBLICA-2048x1715.png 2048w\" data-sizes=\"100vw\" src=\"data:image\/svg+xml;base64,PHN2ZyB3aWR0aD0iMSIgaGVpZ2h0PSIxIiB4bWxucz0iaHR0cDovL3d3dy53My5vcmcvMjAwMC9zdmciPjwvc3ZnPg==\" style=\"--smush-placeholder-width: 3509px; --smush-placeholder-aspect-ratio: 3509\/2939;\" \/>\t\t\t\t\t\t\t\t<\/a>\n\t\t\t\t\t\t\t\t\t\t\t\t\t\t\t<\/div>\n\t\t\t\t<\/div>\n\t\t\t\t<div class=\"elementor-element elementor-element-43669eba elementor-widget elementor-widget-heading\" data-id=\"43669eba\" data-element_type=\"widget\" data-widget_type=\"heading.default\">\n\t\t\t\t<div class=\"elementor-widget-container\">\n\t\t\t\t\t<h5 class=\"elementor-heading-title elementor-size-default\"><a href=\"https:\/\/alzira.es\/es\/servicios-municipales\/recursos-humanos\/oferta-de-empleo-publico\/\">Ofertas de empleo p\u00fablico<\/a><\/h5>\t\t\t\t<\/div>\n\t\t\t\t<\/div>\n\t\t\t\t\t<\/div>\n\t\t<\/div>\n\t\t\t\t\t<\/div>\n\t\t<\/section>\n\t\t\t\t<section class=\"elementor-section elementor-top-section elementor-element elementor-element-1a0026f4 elementor-section-full_width iconosportadasec ajuntament elementor-section-height-default elementor-section-height-default\" data-id=\"1a0026f4\" data-element_type=\"section\">\n\t\t\t\t\t\t<div class=\"elementor-container elementor-column-gap-narrow\">\n\t\t\t\t\t<div class=\"elementor-column elementor-col-16 elementor-top-column elementor-element elementor-element-589c8629\" data-id=\"589c8629\" data-element_type=\"column\">\n\t\t\t<div class=\"elementor-widget-wrap elementor-element-populated\">\n\t\t\t\t\t\t<div class=\"elementor-element elementor-element-19523694 elementor-widget elementor-widget-image\" data-id=\"19523694\" data-element_type=\"widget\" data-widget_type=\"image.default\">\n\t\t\t\t<div class=\"elementor-widget-container\">\n\t\t\t\t\t\t\t\t\t\t\t\t\t\t\t\t<a href=\"https:\/\/alzira.es\/es\/servicios-municipales\/recursos-humanos\/empleo-permanente\/\">\n\t\t\t\t\t\t\t<img decoding=\"async\" width=\"3509\" height=\"2939\" data-src=\"https:\/\/alzira.es\/wp-content\/uploads\/2021\/11\/OCUPACIO-PUBLICA_OCUPACIO-PERMANENT.png\" class=\"attachment-full size-full wp-image-105747 lazyload\" alt=\"\" data-srcset=\"https:\/\/alzira.es\/wp-content\/uploads\/2021\/11\/OCUPACIO-PUBLICA_OCUPACIO-PERMANENT.png 3509w, https:\/\/alzira.es\/wp-content\/uploads\/2021\/11\/OCUPACIO-PUBLICA_OCUPACIO-PERMANENT-609x510.png 609w, https:\/\/alzira.es\/wp-content\/uploads\/2021\/11\/OCUPACIO-PUBLICA_OCUPACIO-PERMANENT-1280x1072.png 1280w, https:\/\/alzira.es\/wp-content\/uploads\/2021\/11\/OCUPACIO-PUBLICA_OCUPACIO-PERMANENT-768x643.png 768w, https:\/\/alzira.es\/wp-content\/uploads\/2021\/11\/OCUPACIO-PUBLICA_OCUPACIO-PERMANENT-1536x1286.png 1536w, https:\/\/alzira.es\/wp-content\/uploads\/2021\/11\/OCUPACIO-PUBLICA_OCUPACIO-PERMANENT-2048x1715.png 2048w\" data-sizes=\"100vw\" src=\"data:image\/svg+xml;base64,PHN2ZyB3aWR0aD0iMSIgaGVpZ2h0PSIxIiB4bWxucz0iaHR0cDovL3d3dy53My5vcmcvMjAwMC9zdmciPjwvc3ZnPg==\" style=\"--smush-placeholder-width: 3509px; --smush-placeholder-aspect-ratio: 3509\/2939;\" \/>\t\t\t\t\t\t\t\t<\/a>\n\t\t\t\t\t\t\t\t\t\t\t\t\t\t\t<\/div>\n\t\t\t\t<\/div>\n\t\t\t\t<div class=\"elementor-element elementor-element-61cff734 elementor-widget elementor-widget-heading\" data-id=\"61cff734\" data-element_type=\"widget\" data-widget_type=\"heading.default\">\n\t\t\t\t<div class=\"elementor-widget-container\">\n\t\t\t\t\t<h5 class=\"elementor-heading-title elementor-size-default\"><a href=\"https:\/\/alzira.es\/es\/servicios-municipales\/recursos-humanos\/empleo-permanente\/\">Empleo permanente<\/a><\/h5>\t\t\t\t<\/div>\n\t\t\t\t<\/div>\n\t\t\t\t\t<\/div>\n\t\t<\/div>\n\t\t\t\t<div class=\"elementor-column elementor-col-16 elementor-top-column elementor-element elementor-element-1124b588\" data-id=\"1124b588\" data-element_type=\"column\">\n\t\t\t<div class=\"elementor-widget-wrap elementor-element-populated\">\n\t\t\t\t\t\t<div class=\"elementor-element elementor-element-667ad030 elementor-widget elementor-widget-image\" data-id=\"667ad030\" data-element_type=\"widget\" data-widget_type=\"image.default\">\n\t\t\t\t<div class=\"elementor-widget-container\">\n\t\t\t\t\t\t\t\t\t\t\t\t\t\t\t\t<a href=\"https:\/\/alzira.es\/es\/servicios-municipales\/recursos-humanos\/organigrama-areas\/\">\n\t\t\t\t\t\t\t<img decoding=\"async\" width=\"3509\" height=\"2938\" data-src=\"https:\/\/alzira.es\/wp-content\/uploads\/2021\/11\/OCUPACIO-PUBLICA_ORGANIGRAMA.png\" class=\"attachment-full size-full wp-image-105751 lazyload\" alt=\"\" data-srcset=\"https:\/\/alzira.es\/wp-content\/uploads\/2021\/11\/OCUPACIO-PUBLICA_ORGANIGRAMA.png 3509w, https:\/\/alzira.es\/wp-content\/uploads\/2021\/11\/OCUPACIO-PUBLICA_ORGANIGRAMA-609x510.png 609w, https:\/\/alzira.es\/wp-content\/uploads\/2021\/11\/OCUPACIO-PUBLICA_ORGANIGRAMA-1280x1072.png 1280w, https:\/\/alzira.es\/wp-content\/uploads\/2021\/11\/OCUPACIO-PUBLICA_ORGANIGRAMA-768x643.png 768w, https:\/\/alzira.es\/wp-content\/uploads\/2021\/11\/OCUPACIO-PUBLICA_ORGANIGRAMA-1536x1286.png 1536w, https:\/\/alzira.es\/wp-content\/uploads\/2021\/11\/OCUPACIO-PUBLICA_ORGANIGRAMA-2048x1715.png 2048w\" data-sizes=\"100vw\" src=\"data:image\/svg+xml;base64,PHN2ZyB3aWR0aD0iMSIgaGVpZ2h0PSIxIiB4bWxucz0iaHR0cDovL3d3dy53My5vcmcvMjAwMC9zdmciPjwvc3ZnPg==\" style=\"--smush-placeholder-width: 3509px; --smush-placeholder-aspect-ratio: 3509\/2938;\" \/>\t\t\t\t\t\t\t\t<\/a>\n\t\t\t\t\t\t\t\t\t\t\t\t\t\t\t<\/div>\n\t\t\t\t<\/div>\n\t\t\t\t<div class=\"elementor-element elementor-element-76488fb9 elementor-widget elementor-widget-heading\" data-id=\"76488fb9\" data-element_type=\"widget\" data-widget_type=\"heading.default\">\n\t\t\t\t<div class=\"elementor-widget-container\">\n\t\t\t\t\t<h5 class=\"elementor-heading-title elementor-size-default\"><a href=\"https:\/\/alzira.es\/es\/servicios-municipales\/recursos-humanos\/organigrama-areas\/\">Organigrama<\/a><\/h5>\t\t\t\t<\/div>\n\t\t\t\t<\/div>\n\t\t\t\t\t<\/div>\n\t\t<\/div>\n\t\t\t\t<div class=\"elementor-column elementor-col-16 elementor-top-column elementor-element elementor-element-6193545\" data-id=\"6193545\" data-element_type=\"column\">\n\t\t\t<div class=\"elementor-widget-wrap elementor-element-populated\">\n\t\t\t\t\t\t<div class=\"elementor-element elementor-element-7cfe648 elementor-widget elementor-widget-image\" data-id=\"7cfe648\" data-element_type=\"widget\" data-widget_type=\"image.default\">\n\t\t\t\t<div class=\"elementor-widget-container\">\n\t\t\t\t\t\t\t\t\t\t\t\t\t\t\t\t<a href=\"https:\/\/alzira.es\/es\/servicios-municipales\/recursos-humanos\/protocolos\/\">\n\t\t\t\t\t\t\t<img decoding=\"async\" width=\"605\" height=\"533\" data-src=\"https:\/\/alzira.es\/wp-content\/uploads\/2021\/12\/Recurso-12.png\" class=\"attachment-full size-full wp-image-108632 lazyload\" alt=\"\" data-srcset=\"https:\/\/alzira.es\/wp-content\/uploads\/2021\/12\/Recurso-12.png 605w, https:\/\/alzira.es\/wp-content\/uploads\/2021\/12\/Recurso-12-579x510.png 579w\" data-sizes=\"100vw\" src=\"data:image\/svg+xml;base64,PHN2ZyB3aWR0aD0iMSIgaGVpZ2h0PSIxIiB4bWxucz0iaHR0cDovL3d3dy53My5vcmcvMjAwMC9zdmciPjwvc3ZnPg==\" style=\"--smush-placeholder-width: 605px; --smush-placeholder-aspect-ratio: 605\/533;\" \/>\t\t\t\t\t\t\t\t<\/a>\n\t\t\t\t\t\t\t\t\t\t\t\t\t\t\t<\/div>\n\t\t\t\t<\/div>\n\t\t\t\t<div class=\"elementor-element elementor-element-c09175b elementor-widget elementor-widget-heading\" data-id=\"c09175b\" data-element_type=\"widget\" data-widget_type=\"heading.default\">\n\t\t\t\t<div class=\"elementor-widget-container\">\n\t\t\t\t\t<h5 class=\"elementor-heading-title elementor-size-default\"><a href=\"https:\/\/alzira.es\/es\/servicios-municipales\/recursos-humanos\/protocolos\/\">Protocolos de actuaci\u00f3n<\/a><\/h5>\t\t\t\t<\/div>\n\t\t\t\t<\/div>\n\t\t\t\t\t<\/div>\n\t\t<\/div>\n\t\t\t\t<div class=\"elementor-column elementor-col-16 elementor-top-column elementor-element elementor-element-49a3344\" data-id=\"49a3344\" data-element_type=\"column\">\n\t\t\t<div class=\"elementor-widget-wrap\">\n\t\t\t\t\t\t\t<\/div>\n\t\t<\/div>\n\t\t\t\t<div class=\"elementor-column elementor-col-16 elementor-top-column elementor-element elementor-element-f70ad50\" data-id=\"f70ad50\" data-element_type=\"column\">\n\t\t\t<div class=\"elementor-widget-wrap\">\n\t\t\t\t\t\t\t<\/div>\n\t\t<\/div>\n\t\t\t\t<div class=\"elementor-column elementor-col-16 elementor-top-column elementor-element elementor-element-e251e6b\" data-id=\"e251e6b\" data-element_type=\"column\">\n\t\t\t<div class=\"elementor-widget-wrap\">\n\t\t\t\t\t\t\t<\/div>\n\t\t<\/div>\n\t\t\t\t\t<\/div>\n\t\t<\/section>\n\t\t\t\t<\/div>\n\t\t","protected":false},"excerpt":{"rendered":"<p>Empleo temporal Calendario laboral Enlaces de inter\u00e9s Acogida y tutorizaci\u00f3n Normativa Ofertas de empleo p\u00fablico Empleo permanente Organigrama Protocolos de actuaci\u00f3n<\/p>\n","protected":false},"author":12,"featured_media":0,"parent":60847,"menu_order":0,"comment_status":"closed","ping_status":"closed","template":"","meta":{"_acf_changed":false,"footnotes":""},"class_list":["post-86783","page","type-page","status-publish","hentry"],"acf":[],"_links":{"self":[{"href":"https:\/\/alzira.es\/es\/wp-json\/wp\/v2\/pages\/86783","targetHints":{"allow":["GET"]}}],"collection":[{"href":"https:\/\/alzira.es\/es\/wp-json\/wp\/v2\/pages"}],"about":[{"href":"https:\/\/alzira.es\/es\/wp-json\/wp\/v2\/types\/page"}],"author":[{"embeddable":true,"href":"https:\/\/alzira.es\/es\/wp-json\/wp\/v2\/users\/12"}],"replies":[{"embeddable":true,"href":"https:\/\/alzira.es\/es\/wp-json\/wp\/v2\/comments?post=86783"}],"version-history":[{"count":2,"href":"https:\/\/alzira.es\/es\/wp-json\/wp\/v2\/pages\/86783\/revisions"}],"predecessor-version":[{"id":166833,"href":"https:\/\/alzira.es\/es\/wp-json\/wp\/v2\/pages\/86783\/revisions\/166833"}],"up":[{"embeddable":true,"href":"https:\/\/alzira.es\/es\/wp-json\/wp\/v2\/pages\/60847"}],"wp:attachment":[{"href":"https:\/\/alzira.es\/es\/wp-json\/wp\/v2\/media?parent=86783"}],"curies":[{"name":"wp","href":"https:\/\/api.w.org\/{rel}","templated":true}]}}