{"id":86716,"date":"2021-08-30T19:54:16","date_gmt":"2021-08-30T17:54:16","guid":{"rendered":"https:\/\/alzira.es\/servicios-municipales\/policia-local\/consejos\/que-hacer-frente-a-una-ola-de-frio\/"},"modified":"2021-08-30T19:55:43","modified_gmt":"2021-08-30T17:55:43","slug":"que-hacer-frente-a-una-ola-de-frio","status":"publish","type":"page","link":"https:\/\/alzira.es\/es\/servicios-municipales\/policia-local\/consejos\/que-hacer-frente-a-una-ola-de-frio\/","title":{"rendered":"\u00bfQu\u00e9 hacer frente a una ola de fr\u00edo?"},"content":{"rendered":"\n<div class=\"wp-block-image\"><figure class=\"aligncenter size-full is-resized\"><a href=\"https:\/\/alzira.es\/wp-content\/uploads\/2019\/01\/50221107_2040903962630051_4496003526735953920_n.jpg\" target=\"_blank\" rel=\"noopener\"><img fetchpriority=\"high\" decoding=\"async\" src=\"https:\/\/alzira.es\/wp-content\/uploads\/2021\/01\/onada_de_fred.jpg\" alt=\"\" class=\"wp-image-53172\" width=\"600\" height=\"338\" srcset=\"https:\/\/alzira.es\/wp-content\/uploads\/2021\/01\/onada_de_fred.jpg 1200w, https:\/\/alzira.es\/wp-content\/uploads\/2021\/01\/onada_de_fred-680x383.jpg 680w, https:\/\/alzira.es\/wp-content\/uploads\/2021\/01\/onada_de_fred-768x432.jpg 768w\" sizes=\"(max-width: 600px) 100vw, 600px\" \/><\/a><\/figure><\/div>\n\n<p><strong>Antes de la llegada del invierno en zonas donde se producen nevadas<\/strong><\/p>\n\n<p>&#8211; Almacena alimentos y combustibles para un per\u00edodo de aislamiento de una semana.&#13;\n&#8211; Prepara un botiqu\u00edn de primeros auxilios y aquellos medicamentos que sean utilizados permanente o espor\u00e1dicamente por todos o alguno de los miembros de la unidad familiar.&#13;\n&#8211; Disp\u00f3n de ropa y calzado adecuados para estas contingencias.&#13;\n&#8211; Controla todos aquellos puntos por donde haya contacto con el exterior: cierres de ventanas, puertas, etc.&#13;\n&#8211; Revisa tejados y bajantes de agua.&#13;\n&#8211; Si la calefacci\u00f3n no se va a usar o est\u00e1 averiada, procura que el circuito de agua no tenga mucha presi\u00f3n.&#13;\n&#8211; Si vives en una zona rural propensa a quedar aislada en \u00e9poca de nieve, ten a mano una estufa y cocina de camping as\u00ed como productos de limpieza.<\/p>\n\n<p><strong>Durante la ola de fr\u00edo, nevadas y hielos<\/strong><\/p>\n\n<p>Mantente informado de la situaci\u00f3n meteorol\u00f3gica.<\/p>\n\n<p><strong>En el exterior:<\/strong><\/p>\n\n<p>&#8211; Si pasas mucho tiempo en el exterior, es mejor llevar varias prendas ligeras y c\u00e1lidas superpuestas que una sola prenda de tejido grueso. Evita prendas ajustadas para que el aire circule entre la piel y la ropa actuando como aislante.&#13;\n&#8211; Las manoplas proporcionan m\u00e1s calor que los guantes.&#13;\n&#8211; El exceso de sudoraci\u00f3n incrementa la p\u00e9rdida de calor. Si tienes calor qu\u00edtate alguna prenda.&#13;\n&#8211; El peligro m\u00e1ximo se produce cuando hay ventisca. Evita las salidas o desplazamientos en estos casos.&#13;\n&#8211; Evita la entrada de aire extremadamente fr\u00edo en los pulmones. Prot\u00e9gete rostro y cabeza.<\/p>\n\n<p><strong>En casa:<\/strong><\/p>\n\n<p>&#8211; Utiliza el tel\u00e9fono para las llamadas imprescindibles.&#13;\n&#8211; Los ni\u00f1os deben estar alejados de estufas y braseros.&#13;\n&#8211; Ten cuidado con las estufas de carb\u00f3n, el\u00e9ctricas y de gas, procurando que no est\u00e9n pr\u00f3ximas a visillos y cortinas.&#13;\n&#8211; Toma precauciones para evitar el envenenamiento producido por el uso de braseros o estufas de le\u00f1a, carb\u00f3n o gas en lugares cerrados sin renovaci\u00f3n de aire. Ten a mano un extintor ante la posibilidad de incendio.&#13;\n&#8211; Desconecta todos los aparatos el\u00e9ctricos que no sean necesarios. Ten a mano velas, linternas y pilas.&#13;\n&#8211; Mant\u00e9n un grifo ligeramente abierto en casa si es necesario, a fin de evitar la rotura por congelaci\u00f3n de las tuber\u00edas.&#13;\n&#8211; Cuida el aislamiento de la casa, evita las corrientes.&#13;\n&#8211; Las personas m\u00e1s sensibles son los reci\u00e9n nacidos y lactantes, las personas mayores y personas con ciertas enfermedades cr\u00f3nicas o en tratamiento. Estas personas deben evitar exponerse al exterior.<\/p>\n\n<p><strong>Recomendaciones para los automovilistas<\/strong><\/p>\n\n<p>&#8211; Viaja \u00fanicamente si es imprescindible y procura no hacerlo solo ni de noche. Utiliza, a ser posible, transporte p\u00fablico.&#13;\n&#8211; Antes de viajar, consulta el Servicio de Informaci\u00f3n de Tr\u00e1fico de la DGT. Solicita informaci\u00f3n sobre el estado de las carreteras que vayas a utilizar, as\u00ed como posibles itinerarios alternativos.&#13;\n&#8211; Si vas a emprender un viaje llena el dep\u00f3sito de gasolina, lleva radio, bayeta antivaho y rasqueta para el hielo, cadenas y guantes para su colocaci\u00f3n, una linterna y ropa de abrigo o manta. Tambi\u00e9n alg\u00fan alimento rico en calor\u00edas (chocolate, frutos secos,&#8230;), agua, tel\u00e9fono m\u00f3vil y tu medicaci\u00f3n habitual.&#13;\n&#8211; Revisa frenos, neum\u00e1ticos y anticongelante.&#13;\n&#8211; Disminuye la velocidad y aumenta la distancia de seguridad en caso de nieve o hielo en la calzada.&#13;\n&#8211; Procura no agotar el combustible.&#13;\n&#8211; Mantente informado por radio de la situaci\u00f3n meteorol\u00f3gica y de las informaciones oficiales sobre el estado de la red viaria.&#13;\n&#8211; Sigue los consejos para conducci\u00f3n con nieve y hielo de la DGT.<\/p>\n\n<p><strong>MEDIDAS PREVENTIVAS EN ACTIVIDADES DE MONTA\u00d1A O SIMILARES<\/strong><\/p>\n\n<p><strong>Antes de salir<\/strong><\/p>\n\n<p>&#8211; Inf\u00f3rmate de la predicci\u00f3n meteorol\u00f3gica de la zona a la que te diriges.&#13;\n&#8211; Escoge una ruta adecuada a tu nivel de preparaci\u00f3n.&#13;\n&#8211; Inf\u00f3rmate de la localizaci\u00f3n de los refugios o caba\u00f1as donde resguardarte en caso de descenso brusco de las temperaturas.&#13;\n&#8211; Presta atenci\u00f3n a las indicaciones de los carteles o se\u00f1ales sobre riesgos de la monta\u00f1a.&#13;\n&#8211; Informa a alguien de tu ruta y las previsiones de llegada.<\/p>\n\n<p><strong>En la monta\u00f1a<\/strong><br\/>&#8211; Equ\u00edpate de forma adecuada. Lleva contigo el tel\u00e9fono m\u00f3vil. Evita ropa excesivamente ajustada.&#13;\n&#8211; Consume alimentos ricos en hidratos de carbono y grasas (galletas, chocolate, frutos secos)&#13;\n&#8211; Evita mojarte y no tengas la piel expuesta al fr\u00edo.<\/p>\n","protected":false},"excerpt":{"rendered":"<p>Antes de la llegada del invierno en zonas donde se producen nevadas &#8211; Almacena alimentos y combustibles para un per\u00edodo de aislamiento de una semana.&#13; &#8211; Prepara un botiqu\u00edn de primeros auxilios y aquellos medicamentos que sean utilizados permanente o espor\u00e1dicamente por todos o alguno de los miembros de la unidad familiar.&#13; &#8211; Disp\u00f3n de &hellip; <\/p>\n<p class=\"link-more\"><a href=\"https:\/\/alzira.es\/es\/servicios-municipales\/policia-local\/consejos\/que-hacer-frente-a-una-ola-de-frio\/\" class=\"more-link\">Continuar leyendo<span class=\"screen-reader-text\"> \u00ab\u00bfQu\u00e9 hacer frente a una ola de fr\u00edo?\u00bb<\/span><\/a><\/p>\n","protected":false},"author":29,"featured_media":0,"parent":86698,"menu_order":0,"comment_status":"closed","ping_status":"closed","template":"","meta":{"_acf_changed":false,"footnotes":""},"class_list":["post-86716","page","type-page","status-publish","hentry"],"acf":[],"_links":{"self":[{"href":"https:\/\/alzira.es\/es\/wp-json\/wp\/v2\/pages\/86716","targetHints":{"allow":["GET"]}}],"collection":[{"href":"https:\/\/alzira.es\/es\/wp-json\/wp\/v2\/pages"}],"about":[{"href":"https:\/\/alzira.es\/es\/wp-json\/wp\/v2\/types\/page"}],"author":[{"embeddable":true,"href":"https:\/\/alzira.es\/es\/wp-json\/wp\/v2\/users\/29"}],"replies":[{"embeddable":true,"href":"https:\/\/alzira.es\/es\/wp-json\/wp\/v2\/comments?post=86716"}],"version-history":[{"count":2,"href":"https:\/\/alzira.es\/es\/wp-json\/wp\/v2\/pages\/86716\/revisions"}],"predecessor-version":[{"id":86719,"href":"https:\/\/alzira.es\/es\/wp-json\/wp\/v2\/pages\/86716\/revisions\/86719"}],"up":[{"embeddable":true,"href":"https:\/\/alzira.es\/es\/wp-json\/wp\/v2\/pages\/86698"}],"wp:attachment":[{"href":"https:\/\/alzira.es\/es\/wp-json\/wp\/v2\/media?parent=86716"}],"curies":[{"name":"wp","href":"https:\/\/api.w.org\/{rel}","templated":true}]}}