{"id":86700,"date":"2021-08-30T19:42:26","date_gmt":"2021-08-30T17:42:26","guid":{"rendered":"https:\/\/alzira.es\/servicios-municipales\/policia-local\/consejos\/consejos-para-prevenir-un-timo\/"},"modified":"2021-08-30T19:42:26","modified_gmt":"2021-08-30T17:42:26","slug":"consejos-para-prevenir-un-timo","status":"publish","type":"page","link":"https:\/\/alzira.es\/es\/servicios-municipales\/policia-local\/consejos\/consejos-para-prevenir-un-timo\/","title":{"rendered":"Consejos para prevenir un timo"},"content":{"rendered":"<p><span style=\"color: #000000;\">Consejos pr\u00e1cticos para prevenir un timo:<\/span><\/p>\n<p>1) P\u00eddele que te ense\u00f1e documentos que comprueben su identidad. Est\u00fadialos cuidadosamente.<br \/>\n2) Muchas veces los estafadores no traen ninguna identificaci\u00f3n. Y si tienen alguna, estudi\u00e1ndola bien, puedes darte cuenta de que es falsa.<br \/>\n3) En caso de pertenecer a una organizaci\u00f3n, si no la conoces, pregunta por su funcionamiento y ubicaci\u00f3n, si no te suena desconf\u00eda.<br \/>\n4) Cualquier organizaci\u00f3n cuenta con una l\u00ednea telef\u00f3nica fija. Si solo te proporcionaron un n\u00famero de m\u00f3vil o se niegan a d\u00e1rtelo, lo m\u00e1s probable es que sea un estafador.<br \/>\n5) Ignora todas sus invitaciones para actuar inmediatamente.<br \/>\n6) Desconf\u00eda siempre del dinero f\u00e1cil, podr\u00eda ser un timo.<br \/>\n7) Reh\u00fasa la venta ambulante, el ofrecimiento de flores u otros objetos.<br \/>\n8) Huye de los juegos de azar, lecturas de manos, la mendicidad y otras actividades que se pueden llevar a cabo en la calle.<br \/>\n9) No lleves grandes cantidades de dinero en met\u00e1lico en el bolsillo.<br \/>\n10) Si vas a sacar dinero del cajero tapa el teclado cuando marques el n\u00famero<\/p>\n<p><span style=\"color: #000000;\">Ante la duda de un posible timo, p\u00f3nganse en contacto con la Polic\u00eda Local, Tel. 962455233<\/span><br \/>\n* Recuerda, las revisiones de gas y la venta de suministros de luz a domicilio est\u00e1n prohibidas en la Comunidad valenciana.<\/p>\n<p><span style=\"color: #000000;\">TIMOS M\u00c1S FRECUENTES EN LA CALLE<\/span><\/p>\n<p><span style=\"text-decoration: underline;\">El timo de la estampita<\/span><br \/>\nLa v\u00edctima es abordada por una persona estafadora que finge tener discapacidad intelectual y que le ense\u00f1a un sobre lleno de billetes dici\u00e9ndole que son estampitas. En ese momento se acerca una persona c\u00f3mplice y convence a la v\u00cdctima para que juntas enga\u00f1en a quien tiene los billetes ofreci\u00e9ndole una peque\u00f1a cantidad de dinero por sus estampitas. Despu\u00e9s de entregar el dinero, la v\u00cdctima recibe el sobre, pero cuando lo abre, en lugar de encontrarse los billetes, encuentra recortes de papel. Para entonces, las personas estafadoras ya est\u00e1n demasiado lejos y la v\u00cdctima ha perdido su dinero.<\/p>\n<p><span style=\"text-decoration: underline;\">Timo del Tocomocho<\/span><br \/>\nLa estafa suele desarrollarse en lugares de tr\u00e1nsito (estaciones, cajeros, etc.) Una persona se te acerca con un billete de loter\u00eda premiado y que por las prisas no puede cobrar. El amigo quiere vend\u00e9rtelo por mucho menos del premio que contiene. Para dar mayor credibilidad interrumpe otro aparente transe\u00fante (gancho) que suele afirmar la autenticidad del premio exhibiendo un listado de boletos premiados en un peri\u00f3dico antiguo. La v\u00edctima accede a aportar la cantidad del dinero premiado y cuando va a recuperarlo a la ventanilla de la loter\u00eda comprueba que el billete es falso.<\/p>\n<p><span style=\"text-decoration: underline;\">Timo de las inversiones que te hacen millonario<\/span><br \/>\nEl timador se hace pasar por un experto corredor de bolsa e informa a la v\u00edctima confidencialmente de que tiene informaci\u00f3n privilegiada sobre ciertas compa\u00f1\u00edas que van a subir en Bolsa. Suelen ser personas persuasivas y con grandes dotes de comunicaci\u00f3n, y en los que las v\u00edctimas terminan confiando todos sus ahorros. Una vez que se ha depositado en ellos el dinero puede ocurrir que el timador desaparezca o que las inversiones no se correspondan con lo pactado y la compra real de acciones sea muy inferior al dinero aportado.<\/p>\n<p><span style=\"text-decoration: underline;\">Timo del atropello<\/span><br \/>\nEl timador se abalanza sobre un coche en un sem\u00e1foro o paso de cebra y finge haber sido atropellado. El asustado conductor, generalmente una persona mayor, se baja para socorrer al timador, que consigue una suma de dinero para evitar la denuncia. A veces, un segundo estafador, aprovecha el nerviosismo de la v\u00edctima para sustraerle la cartera o robar en el interior del autom\u00f3vil.<\/p>\n<p><span style=\"text-decoration: underline;\">Timo de la mancha<\/span><br \/>\nTiene lugar en la calle y los autores suelen ser dos o tres carteristas. Uno de los timadores se acerca a la v\u00edctima potencial y le lanza sobre la ropa de forma descuidada una sustancia que manche. El momento de la sorpresa es aprovechado por otro timador para acercarse a la v\u00edctima y ofrecerse a limpiarle la mancha, momento que aprovechar\u00e1 para sustraerle la cartera.<\/p>\n<p><span style=\"text-decoration: underline;\">Timo del duplicado de la banda magn\u00e9tica<\/span><br \/>\nA pesar de que las entidades financieras cada vez protegen mejor las actuaciones en sus cajeros autom\u00e1ticos, los delincuentes siguen ingeni\u00e1ndoselas para obtener duplicados de las bandas magn\u00e9ticas de las tarjetas. Estos casos requieren de t\u00e9cnicas muy sofisticadas y, por lo tanto, proporcionan beneficios m\u00e1s jugosos.<br \/>\nLas v\u00edctimas poco pueden hacer, ya que a menudo los timadores duplican a la perfecci\u00f3n los sistemas de los bancos de manera que a los usuarios les resulta casi imposible detectar el fraude hasta que han sido v\u00edctimas del mismo.<br \/>\nAnte cualquier sospecha, lo m\u00e1s conveniente es evitar usar ese cajero y comunicarlo al banco para que compruebe una posible manipulaci\u00f3n.<\/p>\n<p><span style=\"text-decoration: underline;\">Timo del billete marcado<\/span><br \/>\nSe suele llevar a cabo en cafeter\u00edas o tiendas. El primer timador paga con un billete grande de 50 euros, y minutos despu\u00e9s, un segundo timador, entra y paga con un billete de 10 euros. Al recibir las vueltas, asegura que le han dado mal el cambio y comienza la discusi\u00f3n.<br \/>\nAl llegar el encargado, el timador recuerda que en el billete hab\u00eda anotado un n\u00famero de tel\u00e9fono, una direcci\u00f3n o la marca que hubiera puesto previamente. Se comprueba en caja y el dependiente aturdido, entrega la vuelta de 50 \u20ac, pues efectivamente el billete est\u00e1 all\u00ed.<\/p>\n<p><span style=\"text-decoration: underline;\">Timo de la venta piramidal<\/span><br \/>\nEste fraude pretende hacer de la v\u00edctima un vendedor de un producto exclusivo y mucho m\u00e1s caro que los que con ese mismo fin existen en el mercado. El negocio que proponen los timadores no es que la v\u00edctima venda los productos directamente si no que capte a m\u00e1s personas para que vendan y \u00e9stas a su vez a otras m\u00e1s, prometiendo un porcentaje de los beneficios que generen todas ellas.<\/p>\n<p><span style=\"text-decoration: underline;\">El instalador<\/span><br \/>\nLos estafadores se personan en el domicilio de la v\u00edctima. Van vestidos con mono de trabajo. Se presentan diciendo que son trabajadores de la empresa instaladora del gas y que vienen a realizar una revisi\u00f3n de la instalaci\u00f3n. Aparentan realizar varios trabajos t\u00e9cnicos; normalmente, se limitan a cambiar un trozo de manguera del gas. Finalizado el trabajo extienden una factura. Cuando la v\u00edctima comenta el caso con otras personas comprueba que ha sido estafada por falsos instaladores que aplican precios abusivos.<\/p>\n<p><span style=\"text-decoration: underline;\">El desahuciado<\/span><br \/>\nSuele cometerse mediante la visita al domicilio de la v\u00edctima. El estafador se hace pasar por una persona que se encuentra en graves apuros econ\u00f3micos, con graves problemas familiares; si es mujer dir\u00e1 que ha sido abandonada, que tiene muchos hijos, etc. En todo caso trata de afectar la sensibilidad de la v\u00edctima. Al final, el estafador explica que para poder subsistir est\u00e1 procediendo a liquidar sus objetos m\u00e1s preciados. En ese momento exhibe un objeto personal (reloj de pulsera de una marca muy cara, collar, sortija, etc.) diciendo que es una joya preciosa, muy valiosa. Ofrece el objeto a cambio de un precio muy bajo en comparaci\u00f3n a lo que dice que vale. Cuando la v\u00edctima accede a la compra del objeto comprueba que es una baratija.<\/p>\n<p><span style=\"text-decoration: underline;\">Timo de las participaciones de loter\u00eda<\/span><br \/>\nLos estafadores venden participaciones de loter\u00eda incrementadas con un donativo para cualquier fin altruista de un n\u00famero que adem\u00e1s no poseen.<\/p>\n<p><span style=\"text-decoration: underline;\">Los trileros<\/span><br \/>\nLa estafa consiste en incitar al p\u00fablico a participar, mediante apuestas de dinero, en juegos de habilidad que, aparentemente, permite grandes posibilidades para el que participa y que se ofrecen en plena v\u00eda p\u00fablica, sobre una peque\u00f1a mesa. El juego m\u00e1s utilizado consiste en descubrir en qu\u00e9 lugar se esconde una bolita que es tapada por una chapa o vaso. Para que el juego parezca m\u00e1s f\u00e1cil, en torno a la persona que mueve las chapas o los vasos (el que dirige el juego), hay uno o varios falsos jugadores (ganchos), los cuales ganan dinero f\u00e1cilmente de acuerdo con la persona que mueve las chapas. Al principio, se deja ganar a la persona que inicia el juego, para que, animado por el \u00e9xito, juegue una cantidad importante. La mano es m\u00e1s r\u00e1pida que la vista, por lo que cuando la cantidad es importante, la v\u00edctima pierde irremisiblemente su dinero. Es frecuente en ferias y mercadillos.<\/p>\n<p><span style=\"text-decoration: underline;\">El timo del abrazo cari\u00f1oso<\/span><\/p>\n<p>El robo mediante el \u00ababrazo cari\u00f1oso\u00bb suele tener como protagonistas a ciudadanos de origen rumano o de pa\u00edses del este. Suelen viajar en grupos de dos hombre y dos mujeres, o un hombre y una o dos mujeres, e incluso acompa\u00f1ados de ni\u00f1os en coche.<\/p>\n<p>La forma en que suelen trabajar estos ladrones es escogiendo primero a las potenciales v\u00edctimas, prefieren a las que viven en el medio rural, en localidades donde viven personas mayores. Pueden abordar a sus v\u00edctimas tanto en la calle como en sus propias casas, solicitando firmas para alguna causa ben\u00e9fica o relacionada con alguna enfermedad, o bien preguntando por la direcci\u00f3n de un centro hospitalario o de una farmacia. Ah\u00ed es donde empieza la t\u00e9cnica del robo, mostrando agradecimiento por la informaci\u00f3n recibida, la mujer abraza o intenta besar a su v\u00edctima al mismo tiempo que le entrega un anillo o un colgante sin valor alguno. Aprovechando el descuido de la v\u00edctima, arrebatando a la v\u00edctima cualquier objeto de valor que lleve a la vista como pueden ser anillos, colgantes, pendientes, relojes&#8230;<br \/>\nEs habitual que las v\u00edctimas no se den cuenta del robo, hasta pasadas unas horas, tiempo suficiente para que los ladrones abandonen el lugar y se encuentren a muchos kil\u00f3metros.<\/p>\n<p><span style=\"text-decoration: underline;\">El timo de las firmas<\/span><br \/>\nUna pareja de j\u00f3venes, normalmente de procedencia rumana, espera a que pasen personas mayores por lugares poco transitados, o incluso a la salida del banco aprovechando que vienen de cobrar la pensi\u00f3n, momento en el que las abordan requiri\u00e9ndoles para que firmen supuestamente en apoyo de \u00abpersonas necesitadas o ni\u00f1os hu\u00e9rfanos\u00bb.<br \/>\nComo suele ser habitual estas personas a las que dan el alto no recuerdan el n\u00famero de Documento Nacional de Identidad, que es requerido por los timadores para la validez de la firma, por lo que una de estas j\u00f3venes se presta a mirar el DNI directamente de la cartera, supuestamente para facilitar el tr\u00e1mite a la persona que altruistamente no duda en firmar para ayudar a los dem\u00e1s. Normalmente cuando una de las j\u00f3venes se hace con la cartera, la otra, se muestra sol\u00edcita, llegando incluso a abrazar a la v\u00edctima de manera efusiva para agradecerle el hecho de ser \u00abtan buena persona\u00bb, momento en el que la primera aprovecha para arrebatar todo el dinero que hubiese en la cartera.<\/p>\n<p><span style=\"text-decoration: underline;\">Timo del lazo liban\u00e9s<\/span><br \/>\nLa manera en la que se perpetra es la siguiente: los timadores introducen el llamado \u00ablazo\u00bb que suele ser, la mayor\u00eda de las veces, una cinta magnetosc\u00f3pica, generalmente pel\u00edcula de cassettes de v\u00eddeo o bien el material utilizado en las radiograf\u00edas, para que el cajero no reconozca la introducci\u00f3n de una tarjeta en el mismo.<br \/>\nDe esta manera, la v\u00edctima, cuando llega al cajero para realizar cualquier transacci\u00f3n, enseguida comprueba que la tarjeta se ha quedado atascada en la ranura y que no puede operar.<br \/>\nEn ese momento, aparece uno de los timadores, haci\u00e9ndose pasar por buen samaritano y ofreci\u00e9ndole ayuda. Le facilita su tel\u00e9fono m\u00f3vil y le dice que se comunique con la sucursal bancaria para que all\u00ed le ayuden\u00bb.<br \/>\nAl otro lado de la l\u00ednea se encuentra el segundo timador, que le pide a la v\u00edctima que marque ocho cifras en el tel\u00e9fono; las \u00faltimas cuatro deben de ser las del n\u00famero de seguridad de la tarjeta de cr\u00e9dito.<br \/>\nCuando se ha realizado esta operaci\u00f3n, la v\u00edctima contempla con estupefacci\u00f3n que, pese a todo, la tarjeta de cr\u00e9dito no es devuelta por el cajero, as\u00ed que finalmente abandona el lugar, momento en el cual los timadores aprovechan para recoger la misma y utilizarla, al conocer el c\u00f3digo de acceso a la misma.<\/p>\n<p><span style=\"text-decoration: underline;\">La silicona<\/span><br \/>\nMenos artesano y complicado que el anterior, consiste sencillamente en introducir cualquier tipo de objeto que obture la salida de dinero del cajero autom\u00e1tico.<br \/>\nUna vez que el usuario, desesperado, abandona el cajero autom\u00e1tico, los estafadores aprovechan para desbloquear la terminal y sacar el dinero.<\/p>\n<p><span style=\"text-decoration: underline;\">Regalos y premios<\/span><br \/>\nEl usuario recibe una llamada, una carta o un e-mail donde se le informa que ha ganado un sorteo o que una empresa ha decidido hacerle un regalo. Para m\u00e1s informaci\u00f3n, una l\u00ednea 906. La llamada a este n\u00famero puede tener varios resultados: una convocatoria a una presentaci\u00f3n comercial donde se intentar\u00e1 que el usuario compre un producto, cuya asistencia es indispensable para recibir el regalo; la explicaci\u00f3n de que el regalo consiste en varias noches en un hotel o apartamento, pero con la condici\u00f3n de abonar la comida o unos supuestos gastos de gesti\u00f3n; la confirmaci\u00f3n de un fant\u00e1stico regalo, del que \u00fanicamente habr\u00e1 que pagar unos gastos de env\u00edo sospechosamente altos; e incluso un largo mensaje grabado que avisa de que todas las l\u00edneas est\u00e1n ocupadas.<\/p>\n","protected":false},"excerpt":{"rendered":"<p>Consejos pr\u00e1cticos para prevenir un timo: 1) P\u00eddele que te ense\u00f1e documentos que comprueben su identidad. Est\u00fadialos cuidadosamente. 2) Muchas veces los estafadores no traen ninguna identificaci\u00f3n. Y si tienen alguna, estudi\u00e1ndola bien, puedes darte cuenta de que es falsa. 3) En caso de pertenecer a una organizaci\u00f3n, si no la conoces, pregunta por su &hellip; <\/p>\n<p class=\"link-more\"><a href=\"https:\/\/alzira.es\/es\/servicios-municipales\/policia-local\/consejos\/consejos-para-prevenir-un-timo\/\" class=\"more-link\">Continuar leyendo<span class=\"screen-reader-text\"> \u00abConsejos para prevenir un timo\u00bb<\/span><\/a><\/p>\n","protected":false},"author":29,"featured_media":0,"parent":86698,"menu_order":0,"comment_status":"closed","ping_status":"closed","template":"","meta":{"_acf_changed":false,"footnotes":""},"class_list":["post-86700","page","type-page","status-publish","hentry"],"acf":[],"_links":{"self":[{"href":"https:\/\/alzira.es\/es\/wp-json\/wp\/v2\/pages\/86700","targetHints":{"allow":["GET"]}}],"collection":[{"href":"https:\/\/alzira.es\/es\/wp-json\/wp\/v2\/pages"}],"about":[{"href":"https:\/\/alzira.es\/es\/wp-json\/wp\/v2\/types\/page"}],"author":[{"embeddable":true,"href":"https:\/\/alzira.es\/es\/wp-json\/wp\/v2\/users\/29"}],"replies":[{"embeddable":true,"href":"https:\/\/alzira.es\/es\/wp-json\/wp\/v2\/comments?post=86700"}],"version-history":[{"count":0,"href":"https:\/\/alzira.es\/es\/wp-json\/wp\/v2\/pages\/86700\/revisions"}],"up":[{"embeddable":true,"href":"https:\/\/alzira.es\/es\/wp-json\/wp\/v2\/pages\/86698"}],"wp:attachment":[{"href":"https:\/\/alzira.es\/es\/wp-json\/wp\/v2\/media?parent=86700"}],"curies":[{"name":"wp","href":"https:\/\/api.w.org\/{rel}","templated":true}]}}