{"id":86698,"date":"2021-08-30T19:42:18","date_gmt":"2021-08-30T17:42:18","guid":{"rendered":"https:\/\/alzira.es\/servicios-municipales\/policia-local\/consejos\/"},"modified":"2021-09-22T18:24:28","modified_gmt":"2021-09-22T16:24:28","slug":"consejos","status":"publish","type":"page","link":"https:\/\/alzira.es\/es\/servicios-municipales\/policia-local\/consejos\/","title":{"rendered":"Consejos"},"content":{"rendered":"\t\t<div data-elementor-type=\"wp-page\" data-elementor-id=\"86698\" class=\"elementor elementor-86698 elementor-34985\">\n\t\t\t\t\t\t<section class=\"elementor-section elementor-top-section elementor-element elementor-element-f4d5a2f elementor-section-boxed elementor-section-height-default elementor-section-height-default\" data-id=\"f4d5a2f\" data-element_type=\"section\">\n\t\t\t\t\t\t<div class=\"elementor-container elementor-column-gap-default\">\n\t\t\t\t\t<div class=\"elementor-column elementor-col-100 elementor-top-column elementor-element elementor-element-c3369fb\" data-id=\"c3369fb\" data-element_type=\"column\">\n\t\t\t<div class=\"elementor-widget-wrap elementor-element-populated\">\n\t\t\t\t\t\t<div class=\"elementor-element elementor-element-43b4d71 elementor-widget elementor-widget-text-editor\" data-id=\"43b4d71\" data-element_type=\"widget\" data-widget_type=\"text-editor.default\">\n\t\t\t\t<div class=\"elementor-widget-container\">\n\t\t\t\t\t\t\t\t\t<ul>\n<li><a href=\"https:\/\/alzira.es\/es\/servicios-municipales\/policia-local\/consejos\/consejos-para-prevenir-un-timo\/\">Consejos para prevenir un timo<\/a><\/li>\n<li><a href=\"https:\/\/alzira.es\/es\/servicios-municipales\/policia-local\/consejos\/que-hacer-frente-a-una-ola-de-frio\/\">Q\u00e8 fer davant onades de fred?<\/a><\/li>\n<\/ul>\n\t\t\t\t\t\t\t\t<\/div>\n\t\t\t\t<\/div>\n\t\t\t\t\t<\/div>\n\t\t<\/div>\n\t\t\t\t\t<\/div>\n\t\t<\/section>\n\t\t\t\t<section class=\"elementor-section elementor-top-section elementor-element elementor-element-1524139 elementor-section-boxed elementor-section-height-default elementor-section-height-default\" data-id=\"1524139\" data-element_type=\"section\">\n\t\t\t\t\t\t<div class=\"elementor-container elementor-column-gap-default\">\n\t\t\t\t\t<div class=\"elementor-column elementor-col-100 elementor-top-column elementor-element elementor-element-287d40a\" data-id=\"287d40a\" data-element_type=\"column\">\n\t\t\t<div class=\"elementor-widget-wrap elementor-element-populated\">\n\t\t\t\t\t\t<div class=\"elementor-element elementor-element-b6aab6b elementor-widget elementor-widget-heading\" data-id=\"b6aab6b\" data-element_type=\"widget\" data-widget_type=\"heading.default\">\n\t\t\t\t<div class=\"elementor-widget-container\">\n\t\t\t\t\t<h2 class=\"elementor-heading-title elementor-size-default\">M\u00e1s Consejos<\/h2>\t\t\t\t<\/div>\n\t\t\t\t<\/div>\n\t\t\t\t<div class=\"elementor-element elementor-element-58840cc elementor-widget elementor-widget-accordion\" data-id=\"58840cc\" data-element_type=\"widget\" data-widget_type=\"accordion.default\">\n\t\t\t\t<div class=\"elementor-widget-container\">\n\t\t\t\t\t\t\t<div class=\"elementor-accordion\">\n\t\t\t\t\t\t\t<div class=\"elementor-accordion-item\">\n\t\t\t\t\t<div id=\"elementor-tab-title-9281\" class=\"elementor-tab-title\" data-tab=\"1\" role=\"button\" aria-controls=\"elementor-tab-content-9281\" aria-expanded=\"false\">\n\t\t\t\t\t\t\t\t\t\t\t\t\t<span class=\"elementor-accordion-icon elementor-accordion-icon-left\" aria-hidden=\"true\">\n\t\t\t\t\t\t\t\t\t\t\t\t\t\t\t<span class=\"elementor-accordion-icon-closed\"><i class=\"fas fa-plus\"><\/i><\/span>\n\t\t\t\t\t\t\t\t<span class=\"elementor-accordion-icon-opened\"><i class=\"fas fa-minus\"><\/i><\/span>\n\t\t\t\t\t\t\t\t\t\t\t\t\t\t<\/span>\n\t\t\t\t\t\t\t\t\t\t\t\t<a class=\"elementor-accordion-title\" tabindex=\"0\">Vacaciones<\/a>\n\t\t\t\t\t<\/div>\n\t\t\t\t\t<div id=\"elementor-tab-content-9281\" class=\"elementor-tab-content elementor-clearfix\" data-tab=\"1\" role=\"region\" aria-labelledby=\"elementor-tab-title-9281\"><p><b>AL SALIR DE VACACIONES<\/b><\/p>\n<p>En su domicilio:<\/p>\n<ul>\n<li>Compruebe que puertas y ventanas est\u00e1n bien cerradas.<\/li>\n<li>No baje totalmente las persianas.<\/li>\n<li>No deje dinero ni objetos de valor<\/li>\n<li>Haga una relaci\u00f3n detallada de c\u00e1maras, videos y otros aparatos, con sus n\u00fameros de serie, para facilitar su identificaci\u00f3n.<\/li>\n<li><span style=\"font-size: 1rem;\">No desconecte el timbre de la puerta. Es una se\u00f1al inequivoca de ausencia.<\/span><\/li>\n<\/ul>\n<p>Con sus vecinos:<\/p>\n<ul>\n<li>No divulgue su ausencia.<\/li>\n<li>Comunique s\u00f3lo a los m\u00e1s allegados d\u00f3nde pueden localizarte.<\/li>\n<li>Deje la llave a una persona de confianza para que realice visitas peri\u00f3dicas y recoja la correspondencia del buz\u00f3n.<\/li>\n<\/ul>\n<p><strong>DURANTE LAS VACACIONES<\/strong><\/p>\n<ul>\n<li>Durante el trayecto a su lugar de vacaciones, extreme las medidas de seguridad respecto a su veh\u00edculo y pertenencias, y no pare ante requerimientos de extra\u00f1os.<\/li>\n<li>Evite dejar objetos de valor en el interior del veh\u00edculo.<\/li>\n<li>Si utiliza transporte p\u00fablico<\/li>\n<li>No facture a su nombre equipajes de personas desconocidas.<\/li>\n<li>Identifique claramente sus pertenencias antes de facturarlas.<\/li>\n<li>Evite viajar con cantidades importantes de dinero encima.<\/li>\n<li>No conf\u00ede el transporte de sus maletas a personas que no est\u00e9n debidamente acreditadas.<\/li>\n<li>Si viaja en tren o autob\u00fas, no pierda de vista su equipaje, especialmente en paradas intermedias.<\/li>\n<\/ul>\n<p><strong>EN EL LUGAR ELEGIDO<\/strong><\/p>\n<p>En el hotel o apartamento:<\/p>\n<ul>\n<li>Adopte las mismas medidas de seguridad que habitualmente utiliza en su casa.<\/li>\n<li>Mantenga en lugar seguro sus objetos de valor, dinero y tarjetas de cr\u00e9dito.<\/li>\n<li>Al ausentarse, deje la radio puesta y, si es de noche, encienda alguna luz.<\/li>\n<\/ul>\n<p>En lugares p\u00fablicos:<\/p>\n<ul>\n<li>Cuide su bolso o cartera en aquellos espacios donde concurran muchas personas (mercadillos, espect\u00e1culos, etc.)<\/li>\n<li>Vigile sus objetos personales, especialmente bolsos, c\u00e1maras, maletas&#8230;<\/li>\n<li>Tome las debidas precauciones para impedir que bolsos, joyas u objetos similares le puedan ser arrebatados.<\/li>\n<li>Evite hacer ostentaci\u00f3n de riqueza o pertenencias.<\/li>\n<\/ul>\n<p><strong>SI SE QUEDA<\/strong><\/p>\n<ul>\n<li>Avise a la polic\u00eda.<\/li>\n<li>Cuando observe gente extra\u00f1a en el portal o merodeando en la calle.<\/li>\n<li>Si escucha ruidos en viviendas desocupadas.<\/li>\n<\/ul>\n<p><strong>RECUERDE SIEMPRE<\/strong><\/p>\n<ul>\n<li>No facilite la entrada en el inmueble a personas desconocidas.<\/li>\n<li>Exija siempre acreditaci\u00f3n a los representantes de servicios t\u00e9cnicos (gas, luz, agua, etc.) y conf\u00edrmela telef\u00f3nicamente.<\/li>\n<\/ul>\n<\/div>\n\t\t\t\t<\/div>\n\t\t\t\t\t\t\t<div class=\"elementor-accordion-item\">\n\t\t\t\t\t<div id=\"elementor-tab-title-9282\" class=\"elementor-tab-title\" data-tab=\"2\" role=\"button\" aria-controls=\"elementor-tab-content-9282\" aria-expanded=\"false\">\n\t\t\t\t\t\t\t\t\t\t\t\t\t<span class=\"elementor-accordion-icon elementor-accordion-icon-left\" aria-hidden=\"true\">\n\t\t\t\t\t\t\t\t\t\t\t\t\t\t\t<span class=\"elementor-accordion-icon-closed\"><i class=\"fas fa-plus\"><\/i><\/span>\n\t\t\t\t\t\t\t\t<span class=\"elementor-accordion-icon-opened\"><i class=\"fas fa-minus\"><\/i><\/span>\n\t\t\t\t\t\t\t\t\t\t\t\t\t\t<\/span>\n\t\t\t\t\t\t\t\t\t\t\t\t<a class=\"elementor-accordion-title\" tabindex=\"0\">Accidentes de tr\u00e1fico<\/a>\n\t\t\t\t\t<\/div>\n\t\t\t\t\t<div id=\"elementor-tab-content-9282\" class=\"elementor-tab-content elementor-clearfix\" data-tab=\"2\" role=\"region\" aria-labelledby=\"elementor-tab-title-9282\"><p><strong>C\u00f3mo actuar ante un accidente: Regla PAS<\/strong><\/p>\n<p><strong>Proteger<\/strong><\/p>\n<ul>\n<li>Lo m\u00e1s importante\u00a0es\u00a0conseguir que el lugar del accidente sea un lugar seguro\u00a0en el que poder atender a los heridos, y adem\u00e1s as\u00ed evitar ser v\u00edctimas de un nuevo\u00a0accidente:<\/li>\n<li>Detener nuestro veh\u00edculo en un lugar seguro.<\/li>\n<li>Usar el chaleco reflectante para poder ser visto desde mayor distancia.<\/li>\n<li>No usar la calzada si no es imprescindible.<\/li>\n<li>Se\u00f1alizar adecuadamente la zona con los tri\u00e1ngulos de pre se\u00f1alizaci\u00f3n, luces de emergencia o alumbrado para ser vistos.<\/li>\n<li>Observar los peligros de la zona (riesgo de incendio, manchas de aceite, restos de los veh\u00edculos, cristales, etc).<\/li>\n<li>No sacar a los heridos de los veh\u00edculos (salvo que la situaci\u00f3n lo requiera de manera clara, porque el veh\u00edculo est\u00e1 ardiendo, por ejemplo), ni retirar el casco en el caso de que el accidentado sea un motorista, ya que como norma general se ha de evitar la movilizaci\u00f3n de los heridos.<\/li>\n<\/ul>\n<p><strong>Avisar<\/strong><\/p>\n<ul>\n<li>El siguiente paso consiste en avisar a los servicios de emergencia (tel\u00e9fono centralizado 112 en Espa\u00f1a y en varios pa\u00edses europeos), donde lo m\u00e1s importante es mantener la calma para poder ofrecer todos los datos posibles del accidente al operador.<\/li>\n<li>De esa primera informaci\u00f3n que seamos capaces de transmitir va a depender la decisi\u00f3n que se tome para poner en marcha el sistema de emergencias, y en muchos casos, la supervivencia de los heridos:<\/li>\n<li>Localizaci\u00f3n lo m\u00e1s exacta posible del accidente.<\/li>\n<li>N\u00famero de heridos y su situaci\u00f3n a primera vista: si respiran con dificultad, si se ven heridas graves, si est\u00e1n atrapados dentro del veh\u00edculo, si est\u00e1n conscientes, etc.<\/li>\n<li>N\u00famero de veh\u00edculos implicados, y de qu\u00e9 tipo son (por ejemplo, si transportan mercanc\u00edas peligrosas).<\/li>\n<li>Identificaci\u00f3n de la persona que ha llamado y de su tel\u00e9fono para el posible posterior contacto de nuevo por parte de los servicios de asistencia.<\/li>\n<li>Esta informaci\u00f3n permitir\u00e1 evaluar qu\u00e9 servicios acudir\u00e1n al lugar del accidente, y en qu\u00e9 n\u00famero para poder asistir a los heridos.<\/li>\n<\/ul>\n<p><strong>Socorrer<\/strong><\/p>\n<ul>\n<li>Es muy importante recordar que en caso de no estar seguros de c\u00f3mo actuar de para socorrer a los heridos, es preferible esperar la llegada de los equipos de emergencias, por lo que salvo que tengamos conocimientos m\u00e9dicos adecuados, nuestra labor debe consistir en:<\/li>\n<li>Determinar los que parecen heridos m\u00e1s graves para informar a los servicios m\u00e9dicos.<\/li>\n<li>Tranquilizar a las v\u00edctimas y estar a su lado.<\/li>\n<li>No mover a los heridos salvo que sea estrictamente necesario, ni retirar el casco a los motoristas, ni darlos agua o medicamentos.<\/li>\n<li>Proteger al herido con una manta o ropa para evitar la p\u00e9rdida de temperatura corporal<\/li>\n<\/ul>\n<\/div>\n\t\t\t\t<\/div>\n\t\t\t\t\t\t\t<div class=\"elementor-accordion-item\">\n\t\t\t\t\t<div id=\"elementor-tab-title-9283\" class=\"elementor-tab-title\" data-tab=\"3\" role=\"button\" aria-controls=\"elementor-tab-content-9283\" aria-expanded=\"false\">\n\t\t\t\t\t\t\t\t\t\t\t\t\t<span class=\"elementor-accordion-icon elementor-accordion-icon-left\" aria-hidden=\"true\">\n\t\t\t\t\t\t\t\t\t\t\t\t\t\t\t<span class=\"elementor-accordion-icon-closed\"><i class=\"fas fa-plus\"><\/i><\/span>\n\t\t\t\t\t\t\t\t<span class=\"elementor-accordion-icon-opened\"><i class=\"fas fa-minus\"><\/i><\/span>\n\t\t\t\t\t\t\t\t\t\t\t\t\t\t<\/span>\n\t\t\t\t\t\t\t\t\t\t\t\t<a class=\"elementor-accordion-title\" tabindex=\"0\">Salidas a la monta\u00f1a<\/a>\n\t\t\t\t\t<\/div>\n\t\t\t\t\t<div id=\"elementor-tab-content-9283\" class=\"elementor-tab-content elementor-clearfix\" data-tab=\"3\" role=\"region\" aria-labelledby=\"elementor-tab-title-9283\"><ul>\n<li>Cualquier persona puede practicar senderismo. Lo ideal es empezar con un grupo de amigos que se dediquen a esta pr\u00e1ctica y evaluar tu proprio estado f\u00edsico antes de comenzar.<\/li>\n<li>Elige una ruta adecuada a tus condiciones f\u00edsicas.<\/li>\n<li>Para empezar, mejor elegir rutas con poco desnivel y que no sean demasiado largas.<\/li>\n<li>Antes de iniciar la actividad, inf\u00f3rmate sobre la previsi\u00f3n meteorol\u00f3gica.<\/li>\n<li>Elige calzado adecuado, seg\u00fan las caracter\u00edsticas del terreno y las previsiones meteorol\u00f3gicas. Botas o zapatillas, deber\u00edan ser ligeras, impermeables y transpirables. Adem\u00e1s deben ofrecer una buena amortiguaci\u00f3n y torsi\u00f3n. Mejor elegir calzados un poco m\u00e1s grandes de lo habitual para dar espacio a los calcetines.<\/li>\n<li>Elige la ropa adecuada. Durante la excursi\u00f3n, el cuerpo regula su calor a trav\u00e9s de la sudoraci\u00f3n. Es por eso que la ropa tiene que ser transpirable. Lo ideal es de elegir la ropa seg\u00fan la estaci\u00f3n del a\u00f1o y las condiciones climatol\u00f3gicas propias del lugar en el que se va a hacer senderismo.<\/li>\n<li>Evita exponer partes del cuerpo al sol. Lleva gorro y gafas de sol para proteger los ojos, y cremas protectoras.<\/li>\n<li>Lleva una mochila de tama\u00f1o adecuado y ad\u00e1ptala a la forma de tu espalda. C\u00e1rgala s\u00f3lo con lo imprescindible, como: protector solar, gafas de sol, l\u00edquidos, algo para comer, mapa de la zona, tel\u00e9fono m\u00f3vil, br\u00fajula<\/li>\n<li>No olvides llevar medicamentos como pomadas antiinflamatorias y analg\u00e9sicos.<\/li>\n<li>Los bastones son una ayuda para hacer senderismo, sobre todo para diminuir el esfuerzo de las rodillas.<\/li>\n<li>Es muy recomendable, antes de hacer la salida, dar a conocer a nuestros familiares o amigos la\u00a0<span class=\"Ninguno\">ruta exacta<\/span>que vamos a realizar, incluida la duraci\u00f3n aproximada de la actividad, as\u00ed como dejar si es posible un tel\u00e9fono u otra forma de\u00a0<span class=\"Ninguno\">contacto<\/span>.<\/li>\n<li>Poner atenci\u00f3n a las se\u00f1ales y caracter\u00edsticas del terreno para usarlas como\u00a0<span class=\"Ninguno\">puntos dereferencia<\/span>en caso de p\u00e9rdida.<\/li>\n<li>Evitar accidentes\u00a0<span class=\"Ninguno\">no adentr\u00e1ndonos en terrenos dif\u00edciles<\/span>\u00a0o con riesgo de perdernos.<\/li>\n<li>Calcular el tiempo que nos va a llevar realizar la ruta y\u00a0<span class=\"Ninguno\">evitar que anochezca<\/span>.<\/li>\n<li><span class=\"Ninguno\">Descansar<\/span>\u00a05 minutos cada hora o cuando se necesite.<\/li>\n<li>No hacer\u00a0<span class=\"Ninguno\">ruidos\u00a0<\/span>innecesarios y no alterar la tranquilidad de los lugares por los que pasemos.<\/li>\n<\/ul>\n<\/div>\n\t\t\t\t<\/div>\n\t\t\t\t\t\t\t<div class=\"elementor-accordion-item\">\n\t\t\t\t\t<div id=\"elementor-tab-title-9284\" class=\"elementor-tab-title\" data-tab=\"4\" role=\"button\" aria-controls=\"elementor-tab-content-9284\" aria-expanded=\"false\">\n\t\t\t\t\t\t\t\t\t\t\t\t\t<span class=\"elementor-accordion-icon elementor-accordion-icon-left\" aria-hidden=\"true\">\n\t\t\t\t\t\t\t\t\t\t\t\t\t\t\t<span class=\"elementor-accordion-icon-closed\"><i class=\"fas fa-plus\"><\/i><\/span>\n\t\t\t\t\t\t\t\t<span class=\"elementor-accordion-icon-opened\"><i class=\"fas fa-minus\"><\/i><\/span>\n\t\t\t\t\t\t\t\t\t\t\t\t\t\t<\/span>\n\t\t\t\t\t\t\t\t\t\t\t\t<a class=\"elementor-accordion-title\" tabindex=\"0\">Llevar los ni\u00f1os al colegio<\/a>\n\t\t\t\t\t<\/div>\n\t\t\t\t\t<div id=\"elementor-tab-content-9284\" class=\"elementor-tab-content elementor-clearfix\" data-tab=\"4\" role=\"region\" aria-labelledby=\"elementor-tab-title-9284\"><ul>\n<li><span class=\"Ninguno\">Deja las prisas en casa<\/span>\u00a0y sal con tiempo suficiente para poder permitirte perder el autob\u00fas o esperar en m\u00e1s de un sem\u00e1foro.<\/li>\n<li>Aprovecha el\u00a0<span class=\"Ninguno\">trayecto para acabar de despertar a los ni\u00f1os<\/span>.<\/li>\n<li>La calle principal suele estar colapsada as\u00ed que no siempre es posible dejarlos en la misma acera sin abandonar el coche en triple fila.<\/li>\n<li><span class=\"Ninguno\">Ens\u00e9\u00f1ales a mirar antes de abrir la puerta<\/span>, a ambos lados, igual que t\u00fa tambi\u00e9n deber\u00e1s prestar mucha atenci\u00f3n a los hijos de los dem\u00e1s.<\/li>\n<li>Advi\u00e9rteles que\u00a0<span class=\"Ninguno\">crucen con m\u00e1s precauci\u00f3n<\/span>\u00a0que de costumbre, respetando siempre los pasos de cebra y los sem\u00e1foros. No les obligues a girarse y despedirse de ti hasta el \u00faltimo momento para que se centren en cruzar.<\/li>\n<li>Intenta\u00a0<span class=\"Ninguno\">liberar el espacio que ocupa tu veh\u00edculo para que no complique el acceso<strong>\u00a0<\/strong><\/span>a otros padres que van con el tiempo justo.<\/li>\n<\/ul>\n<\/div>\n\t\t\t\t<\/div>\n\t\t\t\t\t\t\t\t<\/div>\n\t\t\t\t\t\t<\/div>\n\t\t\t\t<\/div>\n\t\t\t\t\t<\/div>\n\t\t<\/div>\n\t\t\t\t\t<\/div>\n\t\t<\/section>\n\t\t\t\t<\/div>\n\t\t","protected":false},"excerpt":{"rendered":"<p>Consejos para prevenir un timo Q\u00e8 fer davant onades de fred? M\u00e1s Consejos Vacaciones AL SALIR DE VACACIONES En su domicilio: Compruebe que puertas y ventanas est\u00e1n bien cerradas. No baje totalmente las persianas. No deje dinero ni objetos de valor Haga una relaci\u00f3n detallada de c\u00e1maras, videos y otros aparatos, con sus n\u00fameros de &hellip; <\/p>\n<p class=\"link-more\"><a href=\"https:\/\/alzira.es\/es\/servicios-municipales\/policia-local\/consejos\/\" class=\"more-link\">Continuar leyendo<span class=\"screen-reader-text\"> \u00abConsejos\u00bb<\/span><\/a><\/p>\n","protected":false},"author":29,"featured_media":0,"parent":86598,"menu_order":0,"comment_status":"closed","ping_status":"closed","template":"","meta":{"_acf_changed":false,"footnotes":""},"class_list":["post-86698","page","type-page","status-publish","hentry"],"acf":[],"_links":{"self":[{"href":"https:\/\/alzira.es\/es\/wp-json\/wp\/v2\/pages\/86698","targetHints":{"allow":["GET"]}}],"collection":[{"href":"https:\/\/alzira.es\/es\/wp-json\/wp\/v2\/pages"}],"about":[{"href":"https:\/\/alzira.es\/es\/wp-json\/wp\/v2\/types\/page"}],"author":[{"embeddable":true,"href":"https:\/\/alzira.es\/es\/wp-json\/wp\/v2\/users\/29"}],"replies":[{"embeddable":true,"href":"https:\/\/alzira.es\/es\/wp-json\/wp\/v2\/comments?post=86698"}],"version-history":[{"count":2,"href":"https:\/\/alzira.es\/es\/wp-json\/wp\/v2\/pages\/86698\/revisions"}],"predecessor-version":[{"id":94876,"href":"https:\/\/alzira.es\/es\/wp-json\/wp\/v2\/pages\/86698\/revisions\/94876"}],"up":[{"embeddable":true,"href":"https:\/\/alzira.es\/es\/wp-json\/wp\/v2\/pages\/86598"}],"wp:attachment":[{"href":"https:\/\/alzira.es\/es\/wp-json\/wp\/v2\/media?parent=86698"}],"curies":[{"name":"wp","href":"https:\/\/api.w.org\/{rel}","templated":true}]}}