{"id":86620,"date":"2021-08-30T18:34:02","date_gmt":"2021-08-30T16:34:02","guid":{"rendered":"https:\/\/alzira.es\/acces\/"},"modified":"2021-09-01T14:29:59","modified_gmt":"2021-09-01T12:29:59","slug":"acces","status":"publish","type":"page","link":"https:\/\/alzira.es\/es\/serveis-municipals\/policia-local\/acces\/","title":{"rendered":"Acc\u00e9s"},"content":{"rendered":"\n<p class=\"Cuerpo\"><span class=\"Ninguno\"><strong>Requisitos<\/strong><\/span><\/p>\n\n<p class=\"Cuerpo\"><span class=\"Hyperlink0\">Para poder participar en un proceso selectivo para una plaza de polic\u00eda local se deben cumplir al menos los siguientes requisitos, referidos al d\u00eda en que finalice el plazo de admisi\u00f3n de solicitudes:\u00a0<\/span><\/p>\n\n<p class=\"Cuerpo\"><span class=\"Hyperlink0\"><span style=\"font-family: 'Arial Unicode MS', sans-serif;\"><br\/><\/span><\/span><span class=\"Hyperlink0\">a) Tener la nacionalidad espa\u00f1ola.\u00a0<\/span><\/p>\n\n<p class=\"Cuerpo\"><span class=\"Hyperlink0\"><span style=\"font-family: 'Arial Unicode MS', sans-serif;\"><br\/><\/span><\/span><span class=\"Hyperlink0\">b) Estar en posesi\u00f3n del t\u00edtulo de Bachiller Superior o equivalente o cumplidas las condiciones para obtenerlo en la fecha que finalice el plazo de presentaci\u00f3n de instancias.\u00a0<\/span><\/p>\n\n<p class=\"Cuerpo\"><span class=\"Hyperlink0\"><span style=\"font-family: 'Arial Unicode MS', sans-serif;\"><br\/><\/span><\/span><span class=\"Hyperlink0\">c) No padecer enfermedad o defecto f\u00edsico alguno que impida el desempe\u00f1o de las funciones, de acuerdo con los cuadros de exclusiones m\u00e9dicas que se establezcan, y tener una estatura m\u00ednima de 1,65 metros los hombres y 1,60 metros las mujeres.\u00a0<\/span><\/p>\n\n<p class=\"Cuerpo\"><span class=\"Hyperlink0\"><span style=\"font-family: 'Arial Unicode MS', sans-serif;\"><br\/><\/span><\/span><span class=\"Hyperlink0\">d) Tener cumplidos dieciocho a\u00f1os, sin exceder de la edad de treinta a\u00f1os. A los solos efectos de la edad m\u00e1xima, se compensar\u00e1 el l\u00edmite con los servicios prestados anteriormente a la administraci\u00f3n Local como polic\u00eda local o auxiliar de Polic\u00eda Local.<\/span><\/p>\n\n<p class=\"Cuerpo\"><span class=\"Hyperlink0\"><span style=\"font-family: 'Arial Unicode MS', sans-serif;\"><br\/><\/span><\/span><span class=\"Hyperlink0\">e) No haber sido separado, mediante expediente disciplinario, del servicio del Estado, de las Comunidades Aut\u00f3nomas o de las Entidades Locales, ni hallarse inhabilitado para el ejercicio de funciones p\u00fablicas.\u00a0<\/span><\/p>\n\n<p class=\"Cuerpo\"><span class=\"Hyperlink0\"><span style=\"font-family: 'Arial Unicode MS', sans-serif;\"><br\/><\/span><\/span><span class=\"Hyperlink0\">f) Estar en posesi\u00f3n de los permisos que habiliten para la conducci\u00f3n de veh\u00edculos de las clases B y A que permita la conducci\u00f3n de motocicletas con unas caracter\u00edsticas de potencia que no sobrepasen los 25 Kw o una relaci\u00f3n potencia\/peso no superior a 0,16 Kw\/Kg.\u00a0<\/span><\/p>\n\n<p class=\"Cuerpo\"><a href=\"https:\/\/alzira.es\/serveis-municipals\/policia-local\/acces\/proces-selectiu\/\"><strong><span class=\"Hyperlink0\">&#8211; Proceso selectivo<\/span><\/strong><\/a><\/p>\n\n<p class=\"Cuerpo\"><a href=\"https:\/\/alzira.es\/serveis-municipals\/policia-local\/acces\/bases-i-temari\/\"><strong><span class=\"Hyperlink0\">&#8211; Bases y temario<\/span><\/strong><\/a><\/p>\n","protected":false},"excerpt":{"rendered":"<p>Requisitos Para poder participar en un proceso selectivo para una plaza de polic\u00eda local se deben cumplir al menos los siguientes requisitos, referidos al d\u00eda en que finalice el plazo de admisi\u00f3n de solicitudes:\u00a0 a) Tener la nacionalidad espa\u00f1ola.\u00a0 b) Estar en posesi\u00f3n del t\u00edtulo de Bachiller Superior o equivalente o cumplidas las condiciones para &hellip; <\/p>\n<p class=\"link-more\"><a href=\"https:\/\/alzira.es\/es\/serveis-municipals\/policia-local\/acces\/\" class=\"more-link\">Continuar leyendo<span class=\"screen-reader-text\"> \u00abAcc\u00e9s\u00bb<\/span><\/a><\/p>\n","protected":false},"author":29,"featured_media":0,"parent":86624,"menu_order":0,"comment_status":"closed","ping_status":"closed","template":"","meta":{"_acf_changed":false,"footnotes":""},"class_list":["post-86620","page","type-page","status-publish","hentry"],"acf":[],"_links":{"self":[{"href":"https:\/\/alzira.es\/es\/wp-json\/wp\/v2\/pages\/86620","targetHints":{"allow":["GET"]}}],"collection":[{"href":"https:\/\/alzira.es\/es\/wp-json\/wp\/v2\/pages"}],"about":[{"href":"https:\/\/alzira.es\/es\/wp-json\/wp\/v2\/types\/page"}],"author":[{"embeddable":true,"href":"https:\/\/alzira.es\/es\/wp-json\/wp\/v2\/users\/29"}],"replies":[{"embeddable":true,"href":"https:\/\/alzira.es\/es\/wp-json\/wp\/v2\/comments?post=86620"}],"version-history":[{"count":2,"href":"https:\/\/alzira.es\/es\/wp-json\/wp\/v2\/pages\/86620\/revisions"}],"predecessor-version":[{"id":87934,"href":"https:\/\/alzira.es\/es\/wp-json\/wp\/v2\/pages\/86620\/revisions\/87934"}],"up":[{"embeddable":true,"href":"https:\/\/alzira.es\/es\/wp-json\/wp\/v2\/pages\/86624"}],"wp:attachment":[{"href":"https:\/\/alzira.es\/es\/wp-json\/wp\/v2\/media?parent=86620"}],"curies":[{"name":"wp","href":"https:\/\/api.w.org\/{rel}","templated":true}]}}