{"id":86598,"date":"2021-08-30T18:12:08","date_gmt":"2021-08-30T16:12:08","guid":{"rendered":"https:\/\/alzira.es\/?page_id=86598"},"modified":"2021-12-15T20:13:09","modified_gmt":"2021-12-15T19:13:09","slug":"policia-local","status":"publish","type":"page","link":"https:\/\/alzira.es\/es\/servicios-municipales\/policia-local\/","title":{"rendered":"Polic\u00eda Local"},"content":{"rendered":"\t\t<div data-elementor-type=\"wp-page\" data-elementor-id=\"86598\" class=\"elementor elementor-86598\">\n\t\t\t\t\t\t<section class=\"elementor-section elementor-top-section elementor-element elementor-element-2fa86a97 elementor-section-full_width iconosportadasec ajuntament elementor-section-height-default elementor-section-height-default\" data-id=\"2fa86a97\" data-element_type=\"section\">\n\t\t\t\t\t\t<div class=\"elementor-container elementor-column-gap-narrow\">\n\t\t\t\t\t<div class=\"elementor-column elementor-col-16 elementor-top-column elementor-element elementor-element-1bc4df5a\" data-id=\"1bc4df5a\" data-element_type=\"column\">\n\t\t\t<div class=\"elementor-widget-wrap elementor-element-populated\">\n\t\t\t\t\t\t<div class=\"elementor-element elementor-element-3d09bf72 elementor-widget elementor-widget-image\" data-id=\"3d09bf72\" data-element_type=\"widget\" data-widget_type=\"image.default\">\n\t\t\t\t<div class=\"elementor-widget-container\">\n\t\t\t\t\t\t\t\t\t\t\t\t\t\t\t\t<a href=\"https:\/\/alzira.es\/es\/servicios-municipales\/quienes-somos\/\">\n\t\t\t\t\t\t\t<img fetchpriority=\"high\" decoding=\"async\" width=\"3509\" height=\"2939\" src=\"https:\/\/alzira.es\/wp-content\/uploads\/2021\/11\/POLICIA_qui-som.png\" class=\"attachment-full size-full wp-image-105055\" alt=\"Qui som\" srcset=\"https:\/\/alzira.es\/wp-content\/uploads\/2021\/11\/POLICIA_qui-som.png 3509w, https:\/\/alzira.es\/wp-content\/uploads\/2021\/11\/POLICIA_qui-som-609x510.png 609w, https:\/\/alzira.es\/wp-content\/uploads\/2021\/11\/POLICIA_qui-som-1280x1072.png 1280w, https:\/\/alzira.es\/wp-content\/uploads\/2021\/11\/POLICIA_qui-som-768x643.png 768w, https:\/\/alzira.es\/wp-content\/uploads\/2021\/11\/POLICIA_qui-som-1536x1286.png 1536w, https:\/\/alzira.es\/wp-content\/uploads\/2021\/11\/POLICIA_qui-som-2048x1715.png 2048w\" sizes=\"100vw\" \/>\t\t\t\t\t\t\t\t<\/a>\n\t\t\t\t\t\t\t\t\t\t\t\t\t\t\t<\/div>\n\t\t\t\t<\/div>\n\t\t\t\t<div class=\"elementor-element elementor-element-455099a7 elementor-widget elementor-widget-heading\" data-id=\"455099a7\" data-element_type=\"widget\" data-widget_type=\"heading.default\">\n\t\t\t\t<div class=\"elementor-widget-container\">\n\t\t\t\t\t<h5 class=\"elementor-heading-title elementor-size-default\"><a href=\"https:\/\/alzira.es\/es\/servicios-municipales\/quienes-somos\/\">Quienes somos<\/a><\/h5>\t\t\t\t<\/div>\n\t\t\t\t<\/div>\n\t\t\t\t\t<\/div>\n\t\t<\/div>\n\t\t\t\t<div class=\"elementor-column elementor-col-16 elementor-top-column elementor-element elementor-element-2adf6a9b\" data-id=\"2adf6a9b\" data-element_type=\"column\">\n\t\t\t<div class=\"elementor-widget-wrap elementor-element-populated\">\n\t\t\t\t\t\t<div class=\"elementor-element elementor-element-7e9ba277 elementor-widget elementor-widget-image\" data-id=\"7e9ba277\" data-element_type=\"widget\" data-widget_type=\"image.default\">\n\t\t\t\t<div class=\"elementor-widget-container\">\n\t\t\t\t\t\t\t\t\t\t\t\t\t\t\t\t<a href=\"https:\/\/alzira.es\/es\/servicios-municipales\/policia-local\/servicio-policia\/\">\n\t\t\t\t\t\t\t<img decoding=\"async\" width=\"3509\" height=\"2939\" data-src=\"https:\/\/alzira.es\/wp-content\/uploads\/2021\/11\/POLICIA_servicis.png\" class=\"attachment-full size-full wp-image-105057 lazyload\" alt=\"Servicis\" data-srcset=\"https:\/\/alzira.es\/wp-content\/uploads\/2021\/11\/POLICIA_servicis.png 3509w, https:\/\/alzira.es\/wp-content\/uploads\/2021\/11\/POLICIA_servicis-609x510.png 609w, https:\/\/alzira.es\/wp-content\/uploads\/2021\/11\/POLICIA_servicis-1280x1072.png 1280w, https:\/\/alzira.es\/wp-content\/uploads\/2021\/11\/POLICIA_servicis-768x643.png 768w, https:\/\/alzira.es\/wp-content\/uploads\/2021\/11\/POLICIA_servicis-1536x1286.png 1536w, https:\/\/alzira.es\/wp-content\/uploads\/2021\/11\/POLICIA_servicis-2048x1715.png 2048w\" data-sizes=\"100vw\" src=\"data:image\/svg+xml;base64,PHN2ZyB3aWR0aD0iMSIgaGVpZ2h0PSIxIiB4bWxucz0iaHR0cDovL3d3dy53My5vcmcvMjAwMC9zdmciPjwvc3ZnPg==\" style=\"--smush-placeholder-width: 3509px; --smush-placeholder-aspect-ratio: 3509\/2939;\" \/>\t\t\t\t\t\t\t\t<\/a>\n\t\t\t\t\t\t\t\t\t\t\t\t\t\t\t<\/div>\n\t\t\t\t<\/div>\n\t\t\t\t<div class=\"elementor-element elementor-element-4a4db339 elementor-widget elementor-widget-heading\" data-id=\"4a4db339\" data-element_type=\"widget\" data-widget_type=\"heading.default\">\n\t\t\t\t<div class=\"elementor-widget-container\">\n\t\t\t\t\t<h5 class=\"elementor-heading-title elementor-size-default\"><a href=\"https:\/\/alzira.es\/es\/servicios-municipales\/policia-local\/servicio-policia\/\">Servicios<\/a><\/h5>\t\t\t\t<\/div>\n\t\t\t\t<\/div>\n\t\t\t\t\t<\/div>\n\t\t<\/div>\n\t\t\t\t<div class=\"elementor-column elementor-col-16 elementor-top-column elementor-element elementor-element-4650c611\" data-id=\"4650c611\" data-element_type=\"column\">\n\t\t\t<div class=\"elementor-widget-wrap elementor-element-populated\">\n\t\t\t\t\t\t<div class=\"elementor-element elementor-element-4a8bc6c2 elementor-widget elementor-widget-image\" data-id=\"4a8bc6c2\" data-element_type=\"widget\" data-widget_type=\"image.default\">\n\t\t\t\t<div class=\"elementor-widget-container\">\n\t\t\t\t\t\t\t\t\t\t\t\t\t\t\t\t<a href=\"https:\/\/alzira.es\/es\/servicios-municipales\/policia-local\/buzon-policia\/\">\n\t\t\t\t\t\t\t<img decoding=\"async\" width=\"3509\" height=\"2939\" data-src=\"https:\/\/alzira.es\/wp-content\/uploads\/2021\/11\/POLICIA_bustia.png\" class=\"attachment-full size-full wp-image-105043 lazyload\" alt=\"B\u00fastia de Suggeriments\" data-srcset=\"https:\/\/alzira.es\/wp-content\/uploads\/2021\/11\/POLICIA_bustia.png 3509w, https:\/\/alzira.es\/wp-content\/uploads\/2021\/11\/POLICIA_bustia-609x510.png 609w, https:\/\/alzira.es\/wp-content\/uploads\/2021\/11\/POLICIA_bustia-1280x1072.png 1280w, https:\/\/alzira.es\/wp-content\/uploads\/2021\/11\/POLICIA_bustia-768x643.png 768w, https:\/\/alzira.es\/wp-content\/uploads\/2021\/11\/POLICIA_bustia-1536x1286.png 1536w, https:\/\/alzira.es\/wp-content\/uploads\/2021\/11\/POLICIA_bustia-2048x1715.png 2048w\" data-sizes=\"100vw\" src=\"data:image\/svg+xml;base64,PHN2ZyB3aWR0aD0iMSIgaGVpZ2h0PSIxIiB4bWxucz0iaHR0cDovL3d3dy53My5vcmcvMjAwMC9zdmciPjwvc3ZnPg==\" style=\"--smush-placeholder-width: 3509px; --smush-placeholder-aspect-ratio: 3509\/2939;\" \/>\t\t\t\t\t\t\t\t<\/a>\n\t\t\t\t\t\t\t\t\t\t\t\t\t\t\t<\/div>\n\t\t\t\t<\/div>\n\t\t\t\t<div class=\"elementor-element elementor-element-1990e119 elementor-widget elementor-widget-heading\" data-id=\"1990e119\" data-element_type=\"widget\" data-widget_type=\"heading.default\">\n\t\t\t\t<div class=\"elementor-widget-container\">\n\t\t\t\t\t<h5 class=\"elementor-heading-title elementor-size-default\"><a href=\"https:\/\/alzira.es\/es\/servicios-municipales\/policia-local\/buzon-policia\/\">Buz\u00f3n de sugerencias<\/a><\/h5>\t\t\t\t<\/div>\n\t\t\t\t<\/div>\n\t\t\t\t\t<\/div>\n\t\t<\/div>\n\t\t\t\t<div class=\"elementor-column elementor-col-16 elementor-top-column elementor-element elementor-element-47c85eaf\" data-id=\"47c85eaf\" data-element_type=\"column\">\n\t\t\t<div class=\"elementor-widget-wrap elementor-element-populated\">\n\t\t\t\t\t\t<div class=\"elementor-element elementor-element-3007f5c4 elementor-widget elementor-widget-image\" data-id=\"3007f5c4\" data-element_type=\"widget\" data-widget_type=\"image.default\">\n\t\t\t\t<div class=\"elementor-widget-container\">\n\t\t\t\t\t\t\t\t\t\t\t\t\t\t\t\t<a href=\"https:\/\/alzira.es\/es\/servicios-municipales\/policia-local\/campanas-realizadas\/campanas-dgt\/\">\n\t\t\t\t\t\t\t<img decoding=\"async\" width=\"3509\" height=\"2939\" data-src=\"https:\/\/alzira.es\/wp-content\/uploads\/2021\/11\/POLICIA_DGT.png\" class=\"attachment-full size-full wp-image-105049 lazyload\" alt=\"DGT\" data-srcset=\"https:\/\/alzira.es\/wp-content\/uploads\/2021\/11\/POLICIA_DGT.png 3509w, https:\/\/alzira.es\/wp-content\/uploads\/2021\/11\/POLICIA_DGT-609x510.png 609w, https:\/\/alzira.es\/wp-content\/uploads\/2021\/11\/POLICIA_DGT-1280x1072.png 1280w, https:\/\/alzira.es\/wp-content\/uploads\/2021\/11\/POLICIA_DGT-768x643.png 768w, https:\/\/alzira.es\/wp-content\/uploads\/2021\/11\/POLICIA_DGT-1536x1286.png 1536w, https:\/\/alzira.es\/wp-content\/uploads\/2021\/11\/POLICIA_DGT-2048x1715.png 2048w\" data-sizes=\"100vw\" src=\"data:image\/svg+xml;base64,PHN2ZyB3aWR0aD0iMSIgaGVpZ2h0PSIxIiB4bWxucz0iaHR0cDovL3d3dy53My5vcmcvMjAwMC9zdmciPjwvc3ZnPg==\" style=\"--smush-placeholder-width: 3509px; --smush-placeholder-aspect-ratio: 3509\/2939;\" \/>\t\t\t\t\t\t\t\t<\/a>\n\t\t\t\t\t\t\t\t\t\t\t\t\t\t\t<\/div>\n\t\t\t\t<\/div>\n\t\t\t\t<div class=\"elementor-element elementor-element-6701b447 elementor-widget elementor-widget-heading\" data-id=\"6701b447\" data-element_type=\"widget\" data-widget_type=\"heading.default\">\n\t\t\t\t<div class=\"elementor-widget-container\">\n\t\t\t\t\t<h5 class=\"elementor-heading-title elementor-size-default\"><a href=\"https:\/\/alzira.es\/es\/servicios-municipales\/policia-local\/campanas-realizadas\/campanas-dgt\/\">Campa\u00f1as DGT<\/a><\/h5>\t\t\t\t<\/div>\n\t\t\t\t<\/div>\n\t\t\t\t\t<\/div>\n\t\t<\/div>\n\t\t\t\t<div class=\"elementor-column elementor-col-16 elementor-top-column elementor-element elementor-element-7633357a\" data-id=\"7633357a\" data-element_type=\"column\">\n\t\t\t<div class=\"elementor-widget-wrap elementor-element-populated\">\n\t\t\t\t\t\t<div class=\"elementor-element elementor-element-e56341d elementor-widget elementor-widget-image\" data-id=\"e56341d\" data-element_type=\"widget\" data-widget_type=\"image.default\">\n\t\t\t\t<div class=\"elementor-widget-container\">\n\t\t\t\t\t\t\t\t\t\t\t\t\t\t\t\t<a href=\"https:\/\/alzira.es\/es\/servicios-municipales\/policia-local\/consejos\/\">\n\t\t\t\t\t\t\t<img decoding=\"async\" width=\"3509\" height=\"2939\" data-src=\"https:\/\/alzira.es\/wp-content\/uploads\/2021\/11\/POLICIA_consells.png\" class=\"attachment-full size-full wp-image-105045 lazyload\" alt=\"Consells\" data-srcset=\"https:\/\/alzira.es\/wp-content\/uploads\/2021\/11\/POLICIA_consells.png 3509w, https:\/\/alzira.es\/wp-content\/uploads\/2021\/11\/POLICIA_consells-609x510.png 609w, https:\/\/alzira.es\/wp-content\/uploads\/2021\/11\/POLICIA_consells-1280x1072.png 1280w, https:\/\/alzira.es\/wp-content\/uploads\/2021\/11\/POLICIA_consells-768x643.png 768w, https:\/\/alzira.es\/wp-content\/uploads\/2021\/11\/POLICIA_consells-1536x1286.png 1536w, https:\/\/alzira.es\/wp-content\/uploads\/2021\/11\/POLICIA_consells-2048x1715.png 2048w\" data-sizes=\"100vw\" src=\"data:image\/svg+xml;base64,PHN2ZyB3aWR0aD0iMSIgaGVpZ2h0PSIxIiB4bWxucz0iaHR0cDovL3d3dy53My5vcmcvMjAwMC9zdmciPjwvc3ZnPg==\" style=\"--smush-placeholder-width: 3509px; --smush-placeholder-aspect-ratio: 3509\/2939;\" \/>\t\t\t\t\t\t\t\t<\/a>\n\t\t\t\t\t\t\t\t\t\t\t\t\t\t\t<\/div>\n\t\t\t\t<\/div>\n\t\t\t\t<div class=\"elementor-element elementor-element-60862c5 elementor-widget elementor-widget-heading\" data-id=\"60862c5\" data-element_type=\"widget\" data-widget_type=\"heading.default\">\n\t\t\t\t<div class=\"elementor-widget-container\">\n\t\t\t\t\t<h5 class=\"elementor-heading-title elementor-size-default\"><a href=\"https:\/\/alzira.es\/es\/servicios-municipales\/policia-local\/consejos\/\">Consejos<\/a><\/h5>\t\t\t\t<\/div>\n\t\t\t\t<\/div>\n\t\t\t\t\t<\/div>\n\t\t<\/div>\n\t\t\t\t<div class=\"elementor-column elementor-col-16 elementor-top-column elementor-element elementor-element-44d358f1\" data-id=\"44d358f1\" data-element_type=\"column\">\n\t\t\t<div class=\"elementor-widget-wrap elementor-element-populated\">\n\t\t\t\t\t\t<div class=\"elementor-element elementor-element-6dc5106e elementor-widget elementor-widget-image\" data-id=\"6dc5106e\" data-element_type=\"widget\" data-widget_type=\"image.default\">\n\t\t\t\t<div class=\"elementor-widget-container\">\n\t\t\t\t\t\t\t\t\t\t\t\t\t\t\t\t<a href=\"https:\/\/alzira.es\/es\/servicios-municipales\/policia-local\/denuncias-en-policia\/\">\n\t\t\t\t\t\t\t<img decoding=\"async\" width=\"3509\" height=\"2939\" data-src=\"https:\/\/alzira.es\/wp-content\/uploads\/2021\/11\/POLICIA_denuncies.png\" class=\"attachment-full size-full wp-image-105047 lazyload\" alt=\"Denuncies\" data-srcset=\"https:\/\/alzira.es\/wp-content\/uploads\/2021\/11\/POLICIA_denuncies.png 3509w, https:\/\/alzira.es\/wp-content\/uploads\/2021\/11\/POLICIA_denuncies-609x510.png 609w, https:\/\/alzira.es\/wp-content\/uploads\/2021\/11\/POLICIA_denuncies-1280x1072.png 1280w, https:\/\/alzira.es\/wp-content\/uploads\/2021\/11\/POLICIA_denuncies-768x643.png 768w, https:\/\/alzira.es\/wp-content\/uploads\/2021\/11\/POLICIA_denuncies-1536x1286.png 1536w, https:\/\/alzira.es\/wp-content\/uploads\/2021\/11\/POLICIA_denuncies-2048x1715.png 2048w\" data-sizes=\"100vw\" src=\"data:image\/svg+xml;base64,PHN2ZyB3aWR0aD0iMSIgaGVpZ2h0PSIxIiB4bWxucz0iaHR0cDovL3d3dy53My5vcmcvMjAwMC9zdmciPjwvc3ZnPg==\" style=\"--smush-placeholder-width: 3509px; --smush-placeholder-aspect-ratio: 3509\/2939;\" \/>\t\t\t\t\t\t\t\t<\/a>\n\t\t\t\t\t\t\t\t\t\t\t\t\t\t\t<\/div>\n\t\t\t\t<\/div>\n\t\t\t\t<div class=\"elementor-element elementor-element-7d33f62a elementor-widget elementor-widget-heading\" data-id=\"7d33f62a\" data-element_type=\"widget\" data-widget_type=\"heading.default\">\n\t\t\t\t<div class=\"elementor-widget-container\">\n\t\t\t\t\t<h5 class=\"elementor-heading-title elementor-size-default\"><a href=\"https:\/\/alzira.es\/es\/servicios-municipales\/policia-local\/denuncias-en-policia\/\">Denuncias<\/a><\/h5>\t\t\t\t<\/div>\n\t\t\t\t<\/div>\n\t\t\t\t\t<\/div>\n\t\t<\/div>\n\t\t\t\t\t<\/div>\n\t\t<\/section>\n\t\t\t\t<section class=\"elementor-section elementor-top-section elementor-element elementor-element-5d1b8266 elementor-section-full_width iconosportadasec ajuntament elementor-section-height-default elementor-section-height-default\" data-id=\"5d1b8266\" data-element_type=\"section\">\n\t\t\t\t\t\t<div class=\"elementor-container elementor-column-gap-narrow\">\n\t\t\t\t\t<div class=\"elementor-column elementor-col-16 elementor-top-column elementor-element elementor-element-1db948e\" data-id=\"1db948e\" data-element_type=\"column\">\n\t\t\t<div class=\"elementor-widget-wrap elementor-element-populated\">\n\t\t\t\t\t\t<div class=\"elementor-element elementor-element-77362800 elementor-widget elementor-widget-image\" data-id=\"77362800\" data-element_type=\"widget\" data-widget_type=\"image.default\">\n\t\t\t\t<div class=\"elementor-widget-container\">\n\t\t\t\t\t\t\t\t\t\t\t\t\t\t\t\t<a href=\"https:\/\/alzira.es\/es\/servicios-municipales\/policia-local\/avisos-e-incidencias\/\">\n\t\t\t\t\t\t\t<img decoding=\"async\" width=\"3509\" height=\"2938\" data-src=\"https:\/\/alzira.es\/wp-content\/uploads\/2021\/11\/POLICIA_avisos.png\" class=\"attachment-full size-full wp-image-105041 lazyload\" alt=\"Avisos i Incid\u00e8ncies\" data-srcset=\"https:\/\/alzira.es\/wp-content\/uploads\/2021\/11\/POLICIA_avisos.png 3509w, https:\/\/alzira.es\/wp-content\/uploads\/2021\/11\/POLICIA_avisos-609x510.png 609w, https:\/\/alzira.es\/wp-content\/uploads\/2021\/11\/POLICIA_avisos-1280x1072.png 1280w, https:\/\/alzira.es\/wp-content\/uploads\/2021\/11\/POLICIA_avisos-768x643.png 768w, https:\/\/alzira.es\/wp-content\/uploads\/2021\/11\/POLICIA_avisos-1536x1286.png 1536w, https:\/\/alzira.es\/wp-content\/uploads\/2021\/11\/POLICIA_avisos-2048x1715.png 2048w\" data-sizes=\"100vw\" src=\"data:image\/svg+xml;base64,PHN2ZyB3aWR0aD0iMSIgaGVpZ2h0PSIxIiB4bWxucz0iaHR0cDovL3d3dy53My5vcmcvMjAwMC9zdmciPjwvc3ZnPg==\" style=\"--smush-placeholder-width: 3509px; --smush-placeholder-aspect-ratio: 3509\/2938;\" \/>\t\t\t\t\t\t\t\t<\/a>\n\t\t\t\t\t\t\t\t\t\t\t\t\t\t\t<\/div>\n\t\t\t\t<\/div>\n\t\t\t\t<div class=\"elementor-element elementor-element-39b04fa6 elementor-widget elementor-widget-heading\" data-id=\"39b04fa6\" data-element_type=\"widget\" data-widget_type=\"heading.default\">\n\t\t\t\t<div class=\"elementor-widget-container\">\n\t\t\t\t\t<h5 class=\"elementor-heading-title elementor-size-default\"><a href=\"https:\/\/alzira.es\/es\/servicios-municipales\/policia-local\/avisos-e-incidencias\/\">Avisos e Incidencias<\/a><\/h5>\t\t\t\t<\/div>\n\t\t\t\t<\/div>\n\t\t\t\t\t<\/div>\n\t\t<\/div>\n\t\t\t\t<div class=\"elementor-column elementor-col-16 elementor-top-column elementor-element elementor-element-418a68d9\" data-id=\"418a68d9\" data-element_type=\"column\">\n\t\t\t<div class=\"elementor-widget-wrap elementor-element-populated\">\n\t\t\t\t\t\t<div class=\"elementor-element elementor-element-3ec4d9a8 elementor-widget elementor-widget-image\" data-id=\"3ec4d9a8\" data-element_type=\"widget\" data-widget_type=\"image.default\">\n\t\t\t\t<div class=\"elementor-widget-container\">\n\t\t\t\t\t\t\t\t\t\t\t\t\t\t\t\t<a href=\"https:\/\/alzira.es\/es\/servicios-municipales\/policia-local\/contacto-policia\/\">\n\t\t\t\t\t\t\t<img decoding=\"async\" width=\"3509\" height=\"2938\" data-src=\"https:\/\/alzira.es\/wp-content\/uploads\/2021\/11\/POLICIA_localitzacio.png\" class=\"attachment-full size-full wp-image-105051 lazyload\" alt=\"Localitzaci\u00f3\" data-srcset=\"https:\/\/alzira.es\/wp-content\/uploads\/2021\/11\/POLICIA_localitzacio.png 3509w, https:\/\/alzira.es\/wp-content\/uploads\/2021\/11\/POLICIA_localitzacio-609x510.png 609w, https:\/\/alzira.es\/wp-content\/uploads\/2021\/11\/POLICIA_localitzacio-1280x1072.png 1280w, https:\/\/alzira.es\/wp-content\/uploads\/2021\/11\/POLICIA_localitzacio-768x643.png 768w, https:\/\/alzira.es\/wp-content\/uploads\/2021\/11\/POLICIA_localitzacio-1536x1286.png 1536w, https:\/\/alzira.es\/wp-content\/uploads\/2021\/11\/POLICIA_localitzacio-2048x1715.png 2048w\" data-sizes=\"100vw\" src=\"data:image\/svg+xml;base64,PHN2ZyB3aWR0aD0iMSIgaGVpZ2h0PSIxIiB4bWxucz0iaHR0cDovL3d3dy53My5vcmcvMjAwMC9zdmciPjwvc3ZnPg==\" style=\"--smush-placeholder-width: 3509px; --smush-placeholder-aspect-ratio: 3509\/2938;\" \/>\t\t\t\t\t\t\t\t<\/a>\n\t\t\t\t\t\t\t\t\t\t\t\t\t\t\t<\/div>\n\t\t\t\t<\/div>\n\t\t\t\t<div class=\"elementor-element elementor-element-4a41df08 elementor-widget elementor-widget-heading\" data-id=\"4a41df08\" data-element_type=\"widget\" data-widget_type=\"heading.default\">\n\t\t\t\t<div class=\"elementor-widget-container\">\n\t\t\t\t\t<h5 class=\"elementor-heading-title elementor-size-default\"><a href=\"https:\/\/alzira.es\/es\/servicios-municipales\/policia-local\/contacto-policia\/\">Localizaci\u00f3n<\/a><\/h5>\t\t\t\t<\/div>\n\t\t\t\t<\/div>\n\t\t\t\t\t<\/div>\n\t\t<\/div>\n\t\t\t\t<div class=\"elementor-column elementor-col-16 elementor-top-column elementor-element elementor-element-54b3c672\" data-id=\"54b3c672\" data-element_type=\"column\">\n\t\t\t<div class=\"elementor-widget-wrap elementor-element-populated\">\n\t\t\t\t\t\t<div class=\"elementor-element elementor-element-5f60b262 elementor-widget elementor-widget-image\" data-id=\"5f60b262\" data-element_type=\"widget\" data-widget_type=\"image.default\">\n\t\t\t\t<div class=\"elementor-widget-container\">\n\t\t\t\t\t\t\t\t\t\t\t\t\t\t\t\t<a href=\"https:\/\/alzira.es\/es\/servicios-municipales\/policia-local\/proteccion-civil\/\">\n\t\t\t\t\t\t\t<img decoding=\"async\" width=\"3509\" height=\"2939\" data-src=\"https:\/\/alzira.es\/wp-content\/uploads\/2021\/11\/POLICIA_proteccio-civil.png\" class=\"attachment-full size-full wp-image-105053 lazyload\" alt=\"Protecci\u00f3 Civil\" data-srcset=\"https:\/\/alzira.es\/wp-content\/uploads\/2021\/11\/POLICIA_proteccio-civil.png 3509w, https:\/\/alzira.es\/wp-content\/uploads\/2021\/11\/POLICIA_proteccio-civil-609x510.png 609w, https:\/\/alzira.es\/wp-content\/uploads\/2021\/11\/POLICIA_proteccio-civil-1280x1072.png 1280w, https:\/\/alzira.es\/wp-content\/uploads\/2021\/11\/POLICIA_proteccio-civil-768x643.png 768w, https:\/\/alzira.es\/wp-content\/uploads\/2021\/11\/POLICIA_proteccio-civil-1536x1286.png 1536w, https:\/\/alzira.es\/wp-content\/uploads\/2021\/11\/POLICIA_proteccio-civil-2048x1715.png 2048w\" data-sizes=\"100vw\" src=\"data:image\/svg+xml;base64,PHN2ZyB3aWR0aD0iMSIgaGVpZ2h0PSIxIiB4bWxucz0iaHR0cDovL3d3dy53My5vcmcvMjAwMC9zdmciPjwvc3ZnPg==\" style=\"--smush-placeholder-width: 3509px; --smush-placeholder-aspect-ratio: 3509\/2939;\" \/>\t\t\t\t\t\t\t\t<\/a>\n\t\t\t\t\t\t\t\t\t\t\t\t\t\t\t<\/div>\n\t\t\t\t<\/div>\n\t\t\t\t<div class=\"elementor-element elementor-element-257a41ac elementor-widget elementor-widget-heading\" data-id=\"257a41ac\" data-element_type=\"widget\" data-widget_type=\"heading.default\">\n\t\t\t\t<div class=\"elementor-widget-container\">\n\t\t\t\t\t<h5 class=\"elementor-heading-title elementor-size-default\"><a href=\"https:\/\/alzira.es\/es\/servicios-municipales\/policia-local\/proteccion-civil\/\">Protecci\u00f3n Civil<\/a><\/h5>\t\t\t\t<\/div>\n\t\t\t\t<\/div>\n\t\t\t\t\t<\/div>\n\t\t<\/div>\n\t\t\t\t<div class=\"elementor-column elementor-col-16 elementor-top-column elementor-element elementor-element-3a5187d7\" data-id=\"3a5187d7\" data-element_type=\"column\">\n\t\t\t<div class=\"elementor-widget-wrap elementor-element-populated\">\n\t\t\t\t\t\t<div class=\"elementor-element elementor-element-7cd81a6b elementor-widget elementor-widget-image\" data-id=\"7cd81a6b\" data-element_type=\"widget\" data-widget_type=\"image.default\">\n\t\t\t\t<div class=\"elementor-widget-container\">\n\t\t\t\t\t\t\t\t\t\t\t\t\t\t\t\t<a href=\"https:\/\/alzira.es\/es\/servicios-municipales\/policia-local\/ubicacion-de-juzgados\/\">\n\t\t\t\t\t\t\t<img decoding=\"async\" width=\"3509\" height=\"2939\" data-src=\"https:\/\/alzira.es\/wp-content\/uploads\/2021\/11\/POLICIA_seu-judicial.png\" class=\"attachment-full size-full wp-image-105059 lazyload\" alt=\"Seu judicial\" data-srcset=\"https:\/\/alzira.es\/wp-content\/uploads\/2021\/11\/POLICIA_seu-judicial.png 3509w, https:\/\/alzira.es\/wp-content\/uploads\/2021\/11\/POLICIA_seu-judicial-609x510.png 609w, https:\/\/alzira.es\/wp-content\/uploads\/2021\/11\/POLICIA_seu-judicial-1280x1072.png 1280w, https:\/\/alzira.es\/wp-content\/uploads\/2021\/11\/POLICIA_seu-judicial-768x643.png 768w, https:\/\/alzira.es\/wp-content\/uploads\/2021\/11\/POLICIA_seu-judicial-1536x1286.png 1536w, https:\/\/alzira.es\/wp-content\/uploads\/2021\/11\/POLICIA_seu-judicial-2048x1715.png 2048w\" data-sizes=\"100vw\" src=\"data:image\/svg+xml;base64,PHN2ZyB3aWR0aD0iMSIgaGVpZ2h0PSIxIiB4bWxucz0iaHR0cDovL3d3dy53My5vcmcvMjAwMC9zdmciPjwvc3ZnPg==\" style=\"--smush-placeholder-width: 3509px; --smush-placeholder-aspect-ratio: 3509\/2939;\" \/>\t\t\t\t\t\t\t\t<\/a>\n\t\t\t\t\t\t\t\t\t\t\t\t\t\t\t<\/div>\n\t\t\t\t<\/div>\n\t\t\t\t<div class=\"elementor-element elementor-element-5dddb430 elementor-widget elementor-widget-heading\" data-id=\"5dddb430\" data-element_type=\"widget\" data-widget_type=\"heading.default\">\n\t\t\t\t<div class=\"elementor-widget-container\">\n\t\t\t\t\t<h5 class=\"elementor-heading-title elementor-size-default\"><a href=\"https:\/\/alzira.es\/es\/servicios-municipales\/policia-local\/ubicacion-de-juzgados\/\">Sede Judicial<\/a><\/h5>\t\t\t\t<\/div>\n\t\t\t\t<\/div>\n\t\t\t\t\t<\/div>\n\t\t<\/div>\n\t\t\t\t<div class=\"elementor-column elementor-col-16 elementor-top-column elementor-element elementor-element-fb5cfbb\" data-id=\"fb5cfbb\" data-element_type=\"column\">\n\t\t\t<div class=\"elementor-widget-wrap\">\n\t\t\t\t\t\t\t<\/div>\n\t\t<\/div>\n\t\t\t\t<div class=\"elementor-column elementor-col-16 elementor-top-column elementor-element elementor-element-910e9e6\" data-id=\"910e9e6\" data-element_type=\"column\">\n\t\t\t<div class=\"elementor-widget-wrap\">\n\t\t\t\t\t\t\t<\/div>\n\t\t<\/div>\n\t\t\t\t\t<\/div>\n\t\t<\/section>\n\t\t\t\t<\/div>\n\t\t","protected":false},"excerpt":{"rendered":"<p>Quienes somos Servicios Buz\u00f3n de sugerencias Campa\u00f1as DGT Consejos Denuncias Avisos e Incidencias Localizaci\u00f3n Protecci\u00f3n Civil Sede Judicial<\/p>\n","protected":false},"author":29,"featured_media":0,"parent":60847,"menu_order":0,"comment_status":"closed","ping_status":"closed","template":"","meta":{"_acf_changed":false,"footnotes":""},"class_list":["post-86598","page","type-page","status-publish","hentry"],"acf":[],"_links":{"self":[{"href":"https:\/\/alzira.es\/es\/wp-json\/wp\/v2\/pages\/86598","targetHints":{"allow":["GET"]}}],"collection":[{"href":"https:\/\/alzira.es\/es\/wp-json\/wp\/v2\/pages"}],"about":[{"href":"https:\/\/alzira.es\/es\/wp-json\/wp\/v2\/types\/page"}],"author":[{"embeddable":true,"href":"https:\/\/alzira.es\/es\/wp-json\/wp\/v2\/users\/29"}],"replies":[{"embeddable":true,"href":"https:\/\/alzira.es\/es\/wp-json\/wp\/v2\/comments?post=86598"}],"version-history":[{"count":2,"href":"https:\/\/alzira.es\/es\/wp-json\/wp\/v2\/pages\/86598\/revisions"}],"predecessor-version":[{"id":105652,"href":"https:\/\/alzira.es\/es\/wp-json\/wp\/v2\/pages\/86598\/revisions\/105652"}],"up":[{"embeddable":true,"href":"https:\/\/alzira.es\/es\/wp-json\/wp\/v2\/pages\/60847"}],"wp:attachment":[{"href":"https:\/\/alzira.es\/es\/wp-json\/wp\/v2\/media?parent=86598"}],"curies":[{"name":"wp","href":"https:\/\/api.w.org\/{rel}","templated":true}]}}