{"id":86384,"date":"2010-12-09T15:14:34","date_gmt":"2010-12-09T14:14:34","guid":{"rendered":"https:\/\/alzira.es\/servicios-municipales\/museo-patrimonio-y-turismo\/turismo\/paraje-natural\/"},"modified":"2024-10-17T13:58:25","modified_gmt":"2024-10-17T11:58:25","slug":"paraje-natural","status":"publish","type":"page","link":"https:\/\/alzira.es\/es\/servicios-municipales\/museo-patrimonio-y-turismo\/turismo\/paraje-natural\/","title":{"rendered":"Paraje Natural"},"content":{"rendered":"<h2 style=\"text-align: justify;\"><strong style=\"text-align: justify; color: #666666; font-size: 14.4px;\">VISITES ALS PARATGES<\/strong><\/h2>\n<p>Per motius sanitaris i mediambientals, continuem controlant l&#8217;aforament als Paratges Naturals Municipals.<\/p>\n<p>Els grups no han d&#8217;excedir les 10 persones.<\/p>\n<p>En <strong>La Murta<\/strong> l&#8217;aforament s&#8217;ha distribu\u00eft de la seg\u00fcent manera:<\/p>\n<table border=\"1\" align=\"center\">\n<tbody>\n<tr>\n<td style=\"text-align: center; width: 75px;\"><span style=\"font-size: 11pt; font-family: Arial, sans-serif;\">Horari\u00a0<\/span><\/td>\n<td style=\"width: 125px; text-align: center;\">\n<p class=\"Contenidodelatabla\" style=\"line-height: 150%;\"><span style=\"font-size: 11pt; line-height: 150%; font-family: Arial, sans-serif;\">De 8:00\u00a0<\/span><span style=\"font-family: Arial, sans-serif; font-size: 11pt; text-align: center;\">a 9:00h<\/span><\/p>\n<\/td>\n<td style=\"width: 125px; text-align: center;\">\n<p class=\"Contenidodelatabla\" style=\"text-align: justify; line-height: 150%;\"><span style=\"font-size: 11pt; line-height: 150%; font-family: Arial, sans-serif;\">De 9:00\u00a0<\/span><span style=\"font-family: Arial, sans-serif; font-size: 11pt;\">a 11:30h<\/span><\/p>\n<\/td>\n<td style=\"width: 125px; text-align: center;\">\n<p class=\"Contenidodelatabla\" style=\"text-align: justify; line-height: 150%;\"><span style=\"font-size: 11pt; line-height: 150%; font-family: Arial, sans-serif;\">De 11:30\u00a0<\/span><span style=\"font-family: Arial, sans-serif; font-size: 11pt;\">a 14:00h<\/span><\/p>\n<\/td>\n<td style=\"width: 125px; text-align: center;\">\n<p class=\"Contenidodelatabla\" style=\"text-align: justify; line-height: 150%;\"><span style=\"font-size: 11pt; line-height: 150%; font-family: Arial, sans-serif;\">De 14:00\u00a0<\/span><span style=\"font-family: Arial, sans-serif; font-size: 11pt;\">a 16:30h<\/span><\/p>\n<\/td>\n<td style=\"width: 125px; text-align: center;\">\n<p class=\"Contenidodelatabla\" style=\"text-align: justify; line-height: 150%;\"><span style=\"font-size: 11pt; line-height: 150%; font-family: Arial, sans-serif;\">De 16:30\u00a0<\/span><span style=\"font-family: Arial, sans-serif; font-size: 11pt;\">a 19:00h<\/span><\/p>\n<\/td>\n<td style=\"width: 125px; text-align: center;\">\n<p class=\"Contenidodelatabla\" style=\"text-align: justify; line-height: 150%;\"><span style=\"font-size: 11pt; line-height: 150%; font-family: Arial, sans-serif;\">De 19:00\u00a0<\/span><span style=\"font-family: Arial, sans-serif; font-size: 11pt;\">a 20:00h<\/span><\/p>\n<\/td>\n<\/tr>\n<tr>\n<td style=\"text-align: center; height: 40px;\"><span style=\"font-size: 11pt; font-family: Arial, sans-serif;\">Persones<\/span><\/td>\n<td style=\"text-align: center;\"><span style=\"font-size: 11pt; font-family: Arial, sans-serif;\">130<\/span><\/td>\n<td style=\"text-align: center;\"><span style=\"font-size: 11pt; font-family: Arial, sans-serif;\">180<\/span><\/td>\n<td style=\"text-align: center;\"><span style=\"font-size: 11pt; font-family: Arial, sans-serif;\">180<\/span><\/td>\n<td style=\"text-align: center;\"><span style=\"font-size: 11pt; font-family: Arial, sans-serif;\">180<\/span><\/td>\n<td style=\"text-align: center;\"><span style=\"font-size: 11pt; font-family: Arial, sans-serif;\">180<\/span><\/td>\n<td style=\"text-align: center;\"><span style=\"font-size: 11pt; font-family: Arial, sans-serif;\">130<\/span><\/td>\n<\/tr>\n<\/tbody>\n<\/table>\n<p style=\"text-align: justify;\"><span style=\"font-size: 14.4px;\">Es recomana demanar reserva pr\u00e8via almenys 72 hores abans enviant un correu electr\u00f2nic a mediambient@alzira.es o per tel\u00e8fon al 96 245 92 69<\/span><\/p>\n<p>Respecte a la poblaci\u00f3 vulnerables i majors de 70 anys, tenen entrada priorit\u00e0ria en qualsevol franja hor\u00e0ria,sempre que acudisquen en grup de m\u00e0xim dos o tres persones.<\/p>\n<p>En <strong>la Casella<\/strong>, no hi ha franges.<\/p>\n<p style=\"text-align: center;\">Fes una visita als nostres paratges naturals m\u00e9s preuats:<\/p>\n<p style=\"text-align: center;\">\u00a0<a href=\"https:\/\/alzira.es\/wp-content\/uploads\/2010\/12\/Senderismo_La_Casella.pdf\" target=\"_blank\" rel=\"noopener\"><img fetchpriority=\"high\" decoding=\"async\" width=\"451\" height=\"912\" class=\" size-full wp-image-529\" src=\"https:\/\/alzira.es\/wp-content\/uploads\/2010\/12\/Senderismo_La_Casella.png\" alt=\"Senderismo La Casella\" srcset=\"https:\/\/alzira.es\/wp-content\/uploads\/2010\/12\/Senderismo_La_Casella.png 451w, https:\/\/alzira.es\/wp-content\/uploads\/2010\/12\/Senderismo_La_Casella-252x510.png 252w\" sizes=\"(max-width: 451px) 100vw, 451px\" \/><\/a>\u00a0<a style=\"font-size: 14.4px; text-align: center;\" href=\"https:\/\/alzira.es\/wp-content\/uploads\/2010\/12\/Senderismo_La_Murta.pdf\" target=\"_blank\" rel=\"noopener\"><img decoding=\"async\" width=\"451\" height=\"912\" class=\"size-full wp-image-533 lazyload\" data-src=\"https:\/\/alzira.es\/wp-content\/uploads\/2010\/12\/Senderismo_La_Murta.png\" alt=\"Senderismo La Murta\" data-srcset=\"https:\/\/alzira.es\/wp-content\/uploads\/2010\/12\/Senderismo_La_Murta.png 451w, https:\/\/alzira.es\/wp-content\/uploads\/2010\/12\/Senderismo_La_Murta-252x510.png 252w\" data-sizes=\"(max-width: 451px) 100vw, 451px\" src=\"data:image\/svg+xml;base64,PHN2ZyB3aWR0aD0iMSIgaGVpZ2h0PSIxIiB4bWxucz0iaHR0cDovL3d3dy53My5vcmcvMjAwMC9zdmciPjwvc3ZnPg==\" style=\"--smush-placeholder-width: 451px; --smush-placeholder-aspect-ratio: 451\/912;\" \/><\/a><\/p>\n<p style=\"text-align: center;\"><a style=\"font-size: 14.4px; text-align: center;\" title=\"La Casella\" href=\"https:\/\/alzira.es\/wp-content\/uploads\/2010\/12\/LA_CASELLA_valenciano.pdf\" target=\"_blank\" rel=\"noopener\"><img decoding=\"async\" width=\"451\" height=\"60\" class=\"size-full wp-image-537 lazyload\" data-src=\"https:\/\/alzira.es\/wp-content\/uploads\/2010\/12\/CasellaV.png\" alt=\"CasellaV\" src=\"data:image\/svg+xml;base64,PHN2ZyB3aWR0aD0iMSIgaGVpZ2h0PSIxIiB4bWxucz0iaHR0cDovL3d3dy53My5vcmcvMjAwMC9zdmciPjwvc3ZnPg==\" style=\"--smush-placeholder-width: 451px; --smush-placeholder-aspect-ratio: 451\/60;\" \/><\/a>\u00a0<a title=\"La Murta\" href=\"https:\/\/alzira.es\/wp-content\/uploads\/2010\/12\/LA_MURTA_valenciano.pdf\" target=\"_blank\" rel=\"noopener\"><img decoding=\"async\" width=\"451\" height=\"60\" class=\"size-full wp-image-541 lazyload\" data-src=\"https:\/\/alzira.es\/wp-content\/uploads\/2010\/12\/MurtaV.png\" alt=\"MurtaV\" src=\"data:image\/svg+xml;base64,PHN2ZyB3aWR0aD0iMSIgaGVpZ2h0PSIxIiB4bWxucz0iaHR0cDovL3d3dy53My5vcmcvMjAwMC9zdmciPjwvc3ZnPg==\" style=\"--smush-placeholder-width: 451px; --smush-placeholder-aspect-ratio: 451\/60;\" \/><\/a><\/p>\n<p style=\"text-align: center;\"><a href=\"https:\/\/alzira.es\/wp-content\/uploads\/2010\/12\/itinerarios_por_Alzira.pdf\" target=\"_blank\" rel=\"noopener\"><span style=\"font-size: 14.3999996185303px; line-height: 23.0399990081787px;\"><img decoding=\"async\" class=\"size-full wp-image-545 lazyload\" data-src=\"https:\/\/alzira.es\/wp-content\/uploads\/2010\/12\/itinerarios_por_Alzira.png\" alt=\"itinerarios por Alzira\" width=\"903\" height=\"644\" data-srcset=\"https:\/\/alzira.es\/wp-content\/uploads\/2010\/12\/itinerarios_por_Alzira.png 1281w, https:\/\/alzira.es\/wp-content\/uploads\/2010\/12\/itinerarios_por_Alzira-680x485.png 680w, https:\/\/alzira.es\/wp-content\/uploads\/2010\/12\/itinerarios_por_Alzira-768x547.png 768w\" data-sizes=\"(max-width: 706px) 89vw, (max-width: 767px) 82vw, 740px\" src=\"data:image\/svg+xml;base64,PHN2ZyB3aWR0aD0iMSIgaGVpZ2h0PSIxIiB4bWxucz0iaHR0cDovL3d3dy53My5vcmcvMjAwMC9zdmciPjwvc3ZnPg==\" style=\"--smush-placeholder-width: 903px; --smush-placeholder-aspect-ratio: 903\/644;\" \/><\/span><\/a><\/p>\n","protected":false},"excerpt":{"rendered":"<p>VISITES ALS PARATGES Per motius sanitaris i mediambientals, continuem controlant l&#8217;aforament als Paratges Naturals Municipals. Els grups no han d&#8217;excedir les 10 persones. En La Murta l&#8217;aforament s&#8217;ha distribu\u00eft de la seg\u00fcent manera: Horari\u00a0 De 8:00\u00a0a 9:00h De 9:00\u00a0a 11:30h De 11:30\u00a0a 14:00h De 14:00\u00a0a 16:30h De 16:30\u00a0a 19:00h De 19:00\u00a0a 20:00h Persones 130 180 &hellip; <\/p>\n<p class=\"link-more\"><a href=\"https:\/\/alzira.es\/es\/servicios-municipales\/museo-patrimonio-y-turismo\/turismo\/paraje-natural\/\" class=\"more-link\">Continuar leyendo<span class=\"screen-reader-text\"> \u00abParaje Natural\u00bb<\/span><\/a><\/p>\n","protected":false},"author":12,"featured_media":0,"parent":508,"menu_order":0,"comment_status":"closed","ping_status":"closed","template":"","meta":{"_acf_changed":false,"footnotes":""},"class_list":["post-86384","page","type-page","status-publish","hentry"],"acf":[],"_links":{"self":[{"href":"https:\/\/alzira.es\/es\/wp-json\/wp\/v2\/pages\/86384","targetHints":{"allow":["GET"]}}],"collection":[{"href":"https:\/\/alzira.es\/es\/wp-json\/wp\/v2\/pages"}],"about":[{"href":"https:\/\/alzira.es\/es\/wp-json\/wp\/v2\/types\/page"}],"author":[{"embeddable":true,"href":"https:\/\/alzira.es\/es\/wp-json\/wp\/v2\/users\/12"}],"replies":[{"embeddable":true,"href":"https:\/\/alzira.es\/es\/wp-json\/wp\/v2\/comments?post=86384"}],"version-history":[{"count":2,"href":"https:\/\/alzira.es\/es\/wp-json\/wp\/v2\/pages\/86384\/revisions"}],"predecessor-version":[{"id":155087,"href":"https:\/\/alzira.es\/es\/wp-json\/wp\/v2\/pages\/86384\/revisions\/155087"}],"up":[{"embeddable":true,"href":"https:\/\/alzira.es\/es\/wp-json\/wp\/v2\/pages\/508"}],"wp:attachment":[{"href":"https:\/\/alzira.es\/es\/wp-json\/wp\/v2\/media?parent=86384"}],"curies":[{"name":"wp","href":"https:\/\/api.w.org\/{rel}","templated":true}]}}