{"id":86347,"date":"2021-08-30T13:47:36","date_gmt":"2021-08-30T11:47:36","guid":{"rendered":"https:\/\/alzira.es\/servicios-municipales\/museo-patrimonio-y-turismo\/museo-y-patrimonio\/exposiciones\/exposiciones-permanentes\/"},"modified":"2021-08-30T13:47:36","modified_gmt":"2021-08-30T11:47:36","slug":"exposiciones-permanentes","status":"publish","type":"page","link":"https:\/\/alzira.es\/es\/servicios-municipales\/museo-patrimonio-y-turismo\/museo\/exposiciones\/exposiciones-permanentes\/","title":{"rendered":"Exposiciones Permanentes"},"content":{"rendered":"<p><span style=\"font-size: x-large;\"><strong><span style=\"color: #800000;\"><img decoding=\"async\" class=\"size-full wp-image-246 lazyload\" data-src=\"https:\/\/alzira.es\/wp-content\/uploads\/2010\/11\/MUMA.gif\" alt=\"\" width=\"18\" height=\"18\" src=\"data:image\/svg+xml;base64,PHN2ZyB3aWR0aD0iMSIgaGVpZ2h0PSIxIiB4bWxucz0iaHR0cDovL3d3dy53My5vcmcvMjAwMC9zdmciPjwvc3ZnPg==\" style=\"--smush-placeholder-width: 18px; --smush-placeholder-aspect-ratio: 18\/18;\" \/>\u00a0EXPOSICIONES PERMANENTES<\/span><\/strong><\/span><\/p>\n<h2><span style=\"font-size: 24pt;\">SALA\u00a0\u00abSUCRO\u00bb<\/span><\/h2>\n<p>En la primera planta, la Sala \u201cSucro\u201d ofrece una visi\u00f3n, reforzada con materiales arqueol\u00f3gicos del municipio y la comarca de la Ribera Alta, de la evoluci\u00f3n hist\u00f3rica de Alzira:<\/p>\n<p>-Durante la etapa prehist\u00f3rica, podemos ya identificar los primeros asentamientos humanos a trav\u00e9s de los restos de industria l\u00edtica encontrados en diversos yacimientos de la zona, adem\u00e1s de industria \u00f3sea, elementos de adorno, y otros elementos como herramientas de trabajo.<\/p>\n<p>-En la Antig\u00fcedad, con la Cultura Iberorromana, se evidencian, con claridad, contactos locales con otros puntos del Mediterr\u00e1neo y la Pen\u00ednsula Ib\u00e9rica, como muestra la cultura material hallada.<\/p>\n<p>-Con el inicio de la Edad Media, nuestro territorio qued\u00f3 sumido bajo la dominaci\u00f3n isl\u00e1mica, que durar\u00eda hasta el siglo XIII y que, por tanto, dejar\u00eda su impronta, como podemos observar a trav\u00e9s de los abundantes hallazgos arqueol\u00f3gicos.<\/p>\n<p>Fue en el a\u00f1o 1242, cuando la Alzira musulmana \u201cAl-Yazirat Suquar\u201d se rindi\u00f3 ante el rey Jaume I, dando inicio as\u00ed a la etapa de dominio cristiano.En la misma planta, seguimos luego por la Sala del \u201cApostolado\u201d y la Sala \u201cE.N\u00fa\u00f1ez\u201d, donde contin\u00faa el recorrido cronol\u00f3gico cultural hasta los siglos XVIII-XIX.<\/p>\n<table style=\"width: 100%;\" border=\"0\">\n<tbody>\n<tr>\n<td><img fetchpriority=\"high\" decoding=\"async\" class=\" size-full wp-image-174\" src=\"https:\/\/alzira.es\/wp-content\/uploads\/2010\/11\/DSC00653.jpg\" alt=\"DSC00653\" width=\"550\" height=\"412\" \/>\u00a0\u00a0<img decoding=\"async\" class=\"size-full wp-image-176 lazyload\" data-src=\"https:\/\/alzira.es\/wp-content\/uploads\/2010\/11\/DSC00664.jpg\" alt=\"DSC00664\" width=\"550\" height=\"412\" src=\"data:image\/svg+xml;base64,PHN2ZyB3aWR0aD0iMSIgaGVpZ2h0PSIxIiB4bWxucz0iaHR0cDovL3d3dy53My5vcmcvMjAwMC9zdmciPjwvc3ZnPg==\" style=\"--smush-placeholder-width: 550px; --smush-placeholder-aspect-ratio: 550\/412;\" \/><\/td>\n<\/tr>\n<tr>\n<td><img decoding=\"async\" class=\"size-full wp-image-178 lazyload\" data-src=\"https:\/\/alzira.es\/wp-content\/uploads\/2010\/11\/DSC00675.jpg\" alt=\"DSC00675\" width=\"550\" height=\"412\" src=\"data:image\/svg+xml;base64,PHN2ZyB3aWR0aD0iMSIgaGVpZ2h0PSIxIiB4bWxucz0iaHR0cDovL3d3dy53My5vcmcvMjAwMC9zdmciPjwvc3ZnPg==\" style=\"--smush-placeholder-width: 550px; --smush-placeholder-aspect-ratio: 550\/412;\" \/>\u00a0 <img decoding=\"async\" class=\"size-full wp-image-180 lazyload\" data-src=\"https:\/\/alzira.es\/wp-content\/uploads\/2010\/11\/DSC00688.jpg\" alt=\"DSC00688\" width=\"550\" height=\"403\" src=\"data:image\/svg+xml;base64,PHN2ZyB3aWR0aD0iMSIgaGVpZ2h0PSIxIiB4bWxucz0iaHR0cDovL3d3dy53My5vcmcvMjAwMC9zdmciPjwvc3ZnPg==\" style=\"--smush-placeholder-width: 550px; --smush-placeholder-aspect-ratio: 550\/403;\" \/><\/td>\n<\/tr>\n<\/tbody>\n<\/table>\n<h2><span style=\"font-size: 24pt;\">SALA APOSTOLADO Y NU\u00d1EZ<\/span><\/h2>\n<p>En la primera planta, en ella esta ubicada nuestra colecci\u00f3n de acuarelas de la Murta, la tabla del apostolado, la cruz de alfardons, la Santa Gracia que sirvi\u00f3 de molde para la que esta en los Casilicios, as\u00ed como las dos tallas de madera de Inmaculada y San Agust\u00edn.<\/p>\n<table style=\"width: 100%;\" border=\"0\">\n<tbody>\n<tr>\n<td><img decoding=\"async\" class=\"size-full wp-image-182 lazyload\" data-src=\"https:\/\/alzira.es\/wp-content\/uploads\/2010\/11\/DSCF0435.jpg\" alt=\"DSCF0435\" width=\"550\" height=\"413\" src=\"data:image\/svg+xml;base64,PHN2ZyB3aWR0aD0iMSIgaGVpZ2h0PSIxIiB4bWxucz0iaHR0cDovL3d3dy53My5vcmcvMjAwMC9zdmciPjwvc3ZnPg==\" style=\"--smush-placeholder-width: 550px; --smush-placeholder-aspect-ratio: 550\/413;\" \/><\/td>\n<td><img decoding=\"async\" class=\"size-full wp-image-184 lazyload\" data-src=\"https:\/\/alzira.es\/wp-content\/uploads\/2010\/11\/DSCF0443.jpg\" alt=\"DSCF0443\" width=\"550\" height=\"413\" src=\"data:image\/svg+xml;base64,PHN2ZyB3aWR0aD0iMSIgaGVpZ2h0PSIxIiB4bWxucz0iaHR0cDovL3d3dy53My5vcmcvMjAwMC9zdmciPjwvc3ZnPg==\" style=\"--smush-placeholder-width: 550px; --smush-placeholder-aspect-ratio: 550\/413;\" \/><\/td>\n<\/tr>\n<tr>\n<td><img decoding=\"async\" class=\"size-full wp-image-186 lazyload\" data-src=\"https:\/\/alzira.es\/wp-content\/uploads\/2010\/11\/DSCF0446.jpg\" alt=\"DSCF0446\" width=\"550\" height=\"413\" src=\"data:image\/svg+xml;base64,PHN2ZyB3aWR0aD0iMSIgaGVpZ2h0PSIxIiB4bWxucz0iaHR0cDovL3d3dy53My5vcmcvMjAwMC9zdmciPjwvc3ZnPg==\" style=\"--smush-placeholder-width: 550px; --smush-placeholder-aspect-ratio: 550\/413;\" \/><\/td>\n<td><img decoding=\"async\" class=\"size-full wp-image-188 lazyload\" data-src=\"https:\/\/alzira.es\/wp-content\/uploads\/2010\/11\/DSCF0449.jpg\" alt=\"DSCF0449\" width=\"550\" height=\"413\" src=\"data:image\/svg+xml;base64,PHN2ZyB3aWR0aD0iMSIgaGVpZ2h0PSIxIiB4bWxucz0iaHR0cDovL3d3dy53My5vcmcvMjAwMC9zdmciPjwvc3ZnPg==\" style=\"--smush-placeholder-width: 550px; --smush-placeholder-aspect-ratio: 550\/413;\" \/><\/td>\n<\/tr>\n<\/tbody>\n<\/table>\n<h2><span style=\"font-size: 24pt;\">SAL\u00d3N DE ACTO<\/span><span style=\"font-size: 24pt;\">S<\/span><\/h2>\n<p>Se encuentra en la primera planta, en \u00e9l estan ubicados los cuadros del Rey Alfonso XIII y de la Reina Isabel, as\u00ed como el cuadro de Teodoro Andreu \u00abLa Paella\u00bb y una colecci\u00f3n de Alegorias.<\/p>\n<table style=\"width: 100%;\" border=\"0\">\n<tbody>\n<tr>\n<td><img decoding=\"async\" class=\"size-full wp-image-190 lazyload\" data-src=\"https:\/\/alzira.es\/wp-content\/uploads\/2010\/11\/salon02.jpg\" alt=\"salon02\" width=\"550\" height=\"412\" src=\"data:image\/svg+xml;base64,PHN2ZyB3aWR0aD0iMSIgaGVpZ2h0PSIxIiB4bWxucz0iaHR0cDovL3d3dy53My5vcmcvMjAwMC9zdmciPjwvc3ZnPg==\" style=\"--smush-placeholder-width: 550px; --smush-placeholder-aspect-ratio: 550\/412;\" \/>\u00a0 \u00a0 \u00a0 \u00a0<img decoding=\"async\" class=\"size-full wp-image-192 lazyload\" data-src=\"https:\/\/alzira.es\/wp-content\/uploads\/2010\/11\/salon03.jpg\" alt=\"salon03\" width=\"550\" height=\"413\" src=\"data:image\/svg+xml;base64,PHN2ZyB3aWR0aD0iMSIgaGVpZ2h0PSIxIiB4bWxucz0iaHR0cDovL3d3dy53My5vcmcvMjAwMC9zdmciPjwvc3ZnPg==\" style=\"--smush-placeholder-width: 550px; --smush-placeholder-aspect-ratio: 550\/413;\" \/><\/td>\n<\/tr>\n<\/tbody>\n<\/table>\n<h2><span style=\"font-size: 24pt;\">SALA \u00abTEODORO ANDREU\u00bb<\/span><\/h2>\n<p>En la segunda planta se ubica la Sala \u201cTeodor Andreu\u201d, que muestra la colecci\u00f3n pict\u00f3rica de este pintor y artista alzire\u00f1o, seguidor del luminismo impresionista de Joaqu\u00edn Sorolla.<\/p>\n<table border=\"0\">\n<tbody>\n<tr>\n<td><img decoding=\"async\" class=\"size-full wp-image-194 lazyload\" data-src=\"https:\/\/alzira.es\/wp-content\/uploads\/2010\/11\/teodoroandreu02.jpg\" alt=\"teodoroandreu02\" width=\"550\" height=\"413\" src=\"data:image\/svg+xml;base64,PHN2ZyB3aWR0aD0iMSIgaGVpZ2h0PSIxIiB4bWxucz0iaHR0cDovL3d3dy53My5vcmcvMjAwMC9zdmciPjwvc3ZnPg==\" style=\"--smush-placeholder-width: 550px; --smush-placeholder-aspect-ratio: 550\/413;\" \/>\u00a0 \u00a0 \u00a0 \u00a0\u00a0<img decoding=\"async\" class=\"size-full wp-image-196 lazyload\" data-src=\"https:\/\/alzira.es\/wp-content\/uploads\/2010\/11\/teodoroandreu05.jpg\" alt=\"teodoroandreu05\" width=\"550\" height=\"413\" src=\"data:image\/svg+xml;base64,PHN2ZyB3aWR0aD0iMSIgaGVpZ2h0PSIxIiB4bWxucz0iaHR0cDovL3d3dy53My5vcmcvMjAwMC9zdmciPjwvc3ZnPg==\" style=\"--smush-placeholder-width: 550px; --smush-placeholder-aspect-ratio: 550\/413;\" \/><\/td>\n<\/tr>\n<\/tbody>\n<\/table>\n<h2><\/h2>\n<h2><span style=\"font-size: 24pt;\">CAMBRA \u00abPINTORS CONTEMPORANIS\u00bb<\/span><\/h2>\n<p>\u201cLa Cambra\u201d que ofrece al p\u00fablico una serie de obras pict\u00f3ricas con tem\u00e1tica variada y la Sala \u201cNuevas Tendencias\u201d.<\/p>\n<p><a href=\"https:\/\/alzira.es\/wp-content\/uploads\/2010\/11\/Sala_la_Cambra.pdf\" target=\"_blank\" rel=\"noopener\"><span style=\"font-size: 12pt;\"><img decoding=\"async\" class=\"size-full wp-image-200 lazyload\" data-src=\"https:\/\/alzira.es\/wp-content\/uploads\/2010\/11\/flechas_002.jpg\" alt=\"flechas 002\" width=\"25\" height=\"25\" data-srcset=\"https:\/\/alzira.es\/wp-content\/uploads\/2010\/11\/flechas_002.jpg 500w, https:\/\/alzira.es\/wp-content\/uploads\/2010\/11\/flechas_002-350x350.jpg 350w, https:\/\/alzira.es\/wp-content\/uploads\/2010\/11\/flechas_002-100x100.jpg 100w\" data-sizes=\"(max-width: 25px) 100vw, 25px\" src=\"data:image\/svg+xml;base64,PHN2ZyB3aWR0aD0iMSIgaGVpZ2h0PSIxIiB4bWxucz0iaHR0cDovL3d3dy53My5vcmcvMjAwMC9zdmciPjwvc3ZnPg==\" style=\"--smush-placeholder-width: 25px; --smush-placeholder-aspect-ratio: 25\/25;\" \/> Explicaci\u00f3n de la visita a la sala.<\/span><\/a><\/p>\n<table style=\"width: 100%;\" border=\"0\">\n<tbody>\n<tr>\n<td><img decoding=\"async\" class=\"size-full wp-image-202 lazyload\" data-src=\"https:\/\/alzira.es\/wp-content\/uploads\/2010\/11\/cambra06.jpg\" alt=\"cambra06\" width=\"550\" height=\"413\" src=\"data:image\/svg+xml;base64,PHN2ZyB3aWR0aD0iMSIgaGVpZ2h0PSIxIiB4bWxucz0iaHR0cDovL3d3dy53My5vcmcvMjAwMC9zdmciPjwvc3ZnPg==\" style=\"--smush-placeholder-width: 550px; --smush-placeholder-aspect-ratio: 550\/413;\" \/><\/td>\n<td>\u00a0 \u00a0<img decoding=\"async\" class=\"size-full wp-image-204 lazyload\" data-src=\"https:\/\/alzira.es\/wp-content\/uploads\/2010\/11\/cambra07.jpg\" alt=\"cambra07\" width=\"550\" height=\"414\" src=\"data:image\/svg+xml;base64,PHN2ZyB3aWR0aD0iMSIgaGVpZ2h0PSIxIiB4bWxucz0iaHR0cDovL3d3dy53My5vcmcvMjAwMC9zdmciPjwvc3ZnPg==\" style=\"--smush-placeholder-width: 550px; --smush-placeholder-aspect-ratio: 550\/414;\" \/><\/td>\n<\/tr>\n<\/tbody>\n<\/table>\n<p>Adem\u00e1s de la oficina para la gesti\u00f3n y atenci\u00f3n de usuarios, una Biblioteca especializada y un archivo documental y fotogr\u00e1fico donde el personal investigador puede consultar las fuentes para la elaboraci\u00f3n de trabajos.<\/p>\n","protected":false},"excerpt":{"rendered":"<p>\u00a0EXPOSICIONES PERMANENTES SALA\u00a0\u00abSUCRO\u00bb En la primera planta, la Sala \u201cSucro\u201d ofrece una visi\u00f3n, reforzada con materiales arqueol\u00f3gicos del municipio y la comarca de la Ribera Alta, de la evoluci\u00f3n hist\u00f3rica de Alzira: -Durante la etapa prehist\u00f3rica, podemos ya identificar los primeros asentamientos humanos a trav\u00e9s de los restos de industria l\u00edtica encontrados en diversos yacimientos &hellip; <\/p>\n<p class=\"link-more\"><a href=\"https:\/\/alzira.es\/es\/servicios-municipales\/museo-patrimonio-y-turismo\/museo\/exposiciones\/exposiciones-permanentes\/\" class=\"more-link\">Continuar leyendo<span class=\"screen-reader-text\"> \u00abExposiciones Permanentes\u00bb<\/span><\/a><\/p>\n","protected":false},"author":29,"featured_media":0,"parent":432,"menu_order":0,"comment_status":"closed","ping_status":"closed","template":"","meta":{"_acf_changed":false,"footnotes":""},"class_list":["post-86347","page","type-page","status-publish","hentry"],"acf":[],"_links":{"self":[{"href":"https:\/\/alzira.es\/es\/wp-json\/wp\/v2\/pages\/86347","targetHints":{"allow":["GET"]}}],"collection":[{"href":"https:\/\/alzira.es\/es\/wp-json\/wp\/v2\/pages"}],"about":[{"href":"https:\/\/alzira.es\/es\/wp-json\/wp\/v2\/types\/page"}],"author":[{"embeddable":true,"href":"https:\/\/alzira.es\/es\/wp-json\/wp\/v2\/users\/29"}],"replies":[{"embeddable":true,"href":"https:\/\/alzira.es\/es\/wp-json\/wp\/v2\/comments?post=86347"}],"version-history":[{"count":0,"href":"https:\/\/alzira.es\/es\/wp-json\/wp\/v2\/pages\/86347\/revisions"}],"up":[{"embeddable":true,"href":"https:\/\/alzira.es\/es\/wp-json\/wp\/v2\/pages\/432"}],"wp:attachment":[{"href":"https:\/\/alzira.es\/es\/wp-json\/wp\/v2\/media?parent=86347"}],"curies":[{"name":"wp","href":"https:\/\/api.w.org\/{rel}","templated":true}]}}