{"id":85470,"date":"2021-08-29T18:45:19","date_gmt":"2021-08-29T16:45:19","guid":{"rendered":"https:\/\/alzira.es\/servicios-municipales\/educacion-e-infancia\/redes-internacionales\/ciutat-educadora\/"},"modified":"2021-08-29T18:50:58","modified_gmt":"2021-08-29T16:50:58","slug":"ciudad-educadora","status":"publish","type":"page","link":"https:\/\/alzira.es\/es\/servicios-municipales\/redes-internacionales\/ciudad-educadora\/","title":{"rendered":"Ciudad Educadora"},"content":{"rendered":"<h2 style=\"text-align: center;\"><strong><span style=\"font-size: larger;\"><span style=\"font-family: Arial;\">ALZIRA CIUDAD EDUCADORA<\/span><\/span><\/strong>\u00a0<\/h2>\n<p style=\"text-align: justify;\">\u00a0<\/p>\n<p style=\"text-align: justify;\"><span style=\"color: #0000ff;\"><strong><span style=\"font-size: larger;\"><span style=\"font-family: Arial;\">CIUDADES EDUCADORAS<\/span><span style=\"color: #339966;\"><span style=\"font-family: Arial;\">*<\/span><\/span><\/span><\/strong><\/span><\/p>\n<p style=\"text-align: justify;\"><span style=\"font-size: larger;\"><span style=\"font-family: Arial;\">La Ciudad Educadora es una propuesta integradora de la vida ciudadana que concierne a gobiernos locales, pero tambi\u00e9n a todo tipo de instituciones y asociaciones p\u00fablicas y privadas. Su objetivo es trabajar conjuntamente con sentido educativo en el desarrollo de pol\u00edticas y actuaciones que impulsen la calidad de vida de las personas, su compromiso con el esp\u00edritu de ciudadan\u00eda y los valores de una democracia participativa y solidaria.<\/span><\/span><\/p>\n<p style=\"text-align: justify;\">\u00a0<\/p>\n<p style=\"text-align: justify;\"><span style=\"color: #0000ff;\"><span style=\"font-size: larger;\"><span style=\"font-family: Arial;\">La ciudad como agente educador<\/span><\/span><\/span><\/p>\n<p style=\"text-align: justify;\"><span style=\"font-size: larger;\"><span style=\"font-family: Arial;\">Toda la ciudad es fuente de educaci\u00f3n. Educa a trav\u00e9s de sus instituciones educativas tradicionales, de sus propuestas culturales, pero tambi\u00e9n a trav\u00e9s de su planificaci\u00f3n urbana, de sus pol\u00edticas medioambientales, de sus medios de comunicaci\u00f3n, de su tejido productivo y sus empresas, etc. Consciente del impacto educativo que comportan muchas de las actuaciones que en ella se desarrollan, la Ciudad Educadora adquiere el compromiso de fomentar, en sus pol\u00edticas, la informaci\u00f3n comprensible para todos sus ciudadanos, la participaci\u00f3n de \u00e9stos, la convivencia y el civismo, la salud, la sostenibilidad, etc. Pol\u00edticas que, poco a poco, van transformando la ciudad en un lugar mejor para todos sus habitantes, m\u00e1s democr\u00e1tico, inclusivo y solidario.<\/span><\/span><\/p>\n<p style=\"text-align: justify;\">\u00a0<\/p>\n<p style=\"text-align: justify;\"><span style=\"font-size: larger;\"><span style=\"font-family: Arial;\"><br \/><\/span><span style=\"color: #0000ff;\"><span style=\"font-family: Arial;\">Un proyecto compartido<\/span><\/span><\/span><\/p>\n<p style=\"text-align: justify;\"><span style=\"font-size: larger;\"><span style=\"font-family: Arial;\">La Ciudad Educadora constituye un proyecto para ser compartido por las autoridades locales y la sociedad civil que responde a la actual necesidad de desarrollar pol\u00edticas activas integrales de desarrollo personal y colectivo.<br \/>El mutuo conocimiento y la coordinaci\u00f3n de las tareas educativas desarrolladas por las distintas \u00e1reas de los gobiernos locales -Cultura, Educaci\u00f3n, Urbanismo, Transporte, Turismo, Deporte, Sanidad, etc.- permite evitar redundancias e impulsar programas m\u00e1s interactivos y eficaces. La participaci\u00f3n de la sociedad civil en su dise\u00f1o y aplicaci\u00f3n se convierte en piedra angular de la Ciudad Educadora.<\/span><\/span><\/p>\n<p style=\"text-align: justify;\">\u00a0<\/p>\n<p style=\"text-align: justify;\"><span style=\"font-size: larger;\"><span style=\"font-family: Arial;\"><br \/><\/span><span style=\"color: #0000ff;\"><span style=\"font-family: Arial;\">Un derecho ciudadano<\/span><\/span><\/span><\/p>\n<p style=\"text-align: justify;\"><span style=\"font-size: larger;\"><span style=\"font-family: Arial;\">Las ciudades viven cambios sociales, culturales, pol\u00edticos y econ\u00f3micos que generan nuevas necesidades y a la vez nuevas oportunidades de aprendizaje y de formaci\u00f3n. As\u00ed, junto a los derechos fundamentales y universales, emerge tambi\u00e9n el derecho a una Ciudad Educadora.<br \/>Atender el derecho a una Ciudad Educadora implica el establecimiento de pol\u00edticas que garanticen, adem\u00e1s de la no discriminaci\u00f3n por razones de g\u00e9nero, edad, pertenencia \u00e9tnico-cultural, estatus socio-econ\u00f3mico, etc., y la puesta en marcha de buenas pr\u00e1cticas de integraci\u00f3n social, econ\u00f3mica y urban\u00edstica, y de convivencia solidaria entre diferentes culturas y generaciones.<\/span><\/span><\/p>\n<p style=\"text-align: justify;\">\u00a0<\/p>\n<p style=\"text-align: justify;\"><span style=\"font-size: larger;\"><span style=\"font-family: Arial;\"><br \/><\/span><span style=\"color: #0000ff;\"><span style=\"font-family: Arial;\">Un motor cultural, social y econ\u00f3mico<\/span><\/span><\/span><\/p>\n<p style=\"text-align: justify;\"><span style=\"font-size: larger;\"><span style=\"font-family: Arial;\">La Ciudad Educadora, en tanto que ciudad abierta, respetuosa y creativa, favorece un progreso social y econ\u00f3mico sostenible a escala global. La Ciudad Educadora estimula el aprendizaje a lo largo de toda la vida, genera innovaci\u00f3n, capital humano y favorece el crecimiento del tejido social, ofreciendo a todos sus ciudadanos la posibilidad de desarrollar sus propias iniciativas asociativas o empresariales y contribuir, as\u00ed, a la Sociedad del Conocimiento.<\/span><\/span><\/p>\n<p style=\"text-align: justify;\">\u00a0<\/p>\n<p style=\"text-align: justify;\">\u00a0<\/p>\n<p style=\"text-align: justify;\"><span style=\"color: #339966;\"><span style=\"font-size: larger;\"><span style=\"font-family: Arial;\"><a href=\"http:\/\/w10.bcn.es\/APPS\/eduportal\/pubPortadaAc.do\">*Texto perteneciente al folleto Ciudad Educadora de la Asociaci\u00f3n Internacional de Ciudades Educadoras<\/a><\/span><\/span><\/span><\/p>\n<p style=\"text-align: justify;\">\u00a0<\/p>\n<p style=\"text-align: justify;\">\u00a0<\/p>\n<p style=\"text-align: justify;\">\u00a0<\/p>\n<p style=\"text-align: justify;\">\u00a0<\/p>\n<p style=\"text-align: justify;\"><span style=\"color: #0000ff;\"><strong><span style=\"font-size: larger;\"><span style=\"font-family: Arial;\">ALZIRA CIUDAD EDUCADORA<\/span><\/span><\/strong><\/span><span style=\"font-size: larger;\"><span style=\"font-family: Arial;\">El 2 de junio de 1992, el Pleno del Ayuntamiento asume los principios de la Carta de Ciudades Educadoras, aprobada por las 47 ciudades participantes en el Primer Congreso de Ciudades Educadoras en Barcelona en noviembre de 1990, expresando la voluntad de tomar las medidas administrativas oportunas para llevarlos a la pr\u00e1ctica. <\/span><\/span><\/p>\n<p style=\"text-align: justify;\"><span style=\"font-size: larger;\"><span style=\"font-family: Arial;\">El 27 de octubre de 1999, el pleno municipal aprob\u00f3 la incorporaci\u00f3n de la ciudad a la Asociaci\u00f3n Internacional de Ciudades Educadoras, haci\u00e9ndose efectiva a principio del a\u00f1o 2000, y aprobando la primera fase del Proyecto de Alzira Ciutat Educadora el 14 de febrero de 2001. Desde entonces han comenzado a coordinarse diferentes departamentos municipales y programando actividades para asumir los objetivos de la Carta de Ciudades Educadoras.<\/span><\/span><\/p>\n<p style=\"text-align: justify;\"><span style=\"font-size: larger;\"><span style=\"font-family: Arial;\">El a\u00f1o 2003 fue declarado por el Consejo de la Uni\u00f3n Europea a\u00f1o Europeo de las Personas con Discapacidad, con los objetivos de sensibilizar la opini\u00f3n p\u00fablica, fomentar el debate y promover e intercambiar experiencias, reforzar la cooperaci\u00f3n entre las partes implicadas, resaltar la contribuci\u00f3n positiva de las personas discapacitadas, etc. <\/span><\/span><\/p>\n<p style=\"text-align: justify;\"><span style=\"font-size: larger;\"><span style=\"font-family: Arial;\">El Ayuntamiento de Alzira, considerando que ten\u00eda y tiene una serie de programas y realiza actividades para favorecer la integraci\u00f3n escolar, social y laboral de las personas discapacitadas, y que en los \u00faltimos a\u00f1os Alzira est\u00e1 acogiendo un n\u00famero de inmigrantes extranjeros, adopt\u00f3, en dicho a\u00f1o el emblema de \u201cAlzira, Ciutat Educadora, per la Integraci\u00f3\u201d.<\/span><\/span><\/p>\n<p style=\"text-align: justify;\">\u00a0<\/p>\n<p style=\"text-align: justify;\">\u00a0<\/p>\n<p style=\"text-align: justify;\"><span style=\"font-size: larger;\"><span style=\"font-family: Arial;\"><br \/><\/span><span style=\"color: #0000ff;\"><strong><span style=\"font-family: Arial;\">EXPERIENCIAS<\/span><\/strong><\/span><\/span><\/p>\n<p style=\"text-align: justify;\">\u00a0<\/p>\n<ul>\n<li><strong><span style=\"color: #339966;\"><span style=\"font-size: larger;\"><span style=\"font-family: Arial;\">EL CONSEJO MUNICIPAL DE NI\u00d1OS Y NI\u00d1AS<\/span><\/span><\/span><\/strong><span style=\"font-size: larger;\"><span style=\"font-family: Arial;\"><br \/><\/span><\/span><\/li>\n<\/ul>\n<p style=\"margin-left: 40px;\"><span style=\"font-size: larger;\"><span style=\"font-family: Arial;\">El Consejo Municipal de Ni\u00f1os y Ni\u00f1as (CmXX) se cre\u00f3 en Alzira en octubre de 2000 para dar a los ni\u00f1os y j\u00f3venes posibilidades de participaci\u00f3n en la vida municipal. Est\u00e1 formado por 28 representantes de los centros de Educaci\u00f3n primaria y Educaci\u00f3n especial de Alzira. Se re\u00fane mensualmente durante el curso escolar para tratar temas de inter\u00e9s. En los dos cursos que est\u00e1 en funcionamiento ha servido como enlace entre los ni\u00f1os y el Ayuntamiento. En este curso se ha ampliado para dar cabida a representantes del alumnado de la ESO (Educaci\u00f3n Secundaria Obligatoria), con 24 miembros m\u00e1s, funcionando los dos grupos (Primaria y ESO) en paralelo.<\/span><\/span><\/p>\n<p style=\"text-align: justify;\">\u00a0<\/p>\n<ul>\n<li><strong><span style=\"color: #339966;\"><span style=\"font-size: larger;\"><span style=\"font-family: Arial;\">Alzira, en Xicotet: Radio para ni\u00f1os<br \/><\/span><\/span><\/span><\/strong><\/li>\n<\/ul>\n<p style=\"margin-left: 40px;\"><span style=\"font-size: larger;\"><span style=\"font-family: Arial;\">Se inicia en el a\u00f1o 1999, y consiste en la realizaci\u00f3n y emisi\u00f3n semanal de un programa de radio en la emisora municipal (Alzira Radio) de un programa dirigido a los ni\u00f1os y ni\u00f1as de Educaci\u00f3n primaria, con la participaci\u00f3n de los mismos y de las escuelas, las asociaciones, etc.<\/span><\/span><\/p>\n<p style=\"text-align: justify;\">\u00a0<\/p>\n<ul>\n<li><strong><span style=\"color: #339966;\"><span style=\"font-size: larger;\"><span style=\"font-family: Arial;\">Observatorio Infantil de Infancia<\/span><\/span><\/span><\/strong><span style=\"font-size: larger;\"><span style=\"font-family: Arial;\"><br \/><\/span><\/span><\/li>\n<\/ul>\n<p style=\"margin-left: 40px; text-align: justify;\"><span style=\"font-size: larger;\"><span style=\"font-family: Arial;\">El Observatorio Infantil de Alzira (OIA) se inicia en el a\u00f1o 2002 con el objetivo de recoger y canalizar cotidianamente las demandas, propuestas, sugerencias y denuncias de los ni\u00f1os y las ni\u00f1as de Alzira.<\/span><\/span><\/p>\n<p style=\"margin-left: 40px; text-align: justify;\">\u00a0<\/p>\n<p style=\"margin-left: 40px; text-align: justify;\">\u00a0<\/p>\n<p style=\"margin-left: 40px; text-align: justify;\"><a href=\"http:\/\/w10.bcn.es\/APPS\/edubidce\/pubExperienciesAc.do?accio=cercar&amp;quants=0&amp;ce=761&amp;pubididi=2\" target=\"_blank\" rel=\"noopener\"><span style=\"color: #0000ff;\"><strong><span style=\"font-size: larger;\"><span style=\"font-family: Arial;\">Enlace al Banco de Documentos de la Asociaci\u00f3n Internacional\u00a0de Ciudades Educadoras\u00a0<\/span><\/span><\/strong><\/span><\/a><\/p>\n\n<p><\/p>\n","protected":false},"excerpt":{"rendered":"<p>ALZIRA CIUDAD EDUCADORA\u00a0 \u00a0 CIUDADES EDUCADORAS* La Ciudad Educadora es una propuesta integradora de la vida ciudadana que concierne a gobiernos locales, pero tambi\u00e9n a todo tipo de instituciones y asociaciones p\u00fablicas y privadas. Su objetivo es trabajar conjuntamente con sentido educativo en el desarrollo de pol\u00edticas y actuaciones que impulsen la calidad de vida &hellip; <\/p>\n<p class=\"link-more\"><a href=\"https:\/\/alzira.es\/es\/servicios-municipales\/redes-internacionales\/ciudad-educadora\/\" class=\"more-link\">Continuar leyendo<span class=\"screen-reader-text\"> \u00abCiudad Educadora\u00bb<\/span><\/a><\/p>\n","protected":false},"author":20,"featured_media":0,"parent":2617,"menu_order":0,"comment_status":"closed","ping_status":"closed","template":"","meta":{"_acf_changed":false,"footnotes":""},"class_list":["post-85470","page","type-page","status-publish","hentry"],"acf":[],"_links":{"self":[{"href":"https:\/\/alzira.es\/es\/wp-json\/wp\/v2\/pages\/85470","targetHints":{"allow":["GET"]}}],"collection":[{"href":"https:\/\/alzira.es\/es\/wp-json\/wp\/v2\/pages"}],"about":[{"href":"https:\/\/alzira.es\/es\/wp-json\/wp\/v2\/types\/page"}],"author":[{"embeddable":true,"href":"https:\/\/alzira.es\/es\/wp-json\/wp\/v2\/users\/20"}],"replies":[{"embeddable":true,"href":"https:\/\/alzira.es\/es\/wp-json\/wp\/v2\/comments?post=85470"}],"version-history":[{"count":2,"href":"https:\/\/alzira.es\/es\/wp-json\/wp\/v2\/pages\/85470\/revisions"}],"predecessor-version":[{"id":85479,"href":"https:\/\/alzira.es\/es\/wp-json\/wp\/v2\/pages\/85470\/revisions\/85479"}],"up":[{"embeddable":true,"href":"https:\/\/alzira.es\/es\/wp-json\/wp\/v2\/pages\/2617"}],"wp:attachment":[{"href":"https:\/\/alzira.es\/es\/wp-json\/wp\/v2\/media?parent=85470"}],"curies":[{"name":"wp","href":"https:\/\/api.w.org\/{rel}","templated":true}]}}