{"id":85327,"date":"2021-08-29T12:24:40","date_gmt":"2021-08-29T10:24:40","guid":{"rendered":"https:\/\/alzira.es\/servicios-municipales\/educacion-e-infancia\/escolarizacion\/escolarizacion-de-educacion-infantil-y-primaria\/"},"modified":"2021-12-15T20:13:18","modified_gmt":"2021-12-15T19:13:18","slug":"escolarizacion-de-educacion-infantil-y-primaria","status":"publish","type":"page","link":"https:\/\/alzira.es\/es\/servicios-municipales\/educacion-e-infancia\/escolarizacion\/escolarizacion-de-educacion-infantil-y-primaria\/","title":{"rendered":"Escolarizaci\u00f3n de Educaci\u00f3n Infantil y Primaria"},"content":{"rendered":"\n<p class=\"has-text-align-center has-text-color\" style=\"color:#c61212\">\u00a0<strong>El contenido de esta p\u00e1gina web es meramente informativo. La informaci\u00f3n fidedigna est\u00e1 referida en las correspondientes disposiciones legales de la Generalitat Valenciana.<\/strong><\/p>\n\n<p class=\"has-text-align-center has-vivid-red-color has-text-color\"><strong>\u00a0\u00a0<\/strong><\/p>\n\n<p class=\"has-text-align-center\">\u00a0<strong>CALENDARIO DE ADMISI\u00d3N CURSO 2021-2022<\/strong><\/p>\n\n<figure class=\"wp-block-table aligncenter\"><table><tbody><tr><td>Publicaci\u00f3n de <strong><a href=\"https:\/\/portal.edu.gva.es\/telematricula\/es\/consulta-de-vacantes\/\">vacantes existentes<\/a><\/strong><\/td><td><strong>Hasta  el 24 de mayo<\/strong><\/td><\/tr><tr><td>Presentaci\u00f3n <strong>telem\u00e1tica de solicitudes<\/strong><\/td><td><strong>Desde las 9.00h  del 25 de mayo hasta las 23.59h del 2 de junio<\/strong><\/td><\/tr><tr><td><strong>Resultado provisional<\/strong> del procedimiento y consulta individualizada de la puntuaci\u00f3n obtenida. <\/td><td><strong>16 de junio<\/strong><\/td><\/tr><tr><td>Presentaci\u00f3n telem\u00e1tica de <strong>reclamaciones al resultado provisional<\/strong><\/td><td><strong>Desde la publicaci\u00f3n del resultado hasta las 23.59h del 18 de junio<\/strong><\/td><\/tr><tr><td><strong>Resultado definitivo\u00a0<\/strong>del procedimiento y consulta individualizada de la puntuaci\u00f3n obtenida. <\/td><td><strong>30 de junio<\/strong><\/td><\/tr><tr><td>Presentaci\u00f3n telem\u00e1tica de <strong>reclamaciones al resultado  definitivo <\/strong>del procedimiento<\/td><td><strong>Un mes desde la publicaci\u00f3n del resultado definitivo<\/strong><\/td><\/tr><tr><td>Plazo de formalizaci\u00f3n de la matr\u00edcula<\/td><td><strong>Del 1 al 16 de julio. <\/strong><\/td><\/tr><tr><td>Plazo de formalizaci\u00f3n de la matr\u00edcula para cubrir las plazas vacantes producidas por renuncia o excedentes<\/td><td><strong>19 y 20 de julio<\/strong><\/td><\/tr><\/tbody><\/table><\/figure>\n\n<p><\/p>\n\n<p><strong>M\u00e1s informaci\u00f3n sobre el proceso de admisi\u00f3n: <\/strong><\/p>\n\n<div class=\"wp-block-image\"><figure class=\"aligncenter size-medium\"><a href=\"https:\/\/portal.edu.gva.es\/telematricula\/es\/inicio\/\" target=\"_blank\" rel=\"noopener\"><img fetchpriority=\"high\" decoding=\"async\" width=\"680\" height=\"275\" src=\"https:\/\/alzira.es\/wp-content\/uploads\/2021\/08\/imagen-escolarizacion-castellano-680x275.jpg\" alt=\"\" class=\"wp-image-85306\" srcset=\"https:\/\/alzira.es\/wp-content\/uploads\/2021\/08\/imagen-escolarizacion-castellano-680x275.jpg 680w, https:\/\/alzira.es\/wp-content\/uploads\/2021\/08\/imagen-escolarizacion-castellano-768x311.jpg 768w, https:\/\/alzira.es\/wp-content\/uploads\/2021\/08\/imagen-escolarizacion-castellano.jpg 985w\" sizes=\"(max-width: 680px) 100vw, 680px\" \/><\/a><figcaption><a href=\"https:\/\/portal.edu.gva.es\/telematricula\/es\/inicio\/\" target=\"_blank\" rel=\"noreferrer noopener\">https:\/\/portal.edu.gva.es\/telematricula\/es\/inicio\/<\/a><\/figcaption><\/figure><\/div>\n\n<div class=\"wp-block-image\"><figure class=\"aligncenter size-full is-resized\"><a href=\"https:\/\/portal.edu.gva.es\/telematricula\/es\/inicio\/\" target=\"_blank\" rel=\"noopener\"><img decoding=\"async\" data-src=\"https:\/\/alzira.es\/wp-content\/uploads\/2021\/08\/imagen-escolarizacion-castellano-2.jpg\" alt=\"\" class=\"wp-image-85320 lazyload\" width=\"726\" height=\"805\" src=\"data:image\/svg+xml;base64,PHN2ZyB3aWR0aD0iMSIgaGVpZ2h0PSIxIiB4bWxucz0iaHR0cDovL3d3dy53My5vcmcvMjAwMC9zdmciPjwvc3ZnPg==\" style=\"--smush-placeholder-width: 726px; --smush-placeholder-aspect-ratio: 726\/805;\" \/><\/a><\/figure><\/div>\n","protected":false},"excerpt":{"rendered":"<p>\u00a0El contenido de esta p\u00e1gina web es meramente informativo. La informaci\u00f3n fidedigna est\u00e1 referida en las correspondientes disposiciones legales de la Generalitat Valenciana. \u00a0\u00a0 \u00a0CALENDARIO DE ADMISI\u00d3N CURSO 2021-2022 Publicaci\u00f3n de vacantes existentes Hasta el 24 de mayo Presentaci\u00f3n telem\u00e1tica de solicitudes Desde las 9.00h del 25 de mayo hasta las 23.59h del 2 de &hellip; <\/p>\n<p class=\"link-more\"><a href=\"https:\/\/alzira.es\/es\/servicios-municipales\/educacion-e-infancia\/escolarizacion\/escolarizacion-de-educacion-infantil-y-primaria\/\" class=\"more-link\">Continuar leyendo<span class=\"screen-reader-text\"> \u00abEscolarizaci\u00f3n de Educaci\u00f3n Infantil y Primaria\u00bb<\/span><\/a><\/p>\n","protected":false},"author":29,"featured_media":0,"parent":85308,"menu_order":0,"comment_status":"closed","ping_status":"closed","template":"","meta":{"_acf_changed":false,"footnotes":""},"class_list":["post-85327","page","type-page","status-publish","hentry"],"acf":[],"_links":{"self":[{"href":"https:\/\/alzira.es\/es\/wp-json\/wp\/v2\/pages\/85327","targetHints":{"allow":["GET"]}}],"collection":[{"href":"https:\/\/alzira.es\/es\/wp-json\/wp\/v2\/pages"}],"about":[{"href":"https:\/\/alzira.es\/es\/wp-json\/wp\/v2\/types\/page"}],"author":[{"embeddable":true,"href":"https:\/\/alzira.es\/es\/wp-json\/wp\/v2\/users\/29"}],"replies":[{"embeddable":true,"href":"https:\/\/alzira.es\/es\/wp-json\/wp\/v2\/comments?post=85327"}],"version-history":[{"count":2,"href":"https:\/\/alzira.es\/es\/wp-json\/wp\/v2\/pages\/85327\/revisions"}],"predecessor-version":[{"id":107396,"href":"https:\/\/alzira.es\/es\/wp-json\/wp\/v2\/pages\/85327\/revisions\/107396"}],"up":[{"embeddable":true,"href":"https:\/\/alzira.es\/es\/wp-json\/wp\/v2\/pages\/85308"}],"wp:attachment":[{"href":"https:\/\/alzira.es\/es\/wp-json\/wp\/v2\/media?parent=85327"}],"curies":[{"name":"wp","href":"https:\/\/api.w.org\/{rel}","templated":true}]}}