{"id":85298,"date":"2021-08-29T11:57:19","date_gmt":"2021-08-29T09:57:19","guid":{"rendered":"https:\/\/alzira.es\/servicios-municipales\/educacion-e-infancia\/becas-y-ayudas\/"},"modified":"2026-02-04T09:00:39","modified_gmt":"2026-02-04T08:00:39","slug":"becas-y-ayudas","status":"publish","type":"page","link":"https:\/\/alzira.es\/es\/servicios-municipales\/educacion-e-infancia\/becas-y-ayudas\/","title":{"rendered":"Tr\u00e1mites y ordenanzas"},"content":{"rendered":"\t\t<div data-elementor-type=\"wp-page\" data-elementor-id=\"85298\" class=\"elementor elementor-85298 elementor-85296\">\n\t\t\t\t\t\t<section class=\"elementor-section elementor-top-section elementor-element elementor-element-b13d622 elementor-section-boxed elementor-section-height-default elementor-section-height-default\" data-id=\"b13d622\" data-element_type=\"section\">\n\t\t\t\t\t\t<div class=\"elementor-container elementor-column-gap-default\">\n\t\t\t\t\t<div class=\"elementor-column elementor-col-50 elementor-top-column elementor-element elementor-element-3120c73\" data-id=\"3120c73\" data-element_type=\"column\">\n\t\t\t<div class=\"elementor-widget-wrap elementor-element-populated\">\n\t\t\t\t\t\t<div class=\"elementor-element elementor-element-a46f585 elementor-widget elementor-widget-image\" data-id=\"a46f585\" data-element_type=\"widget\" data-widget_type=\"image.default\">\n\t\t\t\t<div class=\"elementor-widget-container\">\n\t\t\t\t\t\t\t\t\t\t\t\t\t\t\t<img fetchpriority=\"high\" decoding=\"async\" width=\"525\" height=\"439\" src=\"https:\/\/alzira.es\/wp-content\/uploads\/2026\/02\/ordenances.png\" class=\"attachment-large size-large wp-image-167498\" alt=\"ordenances\" srcset=\"https:\/\/alzira.es\/wp-content\/uploads\/2026\/02\/ordenances.png 843w, https:\/\/alzira.es\/wp-content\/uploads\/2026\/02\/ordenances-610x510.png 610w, https:\/\/alzira.es\/wp-content\/uploads\/2026\/02\/ordenances-768x642.png 768w\" sizes=\"100vw\" \/>\t\t\t\t\t\t\t\t\t\t\t\t\t\t\t<\/div>\n\t\t\t\t<\/div>\n\t\t\t\t<div class=\"elementor-element elementor-element-fbf23cb elementor-widget elementor-widget-heading\" data-id=\"fbf23cb\" data-element_type=\"widget\" data-widget_type=\"heading.default\">\n\t\t\t\t<div class=\"elementor-widget-container\">\n\t\t\t\t\t<h2 class=\"elementor-heading-title elementor-size-default\">Ordenanzas<\/h2>\t\t\t\t<\/div>\n\t\t\t\t<\/div>\n\t\t\t\t<div class=\"elementor-element elementor-element-90299c1 elementor-widget elementor-widget-text-editor\" data-id=\"90299c1\" data-element_type=\"widget\" data-widget_type=\"text-editor.default\">\n\t\t\t\t<div class=\"elementor-widget-container\">\n\t\t\t\t\t\t\t\t\t<ul>\n<li><a href=\"https:\/\/alzira.es\/wp-content\/uploads\/ordenances-i-reglaments\/ordenanza-solicitud-uso-centros-publicos.pdf\" target=\"_blank\" rel=\"noopener\">Ordenanza reguladora de la solicitud de uso de los centros p\u00fablicos fuera del horario lectivo.<\/a><\/li>\n<\/ul>\t\t\t\t\t\t\t\t<\/div>\n\t\t\t\t<\/div>\n\t\t\t\t\t<\/div>\n\t\t<\/div>\n\t\t\t\t<div class=\"elementor-column elementor-col-50 elementor-top-column elementor-element elementor-element-c170d1c\" data-id=\"c170d1c\" data-element_type=\"column\">\n\t\t\t<div class=\"elementor-widget-wrap elementor-element-populated\">\n\t\t\t\t\t\t<div class=\"elementor-element elementor-element-53da510 elementor-widget elementor-widget-image\" data-id=\"53da510\" data-element_type=\"widget\" data-widget_type=\"image.default\">\n\t\t\t\t<div class=\"elementor-widget-container\">\n\t\t\t\t\t\t\t\t\t\t\t\t\t\t\t<img decoding=\"async\" width=\"525\" height=\"439\" data-src=\"https:\/\/alzira.es\/wp-content\/uploads\/2026\/02\/tramits-educatius.png\" class=\"attachment-large size-large wp-image-167500 lazyload\" alt=\"Tr\u00e0mits educatius\" data-srcset=\"https:\/\/alzira.es\/wp-content\/uploads\/2026\/02\/tramits-educatius.png 843w, https:\/\/alzira.es\/wp-content\/uploads\/2026\/02\/tramits-educatius-610x510.png 610w, https:\/\/alzira.es\/wp-content\/uploads\/2026\/02\/tramits-educatius-768x642.png 768w\" data-sizes=\"100vw\" src=\"data:image\/svg+xml;base64,PHN2ZyB3aWR0aD0iMSIgaGVpZ2h0PSIxIiB4bWxucz0iaHR0cDovL3d3dy53My5vcmcvMjAwMC9zdmciPjwvc3ZnPg==\" style=\"--smush-placeholder-width: 525px; --smush-placeholder-aspect-ratio: 525\/439;\" \/>\t\t\t\t\t\t\t\t\t\t\t\t\t\t\t<\/div>\n\t\t\t\t<\/div>\n\t\t\t\t<div class=\"elementor-element elementor-element-68ca6b2 elementor-widget elementor-widget-heading\" data-id=\"68ca6b2\" data-element_type=\"widget\" data-widget_type=\"heading.default\">\n\t\t\t\t<div class=\"elementor-widget-container\">\n\t\t\t\t\t<h2 class=\"elementor-heading-title elementor-size-default\">Tr\u00e1mites educativos<\/h2>\t\t\t\t<\/div>\n\t\t\t\t<\/div>\n\t\t\t\t<div class=\"elementor-element elementor-element-1bcaa01 elementor-widget elementor-widget-text-editor\" data-id=\"1bcaa01\" data-element_type=\"widget\" data-widget_type=\"text-editor.default\">\n\t\t\t\t<div class=\"elementor-widget-container\">\n\t\t\t\t\t\t\t\t\t<ul><li><a href=\"https:\/\/sedeelectronica.alzira.es\/PortalCiudadano\/tramites\/tramite.do?formAction=btShow&amp;t=3917\" target=\"_blank\" rel=\"noopener\"><b>ABSENTISMO<\/b>: Absentismo escolar\u00a0<\/a><\/li><li><a href=\"https:\/\/sedeelectronica.alzira.es\/PortalCiudadano\/tramites\/tramite.do?formAction=btShow&amp;t=4298\" target=\"_blank\" rel=\"noopener\"><span style=\"font-size: 1rem;\"><b>EDUCACI\u00d3N<\/b>: Solicitud de autorizaci\u00f3n para poder utilizar las instalaciones de un centro p\u00fablico de infantil y primaria de Alzira, fuera del horario lectivo escolar.<\/span><\/a><\/li><li><a href=\"https:\/\/sedeelectronica.alzira.es\/PortalCiudadano\/tramites\/tramite.do?formAction=btShow&amp;t=3827\" target=\"_blank\" rel=\"noopener\"><b>ESCOLARIZACI\u00d3N<\/b>: Solicitud de admisi\u00f3n de escolarizaci\u00f3n fuera de plazo.<\/a><\/li><li><a href=\"https:\/\/sedeelectronica.alzira.es\/PortalCiudadano\/tramites\/tramite.do?formAction=btShow&amp;t=3729\" target=\"_blank\" rel=\"noopener\"><b>MANTENIMIENTO<\/b>: CENTROS EDUCATIVOS (CEIP, CEE I EPA).<\/a><\/li><li><a href=\"https:\/\/sedeelectronica.alzira.es\/PortalCiudadano\/tramites\/browser.do#no-back-button\" target=\"_blank\" rel=\"noopener\"><b>AYUDAS<\/b>: Ayudas para el material escolar del alumnado de Alzira matriculado en 2.\u00ba ciclo de Educaci\u00f3n Infantil.<\/a><\/li><li><a href=\"https:\/\/sedeelectronica.alzira.es\/PortalCiudadano\/tramites\/browser.do#no-back-button\" target=\"_blank\" rel=\"noopener\"><b>EIMA<\/b>: Solicitud de admisi\u00f3n en las Escuelas Infantiles Municipales de Alzira.<\/a><\/li><li><a href=\"https:\/\/sedeelectronica.alzira.es\/PortalCiudadano\/tramites\/browser.do#no-back-button\" target=\"_blank\" rel=\"noopener\"><b>PREMIOS<\/b>: XXVII Premio de Innovaci\u00f3n Educativa y XX Premio de Experiencias de Fomento de la Lectura Ciudad de Alzira 2025.<\/a><\/li><li><a href=\"https:\/\/sedeelectronica.alzira.es\/PortalCiudadano\/tramites\/browser.do#no-back-button\" target=\"_blank\" rel=\"noopener\"><b>SUBVENCIONES<\/b>: Subvenci\u00f3n municipal a actividades escolares.<\/a><\/li><\/ul>\t\t\t\t\t\t\t\t<\/div>\n\t\t\t\t<\/div>\n\t\t\t\t\t<\/div>\n\t\t<\/div>\n\t\t\t\t\t<\/div>\n\t\t<\/section>\n\t\t\t\t<\/div>\n\t\t","protected":false},"excerpt":{"rendered":"<p>Ordenanzas Ordenanza reguladora de la solicitud de uso de los centros p\u00fablicos fuera del horario lectivo. Tr\u00e1mites educativos ABSENTISMO: Absentismo escolar\u00a0 EDUCACI\u00d3N: Solicitud de autorizaci\u00f3n para poder utilizar las instalaciones de un centro p\u00fablico de infantil y primaria de Alzira, fuera del horario lectivo escolar. ESCOLARIZACI\u00d3N: Solicitud de admisi\u00f3n de escolarizaci\u00f3n fuera de plazo. MANTENIMIENTO: &hellip; <\/p>\n<p class=\"link-more\"><a href=\"https:\/\/alzira.es\/es\/servicios-municipales\/educacion-e-infancia\/becas-y-ayudas\/\" class=\"more-link\">Continuar leyendo<span class=\"screen-reader-text\"> \u00abTr\u00e1mites y ordenanzas\u00bb<\/span><\/a><\/p>\n","protected":false},"author":29,"featured_media":0,"parent":104969,"menu_order":0,"comment_status":"closed","ping_status":"closed","template":"","meta":{"_acf_changed":false,"footnotes":""},"class_list":["post-85298","page","type-page","status-publish","hentry"],"acf":[],"_links":{"self":[{"href":"https:\/\/alzira.es\/es\/wp-json\/wp\/v2\/pages\/85298","targetHints":{"allow":["GET"]}}],"collection":[{"href":"https:\/\/alzira.es\/es\/wp-json\/wp\/v2\/pages"}],"about":[{"href":"https:\/\/alzira.es\/es\/wp-json\/wp\/v2\/types\/page"}],"author":[{"embeddable":true,"href":"https:\/\/alzira.es\/es\/wp-json\/wp\/v2\/users\/29"}],"replies":[{"embeddable":true,"href":"https:\/\/alzira.es\/es\/wp-json\/wp\/v2\/comments?post=85298"}],"version-history":[{"count":2,"href":"https:\/\/alzira.es\/es\/wp-json\/wp\/v2\/pages\/85298\/revisions"}],"predecessor-version":[{"id":167594,"href":"https:\/\/alzira.es\/es\/wp-json\/wp\/v2\/pages\/85298\/revisions\/167594"}],"up":[{"embeddable":true,"href":"https:\/\/alzira.es\/es\/wp-json\/wp\/v2\/pages\/104969"}],"wp:attachment":[{"href":"https:\/\/alzira.es\/es\/wp-json\/wp\/v2\/media?parent=85298"}],"curies":[{"name":"wp","href":"https:\/\/api.w.org\/{rel}","templated":true}]}}