{"id":84998,"date":"2021-08-28T21:17:07","date_gmt":"2021-08-28T19:17:07","guid":{"rendered":"https:\/\/alzira.es\/servicios-municipales\/economia-y-recaudacion\/intervencion\/facturacion-electronica\/punto-general-de-entrada-de-facturas-face\/"},"modified":"2021-08-28T21:25:41","modified_gmt":"2021-08-28T19:25:41","slug":"punto-general-de-entrada-de-facturas-face","status":"publish","type":"page","link":"https:\/\/alzira.es\/es\/servicios-municipales\/economia-y-recaudacion\/punto-general-de-entrada-de-facturas-face\/","title":{"rendered":"Punto General de Entrada de Facturas (FACe)"},"content":{"rendered":"\n<p>FACe es el Punto General de Entrada de Facturas de la Administraci\u00f3n General del Estado. Permite la remisi\u00f3n de facturas en formato electr\u00f3nico a aquellos organismos de las administraciones que acepten la recepci\u00f3n de facturas en formato electr\u00f3nico y que est\u00e9n dadas de alta en el sistema.<\/p>\n\n<p>El DIR3 es el Directorio de Unidades Org\u00e1nicas y Oficinas de Registro de las Administraciones P\u00fablicas. Son tres c\u00f3digos alfanum\u00e9ricos necesarios para el env\u00edo de facturas electr\u00f3nicas a trav\u00e9s del Punto General de Entrada de Facturas Electr\u00f3nicas (FACe): <a href=\"https:\/\/face.gob.es\/es\" rel=\"noopener\" target=\"_blank\">https:\/\/face.gob.es\/es<\/a>. La informaci\u00f3n que aporta el DIR3 identifica:<\/p>\n\n<p>\u2022 \u00a0Oficina contable&#13;\n\u2022 \u00d3rgano gestor&#13;\n\u2022 Unidad tramitadora<\/p>\n\n<p>Cada \u00e1rea, servicio, secci\u00f3n o negociado del Ayuntamiento de Alzira, responsable de la conformidad de facturas, tendr\u00e1 asignado un c\u00f3digo DIR3 propio y diferente al del resto.<\/p>\n\n<p>El objetivo es facilitar a las empresas proveedoras la identificaci\u00f3n de las unidades tramitadoras de sus facturas, dentro de la organizaci\u00f3n interna del Ayuntamiento de Alzira.<\/p>\n\n<p><a href=\"https:\/\/alzira.es\/wp-content\/uploads\/2019\/02\/DIR3_cas.pdf\" target=\"_blank\" rel=\"noreferrer noopener\"><strong>DIR3 Ayuntamiento de Alzira<\/strong><\/a><\/p>\n\n<figure class=\"wp-block-table\"><table><tbody><tr><td><strong>Unidades organizativas<\/strong><\/td><td><strong>Oficina comptable<\/strong><\/td><td><strong>\u00d3rgano gestor<\/strong><\/td><td><strong>Unidad tramitadora<\/strong><\/td><\/tr><tr><td><strong>\u00c1REA ALCALD\u00cdA<\/strong><\/td><td>\u00a0<\/td><td>\u00a0<\/td><td>\u00a0<\/td><\/tr><tr><td>Alcald\u00eda comunicaci\u00f3n y otros<\/td><td>GE0015007<\/td><td>GE0015370<\/td><td>GE0015321<\/td><\/tr><tr><td>Emisora municipal<\/td><td>GE0015007<\/td><td>GE0015370<\/td><td>GE0015322<\/td><\/tr><tr><td><strong>\u00c1REA BIENESTAR SOCIAL<\/strong><\/td><td>\u00a0<\/td><td>\u00a0<\/td><td>\u00a0<\/td><\/tr><tr><td>Biblioteca<\/td><td>GE0015007<\/td><td>GE0015371<\/td><td>GE0015323<\/td><\/tr><tr><td>Casa de la Cultura<\/td><td>GE0015007<\/td><td>GE0015371<\/td><td>GE0015324<\/td><\/tr><tr><td>Cultura (programaci\u00f3n cultural)<\/td><td>GE0015007<\/td><td>GE0015371<\/td><td>GE0015325<\/td><\/tr><tr><td>Deportes<\/td><td>GE0015007<\/td><td>GE0015371<\/td><td>GE0015326<\/td><\/tr><tr><td>Educaci\u00f3n<\/td><td>GE0015007<\/td><td>GE0015371<\/td><td>GE0015327<\/td><\/tr><tr><td>Escuelas infantiles municipales<\/td><td>GE0015007<\/td><td>GE0015731<\/td><td>GE0015328<\/td><\/tr><tr><td>Fiestas<\/td><td>GE0015007<\/td><td>GE0015731<\/td><td>GE0015329<\/td><\/tr><tr><td>Juventud<\/td><td>GE0015007<\/td><td>GE0015731<\/td><td>GE0015331<\/td><\/tr><tr><td>Patrimonio Hist\u00f3rico y Turismo<\/td><td>GE0015007<\/td><td>GE0015731<\/td><td>GE0015332<\/td><\/tr><tr><td>Turismo<\/td><td>GE0015007<\/td><td>GE0015731<\/td><td>GE0015333<\/td><\/tr><tr><td><strong>\u00c1REA IDEA<\/strong><\/td><td>\u00a0<\/td><td>\u00a0<\/td><td>\u00a0<\/td><\/tr><tr><td>IDEA ocupaci\u00f3n<\/td><td>GE0015007<\/td><td>GE0015372<\/td><td>GE0015334<\/td><\/tr><tr><td>IDEA comercio<\/td><td>GE0015007<\/td><td>GE0015372<\/td><td>GE0015335<\/td><\/tr><tr><td><strong>\u00c1REA FUNCI\u00d3N P\u00daBLICA Y ORGANIZACI\u00d3N<\/strong><\/td><td>\u00a0<\/td><td>\u00a0<\/td><td>\u00a0<\/td><\/tr><tr><td>Funci\u00f3n P\u00fablica y Organizaci\u00f3n<\/td><td>GE0015007<\/td><td>GE0015373<\/td><td>GE0015336<\/td><\/tr><tr><td><strong>\u00c1REA POLIC\u00cdA<\/strong><\/td><td>\u00a0<\/td><td>\u00a0<\/td><td>\u00a0<\/td><\/tr><tr><td>Polic\u00eda local (administraci\u00f3n)<\/td><td>GE0015007<\/td><td>GE0015374<\/td><td>GE0015337<\/td><\/tr><tr><td><strong>\u00c1REA PROYECTOS E INFRAESTRUCTURAS<\/strong><\/td><td>\u00a0<\/td><td>\u00a0<\/td><td>\u00a0<\/td><\/tr><tr><td>Almac\u00e9n colegios<\/td><td>GE0015007<\/td><td>GE0015375<\/td><td>GE0015338<\/td><\/tr><tr><td>Alumbrado p\u00fablico<\/td><td>GE0015007<\/td><td>GE0015375<\/td><td>GE0015339<\/td><\/tr><tr><td>Infraestructuras (oficina t\u00e9cnica)<\/td><td>GE0015007<\/td><td>GE0015375<\/td><td>GE0015340<\/td><\/tr><tr><td>Obras municipales (almac\u00e9n obras)<\/td><td>GE0015007<\/td><td>GE0015375<\/td><td>GE0015342<\/td><\/tr><tr><td>Proyectos (oficina t\u00e9cnica)<\/td><td>GE0015007<\/td><td>GE0015375<\/td><td>GE0015343<\/td><\/tr><tr><td>Energ\u00eda el\u00e9ctrica, telefon\u00eda, gas&#8230;<\/td><td>GE0015007<\/td><td>GE0015375<\/td><td>GE0015359<\/td><\/tr><tr><td><strong>\u00c1REA SECRETAR\u00cdA<\/strong><\/td><td>\u00a0<\/td><td>\u00a0<\/td><td>\u00a0<\/td><\/tr><tr><td>Archivo municipal<\/td><td>GE0015007<\/td><td>GE0015376<\/td><td>GE0015344<\/td><\/tr><tr><td>Asesoramiento jur\u00eddico<\/td><td>GE0015007<\/td><td>GE0015376<\/td><td>GE0015345<\/td><\/tr><tr><td>Inform\u00e1tica<\/td><td>GE0015007<\/td><td>GE0015376<\/td><td>GE0014264<\/td><\/tr><tr><td>La CLAU<\/td><td>GE0015007<\/td><td>GE0015376<\/td><td>GE0015348<\/td><\/tr><tr><td>Modernizaci\u00f3n<\/td><td>GE0015007<\/td><td>GE0015376<\/td><td>GE0014265<\/td><\/tr><tr><td>OMIC<\/td><td>GE0015007<\/td><td>GE0015376<\/td><td>GE0015349<\/td><\/tr><tr><td>Sanitat<\/td><td>GE0015007<\/td><td>GE0015376<\/td><td>GE0015353<\/td><\/tr><tr><td>Secretar\u00eda (Patrimonio, seguros)<\/td><td>GE0015007<\/td><td>GE0015376<\/td><td>GE0015008<\/td><\/tr><tr><td>SERVAL<\/td><td>GE0015007<\/td><td>GE0015376<\/td><td>GE0015354<\/td><\/tr><tr><td>Servicios p\u00fablicos<\/td><td>GE0015007<\/td><td>GE0015376<\/td><td>GE0015355<\/td><\/tr><tr><td>Subalternos<\/td><td>GE0015007<\/td><td>GE0015376<\/td><td>GE0015356<\/td><\/tr><tr><td>Cementerio municipal<\/td><td>GE0015007<\/td><td>GE0015376<\/td><td>GE0015357<\/td><\/tr><tr><td>Limpieza<\/td><td>GE0015007<\/td><td>GE0015376<\/td><td>GE0015358<\/td><\/tr><tr><td><strong>\u00c1REA SERVICIOS SOCIALES E INNOVACI\u00d3N<\/strong><\/td><td>\u00a0<\/td><td>\u00a0<\/td><td>\u00a0<\/td><\/tr><tr><td>ASS (acci\u00f3n social)<\/td><td>GE0015007<\/td><td>GE0015377<\/td><td>GE0015360<\/td><\/tr><tr><td>ASS Residencias<\/td><td>GE0015007<\/td><td>GE0015377<\/td><td>GE0015361<\/td><\/tr><tr><td>ASS Igualdad<\/td><td>GE0015007<\/td><td>GE0015377<\/td><td>GE0015362<\/td><\/tr><tr><td><strong>\u00c1REA ECON\u00d3MICA<\/strong><\/td><td>\u00a0<\/td><td>\u00a0<\/td><td>\u00a0<\/td><\/tr><tr><td>Gesti\u00f3n Tributaria<\/td><td>GE0015007<\/td><td>GE0015378<\/td><td>GE0015363<\/td><\/tr><tr><td>Intervenci\u00f3n<\/td><td>GE0015007<\/td><td>GE0015378<\/td><td>GE0015007<\/td><\/tr><tr><td>Recaudaci\u00f3n<\/td><td>GE0015007<\/td><td>GE0015378<\/td><td>GE0015364<\/td><\/tr><tr><td>Tesorer\u00eda<\/td><td>GE0015007<\/td><td>GE0015378<\/td><td>GE0015365<\/td><\/tr><tr><td><strong>\u00c1REA GESTI\u00d3N DEL TERRITORIO<\/strong><\/td><td>\u00a0<\/td><td>\u00a0<\/td><td>\u00a0<\/td><\/tr><tr><td>Disciplina urban\u00edstica<\/td><td>GE0015007<\/td><td>GE0015379<\/td><td>GE0015366<\/td><\/tr><tr><td>Medio Ambiente<\/td><td>GE0015007<\/td><td>GE0015379<\/td><td>GE0015367<\/td><\/tr><tr><td>Agricultura<\/td><td>GE0015007<\/td><td>GE0015379<\/td><td>GE0015368<\/td><\/tr><\/tbody><\/table><\/figure>\n","protected":false},"excerpt":{"rendered":"<p>FACe es el Punto General de Entrada de Facturas de la Administraci\u00f3n General del Estado. Permite la remisi\u00f3n de facturas en formato electr\u00f3nico a aquellos organismos de las administraciones que acepten la recepci\u00f3n de facturas en formato electr\u00f3nico y que est\u00e9n dadas de alta en el sistema. El DIR3 es el Directorio de Unidades Org\u00e1nicas &hellip; <\/p>\n<p class=\"link-more\"><a href=\"https:\/\/alzira.es\/es\/servicios-municipales\/economia-y-recaudacion\/punto-general-de-entrada-de-facturas-face\/\" class=\"more-link\">Continuar leyendo<span class=\"screen-reader-text\"> \u00abPunto General de Entrada de Facturas (FACe)\u00bb<\/span><\/a><\/p>\n","protected":false},"author":145,"featured_media":0,"parent":84774,"menu_order":0,"comment_status":"closed","ping_status":"closed","template":"","meta":{"_acf_changed":false,"footnotes":""},"class_list":["post-84998","page","type-page","status-publish","hentry"],"acf":[],"_links":{"self":[{"href":"https:\/\/alzira.es\/es\/wp-json\/wp\/v2\/pages\/84998","targetHints":{"allow":["GET"]}}],"collection":[{"href":"https:\/\/alzira.es\/es\/wp-json\/wp\/v2\/pages"}],"about":[{"href":"https:\/\/alzira.es\/es\/wp-json\/wp\/v2\/types\/page"}],"author":[{"embeddable":true,"href":"https:\/\/alzira.es\/es\/wp-json\/wp\/v2\/users\/145"}],"replies":[{"embeddable":true,"href":"https:\/\/alzira.es\/es\/wp-json\/wp\/v2\/comments?post=84998"}],"version-history":[{"count":1,"href":"https:\/\/alzira.es\/es\/wp-json\/wp\/v2\/pages\/84998\/revisions"}],"predecessor-version":[{"id":84999,"href":"https:\/\/alzira.es\/es\/wp-json\/wp\/v2\/pages\/84998\/revisions\/84999"}],"up":[{"embeddable":true,"href":"https:\/\/alzira.es\/es\/wp-json\/wp\/v2\/pages\/84774"}],"wp:attachment":[{"href":"https:\/\/alzira.es\/es\/wp-json\/wp\/v2\/media?parent=84998"}],"curies":[{"name":"wp","href":"https:\/\/api.w.org\/{rel}","templated":true}]}}