{"id":84916,"date":"2021-08-28T20:34:23","date_gmt":"2021-08-28T18:34:23","guid":{"rendered":"https:\/\/alzira.es\/?page_id=84916"},"modified":"2022-01-17T12:58:12","modified_gmt":"2022-01-17T11:58:12","slug":"cuenta-general-2020-cas-no","status":"publish","type":"page","link":"https:\/\/alzira.es\/es\/servicios-municipales\/economia-y-recaudacion\/intervencion-cas-no\/cuenta-general-cas-no\/cuenta-general-2020-cas-no\/","title":{"rendered":"Cuenta general 2020-cas-no"},"content":{"rendered":"<table style=\"margin-left: -3.6pt; border-collapse: collapse; width: 600px;\" border=\"1\" cellspacing=\"0\" cellpadding=\"0\">\n<tbody>\n<tr>\n<td style=\"border-width: 1pt 1pt 1pt medium; border-style: solid solid solid none; border-color: windowtext windowtext windowtext -moz-use-text-color; padding: 0cm 3.5pt;\">\n<p style=\"text-align: left;\" align=\"left\"><strong><span style=\"font-size: 10pt;\">Cuenta general. Tramitaci\u00f3n<\/span><\/strong><\/p>\n<\/td>\n<\/tr>\n<tr>\n<td style=\"border-width: medium 1pt 1pt medium; border-style: none solid solid none; border-color: -moz-use-text-color windowtext windowtext -moz-use-text-color; padding: 0cm 3.5pt;\"><\/td>\n<\/tr>\n<tr>\n<td style=\"border-width: medium 1pt 1pt medium; border-style: none solid solid none; border-color: -moz-use-text-color windowtext windowtext -moz-use-text-color; padding: 0cm 3.5pt;\">\n<p style=\"text-align: left;\" align=\"left\"><a href=\"https:\/\/alzira.es\/wp-content\/uploads\/2021\/08\/Informe_intervencio_compte_general_2020.pdf\" target=\"_blank\" rel=\"noopener\" data-wplink-edit=\"true\"><span style=\"font-size: 10pt;\">Formaci\u00f3n Cuenta general<\/span><\/a><\/p>\n<\/td>\n<\/tr>\n<tr>\n<td style=\"border-width: medium 1pt 1pt medium; border-style: none solid solid none; border-color: -moz-use-text-color windowtext windowtext -moz-use-text-color; padding: 0cm 3.5pt;\">\n<p style=\"text-align: left;\" align=\"left\"><a href=\"https:\/\/alzira.es\/wp-content\/uploads\/2021\/08\/0630d1413_Rendicio_compte_general_2020.pdf\" target=\"_blank\" rel=\"noopener\"><span style=\"font-size: 10pt;\">Decreto Alcald\u00eda n\u00famero 1413\/21 rendici\u00f3n cuentas<\/span><\/a><\/p>\n<\/td>\n<\/tr>\n<tr>\n<td style=\"border-width: medium 1pt 1pt medium; border-style: none solid solid none; border-color: -moz-use-text-color windowtext windowtext -moz-use-text-color; padding: 0cm 3.5pt;\">\n<p style=\"text-align: left;\" align=\"left\"><span style=\"font-size: 10pt;\">Dictamen Comisi\u00f3n Especial de Cuentas<\/span><\/p>\n<\/td>\n<\/tr>\n<tr>\n<td style=\"border-width: medium 1pt 1pt medium; border-style: none solid solid none; border-color: -moz-use-text-color windowtext windowtext -moz-use-text-color; padding: 0cm 3.5pt;\">\n<p style=\"text-align: left;\" align=\"left\"><a href=\"https:\/\/alzira.es\/wp-content\/uploads\/2021\/08\/Edicte_compte_general_2020.pdf\" target=\"_blank\" rel=\"noopener\"><span style=\"font-size: 10pt;\">Edicto Cuenta general<\/span><\/a><\/p>\n<\/td>\n<\/tr>\n<tr>\n<td style=\"border-width: medium 1pt 1pt medium; border-style: none solid solid none; border-color: -moz-use-text-color windowtext windowtext -moz-use-text-color; padding: 0cm 3.5pt;\">\n<p style=\"text-align: left;\" align=\"left\"><a href=\"https:\/\/alzira.es\/wp-content\/uploads\/2021\/08\/exposicio_publica_bop.pdf\" target=\"_blank\" rel=\"noopener\"><span style=\"font-size: 10pt;\">Exposici\u00f3n p\u00fablica Cuenta general<\/span><\/a><\/p>\n<\/td>\n<\/tr>\n<tr>\n<td style=\"border-width: medium 1pt 1pt medium; border-style: none solid solid none; border-color: -moz-use-text-color windowtext windowtext -moz-use-text-color; padding: 0cm 3.5pt;\">\n<p style=\"text-align: left;\" align=\"left\"><span style=\"font-size: 10pt;\">Hago constar no reclamaciones<\/span><\/p>\n<\/td>\n<\/tr>\n<tr>\n<td style=\"border-width: medium 1pt 1pt medium; border-style: none solid solid none; border-color: -moz-use-text-color windowtext windowtext -moz-use-text-color; padding: 0cm 3.5pt;\">\n<p style=\"text-align: left;\" align=\"left\"><span style=\"font-size: 10pt;\">Acuerdo Pleno aprobaci\u00f3n Cuenta general<\/span><\/p>\n<\/td>\n<\/tr>\n<tr>\n<td style=\"border-width: medium 1pt 1pt medium; border-style: none solid solid none; border-color: -moz-use-text-color windowtext windowtext -moz-use-text-color; padding: 0cm 3.5pt;\">\n<p style=\"text-align: left;\" align=\"left\"><span style=\"font-size: 10pt;\"><span style=\"font-size: 10pt;\">R<\/span><span style=\"font-size: 10pt;\">emisi\u00f3n Conselleria de Hacienda y Modelo Econ\u00f3mico<\/span><\/span><\/p>\n<\/td>\n<\/tr>\n<tr>\n<td style=\"border-width: medium 1pt 1pt medium; border-style: none solid solid none; border-color: -moz-use-text-color windowtext windowtext -moz-use-text-color; padding: 0cm 3.5pt;\">\n<p style=\"text-align: left;\" align=\"left\"><span style=\"font-size: 10pt;\">Remisi\u00f3n Delegaci\u00f3n de Econom\u00eda y Hacienda<\/span><\/p>\n<\/td>\n<\/tr>\n<tr>\n<td style=\"border-width: medium 1pt 1pt medium; border-style: none solid solid none; border-color: -moz-use-text-color windowtext windowtext -moz-use-text-color; padding: 0cm 3.5pt;\">\n<p style=\"text-align: left;\" align=\"left\"><span style=\"font-size: 10pt;\">Rendici\u00f3n cuenta general Sindicatura de Comptes<\/span><\/p>\n<\/td>\n<\/tr>\n<tr>\n<td style=\"border-width: medium 1pt 1pt medium; border-style: none solid solid none; border-color: -moz-use-text-color windowtext windowtext -moz-use-text-color; padding: 0cm 3.5pt;\"><\/td>\n<\/tr>\n<tr>\n<td style=\"border-width: medium 1pt 1pt medium; border-style: none solid solid none; border-color: -moz-use-text-color windowtext windowtext -moz-use-text-color; padding: 0cm 3.5pt;\">\n<p style=\"text-align: left;\" align=\"left\"><strong><span style=\"font-size: 10pt;\">Cuenta general. Estados contables<\/span><\/strong><\/p>\n<\/td>\n<\/tr>\n<tr>\n<td style=\"border-width: medium 1pt 1pt medium; border-style: none solid solid none; border-color: -moz-use-text-color windowtext windowtext -moz-use-text-color; padding: 0cm 3.5pt;\"><\/td>\n<\/tr>\n<tr>\n<td style=\"border-width: medium 1pt 1pt medium; border-style: none solid solid none; border-color: -moz-use-text-color windowtext windowtext -moz-use-text-color; padding: 0cm 3.5pt;\">\n<p style=\"text-align: left;\" align=\"left\"><a href=\"https:\/\/alzira.es\/wp-content\/uploads\/2021\/08\/01_Balance-de-situacion-a-31_12_2020_Ayuntamiento.pdf\" target=\"_blank\" rel=\"noopener\"><span style=\"font-size: 10pt;\">1 Balance de situaci\u00f3n<\/span><\/a><\/p>\n<\/td>\n<\/tr>\n<tr>\n<td style=\"border-width: medium 1pt 1pt medium; border-style: none solid solid none; border-color: -moz-use-text-color windowtext windowtext -moz-use-text-color; padding: 0cm 3.5pt;\">\n<p style=\"text-align: left;\" align=\"left\"><a href=\"https:\/\/alzira.es\/wp-content\/uploads\/2021\/08\/02_Cuenta-resultado-economico-patrimonial_Ayuntamiento.pdf\" target=\"_blank\" rel=\"noopener\"><span style=\"font-size: 10pt;\">2 Cuenta de resultado econ\u00f3mico-patrimonial<\/span><\/a><\/p>\n<\/td>\n<\/tr>\n<tr>\n<td style=\"border-width: medium 1pt 1pt medium; border-style: none solid solid none; border-color: -moz-use-text-color windowtext windowtext -moz-use-text-color; padding: 0cm 3.5pt;\">\n<p style=\"text-align: left;\" align=\"left\"><a href=\"https:\/\/alzira.es\/wp-content\/uploads\/2021\/08\/03_1_Estado-de-cambios-en-el-patrimonio-neto_Ayuntamiento.pdf\" target=\"_blank\" rel=\"noopener\"><span style=\"font-size: 10pt;\">3.1 Estado de cambios en el patrimonio neto 01<\/span><\/a><\/p>\n<\/td>\n<\/tr>\n<tr>\n<td style=\"border-width: medium 1pt 1pt medium; border-style: none solid solid none; border-color: -moz-use-text-color windowtext windowtext -moz-use-text-color; padding: 0cm 3.5pt;\">\n<p style=\"text-align: left;\" align=\"left\"><a href=\"https:\/\/alzira.es\/wp-content\/uploads\/2021\/08\/03_2_Estado-de-cambios-en-el-patrimonio-neto.pdf\" target=\"_blank\" rel=\"noopener\"><span style=\"font-size: 10pt;\">3.2 Estado de cambios en el patrimonio neto 02<\/span><\/a><\/p>\n<\/td>\n<\/tr>\n<tr>\n<td style=\"border-width: medium 1pt 1pt medium; border-style: none solid solid none; border-color: -moz-use-text-color windowtext windowtext -moz-use-text-color; padding: 0cm 3.5pt;\">\n<p style=\"text-align: left;\" align=\"left\"><a href=\"https:\/\/alzira.es\/wp-content\/uploads\/2021\/08\/03_3_Estado-de-cambios-en-el-patrimonio-neto.pdf\" target=\"_blank\" rel=\"noopener\"><span style=\"font-size: 10pt;\">3.3 Estado de cambios en el patrimonio neto 03<\/span><\/a><\/p>\n<\/td>\n<\/tr>\n<tr>\n<td style=\"border-width: medium 1pt 1pt medium; border-style: none solid solid none; border-color: -moz-use-text-color windowtext windowtext -moz-use-text-color; padding: 0cm 3.5pt;\">\n<p style=\"text-align: left;\" align=\"left\"><a href=\"https:\/\/alzira.es\/wp-content\/uploads\/2021\/08\/03_4_Estado-de-cambios-en-el-patrimonio-neto.pdf\" target=\"_blank\" rel=\"noopener\"><span style=\"font-size: 10pt;\">3.4 Estado de cambios en el patrimonio neto 04<\/span><\/a><\/p>\n<\/td>\n<\/tr>\n<tr>\n<td style=\"border-width: medium 1pt 1pt medium; border-style: none solid solid none; border-color: -moz-use-text-color windowtext windowtext -moz-use-text-color; padding: 0cm 3.5pt;\">\n<p style=\"text-align: left;\" align=\"left\"><span style=\"font-family: arial, helvetica, sans-serif; font-size: 10pt;\"><a href=\"https:\/\/alzira.es\/wp-content\/uploads\/2021\/08\/04_Estado-de-flujos-de-efectivo_Ayuntamiento.pdf\" target=\"_blank\" rel=\"noopener\">4 Estado de flujos de efectivo<\/a><\/span><\/p>\n<\/td>\n<\/tr>\n<tr>\n<td style=\"border-width: medium 1pt 1pt medium; border-style: none solid solid none; border-color: -moz-use-text-color windowtext windowtext -moz-use-text-color; padding: 0cm 3.5pt;\">\n<p style=\"text-align: left;\" align=\"left\"><span style=\"font-family: arial, helvetica, sans-serif; font-size: 10pt;\"><a href=\"https:\/\/alzira.es\/wp-content\/uploads\/2021\/08\/05_1_Liquidacion-estado-de-gastos_Ayuntamiento.pdf\" target=\"_blank\" rel=\"noopener\">5.1 Liquidaci\u00f3n del estado de gastos<\/a><\/span><\/p>\n<\/td>\n<\/tr>\n<tr>\n<td style=\"border-width: medium 1pt 1pt medium; border-style: none solid solid none; border-color: -moz-use-text-color windowtext windowtext -moz-use-text-color; padding: 0cm 3.5pt;\">\n<p style=\"text-align: left;\" align=\"left\"><span style=\"font-family: arial, helvetica, sans-serif; font-size: 10pt;\"><a href=\"https:\/\/alzira.es\/wp-content\/uploads\/2021\/08\/05_2_Liquidacion-estado-de-gastos.pdf\" target=\"_blank\" rel=\"noopener\">5.2 Liquidaci\u00f3n del estado de gastos<\/a><\/span><\/p>\n<\/td>\n<\/tr>\n<tr>\n<td style=\"border-width: medium 1pt 1pt medium; border-style: none solid solid none; border-color: -moz-use-text-color windowtext windowtext -moz-use-text-color; padding: 0cm 3.5pt;\">\n<p style=\"text-align: left;\" align=\"left\"><span style=\"font-family: arial, helvetica, sans-serif; font-size: 10pt;\"><a href=\"https:\/\/alzira.es\/wp-content\/uploads\/2021\/08\/05_3_Liquidacion-estado-de-gastos.pdf\" target=\"_blank\" rel=\"noopener\">5.3 Liquidaci\u00f3n del esado de gastos<\/a><\/span><\/p>\n<\/td>\n<\/tr>\n<tr>\n<td style=\"border-width: medium 1pt 1pt medium; border-style: none solid solid none; border-color: -moz-use-text-color windowtext windowtext -moz-use-text-color; padding: 0cm 3.5pt;\">\n<p style=\"text-align: left;\" align=\"left\"><span style=\"font-family: arial, helvetica, sans-serif; font-size: 10pt;\"><a href=\"https:\/\/alzira.es\/wp-content\/uploads\/2021\/08\/05_4_Liquidacion-estado-de-gastos.pdf\" target=\"_blank\" rel=\"noopener\">5.4 Liquidaci\u00f3n del estado de gasto<\/a>s<\/span><\/p>\n<\/td>\n<\/tr>\n<tr>\n<td style=\"border-width: medium 1pt 1pt medium; border-style: none solid solid none; border-color: -moz-use-text-color windowtext windowtext -moz-use-text-color; padding: 0cm 3.5pt;\">\n<p style=\"text-align: left;\" align=\"left\"><span style=\"font-family: arial, helvetica, sans-serif; font-size: 10pt;\"><a href=\"https:\/\/alzira.es\/wp-content\/uploads\/2021\/08\/05_5_Liquidacion-estado-de-gastos.pdf\" target=\"_blank\" rel=\"noopener\">5.5 Liquidaci\u00f3n del estado de gastos<\/a><\/span><\/p>\n<\/td>\n<\/tr>\n<tr>\n<td style=\"border-width: medium 1pt 1pt medium; border-style: none solid solid none; border-color: -moz-use-text-color windowtext windowtext -moz-use-text-color; padding: 0cm 3.5pt;\">\n<p style=\"text-align: left;\" align=\"left\"><span style=\"font-family: arial, helvetica, sans-serif; font-size: 10pt;\"><a href=\"https:\/\/alzira.es\/wp-content\/uploads\/2021\/08\/05_6_Liquidacion-estado-de-gastos.pdf\" target=\"_blank\" rel=\"noopener\">5.6 Liquidaci\u00f3n del estado de gastos<\/a><\/span><\/p>\n<\/td>\n<\/tr>\n<tr>\n<td style=\"border-width: medium 1pt 1pt medium; border-style: none solid solid none; border-color: -moz-use-text-color windowtext windowtext -moz-use-text-color; padding: 0cm 3.5pt;\">\n<p style=\"text-align: left;\" align=\"left\"><span style=\"font-family: arial, helvetica, sans-serif; font-size: 10pt;\"><a href=\"https:\/\/alzira.es\/wp-content\/uploads\/2021\/08\/05_7_Liquidacion-estado-de-gastos.pdf\" target=\"_blank\" rel=\"noopener\">5.7 Liquidaci\u00f3n del estado de gastos<\/a><\/span><\/p>\n<\/td>\n<\/tr>\n<tr>\n<td style=\"border-width: medium 1pt 1pt medium; border-style: none solid solid none; border-color: -moz-use-text-color windowtext windowtext -moz-use-text-color; padding: 0cm 3.5pt;\">\n<p style=\"text-align: left;\" align=\"left\"><span style=\"font-family: arial, helvetica, sans-serif; font-size: 10pt;\"><a href=\"https:\/\/alzira.es\/wp-content\/uploads\/2021\/08\/05_8_Liquidacion-estado-de-gastos.pdf\" target=\"_blank\" rel=\"noopener\">5.8 Liquidaci\u00f3n del estado de gastos<\/a><\/span><\/p>\n<\/td>\n<\/tr>\n<tr>\n<td style=\"border-width: medium 1pt 1pt medium; border-style: none solid solid none; border-color: -moz-use-text-color windowtext windowtext -moz-use-text-color; padding: 0cm 3.5pt;\">\n<p style=\"text-align: left;\" align=\"left\"><span style=\"font-family: arial, helvetica, sans-serif; font-size: 10pt;\"><a href=\"https:\/\/alzira.es\/wp-content\/uploads\/2021\/08\/06_1_Liquidacion-estado-de-ingresos_Ayuntamiento.pdf\" target=\"_blank\" rel=\"noopener\">6.1&nbsp;Liquidaci\u00f3n del estado de ingresos<\/a><\/span><\/p>\n<\/td>\n<\/tr>\n<tr>\n<td style=\"border-width: medium 1pt 1pt medium; border-style: none solid solid none; border-color: -moz-use-text-color windowtext windowtext -moz-use-text-color; padding: 0cm 3.5pt;\">\n<p style=\"text-align: left;\" align=\"left\"><span style=\"font-family: arial, helvetica, sans-serif; font-size: 10pt;\"><a href=\"https:\/\/alzira.es\/wp-content\/uploads\/2021\/08\/06_2_Liquidacion-estado-de-ngresos.pdf\" target=\"_blank\" rel=\"noopener\">6.2 Liquidaci\u00f3n del estado de ingresos<\/a><\/span><\/p>\n<\/td>\n<\/tr>\n<tr>\n<td style=\"border-width: medium 1pt 1pt medium; border-style: none solid solid none; border-color: -moz-use-text-color windowtext windowtext -moz-use-text-color; padding: 0cm 3.5pt;\">\n<p style=\"text-align: left;\" align=\"left\"><a href=\"https:\/\/alzira.es\/wp-content\/uploads\/2021\/08\/07_Resultado-presupuestario_Ayuntamiento.pdf\" target=\"_blank\" rel=\"noopener\"><span style=\"font-size: 10pt;\">7 Resultado presupuestario<\/span><\/a><\/p>\n<\/td>\n<\/tr>\n<tr>\n<td style=\"border-width: medium 1pt 1pt medium; border-style: none solid solid none; border-color: -moz-use-text-color windowtext windowtext -moz-use-text-color; padding: 0cm 3.5pt;\"><\/td>\n<\/tr>\n<tr>\n<td style=\"border-width: medium 1pt 1pt medium; border-style: none solid solid none; border-color: -moz-use-text-color windowtext windowtext -moz-use-text-color; padding: 0cm 3.5pt;\">\n<p style=\"text-align: left;\" align=\"left\"><strong><span style=\"font-size: 10pt;\">8 <a href=\"https:\/\/alzira.es\/wp-content\/uploads\/2021\/08\/Memoria_2020.pdf\" target=\"_blank\" rel=\"noopener\">Cuenta general. Memoria<\/a><\/span><\/strong><\/p>\n<\/td>\n<\/tr>\n<tr>\n<td style=\"border-width: medium 1pt 1pt medium; border-style: none solid solid none; border-color: -moz-use-text-color windowtext windowtext -moz-use-text-color; padding: 0cm 3.5pt;\"><\/td>\n<\/tr>\n<\/tbody>\n<\/table>\n","protected":false},"excerpt":{"rendered":"<p>Cuenta general. Tramitaci\u00f3n Formaci\u00f3n Cuenta general Decreto Alcald\u00eda n\u00famero 1413\/21 rendici\u00f3n cuentas Dictamen Comisi\u00f3n Especial de Cuentas Edicto Cuenta general Exposici\u00f3n p\u00fablica Cuenta general Hago constar no reclamaciones Acuerdo Pleno aprobaci\u00f3n Cuenta general Remisi\u00f3n Conselleria de Hacienda y Modelo Econ\u00f3mico Remisi\u00f3n Delegaci\u00f3n de Econom\u00eda y Hacienda Rendici\u00f3n cuenta general Sindicatura de Comptes Cuenta general. Estados &hellip; <\/p>\n<p class=\"link-more\"><a href=\"https:\/\/alzira.es\/es\/servicios-municipales\/economia-y-recaudacion\/intervencion-cas-no\/cuenta-general-cas-no\/cuenta-general-2020-cas-no\/\" class=\"more-link\">Continuar leyendo<span class=\"screen-reader-text\"> \u00abCuenta general 2020-cas-no\u00bb<\/span><\/a><\/p>\n","protected":false},"author":145,"featured_media":0,"parent":8074,"menu_order":4,"comment_status":"closed","ping_status":"closed","template":"","meta":{"_acf_changed":false,"footnotes":""},"class_list":["post-84916","page","type-page","status-publish","hentry"],"acf":[],"_links":{"self":[{"href":"https:\/\/alzira.es\/es\/wp-json\/wp\/v2\/pages\/84916","targetHints":{"allow":["GET"]}}],"collection":[{"href":"https:\/\/alzira.es\/es\/wp-json\/wp\/v2\/pages"}],"about":[{"href":"https:\/\/alzira.es\/es\/wp-json\/wp\/v2\/types\/page"}],"author":[{"embeddable":true,"href":"https:\/\/alzira.es\/es\/wp-json\/wp\/v2\/users\/145"}],"replies":[{"embeddable":true,"href":"https:\/\/alzira.es\/es\/wp-json\/wp\/v2\/comments?post=84916"}],"version-history":[{"count":2,"href":"https:\/\/alzira.es\/es\/wp-json\/wp\/v2\/pages\/84916\/revisions"}],"predecessor-version":[{"id":111714,"href":"https:\/\/alzira.es\/es\/wp-json\/wp\/v2\/pages\/84916\/revisions\/111714"}],"up":[{"embeddable":true,"href":"https:\/\/alzira.es\/es\/wp-json\/wp\/v2\/pages\/8074"}],"wp:attachment":[{"href":"https:\/\/alzira.es\/es\/wp-json\/wp\/v2\/media?parent=84916"}],"curies":[{"name":"wp","href":"https:\/\/api.w.org\/{rel}","templated":true}]}}