{"id":84774,"date":"2021-08-28T13:03:24","date_gmt":"2021-08-28T11:03:24","guid":{"rendered":"https:\/\/alzira.es\/servicios-municipales\/economia-y-recaudacion\/"},"modified":"2023-10-23T08:21:09","modified_gmt":"2023-10-23T06:21:09","slug":"economia-y-recaudacion","status":"publish","type":"page","link":"https:\/\/alzira.es\/es\/servicios-municipales\/economia-y-recaudacion\/","title":{"rendered":"\u00c1rea econ\u00f3mica"},"content":{"rendered":"\t\t<div data-elementor-type=\"wp-page\" data-elementor-id=\"84774\" class=\"elementor elementor-84774 elementor-84771\">\n\t\t\t\t\t\t<section class=\"elementor-section elementor-top-section elementor-element elementor-element-5ee59f1 elementor-section-full_width iconosportadasec ajuntament elementor-section-height-default elementor-section-height-default\" data-id=\"5ee59f1\" data-element_type=\"section\">\n\t\t\t\t\t\t<div class=\"elementor-container elementor-column-gap-narrow\">\n\t\t\t\t\t<div class=\"elementor-column elementor-col-16 elementor-top-column elementor-element elementor-element-d660362\" data-id=\"d660362\" data-element_type=\"column\">\n\t\t\t<div class=\"elementor-widget-wrap\">\n\t\t\t\t\t\t\t<\/div>\n\t\t<\/div>\n\t\t\t\t<div class=\"elementor-column elementor-col-16 elementor-top-column elementor-element elementor-element-430cd79\" data-id=\"430cd79\" data-element_type=\"column\">\n\t\t\t<div class=\"elementor-widget-wrap elementor-element-populated\">\n\t\t\t\t\t\t<div class=\"elementor-element elementor-element-79ca6dd elementor-widget elementor-widget-image\" data-id=\"79ca6dd\" data-element_type=\"widget\" data-widget_type=\"image.default\">\n\t\t\t\t<div class=\"elementor-widget-container\">\n\t\t\t\t\t\t\t\t\t\t\t\t\t\t\t\t<a href=\"https:\/\/alzira.es\/serveis-municipals\/economia-i-recaptacio\/intervencio\/\">\n\t\t\t\t\t\t\t<img fetchpriority=\"high\" decoding=\"async\" width=\"605\" height=\"533\" src=\"https:\/\/alzira.es\/wp-content\/uploads\/2022\/01\/fsdfasdf.png\" class=\"attachment-full size-full wp-image-109896\" alt=\"\" srcset=\"https:\/\/alzira.es\/wp-content\/uploads\/2022\/01\/fsdfasdf.png 605w, https:\/\/alzira.es\/wp-content\/uploads\/2022\/01\/fsdfasdf-579x510.png 579w\" sizes=\"100vw\" \/>\t\t\t\t\t\t\t\t<\/a>\n\t\t\t\t\t\t\t\t\t\t\t\t\t\t\t<\/div>\n\t\t\t\t<\/div>\n\t\t\t\t<div class=\"elementor-element elementor-element-1bf65a4 elementor-widget elementor-widget-heading\" data-id=\"1bf65a4\" data-element_type=\"widget\" data-widget_type=\"heading.default\">\n\t\t\t\t<div class=\"elementor-widget-container\">\n\t\t\t\t\t<h5 class=\"elementor-heading-title elementor-size-default\"><a href=\"https:\/\/alzira.es\/serveis-municipals\/economia-i-recaptacio\/intervencio\/\">Intervenci\u00f3n<\/a><\/h5>\t\t\t\t<\/div>\n\t\t\t\t<\/div>\n\t\t\t\t\t<\/div>\n\t\t<\/div>\n\t\t\t\t<div class=\"elementor-column elementor-col-16 elementor-top-column elementor-element elementor-element-2311d68\" data-id=\"2311d68\" data-element_type=\"column\">\n\t\t\t<div class=\"elementor-widget-wrap elementor-element-populated\">\n\t\t\t\t\t\t<div class=\"elementor-element elementor-element-d3dc69d elementor-widget elementor-widget-image\" data-id=\"d3dc69d\" data-element_type=\"widget\" data-widget_type=\"image.default\">\n\t\t\t\t<div class=\"elementor-widget-container\">\n\t\t\t\t\t\t\t\t\t\t\t\t\t\t\t\t<a href=\"https:\/\/alzira.es\/serveis-municipals\/economia-i-recaptacio\/serveis-de-recaptacio\/\">\n\t\t\t\t\t\t\t<img decoding=\"async\" width=\"605\" height=\"533\" data-src=\"https:\/\/alzira.es\/wp-content\/uploads\/2022\/01\/asfasfas.png\" class=\"attachment-full size-full wp-image-109927 lazyload\" alt=\"\" data-srcset=\"https:\/\/alzira.es\/wp-content\/uploads\/2022\/01\/asfasfas.png 605w, https:\/\/alzira.es\/wp-content\/uploads\/2022\/01\/asfasfas-579x510.png 579w\" data-sizes=\"100vw\" src=\"data:image\/svg+xml;base64,PHN2ZyB3aWR0aD0iMSIgaGVpZ2h0PSIxIiB4bWxucz0iaHR0cDovL3d3dy53My5vcmcvMjAwMC9zdmciPjwvc3ZnPg==\" style=\"--smush-placeholder-width: 605px; --smush-placeholder-aspect-ratio: 605\/533;\" \/>\t\t\t\t\t\t\t\t<\/a>\n\t\t\t\t\t\t\t\t\t\t\t\t\t\t\t<\/div>\n\t\t\t\t<\/div>\n\t\t\t\t<div class=\"elementor-element elementor-element-9fcbe2d elementor-widget elementor-widget-heading\" data-id=\"9fcbe2d\" data-element_type=\"widget\" data-widget_type=\"heading.default\">\n\t\t\t\t<div class=\"elementor-widget-container\">\n\t\t\t\t\t<h5 class=\"elementor-heading-title elementor-size-default\"><a href=\"https:\/\/alzira.es\/serveis-municipals\/economia-i-recaptacio\/serveis-de-recaptacio\/\">Recaudaci\u00f3n<\/a><\/h5>\t\t\t\t<\/div>\n\t\t\t\t<\/div>\n\t\t\t\t\t<\/div>\n\t\t<\/div>\n\t\t\t\t<div class=\"elementor-column elementor-col-16 elementor-top-column elementor-element elementor-element-229844d\" data-id=\"229844d\" data-element_type=\"column\">\n\t\t\t<div class=\"elementor-widget-wrap elementor-element-populated\">\n\t\t\t\t\t\t<div class=\"elementor-element elementor-element-f827948 elementor-widget elementor-widget-image\" data-id=\"f827948\" data-element_type=\"widget\" data-widget_type=\"image.default\">\n\t\t\t\t<div class=\"elementor-widget-container\">\n\t\t\t\t\t\t\t\t\t\t\t\t\t\t\t\t<a href=\"https:\/\/alzira.es\/serveis-municipals\/economia-i-recaptacio\/tresoreria\/\">\n\t\t\t\t\t\t\t<img decoding=\"async\" width=\"605\" height=\"533\" data-src=\"https:\/\/alzira.es\/wp-content\/uploads\/2021\/12\/Recurso-10-1-e1641889958947.png\" class=\"attachment-full size-full wp-image-108603 lazyload\" alt=\"\" data-sizes=\"100vw\" src=\"data:image\/svg+xml;base64,PHN2ZyB3aWR0aD0iMSIgaGVpZ2h0PSIxIiB4bWxucz0iaHR0cDovL3d3dy53My5vcmcvMjAwMC9zdmciPjwvc3ZnPg==\" style=\"--smush-placeholder-width: 605px; --smush-placeholder-aspect-ratio: 605\/533;\" \/>\t\t\t\t\t\t\t\t<\/a>\n\t\t\t\t\t\t\t\t\t\t\t\t\t\t\t<\/div>\n\t\t\t\t<\/div>\n\t\t\t\t<div class=\"elementor-element elementor-element-25ff07f elementor-widget elementor-widget-heading\" data-id=\"25ff07f\" data-element_type=\"widget\" data-widget_type=\"heading.default\">\n\t\t\t\t<div class=\"elementor-widget-container\">\n\t\t\t\t\t<h5 class=\"elementor-heading-title elementor-size-default\"><a href=\"https:\/\/alzira.es\/serveis-municipals\/economia-i-recaptacio\/tresoreria\/\">Tesorer\u00eda<\/a><\/h5>\t\t\t\t<\/div>\n\t\t\t\t<\/div>\n\t\t\t\t\t<\/div>\n\t\t<\/div>\n\t\t\t\t<div class=\"elementor-column elementor-col-16 elementor-top-column elementor-element elementor-element-37902fd\" data-id=\"37902fd\" data-element_type=\"column\">\n\t\t\t<div class=\"elementor-widget-wrap elementor-element-populated\">\n\t\t\t\t\t\t<div class=\"elementor-element elementor-element-2d32487 elementor-widget elementor-widget-image\" data-id=\"2d32487\" data-element_type=\"widget\" data-widget_type=\"image.default\">\n\t\t\t\t<div class=\"elementor-widget-container\">\n\t\t\t\t\t\t\t\t\t\t\t\t\t\t\t\t<a href=\"https:\/\/alzira.es\/serveis-municipals\/economia-i-recaptacio\/gestio-tributaria\/\">\n\t\t\t\t\t\t\t<img decoding=\"async\" width=\"605\" height=\"533\" data-src=\"https:\/\/alzira.es\/wp-content\/uploads\/2022\/01\/dsadssd.png\" class=\"attachment-full size-full wp-image-109925 lazyload\" alt=\"\" data-srcset=\"https:\/\/alzira.es\/wp-content\/uploads\/2022\/01\/dsadssd.png 605w, https:\/\/alzira.es\/wp-content\/uploads\/2022\/01\/dsadssd-579x510.png 579w\" data-sizes=\"100vw\" src=\"data:image\/svg+xml;base64,PHN2ZyB3aWR0aD0iMSIgaGVpZ2h0PSIxIiB4bWxucz0iaHR0cDovL3d3dy53My5vcmcvMjAwMC9zdmciPjwvc3ZnPg==\" style=\"--smush-placeholder-width: 605px; --smush-placeholder-aspect-ratio: 605\/533;\" \/>\t\t\t\t\t\t\t\t<\/a>\n\t\t\t\t\t\t\t\t\t\t\t\t\t\t\t<\/div>\n\t\t\t\t<\/div>\n\t\t\t\t<div class=\"elementor-element elementor-element-7aa0e4c elementor-widget elementor-widget-heading\" data-id=\"7aa0e4c\" data-element_type=\"widget\" data-widget_type=\"heading.default\">\n\t\t\t\t<div class=\"elementor-widget-container\">\n\t\t\t\t\t<h5 class=\"elementor-heading-title elementor-size-default\"><a href=\"https:\/\/alzira.es\/serveis-municipals\/economia-i-recaptacio\/gestio-tributaria\/\">Gesti\u00f3n Tribut\u00e1ria<\/a><\/h5>\t\t\t\t<\/div>\n\t\t\t\t<\/div>\n\t\t\t\t\t<\/div>\n\t\t<\/div>\n\t\t\t\t<div class=\"elementor-column elementor-col-16 elementor-top-column elementor-element elementor-element-819eb72\" data-id=\"819eb72\" data-element_type=\"column\">\n\t\t\t<div class=\"elementor-widget-wrap\">\n\t\t\t\t\t\t\t<\/div>\n\t\t<\/div>\n\t\t\t\t\t<\/div>\n\t\t<\/section>\n\t\t\t\t<section class=\"elementor-section elementor-top-section elementor-element elementor-element-eed00e7 elementor-section-full_width iconosportadasec ajuntament elementor-section-height-default elementor-section-height-default\" data-id=\"eed00e7\" data-element_type=\"section\">\n\t\t\t\t\t\t<div class=\"elementor-container elementor-column-gap-narrow\">\n\t\t\t\t\t<div class=\"elementor-column elementor-col-16 elementor-top-column elementor-element elementor-element-c725952\" data-id=\"c725952\" data-element_type=\"column\">\n\t\t\t<div class=\"elementor-widget-wrap\">\n\t\t\t\t\t\t\t<\/div>\n\t\t<\/div>\n\t\t\t\t<div class=\"elementor-column elementor-col-16 elementor-top-column elementor-element elementor-element-4bf8c8c\" data-id=\"4bf8c8c\" data-element_type=\"column\">\n\t\t\t<div class=\"elementor-widget-wrap\">\n\t\t\t\t\t\t\t<\/div>\n\t\t<\/div>\n\t\t\t\t<div class=\"elementor-column elementor-col-16 elementor-top-column elementor-element elementor-element-b8bc686\" data-id=\"b8bc686\" data-element_type=\"column\">\n\t\t\t<div class=\"elementor-widget-wrap elementor-element-populated\">\n\t\t\t\t\t\t<div class=\"elementor-element elementor-element-a0fbe8a elementor-widget elementor-widget-image\" data-id=\"a0fbe8a\" data-element_type=\"widget\" data-widget_type=\"image.default\">\n\t\t\t\t<div class=\"elementor-widget-container\">\n\t\t\t\t\t\t\t\t\t\t\t\t\t\t\t\t<a href=\"https:\/\/alzira.es\/es\/servicios-municipales\/economia-y-recaudacion\/normativa-en-tramitacion\/\">\n\t\t\t\t\t\t\t<img decoding=\"async\" width=\"605\" height=\"533\" data-src=\"https:\/\/alzira.es\/wp-content\/uploads\/2021\/12\/Recurso-12.png\" class=\"attachment-full size-full wp-image-108631 lazyload\" alt=\"\" data-srcset=\"https:\/\/alzira.es\/wp-content\/uploads\/2021\/12\/Recurso-12.png 605w, https:\/\/alzira.es\/wp-content\/uploads\/2021\/12\/Recurso-12-579x510.png 579w\" data-sizes=\"100vw\" src=\"data:image\/svg+xml;base64,PHN2ZyB3aWR0aD0iMSIgaGVpZ2h0PSIxIiB4bWxucz0iaHR0cDovL3d3dy53My5vcmcvMjAwMC9zdmciPjwvc3ZnPg==\" style=\"--smush-placeholder-width: 605px; --smush-placeholder-aspect-ratio: 605\/533;\" \/>\t\t\t\t\t\t\t\t<\/a>\n\t\t\t\t\t\t\t\t\t\t\t\t\t\t\t<\/div>\n\t\t\t\t<\/div>\n\t\t\t\t<div class=\"elementor-element elementor-element-42bd42b elementor-widget elementor-widget-heading\" data-id=\"42bd42b\" data-element_type=\"widget\" data-widget_type=\"heading.default\">\n\t\t\t\t<div class=\"elementor-widget-container\">\n\t\t\t\t\t<h5 class=\"elementor-heading-title elementor-size-default\"><a href=\"https:\/\/alzira.es\/es\/servicios-municipales\/economia-y-recaudacion\/normativa-en-tramitacion\/\">Normativa en tramitaci\u00f3n<\/a><\/h5>\t\t\t\t<\/div>\n\t\t\t\t<\/div>\n\t\t\t\t\t<\/div>\n\t\t<\/div>\n\t\t\t\t<div class=\"elementor-column elementor-col-16 elementor-top-column elementor-element elementor-element-8bb0c4d\" data-id=\"8bb0c4d\" data-element_type=\"column\">\n\t\t\t<div class=\"elementor-widget-wrap elementor-element-populated\">\n\t\t\t\t\t\t<div class=\"elementor-element elementor-element-64255b5 elementor-widget elementor-widget-image\" data-id=\"64255b5\" data-element_type=\"widget\" data-widget_type=\"image.default\">\n\t\t\t\t<div class=\"elementor-widget-container\">\n\t\t\t\t\t\t\t\t\t\t\t\t\t\t\t\t<a href=\"https:\/\/alzira.tributoslocales.es\/\" target=\"_blank\">\n\t\t\t\t\t\t\t<img decoding=\"async\" width=\"605\" height=\"533\" data-src=\"https:\/\/alzira.es\/wp-content\/uploads\/2023\/10\/oficina-virtual-tributaria-red.png\" class=\"attachment-full size-full wp-image-143626 lazyload\" alt=\"Oficina Virtual Tribut\u00e0ria\" data-srcset=\"https:\/\/alzira.es\/wp-content\/uploads\/2023\/10\/oficina-virtual-tributaria-red.png 605w, https:\/\/alzira.es\/wp-content\/uploads\/2023\/10\/oficina-virtual-tributaria-red-579x510.png 579w\" data-sizes=\"100vw\" src=\"data:image\/svg+xml;base64,PHN2ZyB3aWR0aD0iMSIgaGVpZ2h0PSIxIiB4bWxucz0iaHR0cDovL3d3dy53My5vcmcvMjAwMC9zdmciPjwvc3ZnPg==\" style=\"--smush-placeholder-width: 605px; --smush-placeholder-aspect-ratio: 605\/533;\" \/>\t\t\t\t\t\t\t\t<\/a>\n\t\t\t\t\t\t\t\t\t\t\t\t\t\t\t<\/div>\n\t\t\t\t<\/div>\n\t\t\t\t<div class=\"elementor-element elementor-element-0a6e73c elementor-widget elementor-widget-heading\" data-id=\"0a6e73c\" data-element_type=\"widget\" data-widget_type=\"heading.default\">\n\t\t\t\t<div class=\"elementor-widget-container\">\n\t\t\t\t\t<h5 class=\"elementor-heading-title elementor-size-default\"><a href=\"https:\/\/alzira.tributoslocales.es\/\" target=\"_blank\">Oficina Virtual Trubutaria<\/a><\/h5>\t\t\t\t<\/div>\n\t\t\t\t<\/div>\n\t\t\t\t\t<\/div>\n\t\t<\/div>\n\t\t\t\t<div class=\"elementor-column elementor-col-16 elementor-top-column elementor-element elementor-element-5b1c5e6\" data-id=\"5b1c5e6\" data-element_type=\"column\">\n\t\t\t<div class=\"elementor-widget-wrap\">\n\t\t\t\t\t\t\t<\/div>\n\t\t<\/div>\n\t\t\t\t<div class=\"elementor-column elementor-col-16 elementor-top-column elementor-element elementor-element-c5c7972\" data-id=\"c5c7972\" data-element_type=\"column\">\n\t\t\t<div class=\"elementor-widget-wrap\">\n\t\t\t\t\t\t\t<\/div>\n\t\t<\/div>\n\t\t\t\t\t<\/div>\n\t\t<\/section>\n\t\t\t\t<\/div>\n\t\t","protected":false},"excerpt":{"rendered":"<p>Intervenci\u00f3n Recaudaci\u00f3n Tesorer\u00eda Gesti\u00f3n Tribut\u00e1ria Normativa en tramitaci\u00f3n Oficina Virtual Trubutaria<\/p>\n","protected":false},"author":29,"featured_media":0,"parent":60847,"menu_order":0,"comment_status":"closed","ping_status":"closed","template":"","meta":{"_acf_changed":false,"footnotes":""},"class_list":["post-84774","page","type-page","status-publish","hentry"],"acf":[],"_links":{"self":[{"href":"https:\/\/alzira.es\/es\/wp-json\/wp\/v2\/pages\/84774","targetHints":{"allow":["GET"]}}],"collection":[{"href":"https:\/\/alzira.es\/es\/wp-json\/wp\/v2\/pages"}],"about":[{"href":"https:\/\/alzira.es\/es\/wp-json\/wp\/v2\/types\/page"}],"author":[{"embeddable":true,"href":"https:\/\/alzira.es\/es\/wp-json\/wp\/v2\/users\/29"}],"replies":[{"embeddable":true,"href":"https:\/\/alzira.es\/es\/wp-json\/wp\/v2\/comments?post=84774"}],"version-history":[{"count":2,"href":"https:\/\/alzira.es\/es\/wp-json\/wp\/v2\/pages\/84774\/revisions"}],"predecessor-version":[{"id":143633,"href":"https:\/\/alzira.es\/es\/wp-json\/wp\/v2\/pages\/84774\/revisions\/143633"}],"up":[{"embeddable":true,"href":"https:\/\/alzira.es\/es\/wp-json\/wp\/v2\/pages\/60847"}],"wp:attachment":[{"href":"https:\/\/alzira.es\/es\/wp-json\/wp\/v2\/media?parent=84774"}],"curies":[{"name":"wp","href":"https:\/\/api.w.org\/{rel}","templated":true}]}}