{"id":84601,"date":"2021-07-28T18:42:26","date_gmt":"2021-07-28T16:42:26","guid":{"rendered":"https:\/\/alzira.es\/ayuntamiento\/corporacion-y-gobierno-municipal\/organigrama-2019-2023\/ruben-palau-castany-19-23-curriculum\/"},"modified":"2021-07-28T18:42:26","modified_gmt":"2021-07-28T16:42:26","slug":"ruben-palau-castany-19-23-curriculum","status":"publish","type":"page","link":"https:\/\/alzira.es\/es\/ayuntamiento\/corporacion-y-gobierno-municipal\/ruben-palau-castany-19-23-curriculum\/","title":{"rendered":"Rub\u00e9n Palau Castany (19-23) Curr\u00edculum"},"content":{"rendered":"<p><strong>1. TITULACI\u00d3N<\/strong><\/p>\n<p>Estudios de ARQUITECTURA TECNICA realizados en la Escuela Universitaria de Arquitectura T\u00e9cnica de Valencia, con la obtenci\u00f3n del t\u00edtulo en fecha de 14 de Noviembre de 1.996.<\/p>\n<p>Titulaci\u00f3n de INGENIERIA EN LA EDIFICACION realizado en la Escuela Universitaria de Ingenier\u00eda de Edificaci\u00f3n de la Universidad Polit\u00e9cnica de Valencia, en Septiembre de 2.011.<\/p>\n<p>Actualmente inscrito en el Colegio Oficial de Aparejadores y Arquitectos de Valencia con el n\u00famero 3.225, y en el Colegio Oficial de Aparejadores y Arquitectos T\u00e9cnicos de Alicante con el n\u00famero 05824.<\/p>\n<p><strong>2. CONOCIMIENTOS ADICIONALES<\/strong><\/p>\n<p>Entre otros, destacan los siguientes cursos:<\/p>\n<p>&#8211; Jornada, Nueva regulaci\u00f3n de Gesti\u00f3n y Control de Calidad en obras de edificaci\u00f3n LG-14, octubre de 2015. Colegio Oficial de Aparejadores y Arquitectos T\u00e9cnicos de Valencia.<\/p>\n<p>&#8211; Curso Aplicaci\u00f3n pr\u00e1ctica de los Documentos B\u00e1sicos SI y SUA a los proyectos de actividad, abril de 2014. Colegio Oficial de Aparejadores y Arquitectos T\u00e9cnicos de Valencia<\/p>\n<p>&#8211; Curso para Certificaci\u00f3n Energ\u00e9tica de Edificios, noviembre de 2013. Colegio Oficial de Aparejadores y Arquitectos T\u00e9cnicos de Valencia.<\/p>\n<p>&#8211; Curso de ingl\u00e9s espec\u00edfico para Arquitectos T\u00e9cnicos impartido por el Colegio Oficial de Arquitectos T\u00e9cnicos de Valencia.<\/p>\n<p>&#8211; Junio-Julio de 2.010. Curso De REHABILITACION BASICA DE EDIFICIOS, impartido en el Colegio Oficial de Aparejadores y Arquitectos T\u00e9cnicos de Valencia.<\/p>\n<p>&#8211; Curso sobre Patolog\u00edas m\u00e1s frecuentes con origen en la humedad en los edificios, marzo de 2009, Colegio Oficial de Aparejadores y Arquitectos T\u00e9cnicos de Valencia.<\/p>\n<p>&#8211; Noviembre-Diciembre de 2.008, Curso de \u201cPERITOS JUDICIALES\u201d, celebrado en el Colegio Oficial de Aparejadores y Arquitectos T\u00e9cnicos de Valencia.<\/p>\n<p>&#8211; Curso de \u201cUrbanismo y Ordenaci\u00f3n Territorial\u201d, octubre de 2005. Instituto Tecnol\u00f3gico de la Construcci\u00f3n (AIDICO).<\/p>\n<p>&#8211; Mayo de 2.006, participo en las Sesiones T\u00e9cnicas sobre \u201cLA PLANIFICACION ESTRATEGICA COMO MODELO DE CAMBIO EN LAS EMPRESAS DEL SECTOR DE LA CONSTRUCCION.\u201d Celebrado en el Colegio Oficial de Arquitectos T\u00e9cnicos de Alicante.<\/p>\n<p>&#8211; Noviembre de 2.005, \u201cCURSO DE HABILIDADES PARA DIRECTIVOS DE EMPRESAS DEL SECTOR DE LA CONSTRUCCION\u201d, realizado en Valencia por la empresa Iter Consultores S.L.<\/p>\n<p>&#8211; En el a\u00f1o 2.000, T\u00e9cnico Municipal en el Ayuntamiento de Canals, hasta el a\u00f1o 2.004 en el que decido terminar con las funciones municipales, continuando con el ejercicio de la profesi\u00f3n liberal.<\/p>\n<p>&#8211; En Junio de 1.997, en la Oficina Municipal de Urbanismo del Ayuntamiento de Alzira, funciones de Arquitecto T\u00e9cnico Municipal hasta Junio de 1.999, combinando los trabajos de Direcci\u00f3n de obra particular.<\/p>\n<p><strong>3. EXPERIENCIA PROFESIONAL<\/strong><\/p>\n<p>Desde febrero de 1.997, titular en despacho de Arquitectura T\u00e9cnica realizando los siguientes trabajos:<\/p>\n<p>\u00b7\u00a0\u00a0\u00a0\u00a0\u00a0\u00a0\u00a0\u00a0\u00a0\u00a0\u00a0Direcciones de ejecuci\u00f3n material de obra.<\/p>\n<p>\u00b7\u00a0\u00a0\u00a0\u00a0\u00a0\u00a0\u00a0\u00a0\u00a0\u00a0\u00a0Control de Calidad de las obras.<\/p>\n<p>\u00b7\u00a0\u00a0\u00a0\u00a0\u00a0\u00a0\u00a0\u00a0\u00a0\u00a0\u00a0Coordinaciones de Seguridad y Salud.<\/p>\n<p>\u00b7\u00a0\u00a0\u00a0\u00a0\u00a0\u00a0\u00a0\u00a0\u00a0\u00a0\u00a0Redacci\u00f3n de proyectos de rehabilitaci\u00f3n.<\/p>\n<p>\u00b7\u00a0\u00a0\u00a0\u00a0\u00a0\u00a0\u00a0\u00a0\u00a0\u00a0\u00a0Redacci\u00f3n de proyectos de demolici\u00f3n.<\/p>\n<p>\u00b7\u00a0\u00a0\u00a0\u00a0\u00a0\u00a0\u00a0\u00a0\u00a0\u00a0\u00a0Redacci\u00f3n de proyectos de obra nueva (dentro de mis competencias)<\/p>\n<p>\u00b7\u00a0\u00a0\u00a0\u00a0\u00a0\u00a0\u00a0\u00a0\u00a0\u00a0\u00a0Redacci\u00f3n de proyectos de actividad.<\/p>\n<p>\u00b7\u00a0\u00a0\u00a0\u00a0\u00a0\u00a0\u00a0\u00a0\u00a0\u00a0\u00a0Arquitecto T\u00e9cnico municipal en los Ayuntamientos de Alzira (2 a\u00f1os) y Canals (4 a\u00f1os)<\/p>\n<p>\u00b7\u00a0\u00a0\u00a0\u00a0\u00a0\u00a0\u00a0\u00a0\u00a0\u00a0\u00a0Redacci\u00f3n de documentos urban\u00edsticos, como modificaciones puntuales de Plan General, colaboraciones en le redacci\u00f3n de Plan Parcial, Proyectos de urbanizaci\u00f3n, Declaraci\u00f3n de Inter\u00e9s Comunitario (D.I.C.), etc.<\/p>\n<p>Desde el 1 de agosto de 2.017 funciones de Jefe de Obra en la localidad de J\u00e1vea como responsable de la empresa Bauen Empresa Constructora, S.A. con sede en Madrid.<\/p>\n<p><strong>OBRAS SINGULARES:<\/strong><\/p>\n<p>REDACCION DE PROYECTO, DIRECCION DE OBRA Y COORDINACION DE SEGURIDAD Y SALUD EN LA EJECUCION DE NAVE INDUSTRIAL DE 3.000 M2 . ALZIRA (VALENCIA)<\/p>\n<p>DIRECCION DE OBRA, CONTROL DE CALIDAD Y COORDINACION DE SEGURIDAD Y SALUD EN LA EJECUCION DE VIVIENDA UNIFAMILIAR AISLADA. ALZIRA (VALENCIA)<\/p>\n<p>DIRECCION DE OBRA, CONTROL DE CALIDAD Y COORDINACION DE SEGURIDAD Y SALUD EN LA EJECUCION DE EDIFICIO DE 15 VIVIENDAS Y SOTANO GARAJES. ANTELLA (VALENCIA)<\/p>\n<p>DIRECCION DE OBRA, CONTROL DE CALIDAD Y COORDINACION DE SEGURIDAD Y SALUD EN LA EJECUCION DE 12 VIVIENDAS PAREADAS Y AISLADAS. ALZIRA (VALENCIA)<\/p>\n<p>DIRECCION DE OBRA, CONTROL DE CALIDAD Y COORDINACION DE SEGURIDAD Y SALUD EN LA EJECUCION DE EDIFICIO PARA POLICLINICA. ALZIRA (VALENCIA)<\/p>\n<p>DIRECCION DE OBRA, CONTROL DE CALIDAD Y COORDINACION DE SEGURIDAD Y SALUD EN LA EJECUCION DE EDIFICIO DE 17 VIVIENDAS Y GARAJES. CARCAIXENT (VALENCIA)<\/p>\n<p>DIRECCION DE OBRA, CONTROL DE CALIDAD Y COORDINACION DE SEGURIDAD Y SALUD EN LA EJECUCION DE EDIFICIO DE 18 VIVIENDAS Y SOTANO GARAJES. L\u00b4ALCUDIA (VALENCIA)<\/p>\n<p>DIRECCION DE OBRA, Y CONTROL DE CALIDAD EN LA EJECUCION DE EDIFICIO DE 40 VIVIENDAS Y DOS SOTANOS GARAJES Y ZONA AJARDINADA CON PISCINA. ALCOY (ALICANTE)<\/p>\n<p>REDACCION DE PROYECTO, DIRECCION DE OBRA Y COORDINACION DE SEGURIDAD Y SALUD EN LA EJECUCION DE NAVE ALMACEN (10.000 M2) Y EDIFICIO DE OFICINAS. (1.000 M2) ALZIRA (VALENCIA)<\/p>\n<p>DIRECCION DE OBRA, CONTROL DE CALIDAD Y COORDINACION DE SEGURIDAD Y SALUD EN LA EJECUCION DE EDIFICIO DE 49 VIVIENDAS Y GARAJES. ALZIRA (VALENCIA)<\/p>\n<p><strong>INTERVENCI\u00d3 EN OTRAS OBRAS<\/strong><\/p>\n<p>&#8211; Edificio de 45 V.P.O. con locales comerciales y s\u00f3tano garajes en Tavernes de la Valldigna, Direcci\u00f3n de obra. Promociones Gesvalpa, S.L.<\/p>\n<p>&#8211; Edificio para oficinas en Alzira, pol\u00edgono industrial \u201cQ\u201d,. Direcci\u00f3n de obra. Empresa Gr\u00faas Almo, S.L.<\/p>\n<p>&#8211; Edificio de 50 viviendas de renta libre en Benetuser. Direcci\u00f3n de obra. Empresa Inther Roig, S.L. Premio Bancaixa por la tutoraci\u00f3n de un alumno en proyecto final de carrera realizado en la obra.<\/p>\n<p>&#8211; Edificio de 38 viviendas de renta libre en Alzira. Direcci\u00f3n de obra. Empresa Cl\u00e1sica Urbana.<\/p>\n<p>&#8211; Edificio para sala de bingo, en Alzira, pol\u00edgono industrial \u201cO\u201d. Direcci\u00f3n de obra. Empresa Nacoal 2.000, S.L.<\/p>\n<p>&#8211; Ampliaci\u00f3n del Colegio Trafalgar en Valencia. Redacci\u00f3n de proyecto y direcci\u00f3n de obra. Empresa Colegio Trafalgar, S.L.<\/p>\n<p>&#8211; Edificio para dos viviendas y locales comerciales en Alzira. Direcci\u00f3n de obra. Empresa Gemser. C.B.<\/p>\n<p>&#8211; Rehabilitaci\u00f3n integral y ampliaci\u00f3n de edificio para cine-auditorio (Cine Valencia) en Canals. Direcci\u00f3n de obra. Ayuntamiento de Canals.<\/p>\n<p>&#8211; Ampliaci\u00f3n de edificio para oficinas en Av\/ de los Deportes en Alzira. Direcci\u00f3n de obra. Empresa Cl\u00e1sica Urbana.<\/p>\n<p>&#8211; Integrante del equipo redactor del Plan Parcial y Anteproyecto de Urbanizaci\u00f3n PPR01 de Alzira.<\/p>\n<p>&#8211; Gesti\u00f3n coordinaci\u00f3n y asesoramiento en la ejecuci\u00f3n de la Urbanizaci\u00f3n Sector I Terciario de Massalav\u00e9s y edificio Plataforma Log\u00edstica de distribuci\u00f3n de Levante para Plus Supermercados.<\/p>\n<p>&#8211; Edificio de oficinas nuevas instalaciones, en Tavernes de Valldigna. Direcci\u00f3n de obra. Empresa Asfaltos Chova.<\/p>\n<p>&#8211; Ampliaci\u00f3n de Almac\u00e9n distribuidor, en el sector de alimentaci\u00f3n, en el Pol\u00edgono Industrial Carretera de Albalat. Redacci\u00f3n de proyecto y direcci\u00f3n. Empresa Coaliment Valencia.<\/p>\n<p>&#8211; Ampliaci\u00f3n de instalaciones para concesionario Peugeot en Av\/ de los Deportes. Alzira. Direcci\u00f3n de obra. Empresa Autosal\u00f3n, S.L.<\/p>\n<p>&#8211; Varios edificios industriales para las nuevas instalaciones de la empresa Talleres Xuquer en Carcaixent. Redacci\u00f3n de proyectos y direcci\u00f3n de obra.<\/p>\n<p>&#8211; Parque infantil con cafeter\u00eda en Algemes\u00ed. Redacci\u00f3n de Proyectos y Direcci\u00f3n de obra. Empresa Play-ship, S.L.<\/p>\n<p>&#8211; Edificio para local comercial y oficinas en el Pol\u00edgono industrial \u201cO\u201d de Alzira. Redacci\u00f3n de proyecto y Direcci\u00f3n de obra. Empresa Construcciones Alca\u00f1iz Llorens, S.L.<\/p>\n<p>&#8211; Habilitaci\u00f3n de oficinas para la empresa Grefusa. Redacci\u00f3n de proyecto y direcci\u00f3n de obra.<\/p>\n<p>&#8211; Edificios varios de viviendas y un listado de proyectos de reforma y habilitaci\u00f3n tanto de vivienda como locales comerciales.<\/p>\n<p><strong>4. INFORM\u00c1TICA E IDIOMAS<\/strong><\/p>\n<p>Conocimiento y uso de los siguientes programas:<\/p>\n<p>&#8211; Programa de dibujo Autocad 2014.<\/p>\n<p>&#8211; Paquete Office: Word, Excel, Paint, etc.<\/p>\n<p>&#8211; Programa de mediciones: Arqu\u00edmedes, principalmente. Tambi\u00e9n he trabajado con el Presto.<\/p>\n<p>&#8211; PDF Architect y PDF Creator.<\/p>\n<p>&#8211; Acrobat Reader.<\/p>\n<p>&#8211; CCwin, programa para el Control de Calidad en Edificaci\u00f3n.<\/p>\n<p>En cuanto a los idiomas:<\/p>\n<p>&#8211; Nivel medio de ingl\u00e9s, escrito y hablado.<\/p>\n<p>&#8211; Nivel alto de valenciano hablado.<\/p>\n<p><strong>5. AFICIONES<\/strong><\/p>\n<p>Practico deporte asiduamente, principalmente bicicleta de monta\u00f1a BTT y carretera.<\/p>\n<p>Tambi\u00e9n, navegaci\u00f3n a vela, y rutas de monta\u00f1a<\/p>\n","protected":false},"excerpt":{"rendered":"<p>1. TITULACI\u00d3N Estudios de ARQUITECTURA TECNICA realizados en la Escuela Universitaria de Arquitectura T\u00e9cnica de Valencia, con la obtenci\u00f3n del t\u00edtulo en fecha de 14 de Noviembre de 1.996. Titulaci\u00f3n de INGENIERIA EN LA EDIFICACION realizado en la Escuela Universitaria de Ingenier\u00eda de Edificaci\u00f3n de la Universidad Polit\u00e9cnica de Valencia, en Septiembre de 2.011. Actualmente &hellip; <\/p>\n<p class=\"link-more\"><a href=\"https:\/\/alzira.es\/es\/ayuntamiento\/corporacion-y-gobierno-municipal\/ruben-palau-castany-19-23-curriculum\/\" class=\"more-link\">Continuar leyendo<span class=\"screen-reader-text\"> \u00abRub\u00e9n Palau Castany (19-23) Curr\u00edculum\u00bb<\/span><\/a><\/p>\n","protected":false},"author":34,"featured_media":0,"parent":13558,"menu_order":0,"comment_status":"closed","ping_status":"closed","template":"","meta":{"_acf_changed":false,"footnotes":""},"class_list":["post-84601","page","type-page","status-publish","hentry"],"acf":[],"_links":{"self":[{"href":"https:\/\/alzira.es\/es\/wp-json\/wp\/v2\/pages\/84601","targetHints":{"allow":["GET"]}}],"collection":[{"href":"https:\/\/alzira.es\/es\/wp-json\/wp\/v2\/pages"}],"about":[{"href":"https:\/\/alzira.es\/es\/wp-json\/wp\/v2\/types\/page"}],"author":[{"embeddable":true,"href":"https:\/\/alzira.es\/es\/wp-json\/wp\/v2\/users\/34"}],"replies":[{"embeddable":true,"href":"https:\/\/alzira.es\/es\/wp-json\/wp\/v2\/comments?post=84601"}],"version-history":[{"count":0,"href":"https:\/\/alzira.es\/es\/wp-json\/wp\/v2\/pages\/84601\/revisions"}],"up":[{"embeddable":true,"href":"https:\/\/alzira.es\/es\/wp-json\/wp\/v2\/pages\/13558"}],"wp:attachment":[{"href":"https:\/\/alzira.es\/es\/wp-json\/wp\/v2\/media?parent=84601"}],"curies":[{"name":"wp","href":"https:\/\/api.w.org\/{rel}","templated":true}]}}