{"id":84416,"date":"2021-07-28T16:52:04","date_gmt":"2021-07-28T14:52:04","guid":{"rendered":"https:\/\/alzira.es\/ayuntamiento\/corporacion-y-gobierno-municipal\/organigrama-2019-2023\/diego-gomez-i-garcia-19-23-curriculum\/"},"modified":"2021-07-28T16:52:04","modified_gmt":"2021-07-28T14:52:04","slug":"diego-gomez-i-garcia-19-23-curriculum","status":"publish","type":"page","link":"https:\/\/alzira.es\/es\/ayuntamiento\/corporacion-y-gobierno-municipal\/diego-gomez-i-garcia-19-23-curriculum\/","title":{"rendered":"Diego G\u00f3mez i Garcia (19-23) Curr\u00edculum"},"content":{"rendered":"<p><strong>FORMACI\u00d3N ACAD\u00c9MICA<\/strong><\/p>\n<p>Licenciado en 1990 en Ciencias de la Educaci\u00f3n, Universitat de Val\u00e8ncia.<\/p>\n<p><strong>EXPERIENCIA PROFESIONAL<\/strong><\/p>\n<p>&#8211; Es profesor con destino definitivo en el CEIP V\u00edctor Oroval de Carcaixent.<\/p>\n<p>&#8211; En la actualidad participa en proyectos editoriales de Edicions Bromera y Edicions 96, y es profesor asociado del Departamento de Did\u00e1ctica y Organizaci\u00f3n Escolar de la Universitat de Val\u00e8ncia.<\/p>\n<p>&#8211; Ha sido coordinador del Programa de Escuelas Viajeras a los servicios centrales de la Conselleria de Cultura, Educaci\u00f3n y Ciencia (1986-87), y durante los cursos 92-93 y 93-94 ejerci\u00f3 como asesor t\u00e9cnico de valenciano al Servicio de Ense\u00f1anza en Valenciano de la Direcci\u00f3n General de Ordenaci\u00f3n e Innovaci\u00f3n Educativa.<\/p>\n<p>&#8211; Fue presidente de Escuela Valenciana\u2013Federaci\u00f3n de Asociaciones por la Lengua (www.fev.org ) desde junio de 2002 hasta noviembre de 2010.<\/p>\n<p>&#8211; Ha colaborado en diferentes actividades de formaci\u00f3n del profesorado en los CEFIRE de Gand\u00eda, Ontinyent y Alzira, y ha publicado diferentes experiencias pedag\u00f3gicas y socioling\u00fc\u00edsticas en revistas especializadas como\u00a0<i>Tiempos de educaci\u00f3n, Cuadernos de pedagog\u00eda, Escuela Catalana, Guix<\/i>, etc.<\/p>\n<p><strong>PUBLICACIONES<\/strong><\/p>\n<p>&#8211;\u00a0<i>L\u2019ensenyament a Alzira (1700-1812<\/i>), libro publicado por Ed. Germania y el Ajuntament d\u2019Alzira, 1994.<\/p>\n<p>&#8211;\u00a0<i>Moviments socials i llengua,\u00a0<\/i>publicado en\u00a0<i>Temps d\u2019educaci\u00f3<\/i>, revista de la Divisi\u00f3n de Ciencias de la Educaci\u00f3n de la Universitat de Barcelona, 1996.<\/p>\n<p>&#8211; Autor de los cuentos\u00a0<i>Somni sense por<\/i>\u00a0y\u00a0<i>El<\/i>\u00a0<i>conte de la Marieta Roseta<\/i>, publicados por Edicions 96 (1999 y 2007, respectivamente), y\u00a0<i>Am\u00e0lia, conserge de rialla<\/i>, publicado por Eslab\u00f3n, 2006.<\/p>\n<p>&#8211; Coordinador del\u00a0<i>Projecte d\u2019Acord. Quaderns per a l\u2019ensenyament del valenci\u00e0 per a nouvinguts<\/i>\u00a0(editado por Edicions 96, la FEV y Bancaja, 2003-2004) y del\u00a0<i>Projecte Tallers de Cultura Popular<\/i>\u00a0(editado por Edicions 96 y la FEV).<\/p>\n<p><strong>TRAYECTORIA POL\u00cdTICA<\/strong><\/p>\n<p>&#8211; Concejal y portavoz de la Coalici\u00f3 Comprom\u00eds en la ciudad de Alzira (2011-2015). Es presidente del Consell General de Comprom\u00eds en el Pa\u00eds Valenci\u00e0.<\/p>\n<p>&#8211; Alcalde-presidente del Ajuntament d\u2019Alzira desde el 13 de junio de 2015.<\/p>\n","protected":false},"excerpt":{"rendered":"<p>FORMACI\u00d3N ACAD\u00c9MICA Licenciado en 1990 en Ciencias de la Educaci\u00f3n, Universitat de Val\u00e8ncia. EXPERIENCIA PROFESIONAL &#8211; Es profesor con destino definitivo en el CEIP V\u00edctor Oroval de Carcaixent. &#8211; En la actualidad participa en proyectos editoriales de Edicions Bromera y Edicions 96, y es profesor asociado del Departamento de Did\u00e1ctica y Organizaci\u00f3n Escolar de la &hellip; <\/p>\n<p class=\"link-more\"><a href=\"https:\/\/alzira.es\/es\/ayuntamiento\/corporacion-y-gobierno-municipal\/diego-gomez-i-garcia-19-23-curriculum\/\" class=\"more-link\">Continuar leyendo<span class=\"screen-reader-text\"> \u00abDiego G\u00f3mez i Garcia (19-23) Curr\u00edculum\u00bb<\/span><\/a><\/p>\n","protected":false},"author":34,"featured_media":0,"parent":13558,"menu_order":0,"comment_status":"closed","ping_status":"closed","template":"","meta":{"_acf_changed":false,"footnotes":""},"class_list":["post-84416","page","type-page","status-publish","hentry"],"acf":[],"_links":{"self":[{"href":"https:\/\/alzira.es\/es\/wp-json\/wp\/v2\/pages\/84416","targetHints":{"allow":["GET"]}}],"collection":[{"href":"https:\/\/alzira.es\/es\/wp-json\/wp\/v2\/pages"}],"about":[{"href":"https:\/\/alzira.es\/es\/wp-json\/wp\/v2\/types\/page"}],"author":[{"embeddable":true,"href":"https:\/\/alzira.es\/es\/wp-json\/wp\/v2\/users\/34"}],"replies":[{"embeddable":true,"href":"https:\/\/alzira.es\/es\/wp-json\/wp\/v2\/comments?post=84416"}],"version-history":[{"count":0,"href":"https:\/\/alzira.es\/es\/wp-json\/wp\/v2\/pages\/84416\/revisions"}],"up":[{"embeddable":true,"href":"https:\/\/alzira.es\/es\/wp-json\/wp\/v2\/pages\/13558"}],"wp:attachment":[{"href":"https:\/\/alzira.es\/es\/wp-json\/wp\/v2\/media?parent=84416"}],"curies":[{"name":"wp","href":"https:\/\/api.w.org\/{rel}","templated":true}]}}