{"id":84299,"date":"2021-07-28T15:22:37","date_gmt":"2021-07-28T13:22:37","guid":{"rendered":"https:\/\/alzira.es\/ayuntamiento\/corporacion-y-gobierno-municipal\/organigrama-2019-2023\/agenda-grupo-municipal-compromis-per-alzira\/"},"modified":"2021-07-28T15:22:37","modified_gmt":"2021-07-28T13:22:37","slug":"agenda-grupo-municipal-compromis-per-alzira","status":"publish","type":"page","link":"https:\/\/alzira.es\/es\/ayuntamiento\/corporacion-y-gobierno-municipal\/agenda-grupo-municipal-compromis-per-alzira\/","title":{"rendered":"Agenda Grupo Municipal Comprom\u00eds per Alzira"},"content":{"rendered":"<p><iframe style=\"border-width: 0;\" data-src=\"https:\/\/calendar.google.com\/calendar\/embed?height=600&amp;wkst=2&amp;bgcolor=%23ffffff&amp;ctz=Europe%2FMadrid&amp;src=cHJvbW9jaW8ub2N1cGFjaW9AZ21haWwuY29t&amp;src=OWswOGU2bG5lbHVydDZlOXBoMDZxdGNjMTBAZ3JvdXAuY2FsZW5kYXIuZ29vZ2xlLmNvbQ&amp;src=cmFodm1xNzgzNTB1MHAyYWNvNDFjY2FkbHNAZ3JvdXAuY2FsZW5kYXIuZ29vZ2xlLmNvbQ&amp;src=OTF0Y2ZkdDRuamc1bWRyZmE5bjc5YWFvdjhAZ3JvdXAuY2FsZW5kYXIuZ29vZ2xlLmNvbQ&amp;src=bjBtajJuazM1YXZsajBzaDZyaHZlM2hqZmtAZ3JvdXAuY2FsZW5kYXIuZ29vZ2xlLmNvbQ&amp;src=MjFnMWppdW40N2NwMHYxMDUzZWR2ZnU1bW9AZ3JvdXAuY2FsZW5kYXIuZ29vZ2xlLmNvbQ&amp;src=YW5pNXFianVlNXUzOGIwN2Q1bm50MHBpamdAZ3JvdXAuY2FsZW5kYXIuZ29vZ2xlLmNvbQ&amp;src=bjhscTFha2JxMTRibmU5NTVraXY5MzB1NDRAZ3JvdXAuY2FsZW5kYXIuZ29vZ2xlLmNvbQ&amp;src=YXV0ZGJ2cG5hYTg4OGhhcWNlOTJsZ3JqOG9AZ3JvdXAuY2FsZW5kYXIuZ29vZ2xlLmNvbQ&amp;color=%23039BE5&amp;color=%23F09300&amp;color=%233F51B5&amp;color=%23F4511E&amp;color=%23D50000&amp;color=%23B39DDB&amp;color=%238E24AA&amp;color=%230B8043&amp;color=%23795548&amp;showTitle=0&amp;mode=WEEK\" width=\"800\" height=\"600\" frameborder=\"0\" scrolling=\"no\" src=\"data:image\/svg+xml;base64,PHN2ZyB3aWR0aD0iMSIgaGVpZ2h0PSIxIiB4bWxucz0iaHR0cDovL3d3dy53My5vcmcvMjAwMC9zdmciPjwvc3ZnPg==\" class=\"lazyload\" data-load-mode=\"1\"><\/iframe><\/p>\n<p><span style=\"color: #000000; font-family: Arial, Helvetica, Verdana, sans-serif; font-size: 13.2px; line-height: 17.6px;\">Per motius de seguretat o estrat\u00e8gics, algunes activitats seran publicades una vegada realitzades. Per motius de privacitat, en cas de no rebre autoritzaci\u00f3 per part dels assistents a alguna reuni\u00f3 o trobada per a fer-la p\u00fablica, aquesta no ser\u00e0 publicada<\/span><\/p>\n","protected":false},"excerpt":{"rendered":"<p>Per motius de seguretat o estrat\u00e8gics, algunes activitats seran publicades una vegada realitzades. Per motius de privacitat, en cas de no rebre autoritzaci\u00f3 per part dels assistents a alguna reuni\u00f3 o trobada per a fer-la p\u00fablica, aquesta no ser\u00e0 publicada<\/p>\n","protected":false},"author":29,"featured_media":0,"parent":13558,"menu_order":0,"comment_status":"closed","ping_status":"closed","template":"","meta":{"_acf_changed":false,"footnotes":""},"class_list":["post-84299","page","type-page","status-publish","hentry"],"acf":[],"_links":{"self":[{"href":"https:\/\/alzira.es\/es\/wp-json\/wp\/v2\/pages\/84299","targetHints":{"allow":["GET"]}}],"collection":[{"href":"https:\/\/alzira.es\/es\/wp-json\/wp\/v2\/pages"}],"about":[{"href":"https:\/\/alzira.es\/es\/wp-json\/wp\/v2\/types\/page"}],"author":[{"embeddable":true,"href":"https:\/\/alzira.es\/es\/wp-json\/wp\/v2\/users\/29"}],"replies":[{"embeddable":true,"href":"https:\/\/alzira.es\/es\/wp-json\/wp\/v2\/comments?post=84299"}],"version-history":[{"count":0,"href":"https:\/\/alzira.es\/es\/wp-json\/wp\/v2\/pages\/84299\/revisions"}],"up":[{"embeddable":true,"href":"https:\/\/alzira.es\/es\/wp-json\/wp\/v2\/pages\/13558"}],"wp:attachment":[{"href":"https:\/\/alzira.es\/es\/wp-json\/wp\/v2\/media?parent=84299"}],"curies":[{"name":"wp","href":"https:\/\/api.w.org\/{rel}","templated":true}]}}