{"id":84297,"date":"2021-07-28T15:21:11","date_gmt":"2021-07-28T13:21:11","guid":{"rendered":"https:\/\/alzira.es\/ayuntamiento\/corporacion-y-gobierno-municipal\/organigrama-2019-2023\/agenda-grupo-municipal-pspv-psoe-alzira\/"},"modified":"2021-07-28T15:21:11","modified_gmt":"2021-07-28T13:21:11","slug":"agenda-grupo-municipal-pspv-psoe-alzira","status":"publish","type":"page","link":"https:\/\/alzira.es\/es\/ayuntamiento\/corporacion-y-gobierno-municipal\/agenda-grupo-municipal-pspv-psoe-alzira\/","title":{"rendered":"Agenda Grupo Municipal PSPV-PSOE Alzira"},"content":{"rendered":"<p>Agenda Grup Municipal PSPV-PSOE Alzira<\/p>\n<p><iframe style=\"border-width: 0;\" data-src=\"https:\/\/calendar.google.com\/calendar\/embed?height=750&amp;wkst=2&amp;bgcolor=%23ffffff&amp;ctz=Europe%2FMadrid&amp;src=ZmVzdGVzLnBhdHJpbW9uaUBnbWFpbC5jb20&amp;src=Z2lnaW5ydWd1OHBvaHY0cjkzbGpucjBwaW9AZ3JvdXAuY2FsZW5kYXIuZ29vZ2xlLmNvbQ&amp;color=%23039BE5&amp;color=%237CB342&amp;showTitle=0\" width=\"1000\" height=\"750\" frameborder=\"0\" scrolling=\"no\" src=\"data:image\/svg+xml;base64,PHN2ZyB3aWR0aD0iMSIgaGVpZ2h0PSIxIiB4bWxucz0iaHR0cDovL3d3dy53My5vcmcvMjAwMC9zdmciPjwvc3ZnPg==\" class=\"lazyload\" data-load-mode=\"1\"><\/iframe><\/p>\n<p><span style=\"color: #000000; font-family: Arial, Helvetica, Verdana, sans-serif; font-size: 13.2px; line-height: 17.6px;\">Per motius de seguretat o estrat\u00e8gics, algunes activitats seran publicades una vegada realitzades. Per motius de privacitat, en cas de no rebre autoritzaci\u00f3 per part dels assistents a alguna reuni\u00f3 o trobada per a fer-la p\u00fablica, aquesta no ser\u00e0 publicada<\/span><\/p>\n","protected":false},"excerpt":{"rendered":"<p>Agenda Grup Municipal PSPV-PSOE Alzira Per motius de seguretat o estrat\u00e8gics, algunes activitats seran publicades una vegada realitzades. Per motius de privacitat, en cas de no rebre autoritzaci\u00f3 per part dels assistents a alguna reuni\u00f3 o trobada per a fer-la p\u00fablica, aquesta no ser\u00e0 publicada<\/p>\n","protected":false},"author":29,"featured_media":0,"parent":13558,"menu_order":0,"comment_status":"closed","ping_status":"closed","template":"","meta":{"_acf_changed":false,"footnotes":""},"class_list":["post-84297","page","type-page","status-publish","hentry"],"acf":[],"_links":{"self":[{"href":"https:\/\/alzira.es\/es\/wp-json\/wp\/v2\/pages\/84297","targetHints":{"allow":["GET"]}}],"collection":[{"href":"https:\/\/alzira.es\/es\/wp-json\/wp\/v2\/pages"}],"about":[{"href":"https:\/\/alzira.es\/es\/wp-json\/wp\/v2\/types\/page"}],"author":[{"embeddable":true,"href":"https:\/\/alzira.es\/es\/wp-json\/wp\/v2\/users\/29"}],"replies":[{"embeddable":true,"href":"https:\/\/alzira.es\/es\/wp-json\/wp\/v2\/comments?post=84297"}],"version-history":[{"count":0,"href":"https:\/\/alzira.es\/es\/wp-json\/wp\/v2\/pages\/84297\/revisions"}],"up":[{"embeddable":true,"href":"https:\/\/alzira.es\/es\/wp-json\/wp\/v2\/pages\/13558"}],"wp:attachment":[{"href":"https:\/\/alzira.es\/es\/wp-json\/wp\/v2\/media?parent=84297"}],"curies":[{"name":"wp","href":"https:\/\/api.w.org\/{rel}","templated":true}]}}