{"id":84295,"date":"2021-07-28T15:19:53","date_gmt":"2021-07-28T13:19:53","guid":{"rendered":"https:\/\/alzira.es\/ayuntamiento\/corporacion-y-gobierno-municipal\/organigrama-2019-2023\/fernando-pascual-agenda\/"},"modified":"2021-07-28T15:19:53","modified_gmt":"2021-07-28T13:19:53","slug":"fernando-pascual-agenda","status":"publish","type":"page","link":"https:\/\/alzira.es\/es\/ayuntamiento\/corporacion-y-gobierno-municipal\/fernando-pascual-agenda\/","title":{"rendered":"Fernando Pascual-Agenda"},"content":{"rendered":"<p>AGENDA FERNANDO PASCUAL<br \/>\n<span style=\"color: #000000; font-family: Arial, Helvetica, Verdana, sans-serif; font-size: 13.2px; line-height: 17.6px;\">En honor de la transpar\u00e8ncia del govern d&#8217;Alzira vol aplicar a l\u2019administraci\u00f3 p\u00fablica, es publica l\u2019agenda del Quart Tinent d&#8217;Alcalde i regidor delegat de l&#8217;\u00c0rea de Serveis P\u00fablics i Gesti\u00f3 Urban\u00edstica, de manera que tots els ciutadans i ciutadanes podran saber en cada moment qu\u00e8 est\u00e0 fent l&#8217;esmentat regidor.<\/span><\/p>\n<p><iframe data-src=\"https:\/\/calendar.google.com\/calendar\/embed?src=spublics.gurbanistica%40gmail.com&amp;ctz=Europe\/Madrid\" style=\"border: 0\" width=\"800\" height=\"600\" frameborder=\"0\" scrolling=\"no\" src=\"data:image\/svg+xml;base64,PHN2ZyB3aWR0aD0iMSIgaGVpZ2h0PSIxIiB4bWxucz0iaHR0cDovL3d3dy53My5vcmcvMjAwMC9zdmciPjwvc3ZnPg==\" class=\"lazyload\" data-load-mode=\"1\"><\/iframe><\/p>\n<p><span style=\"color: #000000; font-family: Arial, Helvetica, Verdana, sans-serif; font-size: 13.2px; line-height: 17.6px;\">Per motius de seguretat o estrat\u00e8gics, algunes activitats seran publicades una vegada realitzades. Per motius de privacitat, en cas de no rebre autoritzaci\u00f3 per part dels assistents a alguna reuni\u00f3 o trobada per a fer-la p\u00fablica, aquesta no ser\u00e0 publicada<\/span><\/p>\n<p>&nbsp;<\/p>\n","protected":false},"excerpt":{"rendered":"<p>AGENDA FERNANDO PASCUAL En honor de la transpar\u00e8ncia del govern d&#8217;Alzira vol aplicar a l\u2019administraci\u00f3 p\u00fablica, es publica l\u2019agenda del Quart Tinent d&#8217;Alcalde i regidor delegat de l&#8217;\u00c0rea de Serveis P\u00fablics i Gesti\u00f3 Urban\u00edstica, de manera que tots els ciutadans i ciutadanes podran saber en cada moment qu\u00e8 est\u00e0 fent l&#8217;esmentat regidor. Per motius de &hellip; <\/p>\n<p class=\"link-more\"><a href=\"https:\/\/alzira.es\/es\/ayuntamiento\/corporacion-y-gobierno-municipal\/fernando-pascual-agenda\/\" class=\"more-link\">Continuar leyendo<span class=\"screen-reader-text\"> \u00abFernando Pascual-Agenda\u00bb<\/span><\/a><\/p>\n","protected":false},"author":29,"featured_media":0,"parent":13558,"menu_order":0,"comment_status":"closed","ping_status":"closed","template":"","meta":{"_acf_changed":false,"footnotes":""},"class_list":["post-84295","page","type-page","status-publish","hentry"],"acf":[],"_links":{"self":[{"href":"https:\/\/alzira.es\/es\/wp-json\/wp\/v2\/pages\/84295","targetHints":{"allow":["GET"]}}],"collection":[{"href":"https:\/\/alzira.es\/es\/wp-json\/wp\/v2\/pages"}],"about":[{"href":"https:\/\/alzira.es\/es\/wp-json\/wp\/v2\/types\/page"}],"author":[{"embeddable":true,"href":"https:\/\/alzira.es\/es\/wp-json\/wp\/v2\/users\/29"}],"replies":[{"embeddable":true,"href":"https:\/\/alzira.es\/es\/wp-json\/wp\/v2\/comments?post=84295"}],"version-history":[{"count":1,"href":"https:\/\/alzira.es\/es\/wp-json\/wp\/v2\/pages\/84295\/revisions"}],"predecessor-version":[{"id":140858,"href":"https:\/\/alzira.es\/es\/wp-json\/wp\/v2\/pages\/84295\/revisions\/140858"}],"up":[{"embeddable":true,"href":"https:\/\/alzira.es\/es\/wp-json\/wp\/v2\/pages\/13558"}],"wp:attachment":[{"href":"https:\/\/alzira.es\/es\/wp-json\/wp\/v2\/media?parent=84295"}],"curies":[{"name":"wp","href":"https:\/\/api.w.org\/{rel}","templated":true}]}}