{"id":83974,"date":"2016-02-04T09:36:27","date_gmt":"2016-02-04T08:36:27","guid":{"rendered":"https:\/\/alzira.es\/ajuntamiento\/corporacion-y-gobierno-municipal\/organos-de-participacion-y-gestion\/organos-de-gestion\/"},"modified":"2025-10-03T14:55:19","modified_gmt":"2025-10-03T12:55:19","slug":"organos-de-gestion","status":"publish","type":"page","link":"https:\/\/alzira.es\/es\/ayuntamiento\/corporacion-y-gobierno-municipal\/organos-de-participacion-y-gestion\/organos-de-gestion\/","title":{"rendered":"\u00d3rganos de Gesti\u00f3n"},"content":{"rendered":"\t\t<div data-elementor-type=\"wp-page\" data-elementor-id=\"83974\" class=\"elementor elementor-83974 elementor-13971\">\n\t\t\t\t\t\t<section class=\"elementor-section elementor-top-section elementor-element elementor-element-1e14d121 elementor-section-boxed elementor-section-height-default elementor-section-height-default\" data-id=\"1e14d121\" data-element_type=\"section\">\n\t\t\t\t\t\t<div class=\"elementor-container elementor-column-gap-default\">\n\t\t\t\t\t<div class=\"elementor-column elementor-col-100 elementor-top-column elementor-element elementor-element-71f741c5\" data-id=\"71f741c5\" data-element_type=\"column\">\n\t\t\t<div class=\"elementor-widget-wrap elementor-element-populated\">\n\t\t\t\t\t\t<div class=\"elementor-element elementor-element-53757a58 elementor-widget elementor-widget-text-editor\" data-id=\"53757a58\" data-element_type=\"widget\" data-widget_type=\"text-editor.default\">\n\t\t\t\t<div class=\"elementor-widget-container\">\n\t\t\t\t\t\t\t\t\t<p><span style=\"font-size: 12pt; color: #800000;\"><strong>\u00d2RGANOS DE GESTI\u00d3N<\/strong><\/span><\/p><hr \/><h3>Mesa general de negociaci\u00f3n y comisi\u00f3n de interpretaci\u00f3n y seguimiento del convenio<\/h3><p style=\"margin-left: 30px;\">\u2022 Funciones. \u00a0En el Reglamento se establecen las normas de organizaci\u00f3n y funcionamiento de la Mesa General de Negociaci\u00f3n Conjunta de personal funcionario y laboral del Ajuntament d&#8217;Alzira, constituida conforme al art\u00edculo 35 de la Ley 7\/2007, de 12 de abril.<\/p><p style=\"margin-left: 30px;\">\u2022\u00a0<strong><a title=\"Reglament Mesa General de Negociaci\u00f3\" href=\"https:\/\/alzira.es\/wp-content\/uploads\/2016\/02\/Reglamento_Funcionamiento_Mesa_Negociacion_9-03-15.pdf\" target=\"_blank\" rel=\"noopener\">Reglamento <img decoding=\"async\" class=\"size-full wp-image-13695 lazyload\" style=\"--smush-placeholder-width: 20px; --smush-placeholder-aspect-ratio: 20\/17;vertical-align: middle;\" data-src=\"https:\/\/alzira.es\/wp-content\/uploads\/2016\/02\/pdf_rojo.gif\" alt=\"pdf rojo\" width=\"20\" height=\"17\" src=\"data:image\/svg+xml;base64,PHN2ZyB3aWR0aD0iMSIgaGVpZ2h0PSIxIiB4bWxucz0iaHR0cDovL3d3dy53My5vcmcvMjAwMC9zdmciPjwvc3ZnPg==\" \/><\/a><\/strong><\/p><p style=\"margin-left: 30px;\">\u2022\u00a0<a href=\"https:\/\/alzira.es\/ajuntament\/organitzacio-y-govern-municipal\/organs-de-participacio-i-gestio\/organs-de-gestio\/organs-de-gestio-composicio-mesa-negociacio\/\"><strong>Composici\u00f3n<\/strong><\/a><\/p><hr \/><h3>Comit\u00e9 de seguridad y salud<\/h3><p style=\"margin-left: 30px;\">\u2022\u00a0<strong>Funciones<\/strong>. Es el \u00f3rgano paritario y colegiado de participaci\u00f3n de los trabajadores en materia de Prevenci\u00f3n de Riesgos Laborales y Salud Laboral, conjuntamente con la direcci\u00f3n de la empresa, teniendo como fundamento la consulta regular y peri\u00f3dica de las actuaciones de la empresa en materia de prevenci\u00f3n.<\/p><p style=\"margin-left: 30px;\"><span style=\"font-size: 14.4px; line-height: 1.6;\">\u2022\u00a0<a title=\"Reglament Comit\u00e9 de Seguretat y Salut\" href=\"https:\/\/alzira.es\/wp-content\/uploads\/2016\/02\/Reglamento_Funcionamiento_Comite_Seguridad_Salu.pdf\" target=\"_blank\" rel=\"noopener\"><strong>Reglamento <\/strong><img decoding=\"async\" class=\"size-full wp-image-13695 lazyload\" style=\"--smush-placeholder-width: 20px; --smush-placeholder-aspect-ratio: 20\/17;vertical-align: middle;\" data-src=\"https:\/\/alzira.es\/wp-content\/uploads\/2016\/02\/pdf_rojo.gif\" alt=\"pdf rojo\" width=\"20\" height=\"17\" src=\"data:image\/svg+xml;base64,PHN2ZyB3aWR0aD0iMSIgaGVpZ2h0PSIxIiB4bWxucz0iaHR0cDovL3d3dy53My5vcmcvMjAwMC9zdmciPjwvc3ZnPg==\" \/><\/a><\/span><\/p><p style=\"margin-left: 30px;\">\u2022\u00a0<a href=\"https:\/\/alzira.es\/ajuntament\/organitzacio-y-govern-municipal\/organs-de-participacio-i-gestio\/organs-de-gestio\/organs-de-gestio-composicio-comite-segueretat-i-salut\/\"><strong>Composici\u00f3n<\/strong><\/a><\/p><hr \/><h3>Comisi\u00f3n de seguimiento del plan de pensiones<\/h3><p style=\"margin-left: 30px;\">\u2022 <a href=\"https:\/\/alzira.es\/wp-content\/uploads\/2023\/03\/01_Reglament-Pla-de-Pensions.pdf\"><strong>Funciones <\/strong>(T\u00edtulo IV Reglamento)<\/a><\/p><p style=\"margin-left: 30px;\">\u2022 <a href=\"https:\/\/alzira.es\/wp-content\/uploads\/2023\/03\/01_Reglament-Pla-de-Pensions.pdf\"><strong>Reglamento<\/strong><\/a><\/p><p style=\"margin-left: 30px;\">\u2022\u00a0<a href=\"https:\/\/alzira.es\/ajuntament\/organitzacio-y-govern-municipal\/organs-de-participacio-i-gestio\/organs-de-gestio\/organs-de-gestio-composicio-comissio-pla-de-pensions\/\"><strong>Composici\u00f3n<\/strong><\/a><\/p><hr \/><h3>Comisi\u00f3n de seguimiento de las bolsas de trabajo (Queda sin efecto la Junta de Contrataci\u00f3n laboral temporal)<\/h3><p style=\"margin-left: 30px;\">\u2022 <a href=\"https:\/\/alzira.es\/wp-content\/uploads\/2023\/03\/02_Reglament-Junta-Contractacio.pdf\"><strong>Funciones<\/strong> <\/a>(Apartado 6 Reglamento)<\/p><p style=\"margin-left: 30px;\">\u2022 <a href=\"https:\/\/alzira.es\/wp-content\/uploads\/2023\/03\/02_Reglament-Junta-Contractacio.pdf\">Reglamento<\/a><\/p><p style=\"margin-left: 30px;\">\u2022\u00a0<a href=\"https:\/\/alzira.es\/ajuntament\/organitzacio-y-govern-municipal\/organs-de-participacio-i-gestio\/organs-de-gestio\/organs-de-gestio-composicio-junta-de-contractacio\/\"><strong>Composici\u00f3n<\/strong><\/a><\/p><hr \/><h3>Comisi\u00f3n de Igualdad<\/h3><p style=\"margin-left: 30px;\">\u2022\u00a0<strong>Funciones<\/strong>. Introducir transversalmente la dimensi\u00f3n de la igualdad de oportunidades entre mujeres y hombres en la pol\u00edtica municipal implicando a toda la ciudadan\u00eda, contribuir a detectar las desigualdades y a erradicarlas. Entre los \u00e1mbitos de intervenci\u00f3n, la \u201cIncorporaci\u00f3n de la perspectiva de igualdad a la Administraci\u00f3n Local\u201d ocupaba el primer lugar, con el objetivo general de Convertir la Administraci\u00f3n Local en el mejor ejemplo de municipalidad para la igualdad entre mujeres y hombres.<\/p><p style=\"margin-left: 30px;\">\u2022\u00a0<strong><a title=\"Pla d'Igualtat\" href=\"https:\/\/alzira.es\/wp-content\/uploads\/2016\/02\/Pla_Igualtat_aprovat_pel_Ple_27-06-12.pdf\" target=\"_blank\" rel=\"noopener\">Reglamento<\/a>\u00a0<\/strong><a title=\"Pla d'Igualtat\" href=\"https:\/\/alzira.es\/wp-content\/uploads\/2016\/02\/Pla_Igualtat_aprovat_pel_Ple_27-06-12.pdf\" target=\"_blank\" rel=\"noopener\"><img decoding=\"async\" class=\"size-full wp-image-13695 lazyload\" data-src=\"https:\/\/alzira.es\/wp-content\/uploads\/2016\/02\/pdf_rojo.gif\" alt=\"pdf rojo\" width=\"20\" height=\"17\" src=\"data:image\/svg+xml;base64,PHN2ZyB3aWR0aD0iMSIgaGVpZ2h0PSIxIiB4bWxucz0iaHR0cDovL3d3dy53My5vcmcvMjAwMC9zdmciPjwvc3ZnPg==\" style=\"--smush-placeholder-width: 20px; --smush-placeholder-aspect-ratio: 20\/17;\" \/><\/a><\/p><p style=\"margin-left: 30px;\">\u2022\u00a0<a href=\"https:\/\/alzira.es\/ajuntament\/organitzacio-y-govern-municipal\/organs-de-participacio-i-gestio\/organs-de-gestio\/organs-de-gestio-composicio-comission-digualtat\/\"><strong>Composici\u00f3n<\/strong><\/a><\/p><hr \/><h3>Comit\u00e9 de valoraci\u00f3n de puestos de trabajo<\/h3><p style=\"margin-left: 30px;\">\u2022 <a href=\"https:\/\/alzira.es\/wp-content\/uploads\/2023\/03\/02_Reglament-Junta-Contractacio.pdf\">Funciones<\/a><\/p><p style=\"margin-left: 30px;\">\u2022\u00a0<a title=\"Protocol del Comit\u00e9 de Valoraci\u00f3\" href=\"https:\/\/alzira.es\/wp-content\/uploads\/2016\/02\/Protocolo_funcionamiento_Comite_Tecnico_Valoracion.pdf\" target=\"_blank\" rel=\"noopener\"><strong>Reglamento<\/strong>\u00a0<img decoding=\"async\" width=\"18\" height=\"15\" class=\"size-full wp-image-13695 lazyload\" data-src=\"https:\/\/alzira.es\/wp-content\/uploads\/2016\/02\/pdf_rojo.gif\" alt=\"pdf rojo\" src=\"data:image\/svg+xml;base64,PHN2ZyB3aWR0aD0iMSIgaGVpZ2h0PSIxIiB4bWxucz0iaHR0cDovL3d3dy53My5vcmcvMjAwMC9zdmciPjwvc3ZnPg==\" style=\"--smush-placeholder-width: 18px; --smush-placeholder-aspect-ratio: 18\/15;\" \/><\/a><\/p><p style=\"margin-left: 30px;\">\u2022\u00a0<a href=\"https:\/\/alzira.es\/ajuntament\/organitzacio-y-govern-municipal\/organs-de-participacio-i-gestio\/organs-de-gestio\/organs-de-gestio-composicio-comite-valoracio-llocs-treball\/\"><strong>Composici\u00f3n<\/strong><\/a><\/p><hr \/><h3>Mesa Sectorial de la Policia Local<\/h3><p style=\"margin-left: 30px;\">\u2022\u00a0<strong>Funciones<\/strong>.\u00a0 DISPOSICI\u00d3N ADICIONAL SEGUNDA del Reglamento de la Mesa General de Negociaci\u00f3n: \u201cSer\u00e1 objeto de la Mesa Sectorial de la Polic\u00eda Local las materias objeto de negociaci\u00f3n de la Mesa General de Negociaci\u00f3n, pero que afectan a la Polic\u00eda Local de forma exclusiva\u201d.<\/p><p style=\"margin-left: 30px;\">\u2022 <strong><a href=\"https:\/\/alzira.es\/wp-content\/uploads\/2023\/03\/04_REGLAMENTO-MGN-08-06-15-BOP-20150606.pdf\">Reglamento<\/a><\/strong><\/p><p style=\"margin-left: 30px;\">\u2022\u00a0<a href=\"https:\/\/alzira.es\/ajuntament\/organitzacio-y-govern-municipal\/organs-de-participacio-i-gestio\/organs-de-gestio\/organs-de-gestio-composicio-mesa-sectorial-policia-local\/\"><strong>Composici\u00f3n<\/strong><\/a><\/p><hr \/><h3>Comisi\u00f3n de Seguimiento, fiscalizaci\u00f3n y control del servicio municipal de abastecimiento de agua potable i alcantarillado<\/h3><p style=\"margin-left: 30px; text-align: justify;\">\u2022\u00a0<strong>Funciones<\/strong>. \u00a0De conformidad con el Pliego de Condiciones Econ\u00f3mico-administrativas de la concesi\u00f3n, esta Comisi\u00f3n, adem\u00e1s de conocer directamente la gesti\u00f3n del concesionario entender\u00e1 de cuantos problemas puedan presentarse en los servicios y coordinar\u00e1 las relaciones del concesionario con el Ayuntamiento. El concesionario propondr\u00e1 al Ayuntamiento, las acciones que estime convenientes para el correcto desarrollo del servicio y la programaci\u00f3n de las inversiones derivadas del Plan Director.<\/p><p style=\"margin-left: 30px;\">\u2022\u00a0<a href=\"https:\/\/alzira.es\/ajuntament\/organitzacio-y-govern-municipal\/organs-de-participacio-i-gestio\/organs-de-gestio\/organs-de-gestio-composicio-comissio-servei-aigua-potable\/\"><strong>Composici\u00f3n<\/strong><\/a><\/p><hr \/><h3>Junta Administradora del Mercado municipal \u201cLa Vila\u201d<\/h3><p style=\"margin-left: 30px;\">\u2022\u00a0<strong>Funciones<\/strong>. Para las cuestiones inherentes al funcionamiento interno del Mercado, relaciones entre los adjudicatarios y entre \u00e9stos y el Ayuntamiento, as\u00ed como para formular propuestas y sugerencias de mejora de los servicios, informar a petici\u00f3n de la Corporaci\u00f3n, y otras an\u00e1logas, se establecer\u00e1 una Junta Administradora del Mercado.<\/p><p style=\"margin-left: 30px;\">\u2022\u00a0<strong><a title=\"Reglament Mercat La Vila\" href=\"https:\/\/alzira.es\/wp-content\/uploads\/2016\/02\/reglament_mercat_la_vila.pdf\" target=\"_blank\" rel=\"noopener\">Reglamento <img decoding=\"async\" class=\"size-full wp-image-13695 lazyload\" style=\"--smush-placeholder-width: 20px; --smush-placeholder-aspect-ratio: 20\/17;vertical-align: middle;\" data-src=\"https:\/\/alzira.es\/wp-content\/uploads\/2016\/02\/pdf_rojo.gif\" alt=\"pdf rojo\" width=\"20\" height=\"17\" src=\"data:image\/svg+xml;base64,PHN2ZyB3aWR0aD0iMSIgaGVpZ2h0PSIxIiB4bWxucz0iaHR0cDovL3d3dy53My5vcmcvMjAwMC9zdmciPjwvc3ZnPg==\" \/><\/a><\/strong><\/p><p style=\"margin-left: 30px;\">\u2022\u00a0<a href=\"https:\/\/alzira.es\/ajuntament\/organitzacio-y-govern-municipal\/organs-de-participacio-i-gestio\/organs-de-gestio\/organs-de-gestio-composicio-junta-mercat-la-vila\/\"><strong>Composici\u00f3n<\/strong><\/a><\/p><hr \/><h3>Consejo de Administraci\u00f3n del Mercado de Abastos<\/h3><p style=\"margin-left: 30px;\">\u2022 <strong>Funciones <\/strong>.Es el \u00f3rgano que asume el gobierno y gesti\u00f3n del Mercado de Abastos. Sus miembros son nombrados mediante acuerdo del Pleno del Ajuntament d&#8217;Alzira.<\/p><p style=\"margin-left: 30px;\">\u2022\u00a0<strong><a title=\"Reglament Mercat d'Abastos\" href=\"https:\/\/alzira.es\/wp-content\/uploads\/2016\/02\/reglament_mercat_abastiments.pdf\" target=\"_blank\" rel=\"noopener\">Reglamento <img decoding=\"async\" class=\"size-full wp-image-13695 lazyload\" style=\"--smush-placeholder-width: 20px; --smush-placeholder-aspect-ratio: 20\/17;vertical-align: middle;\" data-src=\"https:\/\/alzira.es\/wp-content\/uploads\/2016\/02\/pdf_rojo.gif\" alt=\"pdf rojo\" width=\"20\" height=\"17\" src=\"data:image\/svg+xml;base64,PHN2ZyB3aWR0aD0iMSIgaGVpZ2h0PSIxIiB4bWxucz0iaHR0cDovL3d3dy53My5vcmcvMjAwMC9zdmciPjwvc3ZnPg==\" \/><\/a><\/strong><\/p><p style=\"margin-left: 30px;\">\u2022\u00a0<a href=\"https:\/\/alzira.es\/ajuntament\/organitzacio-y-govern-municipal\/organs-de-participacio-i-gestio\/organs-de-gestio\/organs-de-gestio-composicio-consell-mercat-abastiments\/\"><strong>Composici\u00f3n<\/strong><\/a><\/p><hr \/><h3>Comisi\u00f3n de Toponimia<\/h3><p style=\"margin-left: 30px;\"><a title=\"Reglament de Topon\u00edmia\" href=\"https:\/\/alzira.es\/wp-content\/uploads\/2016\/02\/reglament_toponimia_bop.pdf\" target=\"_blank\" rel=\"noopener\">\u2022 <strong>Reglamento<\/strong>\u00a0<strong style=\"font-size: 14.4px;\"><img decoding=\"async\" class=\"size-full wp-image-13695 lazyload\" style=\"--smush-placeholder-width: 20px; --smush-placeholder-aspect-ratio: 20\/17;vertical-align: middle;\" data-src=\"https:\/\/alzira.es\/wp-content\/uploads\/2016\/02\/pdf_rojo.gif\" alt=\"pdf rojo\" width=\"20\" height=\"17\" src=\"data:image\/svg+xml;base64,PHN2ZyB3aWR0aD0iMSIgaGVpZ2h0PSIxIiB4bWxucz0iaHR0cDovL3d3dy53My5vcmcvMjAwMC9zdmciPjwvc3ZnPg==\" \/><\/strong><\/a><\/p><p style=\"margin-left: 30px;\">\u2022 <a href=\"https:\/\/alzira.es\/ajuntament\/organitzacio-y-govern-municipal\/organs-de-participacio-i-gestio\/organs-de-gestio\/organs-de-gestio-composicio-comissio-toponimia\/\"><strong>Composici\u00f3n<\/strong><\/a><\/p>\t\t\t\t\t\t\t\t<\/div>\n\t\t\t\t<\/div>\n\t\t\t\t\t<\/div>\n\t\t<\/div>\n\t\t\t\t\t<\/div>\n\t\t<\/section>\n\t\t\t\t<\/div>\n\t\t","protected":false},"excerpt":{"rendered":"<p>\u00d2RGANOS DE GESTI\u00d3N Mesa general de negociaci\u00f3n y comisi\u00f3n de interpretaci\u00f3n y seguimiento del convenio \u2022 Funciones. \u00a0En el Reglamento se establecen las normas de organizaci\u00f3n y funcionamiento de la Mesa General de Negociaci\u00f3n Conjunta de personal funcionario y laboral del Ajuntament d&#8217;Alzira, constituida conforme al art\u00edculo 35 de la Ley 7\/2007, de 12 de &hellip; <\/p>\n<p class=\"link-more\"><a href=\"https:\/\/alzira.es\/es\/ayuntamiento\/corporacion-y-gobierno-municipal\/organos-de-participacion-y-gestion\/organos-de-gestion\/\" class=\"more-link\">Continuar leyendo<span class=\"screen-reader-text\"> \u00ab\u00d3rganos de Gesti\u00f3n\u00bb<\/span><\/a><\/p>\n","protected":false},"author":34,"featured_media":13695,"parent":61116,"menu_order":0,"comment_status":"closed","ping_status":"closed","template":"","meta":{"_acf_changed":false,"footnotes":""},"class_list":["post-83974","page","type-page","status-publish","has-post-thumbnail","hentry"],"acf":[],"_links":{"self":[{"href":"https:\/\/alzira.es\/es\/wp-json\/wp\/v2\/pages\/83974","targetHints":{"allow":["GET"]}}],"collection":[{"href":"https:\/\/alzira.es\/es\/wp-json\/wp\/v2\/pages"}],"about":[{"href":"https:\/\/alzira.es\/es\/wp-json\/wp\/v2\/types\/page"}],"author":[{"embeddable":true,"href":"https:\/\/alzira.es\/es\/wp-json\/wp\/v2\/users\/34"}],"replies":[{"embeddable":true,"href":"https:\/\/alzira.es\/es\/wp-json\/wp\/v2\/comments?post=83974"}],"version-history":[{"count":2,"href":"https:\/\/alzira.es\/es\/wp-json\/wp\/v2\/pages\/83974\/revisions"}],"predecessor-version":[{"id":164474,"href":"https:\/\/alzira.es\/es\/wp-json\/wp\/v2\/pages\/83974\/revisions\/164474"}],"up":[{"embeddable":true,"href":"https:\/\/alzira.es\/es\/wp-json\/wp\/v2\/pages\/61116"}],"wp:featuredmedia":[{"embeddable":true,"href":"https:\/\/alzira.es\/es\/wp-json\/wp\/v2\/media\/13695"}],"wp:attachment":[{"href":"https:\/\/alzira.es\/es\/wp-json\/wp\/v2\/media?parent=83974"}],"curies":[{"name":"wp","href":"https:\/\/api.w.org\/{rel}","templated":true}]}}