{"id":83859,"date":"2021-07-22T11:26:34","date_gmt":"2021-07-22T09:26:34","guid":{"rendered":"https:\/\/alzira.es\/solicitudes-de-oposicion-a-recibir-propaganda-electoral-para-las-elecciones-generales-de-10-de-noviembre-de-2019\/"},"modified":"2021-12-15T20:12:34","modified_gmt":"2021-12-15T19:12:34","slug":"solicitudes-de-oposicion-a-recibir-propaganda-electoral-para-las-elecciones-generales-de-10-de-noviembre-de-2019","status":"publish","type":"page","link":"https:\/\/alzira.es\/es\/ayuntamiento\/elecciones\/censo-electoral\/solicitudes-de-oposicion-a-recibir-propaganda-electoral-para-las-elecciones-generales-de-10-de-noviembre-de-2019\/","title":{"rendered":"Solicitudes de oposici\u00f3n a recibir propaganda electoral para las Elecciones Generales de 10 de noviembre de 2019"},"content":{"rendered":"\n<p>Como consecuencia de la reforma de la Ley electoral, los electores pueden solicitar la exclusi\u00f3n de las copias del censo electoral que se entregan a los representates de las candidaturas para el env\u00edo de propaganda electoral. Estas exclusiones son continuas y tiene efecto permanente mientras el elector no se manifieste en sentido contrario.<\/p>\n\n<p>Quienes realicen esta solicitud hasta el 7 de octubre de 2019 no recibir\u00e1n propaganda electoral por parte de los partidos pol\u00edticos en la campa\u00f1a electoral de estas elecciones. Las solicitudes posteriores al 7 de octubre de 2019 tendr\u00e1n efecto en las siguientes elecciones que se celebren.&#13;\n&#13;\nLa solicitud de exclusi\u00f3n puede realizarse por internet, con certificado electr\u00f3nico, en la Sede electr\u00f3nica del INE (https:\/\/sede.ine.gob.es\/ce_exclusion_copias ) o en los ayuntamientos, oficinas consulares y delegaciones provinciales de la OCE.<\/p>\n\n<p>Si no dispone de certificado electr\u00f3nico puede realizar el tr\u00e1mite presencialmente en el Departamento de LA CLAU de este Ayuntamiento.<\/p>\n","protected":false},"excerpt":{"rendered":"<p>Como consecuencia de la reforma de la Ley electoral, los electores pueden solicitar la exclusi\u00f3n de las copias del censo electoral que se entregan a los representates de las candidaturas para el env\u00edo de propaganda electoral. Estas exclusiones son continuas y tiene efecto permanente mientras el elector no se manifieste en sentido contrario. Quienes realicen &hellip; <\/p>\n<p class=\"link-more\"><a href=\"https:\/\/alzira.es\/es\/ayuntamiento\/elecciones\/censo-electoral\/solicitudes-de-oposicion-a-recibir-propaganda-electoral-para-las-elecciones-generales-de-10-de-noviembre-de-2019\/\" class=\"more-link\">Continuar leyendo<span class=\"screen-reader-text\"> \u00abSolicitudes de oposici\u00f3n a recibir propaganda electoral para las Elecciones Generales de 10 de noviembre de 2019\u00bb<\/span><\/a><\/p>\n","protected":false},"author":29,"featured_media":0,"parent":83861,"menu_order":0,"comment_status":"closed","ping_status":"closed","template":"","meta":{"_acf_changed":false,"footnotes":""},"class_list":["post-83859","page","type-page","status-publish","hentry"],"acf":[],"_links":{"self":[{"href":"https:\/\/alzira.es\/es\/wp-json\/wp\/v2\/pages\/83859","targetHints":{"allow":["GET"]}}],"collection":[{"href":"https:\/\/alzira.es\/es\/wp-json\/wp\/v2\/pages"}],"about":[{"href":"https:\/\/alzira.es\/es\/wp-json\/wp\/v2\/types\/page"}],"author":[{"embeddable":true,"href":"https:\/\/alzira.es\/es\/wp-json\/wp\/v2\/users\/29"}],"replies":[{"embeddable":true,"href":"https:\/\/alzira.es\/es\/wp-json\/wp\/v2\/comments?post=83859"}],"version-history":[{"count":1,"href":"https:\/\/alzira.es\/es\/wp-json\/wp\/v2\/pages\/83859\/revisions"}],"predecessor-version":[{"id":83860,"href":"https:\/\/alzira.es\/es\/wp-json\/wp\/v2\/pages\/83859\/revisions\/83860"}],"up":[{"embeddable":true,"href":"https:\/\/alzira.es\/es\/wp-json\/wp\/v2\/pages\/83861"}],"wp:attachment":[{"href":"https:\/\/alzira.es\/es\/wp-json\/wp\/v2\/media?parent=83859"}],"curies":[{"name":"wp","href":"https:\/\/api.w.org\/{rel}","templated":true}]}}