{"id":83838,"date":"2021-05-07T12:43:15","date_gmt":"2021-05-07T10:43:15","guid":{"rendered":"https:\/\/alzira.es\/ajuntamiento\/buzon-de-la-ciudadania\/"},"modified":"2024-01-24T13:34:52","modified_gmt":"2024-01-24T12:34:52","slug":"buzon-de-la-ciudadania","status":"publish","type":"page","link":"https:\/\/alzira.es\/es\/ayuntamiento\/buzon-de-la-ciudadania\/","title":{"rendered":"Buz\u00f3n de la ciudadan\u00eda"},"content":{"rendered":"<p>Bienvenido al Buz\u00f3n de la Ciudadan\u00eda.<\/p>\n<p>El Buz\u00f3n de la Ciudadan\u00eda nace con el fin de fomentar la participaci\u00f3n ciudadana en todos los aspectos de la vida p\u00fablica y as\u00ed acercar la administraci\u00f3n a los vecinos y vecinas de Alzira.<\/p>\n<p>Desde aqu\u00ed podr\u00e1 hacernos llegar sus sugerencias, quejas e inquietudes y otras observaciones.<\/p>\n<p>Este Buz\u00f3n no contempla la posibilidad de presentar instancias, recursos o alegaciones.<\/p>\n<p>\u00a1Participa!<\/p>\n\n<div class=\"wpcf7 no-js\" id=\"wpcf7-f84224-o1\" lang=\"ca\" dir=\"ltr\" data-wpcf7-id=\"84224\">\n<div class=\"screen-reader-response\"><p role=\"status\" aria-live=\"polite\" aria-atomic=\"true\"><\/p> <ul><\/ul><\/div>\n<form action=\"\/es\/wp-json\/wp\/v2\/pages\/83838#wpcf7-f84224-o1\" method=\"post\" class=\"wpcf7-form init wpcf7-acceptance-as-validation\" aria-label=\"Formulari de contacte\" novalidate=\"novalidate\" data-status=\"init\">\n<div style=\"display: none;\">\n<input type=\"hidden\" name=\"_wpcf7\" value=\"84224\" \/>\n<input type=\"hidden\" name=\"_wpcf7_version\" value=\"6.0.4\" \/>\n<input type=\"hidden\" name=\"_wpcf7_locale\" value=\"ca\" \/>\n<input type=\"hidden\" name=\"_wpcf7_unit_tag\" value=\"wpcf7-f84224-o1\" \/>\n<input type=\"hidden\" name=\"_wpcf7_container_post\" value=\"0\" \/>\n<input type=\"hidden\" name=\"_wpcf7_posted_data_hash\" value=\"\" \/>\n<\/div>\n<div class=\"campoform\">\n\t<p><label>Nombre y Apellidos*<\/label><span class=\"wpcf7-form-control-wrap\" data-name=\"nombre\"><input size=\"40\" maxlength=\"400\" class=\"wpcf7-form-control wpcf7-text wpcf7-validates-as-required\" aria-required=\"true\" aria-invalid=\"false\" value=\"\" type=\"text\" name=\"nombre\" \/><\/span>\n\t<\/p>\n<\/div>\n<div class=\"campoform\">\n\t<p><label>Correo electr\u00f3nico*<\/label><span class=\"wpcf7-form-control-wrap\" data-name=\"email\"><input size=\"40\" maxlength=\"400\" class=\"wpcf7-form-control wpcf7-email wpcf7-validates-as-required wpcf7-text wpcf7-validates-as-email\" aria-required=\"true\" aria-invalid=\"false\" value=\"\" type=\"email\" name=\"email\" \/><\/span>\n\t<\/p>\n<\/div>\n<div class=\"campoform\">\n\t<p><label>Tel\u00e9fono*<\/label><span class=\"wpcf7-form-control-wrap\" data-name=\"telefono\"><input size=\"40\" maxlength=\"400\" class=\"wpcf7-form-control wpcf7-tel wpcf7-text wpcf7-validates-as-tel\" aria-invalid=\"false\" value=\"\" type=\"tel\" name=\"telefono\" \/><\/span>\n\t<\/p>\n<\/div>\n<div class=\"campoformmsg\">\n\t<p><label>Comentarios<\/label><span class=\"wpcf7-form-control-wrap\" data-name=\"mensaje\"><textarea cols=\"40\" rows=\"10\" maxlength=\"2000\" class=\"wpcf7-form-control wpcf7-textarea wpcf7-validates-as-required\" aria-required=\"true\" aria-invalid=\"false\" name=\"mensaje\"><\/textarea><\/span>\n\t<\/p>\n<\/div>\n<div class=\"aceptar\">\n\t<p><span class=\"wpcf7-form-control-wrap\" data-name=\"politicaprivacidad\"><span class=\"wpcf7-form-control wpcf7-acceptance\"><span class=\"wpcf7-list-item\"><label><input type=\"checkbox\" name=\"politicaprivacidad\" value=\"1\" aria-invalid=\"false\" \/><span class=\"wpcf7-list-item-label\">He le\u00eddo y acepto la <a href=\"https:\/\/alzira.es\/es\/politica-de-privacidad\/\" target=\"_blank\">Pol\u00edtica de Privacidad<\/a><\/span><\/label><\/span><\/span><\/span>\n\t<\/p>\n<\/div>\n<p><input class=\"wpcf7-form-control wpcf7-submit has-spinner\" type=\"submit\" value=\"Enviar\" \/>\n<\/p><input type='hidden' class='wpcf7-pum' value='{\"closepopup\":false,\"closedelay\":0,\"openpopup\":false,\"openpopup_id\":0}' \/><div class=\"wpcf7-response-output\" aria-hidden=\"true\"><\/div>\n<\/form>\n<\/div>\n\n","protected":false},"excerpt":{"rendered":"<p>Bienvenido al Buz\u00f3n de la Ciudadan\u00eda. El Buz\u00f3n de la Ciudadan\u00eda nace con el fin de fomentar la participaci\u00f3n ciudadana en todos los aspectos de la vida p\u00fablica y as\u00ed acercar la administraci\u00f3n a los vecinos y vecinas de Alzira. Desde aqu\u00ed podr\u00e1 hacernos llegar sus sugerencias, quejas e inquietudes y otras observaciones. Este Buz\u00f3n &hellip; <\/p>\n<p class=\"link-more\"><a href=\"https:\/\/alzira.es\/es\/ayuntamiento\/buzon-de-la-ciudadania\/\" class=\"more-link\">Continuar leyendo<span class=\"screen-reader-text\"> \u00abBuz\u00f3n de la ciudadan\u00eda\u00bb<\/span><\/a><\/p>\n","protected":false},"author":29,"featured_media":0,"parent":60845,"menu_order":0,"comment_status":"closed","ping_status":"closed","template":"","meta":{"_acf_changed":false,"footnotes":""},"class_list":["post-83838","page","type-page","status-publish","hentry"],"acf":[],"_links":{"self":[{"href":"https:\/\/alzira.es\/es\/wp-json\/wp\/v2\/pages\/83838","targetHints":{"allow":["GET"]}}],"collection":[{"href":"https:\/\/alzira.es\/es\/wp-json\/wp\/v2\/pages"}],"about":[{"href":"https:\/\/alzira.es\/es\/wp-json\/wp\/v2\/types\/page"}],"author":[{"embeddable":true,"href":"https:\/\/alzira.es\/es\/wp-json\/wp\/v2\/users\/29"}],"replies":[{"embeddable":true,"href":"https:\/\/alzira.es\/es\/wp-json\/wp\/v2\/comments?post=83838"}],"version-history":[{"count":2,"href":"https:\/\/alzira.es\/es\/wp-json\/wp\/v2\/pages\/83838\/revisions"}],"predecessor-version":[{"id":146364,"href":"https:\/\/alzira.es\/es\/wp-json\/wp\/v2\/pages\/83838\/revisions\/146364"}],"up":[{"embeddable":true,"href":"https:\/\/alzira.es\/es\/wp-json\/wp\/v2\/pages\/60845"}],"wp:attachment":[{"href":"https:\/\/alzira.es\/es\/wp-json\/wp\/v2\/media?parent=83838"}],"curies":[{"name":"wp","href":"https:\/\/api.w.org\/{rel}","templated":true}]}}