{"id":83704,"date":"2021-07-26T20:08:25","date_gmt":"2021-07-26T18:08:25","guid":{"rendered":"https:\/\/alzira.es\/la-ciudad\/transporte-publico\/linea-2\/"},"modified":"2021-07-26T20:08:25","modified_gmt":"2021-07-26T18:08:25","slug":"linea-2","status":"publish","type":"page","link":"https:\/\/alzira.es\/es\/la-ciudad\/transporte-publico\/linea-2\/","title":{"rendered":"L\u00ednea 2"},"content":{"rendered":"<p>Horari de les l\u00ednies del bus urb\u00e0 per als mesos de <strong>juliol<\/strong> i <strong>agost de 2019<\/strong><\/p>\n<p style=\"text-align: center;\"><strong>EIXIDA DES DE L&#8217;HOSPITAL<\/strong><\/p>\n<table style=\"width: 550px;\" border=\"4\" cellspacing=\"1\" cellpadding=\"1\" align=\"center\">\n<tbody>\n<tr>\n<td style=\"background-color: #ff0000;\"><span style=\"color: #ffffff;\"><span style=\"text-decoration: underline;\"><strong>DIES<\/strong><\/span><\/span><\/p>\n<p style=\"text-align: center;\">\n<\/td>\n<td style=\"background-color: #ff0000;\">\n<p style=\"text-align: center;\"><span style=\"color: #ffffff;\"><span style=\"text-decoration: underline;\"><strong>HORARI: DE 6:15 a 21:25 hores<\/strong><\/span><\/span><\/p>\n<p><strong>\u00a0<\/strong><\/td>\n<\/tr>\n<tr>\n<td><strong>Dilluns a divendres<\/strong><\/td>\n<td><strong>Juliol: funciona cada hora des de les 6:15h fins a les 14:15h i de 15:30h fins a les 21:30h<\/strong><\/p>\n<p><strong>Agost: Funciona cada hora des de les 6:25h fins a les 21:25h<\/strong><\/td>\n<\/tr>\n<tr>\n<td><strong>Dissabtes<\/strong><\/td>\n<td><strong>Funciona cada hora des de les 6:25h fins a les 21:25h<\/strong><\/td>\n<\/tr>\n<tr>\n<td><strong>Diumenges i festius<\/strong><\/td>\n<td><strong>9:55h &#8211; 11:55h &#8211; 15:55h &#8211; 17:55h &#8211; 19:55h<\/strong><\/td>\n<\/tr>\n<\/tbody>\n<\/table>\n<p style=\"text-align: center;\">\u00a0<strong>EIXIDES DES DE L&#8217;ESTACI\u00d3 RENFE<\/strong><\/p>\n<table style=\"width: 550px;\" border=\"4\" cellspacing=\"1\" cellpadding=\"1\" align=\"center\">\n<tbody>\n<tr>\n<td style=\"background-color: #ff0000;\"><span style=\"color: #ffffff;\"><strong>DIES<\/strong><\/span><\/td>\n<td style=\"background-color: #ff0000;\">\n<p style=\"text-align: center;\"><span style=\"color: #ffffff;\"><strong>HORARI: DE 6:15 a 21:25 hores<\/strong><\/span><\/p>\n<p><strong>\u00a0<\/strong><\/td>\n<\/tr>\n<tr>\n<td><strong>Dilluns a divendres<\/strong><\/td>\n<td><strong>Juliol: funciona cada hora des de les 6:45h fins a les 13:45h i de 15:00h fins a les 21:00h<\/strong><\/p>\n<p><strong>Repartix el tren de les 22:00 a partir de P\u00e7a. Regne per la l\u00ednia 1<\/strong><\/p>\n<p><strong>Agost: Funciona cada hora des de les 7:00h fins a les 21:00h<\/strong><\/p>\n<p><strong>Repartix el tren de les 22:00h a partir de P\u00e7a. Regne per la l\u00ednia 1<\/strong><\/td>\n<\/tr>\n<tr>\n<td><strong>Dissabtes<\/strong><\/td>\n<td><strong>Funciona cada hora des de les 7:00h fins a les 21:00h<\/strong><\/p>\n<p><strong>Repartix el tren de les 22:00 a partir de P\u00e7a. Regne per la l\u00ednia 1<\/strong><\/td>\n<\/tr>\n<tr>\n<td><strong>Diumenges i festius<\/strong><\/td>\n<td>\n<p><strong>10:30h &#8211; 12:30h &#8211; 16:30h &#8211; 18:30h &#8211; 20:30h<\/strong><\/p>\n<p><strong>\u00a0<\/strong><\/td>\n<\/tr>\n<\/tbody>\n<\/table>\n<p dir=\"ltr\"><img fetchpriority=\"high\" decoding=\"async\" class=\" size-full wp-image-4610\" style=\"display: block; margin-left: auto; margin-right: auto;\" src=\"https:\/\/alzira.es\/wp-content\/uploads\/2009\/02\/buslinea2.gif\" alt=\"L\u00ednia 2\" width=\"490\" height=\"1025\" \/><\/p>\n","protected":false},"excerpt":{"rendered":"<p>Horari de les l\u00ednies del bus urb\u00e0 per als mesos de juliol i agost de 2019 EIXIDA DES DE L&#8217;HOSPITAL DIES HORARI: DE 6:15 a 21:25 hores \u00a0 Dilluns a divendres Juliol: funciona cada hora des de les 6:15h fins a les 14:15h i de 15:30h fins a les 21:30h Agost: Funciona cada hora des &hellip; <\/p>\n<p class=\"link-more\"><a href=\"https:\/\/alzira.es\/es\/la-ciudad\/transporte-publico\/linea-2\/\" class=\"more-link\">Continuar leyendo<span class=\"screen-reader-text\"> \u00abL\u00ednea 2\u00bb<\/span><\/a><\/p>\n","protected":false},"author":12,"featured_media":4529,"parent":83701,"menu_order":0,"comment_status":"closed","ping_status":"closed","template":"","meta":{"_acf_changed":false,"footnotes":""},"class_list":["post-83704","page","type-page","status-publish","has-post-thumbnail","hentry"],"acf":[],"_links":{"self":[{"href":"https:\/\/alzira.es\/es\/wp-json\/wp\/v2\/pages\/83704","targetHints":{"allow":["GET"]}}],"collection":[{"href":"https:\/\/alzira.es\/es\/wp-json\/wp\/v2\/pages"}],"about":[{"href":"https:\/\/alzira.es\/es\/wp-json\/wp\/v2\/types\/page"}],"author":[{"embeddable":true,"href":"https:\/\/alzira.es\/es\/wp-json\/wp\/v2\/users\/12"}],"replies":[{"embeddable":true,"href":"https:\/\/alzira.es\/es\/wp-json\/wp\/v2\/comments?post=83704"}],"version-history":[{"count":0,"href":"https:\/\/alzira.es\/es\/wp-json\/wp\/v2\/pages\/83704\/revisions"}],"up":[{"embeddable":true,"href":"https:\/\/alzira.es\/es\/wp-json\/wp\/v2\/pages\/83701"}],"wp:featuredmedia":[{"embeddable":true,"href":"https:\/\/alzira.es\/es\/wp-json\/wp\/v2\/media\/4529"}],"wp:attachment":[{"href":"https:\/\/alzira.es\/es\/wp-json\/wp\/v2\/media?parent=83704"}],"curies":[{"name":"wp","href":"https:\/\/api.w.org\/{rel}","templated":true}]}}