{"id":83703,"date":"2021-07-26T20:08:17","date_gmt":"2021-07-26T18:08:17","guid":{"rendered":"https:\/\/alzira.es\/la-ciudad\/transporte-publico\/linea-1\/"},"modified":"2021-07-26T20:08:17","modified_gmt":"2021-07-26T18:08:17","slug":"linea-1","status":"publish","type":"page","link":"https:\/\/alzira.es\/es\/la-ciudad\/transporte-publico\/linea-1\/","title":{"rendered":"L\u00ednea 1"},"content":{"rendered":"<p>Horari de les l\u00ednies del bus urb\u00e0 per als mesos de <strong>juliol<\/strong> i <strong>agost de 2019<\/strong><\/p>\n<p style=\"text-align: center;\">\u00a0<strong>EIXIDA DES DE L&#8217;HOSPITAL<\/strong><\/p>\n<table style=\"margin-left: auto; margin-right: auto; width: 550px;\" border=\"4\" cellspacing=\"1\" cellpadding=\"1\">\n<tbody>\n<tr>\n<td style=\"background-color: #2424aa;\">\n<p style=\"text-align: center;\"><span style=\"color: #ffffff;\"><span style=\"text-decoration: underline;\"><strong>DIES<\/strong><\/span><\/span><\/p>\n<\/td>\n<td style=\"background-color: #2424aa;\">\n<p style=\"text-align: center;\"><span style=\"color: #ffffff;\"><span style=\"text-decoration: underline;\"><strong>HORARI: DE 5:55 hores fins a les 21:55 hores<\/strong><\/span><\/span><\/p>\n<p><strong>\u00a0<\/strong><\/td>\n<\/tr>\n<tr>\n<td><strong>Dilluns a divendres<\/strong><\/td>\n<td><strong>Juliol: Funciona cada 30&#8242; des de les 5:55h fins a les 14:30h<\/strong><\/p>\n<p><strong>\u00a0 \u00a0 \u00a0 \u00a0 \u00a0 \u00a0Funciona cada hora des de les 14:30h fins a le 21:55h<\/strong><\/p>\n<p><strong>Agost: Funciona cada hora des de les 5:55h fins a les 21:55h<\/strong><\/td>\n<\/tr>\n<tr>\n<td><strong>Dissabtes<\/strong><\/td>\n<td><strong>Funciona cada hora des de les 5:55h fins a les 21:55h<\/strong><\/td>\n<\/tr>\n<tr>\n<td><strong>Diumenges i festius<\/strong><\/td>\n<td><strong>8:55h &#8211; 10:55h &#8211; 12:55h &#8211; 16:55h &#8211; 18:55h &#8211; 20:55h<\/strong><\/td>\n<\/tr>\n<\/tbody>\n<\/table>\n<p style=\"text-align: center;\"><strong>EIXIDA DES DE L&#8217;ESTACI\u00d3 RENFE<\/strong><\/p>\n<table style=\"margin-left: auto; margin-right: auto; width: 550px;\" border=\"4\" cellspacing=\"1\" cellpadding=\"1\">\n<tbody>\n<tr>\n<td style=\"background-color: #2424aa;\">\n<p style=\"text-align: center;\"><span style=\"color: #ffffff;\"><strong>DIES<\/strong><\/span><\/p>\n<\/td>\n<td style=\"background-color: #2424aa;\">\n<p style=\"text-align: center;\"><span style=\"color: #ffffff;\"><strong>HORARI: DE 5:55 hores fins a les 21:55 hores<\/strong><\/span><\/p>\n<p><strong>\u00a0<\/strong><\/td>\n<\/tr>\n<tr>\n<td><strong>Dilluns a divendres<\/strong><\/td>\n<td><strong>Juliol: Funciona cada 30&#8242; des de les 6:30h fins a les 14:30h<\/strong><\/p>\n<p><strong>\u00a0 \u00a0 \u00a0 \u00a0 \u00a0 \u00a0Funciona cada hora des de les 14:30h fins a le 21:30h<\/strong><\/p>\n<p><strong>\u00a0 \u00a0 \u00a0 \u00a0 \u00a0 \u00a0Reparteix els \u00faltims trens fins a es 23:10h<\/strong><\/p>\n<p><strong>Agost: Funciona cada hora des de les 6:30h fins a les 21:30h<\/strong><\/p>\n<p><strong>\u00a0 \u00a0 \u00a0 \u00a0 \u00a0 \u00a0 Reparteix els \u00faltims trens fins a les 23:10h<\/strong><\/td>\n<\/tr>\n<tr>\n<td><strong>Dissabtes<\/strong><\/td>\n<td><strong>Funciona cada hora des de les 6:30h fins a les 21:30h<\/strong><\/p>\n<p><strong>Reparteix el tren de les 22:35h<\/strong><\/td>\n<\/tr>\n<tr>\n<td><strong>Diumenges i festius<\/strong><\/td>\n<td>\n<p><strong>9:30h &#8211; 11:30h &#8211; 13:30h &#8211; 17:30h &#8211; 19:30h &#8211; 21:30h<\/strong><\/p>\n<p><strong>\u00a0<\/strong><\/td>\n<\/tr>\n<\/tbody>\n<\/table>\n<p><img fetchpriority=\"high\" decoding=\"async\" class=\" size-full wp-image-4606\" style=\"display: block; margin-left: auto; margin-right: auto;\" src=\"https:\/\/alzira.es\/wp-content\/uploads\/2009\/02\/buslinea1.gif\" alt=\"L\u00ednia 1\" width=\"490\" height=\"1010\" \/><\/p>\n","protected":false},"excerpt":{"rendered":"<p>Horari de les l\u00ednies del bus urb\u00e0 per als mesos de juliol i agost de 2019 \u00a0EIXIDA DES DE L&#8217;HOSPITAL DIES HORARI: DE 5:55 hores fins a les 21:55 hores \u00a0 Dilluns a divendres Juliol: Funciona cada 30&#8242; des de les 5:55h fins a les 14:30h \u00a0 \u00a0 \u00a0 \u00a0 \u00a0 \u00a0Funciona cada hora des &hellip; <\/p>\n<p class=\"link-more\"><a href=\"https:\/\/alzira.es\/es\/la-ciudad\/transporte-publico\/linea-1\/\" class=\"more-link\">Continuar leyendo<span class=\"screen-reader-text\"> \u00abL\u00ednea 1\u00bb<\/span><\/a><\/p>\n","protected":false},"author":12,"featured_media":4529,"parent":83701,"menu_order":0,"comment_status":"closed","ping_status":"closed","template":"","meta":{"_acf_changed":false,"footnotes":""},"class_list":["post-83703","page","type-page","status-publish","has-post-thumbnail","hentry"],"acf":[],"_links":{"self":[{"href":"https:\/\/alzira.es\/es\/wp-json\/wp\/v2\/pages\/83703","targetHints":{"allow":["GET"]}}],"collection":[{"href":"https:\/\/alzira.es\/es\/wp-json\/wp\/v2\/pages"}],"about":[{"href":"https:\/\/alzira.es\/es\/wp-json\/wp\/v2\/types\/page"}],"author":[{"embeddable":true,"href":"https:\/\/alzira.es\/es\/wp-json\/wp\/v2\/users\/12"}],"replies":[{"embeddable":true,"href":"https:\/\/alzira.es\/es\/wp-json\/wp\/v2\/comments?post=83703"}],"version-history":[{"count":0,"href":"https:\/\/alzira.es\/es\/wp-json\/wp\/v2\/pages\/83703\/revisions"}],"up":[{"embeddable":true,"href":"https:\/\/alzira.es\/es\/wp-json\/wp\/v2\/pages\/83701"}],"wp:featuredmedia":[{"embeddable":true,"href":"https:\/\/alzira.es\/es\/wp-json\/wp\/v2\/media\/4529"}],"wp:attachment":[{"href":"https:\/\/alzira.es\/es\/wp-json\/wp\/v2\/media?parent=83703"}],"curies":[{"name":"wp","href":"https:\/\/api.w.org\/{rel}","templated":true}]}}