{"id":83676,"date":"2018-08-03T11:18:27","date_gmt":"2018-08-03T09:18:27","guid":{"rendered":"https:\/\/alzira.es\/la-ciudad\/premios-literarios-ciutat-dalzira\/categorias\/"},"modified":"2023-09-13T11:39:08","modified_gmt":"2023-09-13T09:39:08","slug":"categorias","status":"publish","type":"page","link":"https:\/\/alzira.es\/es\/la-ciudad\/premios-literarios-ciutat-dalzira\/categorias\/","title":{"rendered":"Categor\u00edas"},"content":{"rendered":"\t\t<div data-elementor-type=\"wp-page\" data-elementor-id=\"83676\" class=\"elementor elementor-83676 elementor-32833\">\n\t\t\t\t\t\t<section class=\"elementor-section elementor-top-section elementor-element elementor-element-66467e9 elementor-section-boxed elementor-section-height-default elementor-section-height-default\" data-id=\"66467e9\" data-element_type=\"section\">\n\t\t\t\t\t\t<div class=\"elementor-container elementor-column-gap-default\">\n\t\t\t\t\t<div class=\"elementor-column elementor-col-50 elementor-top-column elementor-element elementor-element-1beaa79\" data-id=\"1beaa79\" data-element_type=\"column\">\n\t\t\t<div class=\"elementor-widget-wrap elementor-element-populated\">\n\t\t\t\t\t\t<div class=\"elementor-element elementor-element-d583935 elementor-widget elementor-widget-image\" data-id=\"d583935\" data-element_type=\"widget\" data-widget_type=\"image.default\">\n\t\t\t\t<div class=\"elementor-widget-container\">\n\t\t\t\t\t\t\t\t\t\t\t\t\t\t\t<img fetchpriority=\"high\" decoding=\"async\" width=\"333\" height=\"273\" src=\"https:\/\/alzira.es\/wp-content\/uploads\/2022\/03\/titol_gris-01.png\" class=\"attachment-medium size-medium wp-image-117772\" alt=\"Premis Literaris Ciutat d\u2019Alzira\" sizes=\"100vw\" \/>\t\t\t\t\t\t\t\t\t\t\t\t\t\t\t<\/div>\n\t\t\t\t<\/div>\n\t\t\t\t<div class=\"elementor-element elementor-element-e8ab924 elementor-widget elementor-widget-image\" data-id=\"e8ab924\" data-element_type=\"widget\" data-widget_type=\"image.default\">\n\t\t\t\t<div class=\"elementor-widget-container\">\n\t\t\t\t\t\t\t\t\t\t\t\t\t\t\t\t<a href=\"https:\/\/alzira.es\/wp-content\/uploads\/anual\/plca-bases.pdf\" target=\"_blank\">\n\t\t\t\t\t\t\t<img decoding=\"async\" width=\"452\" height=\"404\" data-src=\"https:\/\/alzira.es\/wp-content\/uploads\/2018\/08\/boton_bases_gris-01.png\" class=\"attachment-medium size-medium wp-image-95478 lazyload\" alt=\"BASES PLCA\" data-sizes=\"100vw\" src=\"data:image\/svg+xml;base64,PHN2ZyB3aWR0aD0iMSIgaGVpZ2h0PSIxIiB4bWxucz0iaHR0cDovL3d3dy53My5vcmcvMjAwMC9zdmciPjwvc3ZnPg==\" style=\"--smush-placeholder-width: 452px; --smush-placeholder-aspect-ratio: 452\/404;\" \/>\t\t\t\t\t\t\t\t<\/a>\n\t\t\t\t\t\t\t\t\t\t\t\t\t\t\t<\/div>\n\t\t\t\t<\/div>\n\t\t\t\t\t<\/div>\n\t\t<\/div>\n\t\t\t\t<div class=\"elementor-column elementor-col-50 elementor-top-column elementor-element elementor-element-3e11740\" data-id=\"3e11740\" data-element_type=\"column\">\n\t\t\t<div class=\"elementor-widget-wrap elementor-element-populated\">\n\t\t\t\t\t\t<div class=\"elementor-element elementor-element-24fb8fe elementor-widget elementor-widget-accordion\" data-id=\"24fb8fe\" data-element_type=\"widget\" data-widget_type=\"accordion.default\">\n\t\t\t\t<div class=\"elementor-widget-container\">\n\t\t\t\t\t\t\t<div class=\"elementor-accordion\">\n\t\t\t\t\t\t\t<div class=\"elementor-accordion-item\">\n\t\t\t\t\t<div id=\"elementor-tab-title-3871\" class=\"elementor-tab-title\" data-tab=\"1\" role=\"button\" aria-controls=\"elementor-tab-content-3871\" aria-expanded=\"false\">\n\t\t\t\t\t\t\t\t\t\t\t\t\t<span class=\"elementor-accordion-icon elementor-accordion-icon-left\" aria-hidden=\"true\">\n\t\t\t\t\t\t\t\t\t\t\t\t\t\t\t<span class=\"elementor-accordion-icon-closed\"><i class=\"fas fa-plus\"><\/i><\/span>\n\t\t\t\t\t\t\t\t<span class=\"elementor-accordion-icon-opened\"><i class=\"fas fa-minus\"><\/i><\/span>\n\t\t\t\t\t\t\t\t\t\t\t\t\t\t<\/span>\n\t\t\t\t\t\t\t\t\t\t\t\t<a class=\"elementor-accordion-title\" tabindex=\"0\">XXXV Premi de Novela Ciutat d'Alzira<\/a>\n\t\t\t\t\t<\/div>\n\t\t\t\t\t<div id=\"elementor-tab-content-3871\" class=\"elementor-tab-content elementor-clearfix\" data-tab=\"1\" role=\"region\" aria-labelledby=\"elementor-tab-title-3871\"><p>DISPOSICIONS ESPEC\u00cdFIQUES<\/p><p><strong>1.<\/strong> Poden optar al premi les novel\u2022les escrites originalment en valenci\u00e0. Els originals han de tindre una extensi\u00f3 entre 80 i 250 p\u00e0gines. <br \/><strong>2.<\/strong> L\u2019import del premi convocat, patrocinat per l\u2019Ajuntament d\u2019Alzira, \u00e9s de 16.000 \u20ac. Quantitat que s\u2019entendr\u00e0 com a pagament dels drets d\u2019autoria dels 4.000 primers exemplars que es venguen. <br \/><strong>3.<\/strong> El jurat el compon C\u00e0rol Borr\u00e0s, Maria \u00c0ngels Franc\u00e9s, N\u00faria Cadenes, Isabel Marcillas i Tom\u00e0s Llopis. <br \/><strong>4.<\/strong> El t\u00edtol de l\u2019obra guanyadora es far\u00e0 p\u00fablic el 10 de novembre del 2023.<br \/><strong>5.<\/strong> El llibre guardonat es publicar\u00e0 en la col\u2022lecci\u00f3 \u00abL\u2019Ecl\u00e8ctica\u00bb d\u2019Edicions Bromera.<br \/><strong>6.<\/strong> La resta d\u2019aspectes que regixen el certamen estan inclosos en les disposicions generals i particulars de les bases.<\/p><\/div>\n\t\t\t\t<\/div>\n\t\t\t\t\t\t\t<div class=\"elementor-accordion-item\">\n\t\t\t\t\t<div id=\"elementor-tab-title-3872\" class=\"elementor-tab-title\" data-tab=\"2\" role=\"button\" aria-controls=\"elementor-tab-content-3872\" aria-expanded=\"false\">\n\t\t\t\t\t\t\t\t\t\t\t\t\t<span class=\"elementor-accordion-icon elementor-accordion-icon-left\" aria-hidden=\"true\">\n\t\t\t\t\t\t\t\t\t\t\t\t\t\t\t<span class=\"elementor-accordion-icon-closed\"><i class=\"fas fa-plus\"><\/i><\/span>\n\t\t\t\t\t\t\t\t<span class=\"elementor-accordion-icon-opened\"><i class=\"fas fa-minus\"><\/i><\/span>\n\t\t\t\t\t\t\t\t\t\t\t\t\t\t<\/span>\n\t\t\t\t\t\t\t\t\t\t\t\t<a class=\"elementor-accordion-title\" tabindex=\"0\">XXIX Premi Europeu de Divulgaci\u00f3 Cient\u00edfica Estudi General<\/a>\n\t\t\t\t\t<\/div>\n\t\t\t\t\t<div id=\"elementor-tab-content-3872\" class=\"elementor-tab-content elementor-clearfix\" data-tab=\"2\" role=\"region\" aria-labelledby=\"elementor-tab-title-3872\"><p>DISPOSICIONS ESPEC\u00cdFIQUES<strong><br \/><\/strong><\/p><p><strong>1.<\/strong> Poden optar al premi els assajos de difusi\u00f3 popular del coneixement cient\u00edfic i tecnol\u00f2gic escrits en valenci\u00e0, castell\u00e0, angl\u00e9s o franc\u00e9s, amb una extensi\u00f3 entre els 250.000 i els 300.000 car\u00e0cters, espais inclosos. Els materials addicionals al text han de ser originals, lliures de drets o contindre el perm\u00eds de reproducci\u00f3 corresponent.<br \/><strong>2.<\/strong> L\u2019import del Premi Europeu de Divulgaci\u00f3 Cient\u00edfica Estudi General patrocinat per la Universitat de Val\u00e8ncia \u00e9s de 12.000 \u20ac. Qantitat que s\u2019ent\u00e9n com a pagament dels drets d\u2019autoria dels dos mil primers exemplars en valenci\u00e0 i, si \u00e9s el cas, dels dos mil primers exemplars en castell\u00e0 que es venguen. <br \/><strong>3.<\/strong> El jurat el formen Rosa Maria Donat, Carolina Moreno, Jos\u00e9 Ram\u00f3n Alonso, Anabel Forte i Juan N\u00e1cher.<br \/><strong>4.<\/strong> Se seleccionaran exclusivament les obres de divulgaci\u00f3 cient\u00edfica i se\u2019n valorar\u00e0 l\u2019inter\u00e9s cient\u00edfic, la divulgaci\u00f3 de qualsevol branca del saber, la creativitat i el llenguatge usat en l\u2019obra.<br \/><strong>5.<\/strong> El t\u00edtol de l\u2019obra guanyadora es far\u00e0 p\u00fablic el 10 de novembre del 2023.<br \/><strong>6.<\/strong> Edicions Bromera i el Servei de Publicacions de la Universitat de Val\u00e8ncia coeditaran el llibre guardonat, en versi\u00f3 valenciana, en la col\u2022lecci\u00f3 \u00abSense Fronteres\u00bb. Aix\u00ed mateix, les editorials esmentades tindran una opci\u00f3 preferent, durant un termini m\u00e0xim d\u2019un mes, per a decidir la publicaci\u00f3 de les obres no guardonades, si aix\u00ed ho recomanara el jurat.<\/p><\/div>\n\t\t\t\t<\/div>\n\t\t\t\t\t\t\t<div class=\"elementor-accordion-item\">\n\t\t\t\t\t<div id=\"elementor-tab-title-3873\" class=\"elementor-tab-title\" data-tab=\"3\" role=\"button\" aria-controls=\"elementor-tab-content-3873\" aria-expanded=\"false\">\n\t\t\t\t\t\t\t\t\t\t\t\t\t<span class=\"elementor-accordion-icon elementor-accordion-icon-left\" aria-hidden=\"true\">\n\t\t\t\t\t\t\t\t\t\t\t\t\t\t\t<span class=\"elementor-accordion-icon-closed\"><i class=\"fas fa-plus\"><\/i><\/span>\n\t\t\t\t\t\t\t\t<span class=\"elementor-accordion-icon-opened\"><i class=\"fas fa-minus\"><\/i><\/span>\n\t\t\t\t\t\t\t\t\t\t\t\t\t\t<\/span>\n\t\t\t\t\t\t\t\t\t\t\t\t<a class=\"elementor-accordion-title\" tabindex=\"0\">I Premi Carme Miquel de Narrativa Juvenil<\/a>\n\t\t\t\t\t<\/div>\n\t\t\t\t\t<div id=\"elementor-tab-content-3873\" class=\"elementor-tab-content elementor-clearfix\" data-tab=\"3\" role=\"region\" aria-labelledby=\"elementor-tab-title-3873\"><p>DISPOSICIONS ESPEC\u00cdFIQUES<\/p><p><strong>1.<\/strong> Poden optar al premi les novel\u2022les o reculls de narracions originalment escrites en valenci\u00e0, destinades a un p\u00fablic lector entre catorze i d\u00e8sset anys.<br \/><strong>2.<\/strong> Els originals han de tindre una extensi\u00f3 compresa entre 80 i 120 p\u00e0gines.<br \/><strong>3.<\/strong> L\u2019import del premi, que promou la Conselleria d\u2019Educaci\u00f3, Cultura i Esport, \u00e9s de 16.000 \u20ac. Quantitat que s\u2019ent\u00e9n com a pagament dels drets d\u2019autoria dels primers quatre mil exemplars que es venguen.<br \/><strong>4.<\/strong> El jurat el compon Rosa Sanchis, Sandra Montserrat, Josep Antoni Fluix\u00e0, Al\u00edcia Mart\u00ed i Marc Senabre.<br \/><strong>5.<\/strong> El t\u00edtol de l\u2019obra guanyadora es far\u00e0 p\u00fablic el 3 de novembre del 2023.<br \/><strong>6.<\/strong> El llibre guardonat el publicar\u00e0 Edicions Bromera en una de les col\u00b7leccions juvenils que t\u00e9.<br \/><strong>7.<\/strong> La resta d\u2019aspectes que regixen el certamen estan inclosos en les disposicions generals i particulars de les bases.<\/p><\/div>\n\t\t\t\t<\/div>\n\t\t\t\t\t\t\t<div class=\"elementor-accordion-item\">\n\t\t\t\t\t<div id=\"elementor-tab-title-3874\" class=\"elementor-tab-title\" data-tab=\"4\" role=\"button\" aria-controls=\"elementor-tab-content-3874\" aria-expanded=\"false\">\n\t\t\t\t\t\t\t\t\t\t\t\t\t<span class=\"elementor-accordion-icon elementor-accordion-icon-left\" aria-hidden=\"true\">\n\t\t\t\t\t\t\t\t\t\t\t\t\t\t\t<span class=\"elementor-accordion-icon-closed\"><i class=\"fas fa-plus\"><\/i><\/span>\n\t\t\t\t\t\t\t\t<span class=\"elementor-accordion-icon-opened\"><i class=\"fas fa-minus\"><\/i><\/span>\n\t\t\t\t\t\t\t\t\t\t\t\t\t\t<\/span>\n\t\t\t\t\t\t\t\t\t\t\t\t<a class=\"elementor-accordion-title\" tabindex=\"0\">XXVIII Premi de Narrativa Infantil Vicent Silvestre<\/a>\n\t\t\t\t\t<\/div>\n\t\t\t\t\t<div id=\"elementor-tab-content-3874\" class=\"elementor-tab-content elementor-clearfix\" data-tab=\"4\" role=\"region\" aria-labelledby=\"elementor-tab-title-3874\"><p>DISPOSICIONS ESPEC\u00cdFIQUES<strong><br \/><\/strong><\/p><p><strong>1.<\/strong> Poden optar al premi les narracions originalment escrites en valenci\u00e0 destinades a un p\u00fablic lector entre nou i tretze anys. Els originals han de tindre una extensi\u00f3 compresa entre 80 i 250 p\u00e0gines.<br \/><strong>2.<\/strong> L\u2019import del premi, que patrocina Edicions Bromera, \u00e9s de 3.000 \u20ac. Quantitat que s\u2019ent\u00e9n com a pagament dels drets d\u2019autoria dels primers quatre mil exemplars que es venguen.<br \/><strong>3.<\/strong> El jurat el forma Bernat Bataller, Beatriu Cajal, Immaculada Cerd\u00e0, Bel\u00e9n Balaguer i Paula Soriano.<br \/><strong>4.<\/strong> El t\u00edtol de l\u2019obra guanyadora es far\u00e0 p\u00fablic el 3 de novembre del 2023.<br \/><strong>5.<\/strong> El llibre guardonat el publicar\u00e0 Edicions Bromera en una de les col\u2022leccions infantils que t\u00e9.<br \/><strong>6.<\/strong> La resta d\u2019aspectes que regixen el certamen estan inclosos en les disposicions generals i particulars de les bases.<\/p><p>\u00a0<\/p><\/div>\n\t\t\t\t<\/div>\n\t\t\t\t\t\t\t<div class=\"elementor-accordion-item\">\n\t\t\t\t\t<div id=\"elementor-tab-title-3875\" class=\"elementor-tab-title\" data-tab=\"5\" role=\"button\" aria-controls=\"elementor-tab-content-3875\" aria-expanded=\"false\">\n\t\t\t\t\t\t\t\t\t\t\t\t\t<span class=\"elementor-accordion-icon elementor-accordion-icon-left\" aria-hidden=\"true\">\n\t\t\t\t\t\t\t\t\t\t\t\t\t\t\t<span class=\"elementor-accordion-icon-closed\"><i class=\"fas fa-plus\"><\/i><\/span>\n\t\t\t\t\t\t\t\t<span class=\"elementor-accordion-icon-opened\"><i class=\"fas fa-minus\"><\/i><\/span>\n\t\t\t\t\t\t\t\t\t\t\t\t\t\t<\/span>\n\t\t\t\t\t\t\t\t\t\t\t\t<a class=\"elementor-accordion-title\" tabindex=\"0\">XXV Premi d'Assaig Mancomunitat de la Ribera Alta<\/a>\n\t\t\t\t\t<\/div>\n\t\t\t\t\t<div id=\"elementor-tab-content-3875\" class=\"elementor-tab-content elementor-clearfix\" data-tab=\"5\" role=\"region\" aria-labelledby=\"elementor-tab-title-3875\"><p>DISPOSICIONS ESPEC\u00cdFIQUES<\/p><p><strong>1.<\/strong> El premi vol potenciar la creaci\u00f3 i la difusi\u00f3 de la literatura d\u2019idees. En eixe sentit, s\u2019hi poden presentar assajos de tem\u00e0tica lliure, oberts a qualsevol camp del pensament (literari, filos\u00f2fic, art\u00edstic, social, hist\u00f2ric i pol\u00edtic), d\u2019inter\u00e9s general i escrits originalment en valenci\u00e0.<br \/><strong>2.<\/strong> Els originals han de tindre una extensi\u00f3 compresa entre 80 i 250 p\u00e0gines.<br \/><strong>3.<\/strong> L\u2019import del premi, que patrocina la Mancomunitat de la Ribera Alta, \u00e9s de 8.000 \u20ac. Quantitat que s\u2019ent\u00e9n com a pagament dels drets d\u2019autoria dels quatre mil primers exemplars que es venguen.<br \/><strong>4.<\/strong> El jurat el forma Anna Esteve, \u00c0ngel-Vicent Calpe, Leo Gim\u00e9nez, Gustau Mu\u00f1oz i Aitana Guia.<br \/><strong>5.<\/strong> El t\u00edtol de l\u2019obra guanyadora es far\u00e0 p\u00fablic el 10 de novembre del 2023.<br \/><strong>6.<\/strong> El llibre guardonat es publicar\u00e0 en la col\u2022lecci\u00f3 \u00abTextures\u00bb d\u2019Edicions Bromera.<br \/><strong>7.<\/strong> La resta d\u2019aspectes que regixen el certamen estan inclosos en les disposicions generals i particulars de les bases.<\/p><\/div>\n\t\t\t\t<\/div>\n\t\t\t\t\t\t\t<div class=\"elementor-accordion-item\">\n\t\t\t\t\t<div id=\"elementor-tab-title-3876\" class=\"elementor-tab-title\" data-tab=\"6\" role=\"button\" aria-controls=\"elementor-tab-content-3876\" aria-expanded=\"false\">\n\t\t\t\t\t\t\t\t\t\t\t\t\t<span class=\"elementor-accordion-icon elementor-accordion-icon-left\" aria-hidden=\"true\">\n\t\t\t\t\t\t\t\t\t\t\t\t\t\t\t<span class=\"elementor-accordion-icon-closed\"><i class=\"fas fa-plus\"><\/i><\/span>\n\t\t\t\t\t\t\t\t<span class=\"elementor-accordion-icon-opened\"><i class=\"fas fa-minus\"><\/i><\/span>\n\t\t\t\t\t\t\t\t\t\t\t\t\t\t<\/span>\n\t\t\t\t\t\t\t\t\t\t\t\t<a class=\"elementor-accordion-title\" tabindex=\"0\">XVIII Premi de Poesia Ibn Hafaja<\/a>\n\t\t\t\t\t<\/div>\n\t\t\t\t\t<div id=\"elementor-tab-content-3876\" class=\"elementor-tab-content elementor-clearfix\" data-tab=\"6\" role=\"region\" aria-labelledby=\"elementor-tab-title-3876\"><p>DISPOSICIONS ESPEC\u00cdFIQUES<\/p><p><strong>1.<\/strong> Poden optar al premi els poemaris o reculls de poesia escrits originalment en valenci\u00e0, amb l\u2019extensi\u00f3 habitual dels volums de poesia (entre 30 i 60 poemes).<br \/><strong>2.<\/strong> L\u2019import del premi, que patrocina la UNED, \u00e9s de 5.000 \u20ac. Quantitat que s\u2019ent\u00e9n com a pagament dels drets d\u2019autoria dels quatre mil primers exemplars que es venguen.<br \/><strong>3.<\/strong> El jurat el forma Artur Ahuir, Vicent Garcia Perales, Francesc Pastor, \u00c0ngels Gregori i Vicent Penya.<br \/><strong>4.<\/strong> El t\u00edtol de l\u2019obra guanyadora es far\u00e0 p\u00fablic el 10 de novembre del 2023.<br \/><strong>5.<\/strong> El llibre guardonat es publicar\u00e0 en la col\u2022lecci\u00f3 \u00abBromera Poesia\u00bb d\u2019Edicions Bromera.<br \/><strong>6.<\/strong> La resta d\u2019aspectes que regixen el certamen estan inclosos en les disposicions generals i particulars de les bases.<\/p><\/div>\n\t\t\t\t<\/div>\n\t\t\t\t\t\t\t<div class=\"elementor-accordion-item\">\n\t\t\t\t\t<div id=\"elementor-tab-title-3877\" class=\"elementor-tab-title\" data-tab=\"7\" role=\"button\" aria-controls=\"elementor-tab-content-3877\" aria-expanded=\"false\">\n\t\t\t\t\t\t\t\t\t\t\t\t\t<span class=\"elementor-accordion-icon elementor-accordion-icon-left\" aria-hidden=\"true\">\n\t\t\t\t\t\t\t\t\t\t\t\t\t\t\t<span class=\"elementor-accordion-icon-closed\"><i class=\"fas fa-plus\"><\/i><\/span>\n\t\t\t\t\t\t\t\t<span class=\"elementor-accordion-icon-opened\"><i class=\"fas fa-minus\"><\/i><\/span>\n\t\t\t\t\t\t\t\t\t\t\t\t\t\t<\/span>\n\t\t\t\t\t\t\t\t\t\t\t\t<a class=\"elementor-accordion-title\" tabindex=\"0\">XVIII Premi de Teatre Ciutat d'Alzira Palanca i Roca<\/a>\n\t\t\t\t\t<\/div>\n\t\t\t\t\t<div id=\"elementor-tab-content-3877\" class=\"elementor-tab-content elementor-clearfix\" data-tab=\"7\" role=\"region\" aria-labelledby=\"elementor-tab-title-3877\"><p>DISPOSICIONS ESPEC\u00cdFIQUES<strong><br \/><\/strong><\/p><p><strong>1.<\/strong> Poden optar al premi les obres de literatura dram\u00e0tica escrites originalment en valenci\u00e0.<br \/><strong>2.<\/strong> Els originals han de tindre una extensi\u00f3 compresa entre 30 i 80 p\u00e0gines.<br \/><strong>3.<\/strong> S\u2019admeten adaptacions teatrals d\u2019obres cl\u00e0ssiques o amb els drets d\u2019autoria lliures i obres que, basades en obres liter\u00e0ries subjectes a drets d\u2019autoria, adjunten el consentiment expr\u00e9s de qui t\u00e9 els drets de l\u2019obra en qu\u00e8 s\u2019inspiren. Si es dona la circumst\u00e0ncia dita, s\u2019ha de fer constar en l\u2019original presentat a concurs. En el cas de les adaptacions, el jurat valorar\u00e0 el resultat final del treball de reelaboraci\u00f3 i reinterpretaci\u00f3 per part de qui presenta el text. En qualsevol cas, han de ser obres in\u00e8dites, que no s\u2019hagen publicat ni representat en el circuit comercial abans de la data de deliberaci\u00f3 del jurat.<br \/><strong>4.<\/strong> L\u2019import del premi, que patrocina per Aguas de Valencia, \u00e9s de 6.000 \u20ac. Quantitat que s\u2019ent\u00e9n com a pagament dels drets d\u2019autoria dels 2.500 primers exemplars que es venguen.<br \/><strong>5.<\/strong> El jurat el forma Salvador Bataller, Josep Julien, Marta Moreno, Josep Palomero i Jordi Verd\u00fa.<br \/><strong>6.<\/strong> El t\u00edtol de l\u2019obra guanyadora es far\u00e0 p\u00fablic el 27 d\u2019octubre del 2023.<br \/><strong>7.<\/strong> El llibre guardonat es publicar\u00e0 en la col\u2022lecci\u00f3 \u00abBromera Teatre\u00bb d\u2019Edicions Bromera.<br \/><strong>8.<\/strong> La resta d\u2019aspectes que regixen el certamen estan inclosos en les disposicions generals i particulars de les bases.<\/p><\/div>\n\t\t\t\t<\/div>\n\t\t\t\t\t\t\t<div class=\"elementor-accordion-item\">\n\t\t\t\t\t<div id=\"elementor-tab-title-3878\" class=\"elementor-tab-title\" data-tab=\"8\" role=\"button\" aria-controls=\"elementor-tab-content-3878\" aria-expanded=\"false\">\n\t\t\t\t\t\t\t\t\t\t\t\t\t<span class=\"elementor-accordion-icon elementor-accordion-icon-left\" aria-hidden=\"true\">\n\t\t\t\t\t\t\t\t\t\t\t\t\t\t\t<span class=\"elementor-accordion-icon-closed\"><i class=\"fas fa-plus\"><\/i><\/span>\n\t\t\t\t\t\t\t\t<span class=\"elementor-accordion-icon-opened\"><i class=\"fas fa-minus\"><\/i><\/span>\n\t\t\t\t\t\t\t\t\t\t\t\t\t\t<\/span>\n\t\t\t\t\t\t\t\t\t\t\t\t<a class=\"elementor-accordion-title\" tabindex=\"0\">VIII Premi Internacional Enric Solbes d'\u00c0lbum Il\u2022lustrat Consorci Ribera-Valldigna<\/a>\n\t\t\t\t\t<\/div>\n\t\t\t\t\t<div id=\"elementor-tab-content-3878\" class=\"elementor-tab-content elementor-clearfix\" data-tab=\"8\" role=\"region\" aria-labelledby=\"elementor-tab-title-3878\"><div class=\"itemBody\"><p>DISPOSICIONS ESPEC\u00cdFIQUES<\/p><p><strong>1.<\/strong> Poden optar al premi les obres infantils, presentades en qualsevol de les lleng\u00fces oficials de la pen\u00ednsula Ib\u00e8rica, o en franc\u00e9s o en angl\u00e9s, que desenvolupen un relat de forma gr\u00e0fica, amb imatges i textos que es complementen harm\u00f2nicament.<br \/><strong>2.<\/strong> Si es presenta una obra en coautoria, en el formulari en l\u00ednia s\u2019han de completar les dades d\u2019un dels autors junt amb el PDF d\u2019una c\u00f2pia digitalitzada del document d\u2019identitat. En canvi, ha de constar el nom complet de tots els autors en el consentiment firmat per a la gesti\u00f3 de les dades personals (model disponible en www.bromera.com\/dades).<br \/><strong>3.<\/strong> Les obres han de ser originals i in\u00e8dites. No s\u2019admeten adaptacions d\u2019obres sotmeses a propietat intel\u2022lectual, ni premiades en altres concursos.<br \/><strong>4.<\/strong> Les obres s\u2019han de presentar segons s\u2019indica en les disposicions particulars de les bases, en format PDF a baixa resoluci\u00f3 (m\u00e0xim 15 MB), a color.<br \/><strong>5.<\/strong> El premi es concedir\u00e0 a l\u2019autor\/a o autors del millor \u00e0lbum il\u2022lustrat que s\u2019hi presente.<br \/><strong>6.<\/strong> Els treballs han de tindre l\u2019extensi\u00f3 habitual d\u2019un \u00e0lbum il\u2022lustrat (dotze, setze o vint p\u00e0gines dobles). Els textos no poden superar, en total, els 5.000 car\u00e0cters amb espais inclosos.<br \/><strong>7.<\/strong> L\u2019import del premi, patrocinat pel Consorci Ribera i Valldigna, \u00e9s de 6.000 \u20ac. Quantitat que s\u2019ent\u00e9n com un acompte del pagament dels drets d\u2019autoria dels quatre mil primers exemplars que es venguen.<br \/><strong>8.<\/strong> El jurat el compon Anna Ballester, Pilar Mart\u00edn, Ver\u00f2nica Aranda, Josep Gregori i Rosa Mengual.<br \/><strong>9.<\/strong> L\u2019obra ha d\u2019estar lliure de drets. La concessi\u00f3 del premi suposa que l\u2019autor\/a cedix els drets d\u2019explotaci\u00f3 sobre l\u2019obra en exclusiva, que el Grup Bromera publicar\u00e0 l\u2019obra almenys en dos versions: valenciana (Edicions Bromera) i castellana (Algar Editorial).<br \/><strong>10.<\/strong> El veredicte es far\u00e0 p\u00fablic el 3 de novembre del 2023.<br \/><strong>11.<\/strong> L\u2019import del premi es far\u00e0 efectiu despr\u00e9s que l\u2019autor\/a o autors aporten l\u2019obra totalment acabada i en condicions de ser reprodu\u00efda, en el termini m\u00e0xim de dos mesos comptadors des de la data del veredicte.<\/p><\/div><\/div>\n\t\t\t\t<\/div>\n\t\t\t\t\t\t\t\t<\/div>\n\t\t\t\t\t\t<\/div>\n\t\t\t\t<\/div>\n\t\t\t\t\t<\/div>\n\t\t<\/div>\n\t\t\t\t\t<\/div>\n\t\t<\/section>\n\t\t\t\t<\/div>\n\t\t","protected":false},"excerpt":{"rendered":"<p>XXXV Premi de Novela Ciutat d&#8217;Alzira DISPOSICIONS ESPEC\u00cdFIQUES 1. Poden optar al premi les novel\u2022les escrites originalment en valenci\u00e0. Els originals han de tindre una extensi\u00f3 entre 80 i 250 p\u00e0gines. 2. L\u2019import del premi convocat, patrocinat per l\u2019Ajuntament d\u2019Alzira, \u00e9s de 16.000 \u20ac. Quantitat que s\u2019entendr\u00e0 com a pagament dels drets d\u2019autoria dels 4.000 &hellip; <\/p>\n<p class=\"link-more\"><a href=\"https:\/\/alzira.es\/es\/la-ciudad\/premios-literarios-ciutat-dalzira\/categorias\/\" class=\"more-link\">Continuar leyendo<span class=\"screen-reader-text\"> \u00abCategor\u00edas\u00bb<\/span><\/a><\/p>\n","protected":false},"author":12,"featured_media":32835,"parent":32796,"menu_order":0,"comment_status":"closed","ping_status":"closed","template":"","meta":{"_acf_changed":false,"footnotes":""},"class_list":["post-83676","page","type-page","status-publish","has-post-thumbnail","hentry"],"acf":[],"_links":{"self":[{"href":"https:\/\/alzira.es\/es\/wp-json\/wp\/v2\/pages\/83676","targetHints":{"allow":["GET"]}}],"collection":[{"href":"https:\/\/alzira.es\/es\/wp-json\/wp\/v2\/pages"}],"about":[{"href":"https:\/\/alzira.es\/es\/wp-json\/wp\/v2\/types\/page"}],"author":[{"embeddable":true,"href":"https:\/\/alzira.es\/es\/wp-json\/wp\/v2\/users\/12"}],"replies":[{"embeddable":true,"href":"https:\/\/alzira.es\/es\/wp-json\/wp\/v2\/comments?post=83676"}],"version-history":[{"count":2,"href":"https:\/\/alzira.es\/es\/wp-json\/wp\/v2\/pages\/83676\/revisions"}],"predecessor-version":[{"id":141933,"href":"https:\/\/alzira.es\/es\/wp-json\/wp\/v2\/pages\/83676\/revisions\/141933"}],"up":[{"embeddable":true,"href":"https:\/\/alzira.es\/es\/wp-json\/wp\/v2\/pages\/32796"}],"wp:featuredmedia":[{"embeddable":true,"href":"https:\/\/alzira.es\/es\/wp-json\/wp\/v2\/media\/32835"}],"wp:attachment":[{"href":"https:\/\/alzira.es\/es\/wp-json\/wp\/v2\/media?parent=83676"}],"curies":[{"name":"wp","href":"https:\/\/api.w.org\/{rel}","templated":true}]}}