{"id":83674,"date":"2018-08-03T12:52:26","date_gmt":"2018-08-03T10:52:26","guid":{"rendered":"https:\/\/alzira.es\/la-ciudad\/premios-literarios-ciutat-dalzira\/bases-premios-literarios\/"},"modified":"2025-09-08T12:49:47","modified_gmt":"2025-09-08T10:49:47","slug":"bases-premios-literarios","status":"publish","type":"page","link":"https:\/\/alzira.es\/es\/la-ciudad\/premios-literarios-ciutat-dalzira\/bases-premios-literarios\/","title":{"rendered":"Bases Premios Literarios"},"content":{"rendered":"\t\t<div data-elementor-type=\"wp-page\" data-elementor-id=\"83674\" class=\"elementor elementor-83674 elementor-32851\">\n\t\t\t\t\t\t<section class=\"elementor-section elementor-top-section elementor-element elementor-element-d415195 elementor-section-boxed elementor-section-height-default elementor-section-height-default\" data-id=\"d415195\" data-element_type=\"section\">\n\t\t\t\t\t\t<div class=\"elementor-container elementor-column-gap-default\">\n\t\t\t\t\t<div class=\"elementor-column elementor-col-50 elementor-top-column elementor-element elementor-element-97c7cfb\" data-id=\"97c7cfb\" data-element_type=\"column\">\n\t\t\t<div class=\"elementor-widget-wrap elementor-element-populated\">\n\t\t\t\t\t\t<div class=\"elementor-element elementor-element-1884a6b elementor-widget elementor-widget-image\" data-id=\"1884a6b\" data-element_type=\"widget\" data-widget_type=\"image.default\">\n\t\t\t\t<div class=\"elementor-widget-container\">\n\t\t\t\t\t\t\t\t\t\t\t\t\t\t\t<img fetchpriority=\"high\" decoding=\"async\" width=\"333\" height=\"273\" src=\"https:\/\/alzira.es\/wp-content\/uploads\/2018\/08\/titol_gris-01.png\" class=\"attachment-thumbnail size-thumbnail wp-image-89182\" alt=\"titol gris-01\" sizes=\"100vw\" \/>\t\t\t\t\t\t\t\t\t\t\t\t\t\t\t<\/div>\n\t\t\t\t<\/div>\n\t\t\t\t\t<\/div>\n\t\t<\/div>\n\t\t\t\t<div class=\"elementor-column elementor-col-50 elementor-top-column elementor-element elementor-element-b2b69a7\" data-id=\"b2b69a7\" data-element_type=\"column\">\n\t\t\t<div class=\"elementor-widget-wrap elementor-element-populated\">\n\t\t\t\t\t\t<div class=\"elementor-element elementor-element-4f3d21c elementor-widget elementor-widget-text-editor\" data-id=\"4f3d21c\" data-element_type=\"widget\" data-widget_type=\"text-editor.default\">\n\t\t\t\t<div class=\"elementor-widget-container\">\n\t\t\t\t\t\t\t\t\t<div class=\"x_elementToProof\"><strong>Termini<\/strong>: El termini de presentaci\u00f3 d\u2019originals finalitza&nbsp;<b>el 25 de juliol de 2025 a les 23.59 hores, excepte el Premi de Divulgaci\u00f3 Cient\u00edfica que finalitzar\u00e0 el 15 de setembre de 2025<\/b>.<\/div>\n<div>&nbsp;<\/div>\n<div class=\"x_elementToProof\"><strong>Veredicte i lliurament<\/strong>:&nbsp;els guardons de les huit modalitats es lliuren la nit del 7&nbsp;de novembre en el transcurs d\u2019una Gala Liter\u00e0ria al Gran Teatre.<\/div>\n<div>&nbsp;<\/div>\n<div class=\"x_elementToProof\"><strong>Dotaci\u00f3<\/strong><\/div>\n<div>&nbsp;<\/div>\n<div class=\"x_elementToProof\">L\u2019Ajuntament d\u2019Alzira i Edicions Bromera posen en marxa la 37 edici\u00f3 dels Premis Literaris Ciutat d\u2019Alzira, integrada per:<\/div>\n<div>&nbsp;<\/div>\n<div class=\"x_elementToProof\" style=\"padding-left: 40px;\">Premi de Novel\u00b7la Ciutat d\u2019Alzira (16.000 \u20ac)<br>Premi Europeu de Divulgaci\u00f3 Cient\u00edfica Estudi General (12.000 \u20ac)<br>Premi Carme Miquel de Narrativa Juvenil (16.000 \u20ac)<br>Premi de Narrativa Infantil Vicent Silvestre (3.000 \u20ac)<br>Premi d\u2019Assaig Mancomunitat de la Ribera Alta (8.000 \u20ac)<br>Premi de Poesia Ibn Hafaja (5.000 \u20ac)<br>Premi de Teatre Palanca i Roca (6.000 \u20ac)<br>Premi Internacional Enric Solbes d\u2019\u00c0lbum Il\u00b7lustrat Consorci Ribera-Valldigna (6.000 \u20ac)<br>Guard\u00f3 Did\u00edn Puig per recon\u00e9ixer la traject\u00f2ria social de persones i entitats.&nbsp;<i>La resoluci\u00f3 estar\u00e0 oberta a votaci\u00f3 popular de l\u20191 al 31 d\u2019octubre<\/i>.<\/div>\n<div>&nbsp;<\/div>\n<div class=\"x_elementToProof\">Per a m\u00e9s informaci\u00f3 consulteu i baixeu les bases completes que hi ha en esta mateixa p\u00e0gina.<\/div>\t\t\t\t\t\t\t\t<\/div>\n\t\t\t\t<\/div>\n\t\t\t\t<div class=\"elementor-element elementor-element-d948c44 elementor-widget elementor-widget-image\" data-id=\"d948c44\" data-element_type=\"widget\" data-widget_type=\"image.default\">\n\t\t\t\t<div class=\"elementor-widget-container\">\n\t\t\t\t\t\t\t\t\t\t\t\t\t\t\t\t<a href=\"https:\/\/alzira.es\/wp-content\/uploads\/anual\/plca-bases.pdf\" target=\"_blank\">\n\t\t\t\t\t\t\t<img decoding=\"async\" width=\"350\" height=\"350\" data-src=\"https:\/\/alzira.es\/wp-content\/uploads\/2018\/08\/boton_bases_gris-01-350x350.png\" class=\"attachment-thumbnail size-thumbnail wp-image-89184 lazyload\" alt=\"boton bases gris-01\" data-srcset=\"https:\/\/alzira.es\/wp-content\/uploads\/2018\/08\/boton_bases_gris-01-350x350.png 350w, https:\/\/alzira.es\/wp-content\/uploads\/2018\/08\/boton_bases_gris-01-100x100.png 100w\" data-sizes=\"100vw\" src=\"data:image\/svg+xml;base64,PHN2ZyB3aWR0aD0iMSIgaGVpZ2h0PSIxIiB4bWxucz0iaHR0cDovL3d3dy53My5vcmcvMjAwMC9zdmciPjwvc3ZnPg==\" style=\"--smush-placeholder-width: 350px; --smush-placeholder-aspect-ratio: 350\/350;\" \/>\t\t\t\t\t\t\t\t<\/a>\n\t\t\t\t\t\t\t\t\t\t\t\t\t\t\t<\/div>\n\t\t\t\t<\/div>\n\t\t\t\t\t<\/div>\n\t\t<\/div>\n\t\t\t\t\t<\/div>\n\t\t<\/section>\n\t\t\t\t<\/div>\n\t\t","protected":false},"excerpt":{"rendered":"<p>Termini: El termini de presentaci\u00f3 d\u2019originals finalitza&nbsp;el 25 de juliol de 2025 a les 23.59 hores, excepte el Premi de Divulgaci\u00f3 Cient\u00edfica que finalitzar\u00e0 el 15 de setembre de 2025. &nbsp; Veredicte i lliurament:&nbsp;els guardons de les huit modalitats es lliuren la nit del 7&nbsp;de novembre en el transcurs d\u2019una Gala Liter\u00e0ria al Gran Teatre. &hellip; <\/p>\n<p class=\"link-more\"><a href=\"https:\/\/alzira.es\/es\/la-ciudad\/premios-literarios-ciutat-dalzira\/bases-premios-literarios\/\" class=\"more-link\">Continuar leyendo<span class=\"screen-reader-text\"> \u00abBases Premios Literarios\u00bb<\/span><\/a><\/p>\n","protected":false},"author":12,"featured_media":0,"parent":32796,"menu_order":0,"comment_status":"closed","ping_status":"closed","template":"","meta":{"_acf_changed":false,"footnotes":""},"class_list":["post-83674","page","type-page","status-publish","hentry"],"acf":[],"_links":{"self":[{"href":"https:\/\/alzira.es\/es\/wp-json\/wp\/v2\/pages\/83674","targetHints":{"allow":["GET"]}}],"collection":[{"href":"https:\/\/alzira.es\/es\/wp-json\/wp\/v2\/pages"}],"about":[{"href":"https:\/\/alzira.es\/es\/wp-json\/wp\/v2\/types\/page"}],"author":[{"embeddable":true,"href":"https:\/\/alzira.es\/es\/wp-json\/wp\/v2\/users\/12"}],"replies":[{"embeddable":true,"href":"https:\/\/alzira.es\/es\/wp-json\/wp\/v2\/comments?post=83674"}],"version-history":[{"count":2,"href":"https:\/\/alzira.es\/es\/wp-json\/wp\/v2\/pages\/83674\/revisions"}],"predecessor-version":[{"id":163832,"href":"https:\/\/alzira.es\/es\/wp-json\/wp\/v2\/pages\/83674\/revisions\/163832"}],"up":[{"embeddable":true,"href":"https:\/\/alzira.es\/es\/wp-json\/wp\/v2\/pages\/32796"}],"wp:attachment":[{"href":"https:\/\/alzira.es\/es\/wp-json\/wp\/v2\/media?parent=83674"}],"curies":[{"name":"wp","href":"https:\/\/api.w.org\/{rel}","templated":true}]}}