{"id":83551,"date":"2021-07-26T17:14:46","date_gmt":"2021-07-26T15:14:46","guid":{"rendered":"https:\/\/alzira.es\/la-ciudad\/telefonos-de-interes\/otros-telefonos\/"},"modified":"2021-09-01T08:00:18","modified_gmt":"2021-09-01T06:00:18","slug":"otros-telefonos","status":"publish","type":"page","link":"https:\/\/alzira.es\/es\/la-ciudad\/telefonos-de-interes\/otros-telefonos\/","title":{"rendered":"Otros Tel\u00e9fonos"},"content":{"rendered":"<p style=\"text-align: right;\"><a href=\"#INICIO\"><img decoding=\"async\" class=\"size-full wp-image-7372 lazyload\" data-src=\"https:\/\/alzira.es\/wp-content\/uploads\/2014\/05\/circuloFlechitaSubir1.gif\" alt=\"\u00cdndice directorio telef\u00f3nico\" width=\"25\" height=\"25\" src=\"data:image\/svg+xml;base64,PHN2ZyB3aWR0aD0iMSIgaGVpZ2h0PSIxIiB4bWxucz0iaHR0cDovL3d3dy53My5vcmcvMjAwMC9zdmciPjwvc3ZnPg==\" style=\"--smush-placeholder-width: 25px; --smush-placeholder-aspect-ratio: 25\/25;\"><\/a><\/p>\n<table style=\"width: 400px;\" border=\"1\" cellspacing=\"1\" cellpadding=\"1\" align=\"center\">\n<tbody>\n<tr>\n<td>\n<p style=\"text-align: center;\"><a name=\"otrostelf\"><\/a>ALTRES TEL\u00c8FONS<\/p>\n<\/td>\n<\/tr>\n<\/tbody>\n<\/table>\n<p>&nbsp;<\/p>\n<table border=\"1\" cellspacing=\"1\" cellpadding=\"1\" align=\"center\">\n<tbody>\n<tr>\n<td>AGUAS DE VALENCIA<br \/>\nC\/ Costa, 16. Tel. 24 horas<\/td>\n<td>96 240 37 59<br \/>\n96 386 06 00<\/td>\n<\/tr>\n<tr>\n<td>AVER\u00cdAS TELEF\u00d3NICA<\/td>\n<td>1002<\/td>\n<\/tr>\n<tr>\n<td>BOMBERS<br \/>\nEmerg\u00e8ncies<\/td>\n<td>96 240 30 80<br \/>\n085<\/td>\n<\/tr>\n<tr>\n<td>CEGAS<\/td>\n<td>900 760 760<\/td>\n<\/tr>\n<tr>\n<td>CORREUS I TEL\u00c8GRAFS<br \/>\nA\/ Sants Patrons, 20<\/td>\n<td>96 241 02 98<\/td>\n<\/tr>\n<tr>\n<td>EMERG\u00c8NCIES<\/td>\n<td>112<\/td>\n<\/tr>\n<tr>\n<td>EXPLOTACIONES X\u00daQUER<br \/>\nAbocador i recollida d&#8217;escombraries<\/td>\n<td>96 241 56 57<\/td>\n<\/tr>\n<tr>\n<td>FUNDACI\u00d3 SERVICI VALENCI\u00c0 D&#8217;OCUPACI\u00d3&nbsp;<br \/>\nC\/ Sant Roc, 10<\/td>\n<td>96 245 90 09<\/td>\n<\/tr>\n<tr>\n<td>GU\u00c0RDIA CIVIL<br \/>\nPl. Santa Maria, 1<\/td>\n<td>96 241 02 05<\/td>\n<\/tr>\n<tr>\n<td>HISENDA<br \/>\nPl. Sufragi, 9. www.aeat.es<\/td>\n<td>96 241 78 11<\/td>\n<\/tr>\n<tr>\n<td>IBERDROLA<br \/>\nA\/ Llu\u00eds Su\u00f1er, 17<\/td>\n<td>900 19 19 19<br \/>\n96 241 81 80<br \/>\n96 241 83 61<\/td>\n<\/tr>\n<tr>\n<td>INEM<br \/>\nPl. Generalitat, 12<\/td>\n<td>96 241 38 51<\/td>\n<\/tr>\n<tr>\n<td>JUTJAT N\u00ba 1<br \/>\nC\/ Ronda d&#8217;Algemes\u00ed, s\/n.<\/td>\n<td>96 241 09 67<br \/>\n96 240 29 28<\/td>\n<\/tr>\n<tr>\n<td>JUTJAT N\u00ba 2<br \/>\nC\/ Ronda d&#8217;Algemes\u00ed, s\/n.<\/td>\n<td>96 241 97 77<br \/>\n96 240 28 98<\/td>\n<\/tr>\n<tr>\n<td>JUTJAT N\u00ba 3<br \/>\nC\/ Ronda d&#8217;Algemes\u00ed, s\/n.<\/td>\n<td>96 241 08 31<br \/>\n96 240 28 97<\/td>\n<\/tr>\n<tr>\n<td>JUTJAT N\u00ba 4<br \/>\nPl. Sufragi, 9<\/td>\n<td>96 240 19 98<br \/>\n96 240 20 04<\/td>\n<\/tr>\n<tr>\n<td>JUTJAT N\u00ba 5<br \/>\nPl. Sufragi, 9<\/td>\n<td>96 240 09 18<br \/>\n96 240 10 38<\/td>\n<\/tr>\n<tr>\n<td>JUTJAT N\u00ba 6<br \/>\nPl. Sufragi, 9<\/td>\n<td>96 240 41 29<br \/>\n96 240 42 81<\/td>\n<\/tr>\n<tr>\n<td>POLICIA LOCAL<br \/>\nC\/ Sant Roc, 2<\/td>\n<td>092<\/td>\n<\/tr>\n<tr>\n<td>POLICIA NACIONAL<br \/>\nC\/ Pere Morell, 4. www.policia.es<\/td>\n<td>96 241 03 66<\/td>\n<\/tr>\n<tr>\n<td>PROTECCI\u00d3 CIVIL<br \/>\nPl. Sagrada Familia, 1<\/td>\n<td>96 240 48 05<\/td>\n<\/tr>\n<tr>\n<td>TAXIS<br \/>\nA\/ Sants Patrons, s\/n<\/td>\n<td>96 241 09 75<\/td>\n<\/tr>\n<\/tbody>\n<\/table>\n","protected":false},"excerpt":{"rendered":"<p>ALTRES TEL\u00c8FONS &nbsp; AGUAS DE VALENCIA C\/ Costa, 16. Tel. 24 horas 96 240 37 59 96 386 06 00 AVER\u00cdAS TELEF\u00d3NICA 1002 BOMBERS Emerg\u00e8ncies 96 240 30 80 085 CEGAS 900 760 760 CORREUS I TEL\u00c8GRAFS A\/ Sants Patrons, 20 96 241 02 98 EMERG\u00c8NCIES 112 EXPLOTACIONES X\u00daQUER Abocador i recollida d&#8217;escombraries 96 241 &hellip; <\/p>\n<p class=\"link-more\"><a href=\"https:\/\/alzira.es\/es\/la-ciudad\/telefonos-de-interes\/otros-telefonos\/\" class=\"more-link\">Continuar leyendo<span class=\"screen-reader-text\"> \u00abOtros Tel\u00e9fonos\u00bb<\/span><\/a><\/p>\n","protected":false},"author":12,"featured_media":7372,"parent":3617,"menu_order":0,"comment_status":"closed","ping_status":"closed","template":"","meta":{"_acf_changed":false,"footnotes":""},"class_list":["post-83551","page","type-page","status-publish","has-post-thumbnail","hentry"],"acf":[],"_links":{"self":[{"href":"https:\/\/alzira.es\/es\/wp-json\/wp\/v2\/pages\/83551","targetHints":{"allow":["GET"]}}],"collection":[{"href":"https:\/\/alzira.es\/es\/wp-json\/wp\/v2\/pages"}],"about":[{"href":"https:\/\/alzira.es\/es\/wp-json\/wp\/v2\/types\/page"}],"author":[{"embeddable":true,"href":"https:\/\/alzira.es\/es\/wp-json\/wp\/v2\/users\/12"}],"replies":[{"embeddable":true,"href":"https:\/\/alzira.es\/es\/wp-json\/wp\/v2\/comments?post=83551"}],"version-history":[{"count":1,"href":"https:\/\/alzira.es\/es\/wp-json\/wp\/v2\/pages\/83551\/revisions"}],"predecessor-version":[{"id":87686,"href":"https:\/\/alzira.es\/es\/wp-json\/wp\/v2\/pages\/83551\/revisions\/87686"}],"up":[{"embeddable":true,"href":"https:\/\/alzira.es\/es\/wp-json\/wp\/v2\/pages\/3617"}],"wp:featuredmedia":[{"embeddable":true,"href":"https:\/\/alzira.es\/es\/wp-json\/wp\/v2\/media\/7372"}],"wp:attachment":[{"href":"https:\/\/alzira.es\/es\/wp-json\/wp\/v2\/media?parent=83551"}],"curies":[{"name":"wp","href":"https:\/\/api.w.org\/{rel}","templated":true}]}}