{"id":83550,"date":"2021-07-26T17:14:21","date_gmt":"2021-07-26T15:14:21","guid":{"rendered":"https:\/\/alzira.es\/la-ciudad\/telefonos-de-interes\/musica\/"},"modified":"2021-09-01T08:00:12","modified_gmt":"2021-09-01T06:00:12","slug":"musica","status":"publish","type":"page","link":"https:\/\/alzira.es\/es\/la-ciudad\/telefonos-de-interes\/musica\/","title":{"rendered":"M\u00fasica"},"content":{"rendered":"<p style=\"text-align: right;\"><a href=\"#INICIO\"><img decoding=\"async\" class=\"size-full wp-image-7372 lazyload\" data-src=\"https:\/\/alzira.es\/wp-content\/uploads\/2014\/05\/circuloFlechitaSubir1.gif\" alt=\"\u00cdndice directorio telef\u00f3nico\" width=\"25\" height=\"25\" src=\"data:image\/svg+xml;base64,PHN2ZyB3aWR0aD0iMSIgaGVpZ2h0PSIxIiB4bWxucz0iaHR0cDovL3d3dy53My5vcmcvMjAwMC9zdmciPjwvc3ZnPg==\" style=\"--smush-placeholder-width: 25px; --smush-placeholder-aspect-ratio: 25\/25;\"><\/a><\/p>\n<table style=\"width: 400px;\" border=\"1\" cellspacing=\"1\" cellpadding=\"1\" align=\"center\">\n<tbody>\n<tr>\n<td>\n<p style=\"text-align: center;\"><a name=\"musica\"><\/a>M\u00daSICA<\/p>\n<\/td>\n<\/tr>\n<\/tbody>\n<\/table>\n<p>&nbsp;<\/p>\n<table border=\"1\" cellspacing=\"1\" cellpadding=\"1\" align=\"center\">\n<tbody>\n<tr>\n<td>ALJAZIRA JAZZ CLUB<br \/>\nC\/ Verge de la Murta 37, 3-6<\/td>\n<td>96 241 99 05<\/td>\n<\/tr>\n<tr>\n<td>GRUP DE DANSES ALZIRA<br \/>\nAv. del Parc 12, 3-12<\/td>\n<td>96 241 48 77<\/td>\n<\/tr>\n<tr>\n<td>GRUP DE DANSES LA TARASCA<br \/>\nC\/ Escoles Pies, 4 (Casa de la Cultura)<\/td>\n<td>96 241 74 07<\/td>\n<\/tr>\n<tr>\n<td>GRUPO DE CANCI\u00d3N MEL\u00d3DICA Y ESPA\u00d1OLA<br \/>\nC\/ Pere Esplugues, 27<\/td>\n<td>96 240 58 68<\/td>\n<\/tr>\n<tr>\n<td>JAZZ ALZIRA<br \/>\nC\/ Escoles Pies, 4 (Casa de la Cultura)<\/td>\n<td>96 241 74 07<\/td>\n<\/tr>\n<tr>\n<td>M\u00daSICA MODERNA<br \/>\nC\/ Teular Mart\u00ed, 27<\/td>\n<td>96 241 93 10<\/td>\n<\/tr>\n<tr>\n<td>M\u00daSICOS VETERANOS DE LA RIBERA<br \/>\nC\/ Alquen\u00e8ncia, 26<\/td>\n<td>96 241 89 97<\/td>\n<\/tr>\n<tr>\n<td>ORQUESTA DE C\u00c1MARA DEL AUDITORIO<br \/>\nC\/ Escoles Pies, 4 (Casa de la Cultura)<\/td>\n<td>96 240 08 63<\/td>\n<\/tr>\n<tr>\n<td>ORQUESTA Y COROS \u00abCIUTAT D&#8217;ALZIRA\u00bb<br \/>\nC\/ Hort dels frares 39, 1\u00ba<\/td>\n<td>96 241 29 69<\/td>\n<\/tr>\n<tr>\n<td>SOCIEDAD MUSICAL DE ALZIRA<br \/>\nC\/ Hort dels frares, 62<\/td>\n<td>96 241 41 71<\/td>\n<\/tr>\n<\/tbody>\n<\/table>\n","protected":false},"excerpt":{"rendered":"<p>M\u00daSICA &nbsp; ALJAZIRA JAZZ CLUB C\/ Verge de la Murta 37, 3-6 96 241 99 05 GRUP DE DANSES ALZIRA Av. del Parc 12, 3-12 96 241 48 77 GRUP DE DANSES LA TARASCA C\/ Escoles Pies, 4 (Casa de la Cultura) 96 241 74 07 GRUPO DE CANCI\u00d3N MEL\u00d3DICA Y ESPA\u00d1OLA C\/ Pere Esplugues, &hellip; <\/p>\n<p class=\"link-more\"><a href=\"https:\/\/alzira.es\/es\/la-ciudad\/telefonos-de-interes\/musica\/\" class=\"more-link\">Continuar leyendo<span class=\"screen-reader-text\"> \u00abM\u00fasica\u00bb<\/span><\/a><\/p>\n","protected":false},"author":12,"featured_media":7372,"parent":3617,"menu_order":0,"comment_status":"closed","ping_status":"closed","template":"","meta":{"_acf_changed":false,"footnotes":""},"class_list":["post-83550","page","type-page","status-publish","has-post-thumbnail","hentry"],"acf":[],"_links":{"self":[{"href":"https:\/\/alzira.es\/es\/wp-json\/wp\/v2\/pages\/83550","targetHints":{"allow":["GET"]}}],"collection":[{"href":"https:\/\/alzira.es\/es\/wp-json\/wp\/v2\/pages"}],"about":[{"href":"https:\/\/alzira.es\/es\/wp-json\/wp\/v2\/types\/page"}],"author":[{"embeddable":true,"href":"https:\/\/alzira.es\/es\/wp-json\/wp\/v2\/users\/12"}],"replies":[{"embeddable":true,"href":"https:\/\/alzira.es\/es\/wp-json\/wp\/v2\/comments?post=83550"}],"version-history":[{"count":1,"href":"https:\/\/alzira.es\/es\/wp-json\/wp\/v2\/pages\/83550\/revisions"}],"predecessor-version":[{"id":87685,"href":"https:\/\/alzira.es\/es\/wp-json\/wp\/v2\/pages\/83550\/revisions\/87685"}],"up":[{"embeddable":true,"href":"https:\/\/alzira.es\/es\/wp-json\/wp\/v2\/pages\/3617"}],"wp:featuredmedia":[{"embeddable":true,"href":"https:\/\/alzira.es\/es\/wp-json\/wp\/v2\/media\/7372"}],"wp:attachment":[{"href":"https:\/\/alzira.es\/es\/wp-json\/wp\/v2\/media?parent=83550"}],"curies":[{"name":"wp","href":"https:\/\/api.w.org\/{rel}","templated":true}]}}