{"id":83549,"date":"2021-07-26T17:14:09","date_gmt":"2021-07-26T15:14:09","guid":{"rendered":"https:\/\/alzira.es\/la-ciudad\/telefonos-de-interes\/medios-de-comunicacion\/"},"modified":"2021-09-01T08:00:05","modified_gmt":"2021-09-01T06:00:05","slug":"medios-de-comunicacion","status":"publish","type":"page","link":"https:\/\/alzira.es\/es\/la-ciudad\/telefonos-de-interes\/medios-de-comunicacion\/","title":{"rendered":"Medios de Comunicaci\u00f3n"},"content":{"rendered":"<p style=\"text-align: right;\"><a href=\"#INICIO\"><img decoding=\"async\" class=\"size-full wp-image-7372 lazyload\" data-src=\"https:\/\/alzira.es\/wp-content\/uploads\/2014\/05\/circuloFlechitaSubir1.gif\" alt=\"\u00cdndice directorio telef\u00f3nico\" width=\"25\" height=\"25\" src=\"data:image\/svg+xml;base64,PHN2ZyB3aWR0aD0iMSIgaGVpZ2h0PSIxIiB4bWxucz0iaHR0cDovL3d3dy53My5vcmcvMjAwMC9zdmciPjwvc3ZnPg==\" style=\"--smush-placeholder-width: 25px; --smush-placeholder-aspect-ratio: 25\/25;\"><\/a><\/p>\n<table style=\"width: 400px;\" border=\"1\" cellspacing=\"1\" cellpadding=\"1\" align=\"center\">\n<tbody>\n<tr>\n<td>\n<p style=\"text-align: center;\"><a name=\"medioscomu\"><\/a>MITJANS DE COMUNICACI\u00d3<\/p>\n<\/td>\n<\/tr>\n<\/tbody>\n<\/table>\n<p>&nbsp;<\/p>\n<table border=\"1\" cellspacing=\"1\" cellpadding=\"1\">\n<tbody>\n<tr>\n<td style=\"text-align: center;\"><strong>MITJ\u00c0<\/strong><\/td>\n<td style=\"text-align: center;\"><strong>ADRE\u00c7A<\/strong><\/td>\n<td style=\"text-align: center;\"><strong>WEB\/CORREU ELECTR\u00d2NIC<\/strong><\/td>\n<td style=\"text-align: center;\"><strong>TEL\u00c9FONO<\/strong><\/td>\n<\/tr>\n<tr>\n<td style=\"text-align: left;\">EL ALFIL<\/td>\n<td style=\"text-align: left;\">C\/ Bail\u00e9n, n\u00fam. 3 &#8211; 2n<\/td>\n<td style=\"text-align: left;\"><a href=\"mailto:elalfil@ono.com\">elalfil@ono.com<\/a><\/td>\n<td style=\"text-align: left;\">96 241 32 09<\/td>\n<\/tr>\n<tr>\n<td style=\"text-align: left;\">ALZIRA R\u00c0DIO<\/td>\n<td>\n<p style=\"text-align: left;\">C\/ Escoles Pies, n\u00fam. 4 &#8211; 2n pis<\/p>\n<\/td>\n<td style=\"text-align: left;\"><a onclick=\"target='_blank'\" href=\"http:\/\/www.alziraradio.com\">www.alziraradio.com<\/a><\/p>\n<p><a href=\"mailto:alziraradio@hotmail.com\">alziraradio@hotmail.com<\/a><a href=\"mailto:informatius@alziraradio.com\">informatius@alziraradio.com<\/a><\/td>\n<td>\n<p style=\"text-align: left;\">96 241 65 11<\/p>\n<p style=\"text-align: left;\">fax:96 241 85 00<\/p>\n<\/td>\n<\/tr>\n<tr>\n<td style=\"text-align: left;\">EL SEIS DOBLE<\/td>\n<td style=\"text-align: left;\">C\/ Mestre Moscard\u00f3, n\u00fam. 3 &#8211; 1r &#8211; 1r<\/td>\n<td style=\"text-align: left;\"><a onclick=\"target='_blank'\" href=\"http:\/\/www.elseisdoble.com\">www.elseisdoble.com<\/a>&nbsp;\/ <a href=\"mailto:info@elseisdoble.com\">info@elseisdoble.com<\/a><\/td>\n<td style=\"text-align: left;\">96 241 84 28<\/td>\n<\/tr>\n<tr>\n<td style=\"text-align: left;\">LAS PROVINCIAS<\/td>\n<td style=\"text-align: left;\">&nbsp;<\/td>\n<td style=\"text-align: left;\"><a onclick=\"target='_blank'\" href=\"http:\/\/www.lasprovincias.es\">www.lasprovincias.es<\/a><\/p>\n<p><a href=\"mailto:laribera@lasprovincias.es\">laribera@lasprovincias.es<\/a><\/td>\n<td>\n<p style=\"text-align: left;\">96 240 42 84<\/p>\n<p style=\"text-align: left;\">fax:96 240 42 84<\/p>\n<\/td>\n<\/tr>\n<tr>\n<td style=\"text-align: left;\">LEVANTE<\/td>\n<td style=\"text-align: left;\">Pl. Major, n\u00fam. 29 &#8211; 2n<\/td>\n<td style=\"text-align: left;\"><a onclick=\"target='_blank'\" href=\"http:\/\/www.levante-emv\">www.levante-emv<\/a><\/p>\n<p><a href=\"mailto:levante.laribera@epi.es\">levante.laribera@epi.es<\/a><\/td>\n<td>\n<p style=\"text-align: left;\">96 241 05 83<\/p>\n<p style=\"text-align: left;\">fax:96 241 05 83<\/p>\n<\/td>\n<\/tr>\n<tr>\n<td style=\"text-align: left;\">ONDA CERO LA RIBERA<\/td>\n<td style=\"text-align: left;\">C\/ Hort dels Frares, n\u00fam. 12<\/td>\n<td style=\"text-align: left;\"><a href=\"http:\/\/www.ondacero.es\">www.ondacero.es<\/a><\/td>\n<td>\n<p style=\"text-align: left;\">96 241 75 59<\/p>\n<p style=\"text-align: left;\">fax:96 241 74 12<\/p>\n<\/td>\n<\/tr>\n<tr>\n<td style=\"text-align: left;\">RIBERA EXPRESS<\/td>\n<td style=\"text-align: left;\">&nbsp;<\/td>\n<td style=\"text-align: left;\"><a href=\"http:\/\/www.riberaexpress.com\/\">www.riberaexpress.com<\/a><br \/>\n<a href=\"mailto:digital@riberaexpress.com\">digital@riberaexpress.com<\/a><\/td>\n<td>682 87 93 48<\/td>\n<\/tr>\n<tr>\n<td style=\"text-align: left;\">RIBERA TV<\/td>\n<td style=\"text-align: left;\">C\/ General Casta\u00f1os, n\u00fam 1<\/td>\n<td style=\"text-align: left;\"><a href=\"mailto:informatius@riberatelevisio.com\">informatius@riberatelevisio.com<\/a><\/td>\n<td>\n<p style=\"text-align: left;\">96 240 27 07<\/p>\n<p style=\"text-align: left;\">fax:96 241 80 76<\/p>\n<\/td>\n<\/tr>\n<tr>\n<td style=\"text-align: left;\">RiberaNews<\/td>\n<td style=\"text-align: left;\">&nbsp;<\/td>\n<td style=\"text-align: left;\"><a href=\"mailto:riberanews@riberanews.com\">riberanews@riberanews.com<\/a><br \/>\n<a href=\"mailto:redaccion@riberanews.com\">redaccion@riberanews.com<\/a><\/td>\n<td>\n<p style=\"text-align: left;\">630 67 54 95<\/p>\n<\/td>\n<\/tr>\n<\/tbody>\n<\/table>\n<p>&nbsp;<\/p>\n<p>&nbsp;<\/p>\n<p>&nbsp;<\/p>\n<p>&nbsp;<\/p>\n","protected":false},"excerpt":{"rendered":"<p>MITJANS DE COMUNICACI\u00d3 &nbsp; MITJ\u00c0 ADRE\u00c7A WEB\/CORREU ELECTR\u00d2NIC TEL\u00c9FONO EL ALFIL C\/ Bail\u00e9n, n\u00fam. 3 &#8211; 2n elalfil@ono.com 96 241 32 09 ALZIRA R\u00c0DIO C\/ Escoles Pies, n\u00fam. 4 &#8211; 2n pis www.alziraradio.com alziraradio@hotmail.cominformatius@alziraradio.com 96 241 65 11 fax:96 241 85 00 EL SEIS DOBLE C\/ Mestre Moscard\u00f3, n\u00fam. 3 &#8211; 1r &#8211; 1r www.elseisdoble.com&nbsp;\/ &hellip; <\/p>\n<p class=\"link-more\"><a href=\"https:\/\/alzira.es\/es\/la-ciudad\/telefonos-de-interes\/medios-de-comunicacion\/\" class=\"more-link\">Continuar leyendo<span class=\"screen-reader-text\"> \u00abMedios de Comunicaci\u00f3n\u00bb<\/span><\/a><\/p>\n","protected":false},"author":12,"featured_media":7372,"parent":3617,"menu_order":0,"comment_status":"closed","ping_status":"closed","template":"","meta":{"_acf_changed":false,"footnotes":""},"class_list":["post-83549","page","type-page","status-publish","has-post-thumbnail","hentry"],"acf":[],"_links":{"self":[{"href":"https:\/\/alzira.es\/es\/wp-json\/wp\/v2\/pages\/83549","targetHints":{"allow":["GET"]}}],"collection":[{"href":"https:\/\/alzira.es\/es\/wp-json\/wp\/v2\/pages"}],"about":[{"href":"https:\/\/alzira.es\/es\/wp-json\/wp\/v2\/types\/page"}],"author":[{"embeddable":true,"href":"https:\/\/alzira.es\/es\/wp-json\/wp\/v2\/users\/12"}],"replies":[{"embeddable":true,"href":"https:\/\/alzira.es\/es\/wp-json\/wp\/v2\/comments?post=83549"}],"version-history":[{"count":1,"href":"https:\/\/alzira.es\/es\/wp-json\/wp\/v2\/pages\/83549\/revisions"}],"predecessor-version":[{"id":87684,"href":"https:\/\/alzira.es\/es\/wp-json\/wp\/v2\/pages\/83549\/revisions\/87684"}],"up":[{"embeddable":true,"href":"https:\/\/alzira.es\/es\/wp-json\/wp\/v2\/pages\/3617"}],"wp:featuredmedia":[{"embeddable":true,"href":"https:\/\/alzira.es\/es\/wp-json\/wp\/v2\/media\/7372"}],"wp:attachment":[{"href":"https:\/\/alzira.es\/es\/wp-json\/wp\/v2\/media?parent=83549"}],"curies":[{"name":"wp","href":"https:\/\/api.w.org\/{rel}","templated":true}]}}