{"id":83297,"date":"2014-05-26T09:07:57","date_gmt":"2014-05-26T07:07:57","guid":{"rendered":"https:\/\/alzira.es\/la-ciudad\/farmacias\/"},"modified":"2026-01-04T20:58:12","modified_gmt":"2026-01-04T19:58:12","slug":"farmacias","status":"publish","type":"page","link":"https:\/\/alzira.es\/es\/la-ciudad\/farmacias\/","title":{"rendered":"FARMACIAS DE URGENCIA"},"content":{"rendered":"\t\t<div data-elementor-type=\"wp-page\" data-elementor-id=\"83297\" class=\"elementor elementor-83297 elementor-7399\">\n\t\t\t\t\t\t<section class=\"elementor-section elementor-top-section elementor-element elementor-element-f095f99 elementor-section-boxed elementor-section-height-default elementor-section-height-default\" data-id=\"f095f99\" data-element_type=\"section\">\n\t\t\t\t\t\t<div class=\"elementor-container elementor-column-gap-default\">\n\t\t\t\t\t<div class=\"elementor-column elementor-col-100 elementor-top-column elementor-element elementor-element-e953573\" data-id=\"e953573\" data-element_type=\"column\">\n\t\t\t<div class=\"elementor-widget-wrap elementor-element-populated\">\n\t\t\t\t\t\t<div class=\"elementor-element elementor-element-2242941 elementor-widget elementor-widget-text-editor\" data-id=\"2242941\" data-element_type=\"widget\" data-widget_type=\"text-editor.default\">\n\t\t\t\t<div class=\"elementor-widget-container\">\n\t\t\t\t\t\t\t\t\t<ul><li><em>Recorde que a partir de les 23.00 h. el servei \u00e9s d&#8217;urg\u00e8ncia i \u00e9s imprescindible la recepta m\u00e8dica.<\/em><\/li><li><em>La gu\u00e0rdia comen\u00e7a a les 9.00 h. i acaba a les 9.00 h. de l&#8217;endem\u00e0.<\/em><\/li><\/ul><p><a href=\"https:\/\/alzira.es\/wp-content\/uploads\/anual\/Farmacia-Urgencia.png\" target=\"_blank\" rel=\"noopener\"><img fetchpriority=\"high\" decoding=\"async\" class=\"aligncenter size-full\" src=\"https:\/\/alzira.es\/wp-content\/uploads\/anual\/Farmacia-Urgencia.png\" width=\"2009\" height=\"1272\" \/><\/a><a href=\"https:\/\/alzira.es\/wp-content\/uploads\/anual\/Farmacia-Urgencia-localizacion.png\" target=\"_blank\" rel=\"noopener\"><img decoding=\"async\" class=\"aligncenter size-full lazyload\" data-src=\"https:\/\/alzira.es\/wp-content\/uploads\/anual\/Farmacia-Urgencia-localizacion.png\" width=\"2011\" height=\"1274\" src=\"data:image\/svg+xml;base64,PHN2ZyB3aWR0aD0iMSIgaGVpZ2h0PSIxIiB4bWxucz0iaHR0cDovL3d3dy53My5vcmcvMjAwMC9zdmciPjwvc3ZnPg==\" style=\"--smush-placeholder-width: 2011px; --smush-placeholder-aspect-ratio: 2011\/1274;\" \/><\/a><\/p><ul><li><a href=\"https:\/\/www.micof.es\/ver\/124?buscarLocalidadCp=Alzira&amp;buscarGuardia=1&amp;data%5Bpalabra_clave%5D=37867&amp;data%5Bpalabra_oculta%5D=37867&amp;referer=%2F\" target=\"_blank\" rel=\"noopener\"><strong>LLISTAT DE FARM\u00c0CIES D&#8217;URG\u00c8NCIA DEL COL\u00b7LEGI DE FARMAC\u00c8UTICS DE VAL\u00c8NCIA<\/strong><\/a><\/li><\/ul>\t\t\t\t\t\t\t\t<\/div>\n\t\t\t\t<\/div>\n\t\t\t\t\t<\/div>\n\t\t<\/div>\n\t\t\t\t\t<\/div>\n\t\t<\/section>\n\t\t\t\t<\/div>\n\t\t","protected":false},"excerpt":{"rendered":"<p>Recorde que a partir de les 23.00 h. el servei \u00e9s d&#8217;urg\u00e8ncia i \u00e9s imprescindible la recepta m\u00e8dica. La gu\u00e0rdia comen\u00e7a a les 9.00 h. i acaba a les 9.00 h. de l&#8217;endem\u00e0. LLISTAT DE FARM\u00c0CIES D&#8217;URG\u00c8NCIA DEL COL\u00b7LEGI DE FARMAC\u00c8UTICS DE VAL\u00c8NCIA<\/p>\n","protected":false},"author":12,"featured_media":7372,"parent":60850,"menu_order":0,"comment_status":"closed","ping_status":"closed","template":"","meta":{"_acf_changed":false,"footnotes":""},"class_list":["post-83297","page","type-page","status-publish","has-post-thumbnail","hentry"],"acf":[],"_links":{"self":[{"href":"https:\/\/alzira.es\/es\/wp-json\/wp\/v2\/pages\/83297","targetHints":{"allow":["GET"]}}],"collection":[{"href":"https:\/\/alzira.es\/es\/wp-json\/wp\/v2\/pages"}],"about":[{"href":"https:\/\/alzira.es\/es\/wp-json\/wp\/v2\/types\/page"}],"author":[{"embeddable":true,"href":"https:\/\/alzira.es\/es\/wp-json\/wp\/v2\/users\/12"}],"replies":[{"embeddable":true,"href":"https:\/\/alzira.es\/es\/wp-json\/wp\/v2\/comments?post=83297"}],"version-history":[{"count":2,"href":"https:\/\/alzira.es\/es\/wp-json\/wp\/v2\/pages\/83297\/revisions"}],"predecessor-version":[{"id":166846,"href":"https:\/\/alzira.es\/es\/wp-json\/wp\/v2\/pages\/83297\/revisions\/166846"}],"up":[{"embeddable":true,"href":"https:\/\/alzira.es\/es\/wp-json\/wp\/v2\/pages\/60850"}],"wp:featuredmedia":[{"embeddable":true,"href":"https:\/\/alzira.es\/es\/wp-json\/wp\/v2\/media\/7372"}],"wp:attachment":[{"href":"https:\/\/alzira.es\/es\/wp-json\/wp\/v2\/media?parent=83297"}],"curies":[{"name":"wp","href":"https:\/\/api.w.org\/{rel}","templated":true}]}}