{"id":8314,"date":"2014-07-29T08:24:15","date_gmt":"2014-07-29T06:24:15","guid":{"rendered":"https:\/\/alzira.es\/modificaciones\/"},"modified":"2022-01-24T09:02:10","modified_gmt":"2022-01-24T08:02:10","slug":"modificaciones-cas-no","status":"publish","type":"page","link":"https:\/\/alzira.es\/es\/servicios-municipales\/economia-y-recaudacion\/intervencion-cas-no\/modificaciones-cas-no\/","title":{"rendered":"Modificaciones-cas-no"},"content":{"rendered":"<p style=\"text-align: justify;\">Las modificaciones presupuestarias, tanto en el estado de gastos como en el de ingresos, se regir\u00e1n por lo dispuesto en las bases de ejecuci\u00f3n, el texto refundido de la Ley Reguladora de las Haciendas Locales y el Real Decreto 500\/1990.<\/p>\n<p style=\"text-align: justify;\">Si el presupuesto fuera prorrogado, podr\u00e1 ser objeto de cualquiera de las modificaciones, con las puntualizaciones previstas en el art\u00edculo 21 del Real Decreto 500\/1990.<\/p>\n<p style=\"text-align: justify;\">Las modificaciones presupuestarias que podr\u00e1 experimentar el presupuesto general ser\u00e1n las siguientes:<\/p>\n<div style=\"text-align: justify;\"><a href=\"#Creditos_extraordinarios_y_suplementos_de_creditos\"><strong>Cr\u00e9ditos extraordinarios y suplementos de cr\u00e9ditos<\/strong><\/a><\/div>\n<div style=\"text-align: justify;\"><a href=\"#Ampliaciones_de_credito\"><strong>Ampliaciones de cr\u00e9dito<\/strong><\/a><\/div>\n<div style=\"text-align: justify;\"><a href=\"#Transferencias_de_credito\"><strong>Transferencias de cr\u00e9dito<\/strong><\/a><\/div>\n<div style=\"text-align: justify;\"><a href=\"#Generaciones_de_credito\"><strong>Generaciones de cr\u00e9dito<\/strong><\/a><\/div>\n<div style=\"text-align: justify;\"><a href=\"#Incorporaciones_de_remanentes_de_creditos\"><strong>Incorporaciones de remanentes de cr\u00e9dito<\/strong><\/a><\/div>\n<div style=\"text-align: justify;\"><a href=\"#Bajas_por_anulacion\"><strong>Bajas por anulaci\u00f3n<\/strong><\/a><\/div>\n<hr>\n<p style=\"text-align: justify;\">\n<p style=\"text-align: justify;\"><a name=\"Creditos_extraordinarios_y_suplementos_de_creditos\"><\/a><strong>Cr\u00e9ditos extraordinarios y suplementos de cr\u00e9ditos<\/strong><\/p>\n<p style=\"text-align: justify;\">Se consideran cr\u00e9ditos extraordinarios y suplementos de cr\u00e9ditos aquellas modificaciones que suponen la asignaci\u00f3n de cr\u00e9dito destinado a un gasto espec\u00edfico y determinado que no puede demorarse hasta el ejercicio siguiente y para el que no existe consignaci\u00f3n presupuestaria o la existente es insuficiente y no susceptible de ampliaci\u00f3n.<\/p>\n<p style=\"text-align: justify;\">Dicha inexistencia o insuficiencia de cr\u00e9dito deber\u00e1 verificarse en el nivel en que est\u00e9 establecida la vinculaci\u00f3n jur\u00eddica.<\/p>\n<p style=\"text-align: justify;\">Estas modificaciones de cr\u00e9dito se podr\u00e1n financiar indistintamente con alguno o algunos de los recursos determinados en el art\u00edculo 36 del Real Decreto 500\/1990, de 20 de abril.<\/p>\n<p style=\"text-align: justify;\">Las concejal\u00edas delegadas o, en su caso, las jefaturas de los servicios cuyas consignaciones presupuestarias consideren insuficientes o se hallen sin cr\u00e9dito inicial, elevar\u00e1n a la alcaldesa propuesta razonada de cr\u00e9dito extraordinario o suplemento de cr\u00e9dito.<\/p>\n<p style=\"text-align: justify;\"><a name=\"Ampliaciones_de_credito\"><\/a><strong>Ampliaciones de cr\u00e9dito<\/strong><\/p>\n<p style=\"text-align: justify;\">Es la modificaci\u00f3n al alza del presupuesto de gastos como consecuencia del aumento de cr\u00e9dito presupuestario en alguna de las aplicaciones relacionadas, expresa y taxativamente, en funci\u00f3n de los recursos a ellos afectados no procedentes de operaciones de cr\u00e9ditos. Para que pueda procederse a la ampliaci\u00f3n ser\u00e1 necesario el previo reconocimiento en firme de mayores derechos sobre los previstos en el presupuesto de ingresos que se encuentren afectados al cr\u00e9dito que se pretende ampliar.<\/p>\n<p style=\"text-align: justify;\">De las previsiones contenidas en el estado de gastos, tendr\u00e1n la consideraci\u00f3n de partidas ampliables aquellas que corresponden a gastos financiados con recursos expresamente afectados. Y, adem\u00e1s, se citan expresamente las siguientes:<\/p>\n<p style=\"text-align: justify;\">\u00b7 Los ingresos por venta de art\u00edculos del Museo y los generados por actividades tur\u00edsticas (aplicaciones 36400 y 36401, respectivamente) ampl\u00edan las aplicaciones 4320 22629: Gastos diversos Turismo y 3330 22624: Gastos diversos Museo.<\/p>\n<p style=\"text-align: justify;\">\u00b7 Los ingresos por actuaciones y actividades culturales promovidas por el departamento de programaciones culturales que se realicen en el Gran Teatro (aplicaci\u00f3n 34700), ampliar\u00e1n la aplicaci\u00f3n del estado de gastos en Programaciones Culturales (3341 22605).<\/p>\n<p style=\"text-align: justify;\">\u00b7 Los ingresos por actividades diversas de Juventud, promovidas por la Oficina de Informaci\u00f3n Juvenil (aplicaci\u00f3n 34711), ampliar\u00e1n las aplicaciones de gastos corrientes en el programa Juventud (3370).<\/p>\n<p style=\"text-align: justify;\">Los mayores ingresos percibidos como contraprestaci\u00f3n del establecimiento de contribuciones especiales para la ejecuci\u00f3n de obras o para el establecimiento o ampliaci\u00f3n de servicios, conceptos presupuestarios 350 y 351, ampliar\u00e1n las partidas del estado de gastos de las obras o servicios por cuya raz\u00f3n se hubiesen exigido.<\/p>\n<p style=\"text-align: justify;\"><a name=\"Transferencias_de_credito\"><\/a><strong>Transferencias de cr\u00e9dito<\/strong><\/p>\n<p style=\"text-align: justify;\">Es aquella modificaci\u00f3n del presupuesto de gastos mediante la que, sin alterar la cuant\u00eda total del mismo, se imputa el importe total o parcial de un cr\u00e9dito a otras aplicaciones presupuestarias con diferente vinculaci\u00f3n jur\u00eddica.<\/p>\n<p style=\"text-align: justify;\">Se distinguen dos tipos de transferencias de cr\u00e9dito seg\u00fan el \u00f3rgano competente para autorizarlas, una ser\u00e1 competencia del Pleno de la Corporaci\u00f3n cuando corresponda a transferencias de cr\u00e9dito entre distintas \u00e1reas de gasto, salvo cuando afecten a cr\u00e9ditos de personal, y un segundo tipo, competencia de la Junta de Gobierno Local, cuando las transferencias se produzcan entre aplicaciones pertenecientes a la misma \u00e1rea de gasto, o bien entre aplicaciones del cap\u00edtulo I (gastos de personal) con independencia de su calificaci\u00f3n por programas, o bien entre la aplicaci\u00f3n de Convenios entre entes p\u00fablicos y las aplicaciones que recogen la ejecuci\u00f3n de las obras o servicios conveniados.<\/p>\n<p style=\"text-align: justify;\">En el primer caso, esto es, aquellas en las que la competencia para su aprobaci\u00f3n sea del Pleno de la Corporaci\u00f3n, el tr\u00e1mite administrativo ser\u00e1 el mismo que el determinado para la modificaci\u00f3n presupuestaria por cr\u00e9ditos extraordinarios o suplementos de cr\u00e9ditos.<\/p>\n<p style=\"text-align: justify;\"><a name=\"Generaciones_de_credito\"><\/a><strong>Generaciones de cr\u00e9dito<\/strong><\/p>\n<p style=\"text-align: justify;\">Podr\u00e1n generar cr\u00e9dito en los estados de gastos de los presupuestos los ingresos de naturaleza no tributaria derivados de las siguientes operaciones:<\/p>\n<div style=\"text-align: justify;\">a) Aportaciones o compromisos firmes de aportaci\u00f3n, de personas f\u00edsicas o jur\u00eddicas, para financiar, juntamente con la entidad local, gastos que, por su naturaleza, est\u00e9n comprendidos en los fines u objetivos de los mismos<\/div>\n<div style=\"text-align: justify;\">b) Enajenaci\u00f3n de bienes de la entidad local o de sus organismos aut\u00f3nomos<\/div>\n<div style=\"text-align: justify;\">c) Prestaci\u00f3n de servicios<\/div>\n<div style=\"text-align: justify;\">d) Reembolsos de pr\u00e9stamos<\/div>\n<div style=\"text-align: justify;\">e) Los importes procedentes de reintegros de pagos indebidos con cargo al presupuesto corriente, en cuando a la reposici\u00f3n de cr\u00e9dito en la correlativa partida presupuestaria.<\/div>\n<p style=\"text-align: justify;\"><strong><a name=\"Incorporaciones_de_remanentes_de_creditos\"><\/a>Incorporaciones de remanentes de cr\u00e9ditos<\/strong><\/p>\n<p style=\"text-align: justify;\">Los remanentes de cr\u00e9dito se incorporar\u00e1n al presupuesto general, siempre que existan suficientes recursos financieros para ello. Consider\u00e1ndose a estos efectos recursos financieros los determinados en los puntos segundo y tercero del art\u00edculo 48 del Real Decreto 500\/1990, de 20 de abril.<\/p>\n<p style=\"text-align: justify;\">El procedimiento administrativo a seguir ser\u00e1 el de resoluci\u00f3n de la alcaldesa, previo informe de la Intervenci\u00f3n en donde se contemplar\u00e1 la suficiencia de recursos financieros y cumplimiento de la normativa vigente.<\/p>\n<p style=\"text-align: justify;\"><a name=\"Bajas_por_anulacion\"><\/a><strong>Bajas por anulaci\u00f3n<\/strong><\/p>\n<p style=\"text-align: justify;\">Es aquella modificaci\u00f3n del presupuesto de gastos que supone una disminuci\u00f3n total o parcial en el cr\u00e9dito asignado a una\/s aplicaci\u00f3n\/es del presupuesto.<\/p>\n<p style=\"text-align: justify;\">Las causas que podr\u00e1n dar lugar a una baja de cr\u00e9ditos son: financiaci\u00f3n de remanentes de tesorer\u00eda negativos; financiaci\u00f3n de cr\u00e9ditos extraordinarios y suplementos de cr\u00e9ditos y la ejecuci\u00f3n de otros acuerdos adoptados por el Pleno del Ayuntamiento.<\/p>\n<p style=\"text-align: justify;\">Puede darse de baja por anulaci\u00f3n cualquier cr\u00e9dito del presupuesto de gastos hasta la cuant\u00eda correspondiente al saldo de cr\u00e9dito siempre que dicha dotaci\u00f3n se estime reducible o anulable sin perturbaci\u00f3n del respectivo servicio.<\/p>\n<p style=\"text-align: justify;\">Corresponder\u00e1 al Pleno de la entidad la aprobaci\u00f3n de las bajas por anulaci\u00f3n de cr\u00e9ditos.<\/p>\n","protected":false},"excerpt":{"rendered":"<p>Las modificaciones presupuestarias, tanto en el estado de gastos como en el de ingresos, se regir\u00e1n por lo dispuesto en las bases de ejecuci\u00f3n, el texto refundido de la Ley Reguladora de las Haciendas Locales y el Real Decreto 500\/1990. Si el presupuesto fuera prorrogado, podr\u00e1 ser objeto de cualquiera de las modificaciones, con las &hellip; <\/p>\n<p class=\"link-more\"><a href=\"https:\/\/alzira.es\/es\/servicios-municipales\/economia-y-recaudacion\/intervencion-cas-no\/modificaciones-cas-no\/\" class=\"more-link\">Continuar leyendo<span class=\"screen-reader-text\"> \u00abModificaciones-cas-no\u00bb<\/span><\/a><\/p>\n","protected":false},"author":12,"featured_media":0,"parent":2236,"menu_order":24,"comment_status":"closed","ping_status":"closed","template":"","meta":{"_acf_changed":false,"footnotes":""},"class_list":["post-8314","page","type-page","status-publish","hentry"],"acf":[],"_links":{"self":[{"href":"https:\/\/alzira.es\/es\/wp-json\/wp\/v2\/pages\/8314","targetHints":{"allow":["GET"]}}],"collection":[{"href":"https:\/\/alzira.es\/es\/wp-json\/wp\/v2\/pages"}],"about":[{"href":"https:\/\/alzira.es\/es\/wp-json\/wp\/v2\/types\/page"}],"author":[{"embeddable":true,"href":"https:\/\/alzira.es\/es\/wp-json\/wp\/v2\/users\/12"}],"replies":[{"embeddable":true,"href":"https:\/\/alzira.es\/es\/wp-json\/wp\/v2\/comments?post=8314"}],"version-history":[{"count":2,"href":"https:\/\/alzira.es\/es\/wp-json\/wp\/v2\/pages\/8314\/revisions"}],"predecessor-version":[{"id":112977,"href":"https:\/\/alzira.es\/es\/wp-json\/wp\/v2\/pages\/8314\/revisions\/112977"}],"up":[{"embeddable":true,"href":"https:\/\/alzira.es\/es\/wp-json\/wp\/v2\/pages\/2236"}],"wp:attachment":[{"href":"https:\/\/alzira.es\/es\/wp-json\/wp\/v2\/media?parent=8314"}],"curies":[{"name":"wp","href":"https:\/\/api.w.org\/{rel}","templated":true}]}}