{"id":8297,"date":"2014-07-07T13:26:20","date_gmt":"2014-07-07T11:26:20","guid":{"rendered":"https:\/\/alzira.es\/basura\/"},"modified":"2022-01-14T14:02:53","modified_gmt":"2022-01-14T13:02:53","slug":"basura-cas-no","status":"publish","type":"page","link":"https:\/\/alzira.es\/es\/servicios-municipales\/economia-y-recaudacion\/gestion-tributaria-cas-no\/basura-cas-no\/","title":{"rendered":"Basura-cas-no"},"content":{"rendered":"<p style=\"text-align: justify;\"><strong>Tasa de retirada de residuos s\u00f3lidos de actividades econ\u00f3micas asimilables a los generados en domicilios particulares<\/strong><\/p>\n<p style=\"text-align: justify;\">El Ayuntamiento de Alzira establece la tasa por la prestaci\u00f3n del servicio de recogida de residuos s\u00f3lidos de actividades econ\u00f3micas.<\/p>\n<div style=\"text-align: justify;\"><a href=\"#Hecho_imponible\"><strong>Hecho imponible<\/strong><\/a><\/div>\n<div style=\"text-align: justify;\"><a href=\"#Sujeto_pasivo\"><strong>Sujeto pasivo<\/strong><\/a><\/div>\n<div style=\"text-align: justify;\"><a href=\"#Responsables\"><strong>Responsables<\/strong><\/a><\/div>\n<div style=\"text-align: justify;\"><a href=\"#Cuota_tributaria\"><strong>Cuota tributaria<\/strong><\/a><\/div>\n<div style=\"text-align: justify;\"><a href=\"#Devengo\"><strong>Devengo<\/strong><\/a><\/div>\n<div style=\"text-align: justify;\"><a href=\"#Regimen_de_exaccion\"><strong>R\u00e9gimen de exacci\u00f3n<\/strong><\/a><\/div>\n<hr>\n<p style=\"text-align: justify;\">\n<p style=\"text-align: justify;\"><a name=\"Hecho_imponible\"><\/a><strong>Hecho imponible<\/strong><\/p>\n<p style=\"text-align: justify;\">Constituye el hecho imponible de la tasa la prestaci\u00f3n del servicio de recepci\u00f3n obligatoria de recogida de residuos s\u00f3lidos urbanos procedentes de locales y establecimientos donde se ejerzan actividades comerciales, profesionales, art\u00edsticas, industriales y de servicios, situados en las zonas de prestaci\u00f3n del servicio.<\/p>\n<p style=\"text-align: justify;\">Al efecto, se consideran residuos s\u00f3lidos urbanos, los residuos de limpieza y desperdicios procedentes de locales y establecimientos, excluyendo de tal concepto los residuos de tipo industrial, escombros de obras, detritus humanos, materias y materiales contaminados, corrosivos, peligrosos, o cuya recogida o vertido exija la adopci\u00f3n de especiales medidas higi\u00e9nicas, profil\u00e1cticas o de seguridad.<\/p>\n<p style=\"text-align: justify;\">La obligaci\u00f3n de contribuir nacer\u00e1 por la simple existencia de la prestaci\u00f3n del servicio, que por ser general y de recepci\u00f3n obligatoria, se entender\u00e1 prestado a favor de los locales y establecimientos.<\/p>\n<p style=\"text-align: justify;\"><a name=\"Sujeto_pasivo\"><\/a><strong>Sujeto pasivo<\/strong><\/p>\n<p style=\"text-align: justify;\">Son sujetos pasivos contribuyentes de la tasa por la prestaci\u00f3n del servicio de recepci\u00f3n obligatoria de recogida de residuos s\u00f3lidos urbanos, las personas f\u00edsicas y jur\u00eddicas y las entidades a las que la normativa tributaria impone el cumplimiento de obligaciones tributarias seg\u00fan lo dispuesto en el art\u00edculo 35 de la Ley 58\/2003 de 17 de diciembre, General Tributaria, que ocupen, utilicen o sean titulares de las actividades econ\u00f3micas.<\/p>\n<p style=\"text-align: justify;\">Tendr\u00e1n la consideraci\u00f3n de sujetos pasivos sustitutos del contribuyente y, en consecuencia estar\u00e1n obligados a cumplir con las prestaciones materiales y formales de las obligaciones tributarias, los propietarios de los locales y establecimientos, que podr\u00e1n repercutir, si es procedente, las cuotas satisfechas sobre los respectivos beneficiarios.<\/p>\n<p style=\"text-align: justify;\">La tasa ser\u00e1 \u00fanica por local o establecimiento, independientemente del n\u00famero de actividades que se desarrollen en el mismo.<\/p>\n<p style=\"text-align: justify;\"><a name=\"Responsables\"><\/a><strong>Responsables<\/strong><\/p>\n<p style=\"text-align: justify;\">Son responsables tributarios las personas f\u00edsicas o jur\u00eddicas determinadas como tales en la Ley General Tributaria.<\/p>\n<p style=\"text-align: justify;\">La derivaci\u00f3n de responsabilidad requerir\u00e1 que, previa audiencia del interesado, se dicte acto administrativo, en los t\u00e9rminos previstos en la Ley General Tributaria.<\/p>\n<p style=\"text-align: justify;\">Responder\u00e1n solidariamente de las obligaciones tributarias del sujeto pasivo las personas f\u00edsicas y jur\u00eddicas que se refieren los art\u00edculos 38.1 y 39 de la ley General Tributaria.<\/p>\n<p style=\"text-align: justify;\">Ser\u00e1n responsables subsidiarios los administradores de las sociedades y los s\u00edndicos interventores o liquidadores de fallidas, concursos, sociedades y entidades en general, en los supuestos y con el alcance que se\u00f1ala el art\u00edculo 40 de la ley General Tributaria.<\/p>\n<p style=\"text-align: justify;\"><a name=\"Cuota_tributaria\"><\/a><strong>Cuota tributaria<\/strong><\/p>\n<p style=\"text-align: justify;\">La cuota tributaria consistir\u00e1 en una cantidad fija, por unidad de local, que se determinar\u00e1 en funci\u00f3n de la situaci\u00f3n y de los coeficientes de ponderaci\u00f3n que se indiquen.<\/p>\n<p style=\"text-align: justify;\">Al efecto se aplicar\u00e1n las siguientes tarifas:<\/p>\n<table style=\"width: 100%; border-collapse: collapse;\" border=\"1\" cellspacing=\"0\" cellpadding=\"0\">\n<tbody>\n<tr>\n<td style=\"width: 14.28%; border-width: medium 1pt medium medium; border-style: none solid none none; border-color: -moz-use-text-color windowtext -moz-use-text-color -moz-use-text-color; padding: 0cm 5.4pt 0cm 0cm;\" width=\"14%\"><\/td>\n<td style=\"width: 85.72%; border-width: 1pt 1pt 1pt medium; border-style: solid solid solid none; border-color: windowtext windowtext windowtext -moz-use-text-color; padding: 0cm 5.4pt;\" colspan=\"6\" width=\"85%\">\n<p class=\"Normal\" style=\"text-align: center; text-indent: 35.45pt;\" align=\"center\"><span style=\"font-size: 9pt;\">Importe neto de la cifra de negocios (en euros)<\/span><\/p>\n<\/td>\n<\/tr>\n<tr>\n<td style=\"width: 14.28%; border-width: medium 1pt 1pt medium; border-style: none solid solid none; border-color: -moz-use-text-color windowtext windowtext -moz-use-text-color; padding: 0cm 5.4pt 0cm 0cm;\" width=\"14%\"><\/td>\n<td style=\"width: 13.22%; border-width: medium 1pt 1pt medium; border-style: none solid solid none; border-color: -moz-use-text-color windowtext windowtext -moz-use-text-color; padding: 0cm 5.4pt;\" width=\"13%\">\n<p class=\"Normal\" style=\"text-align: center;\" align=\"center\"><span style=\"font-size: 9pt;\">Menos de 1.000.000,00<\/span><\/p>\n<\/td>\n<td style=\"width: 13.84%; border-width: 1pt 1pt 1pt medium; border-style: solid solid solid none; border-color: windowtext windowtext windowtext -moz-use-text-color; padding: 0cm 5.4pt;\" width=\"13%\">\n<p class=\"Normal\" style=\"text-align: center;\" align=\"center\"><span style=\"font-size: 9pt;\">Desde 1.000.000,00 hasta 5.000.000,00<\/span><\/p>\n<\/td>\n<td style=\"width: 13.84%; border-width: 1pt 1pt 1pt medium; border-style: solid solid solid none; border-color: windowtext windowtext windowtext -moz-use-text-color; padding: 0cm 5.4pt;\" width=\"13%\">\n<p class=\"Normal\" style=\"text-align: center;\" align=\"center\"><span style=\"font-size: 9pt;\">Desde 5.000.000,01 hasta 10.000.000, 00<\/span><\/p>\n<\/td>\n<td style=\"width: 14.26%; border-width: 1pt 1pt 1pt medium; border-style: solid solid solid none; border-color: windowtext windowtext windowtext -moz-use-text-color; padding: 0cm 5.4pt;\" width=\"14%\">\n<p class=\"Normal\" style=\"text-align: center;\" align=\"center\"><span style=\"font-size: 9pt;\">Desde 10.000.000,01 hasta 50.000.000,00<\/span><\/p>\n<\/td>\n<td style=\"width: 15.3%; border-width: 1pt 1pt 1pt medium; border-style: solid solid solid none; border-color: windowtext windowtext windowtext -moz-use-text-color; padding: 0cm 5.4pt;\" width=\"15%\">\n<p class=\"Normal\" style=\"text-align: center;\" align=\"center\"><span style=\"font-size: 9pt;\">Desde 50.000.000,01 hasta 100.000.000,00<\/span><\/p>\n<\/td>\n<td style=\"width: 15.3%; border-width: 1pt 1pt 1pt medium; border-style: solid solid solid none; border-color: windowtext windowtext windowtext -moz-use-text-color; padding: 0cm 5.4pt;\" width=\"15%\">\n<p class=\"Normal\" style=\"text-align: center;\" align=\"center\"><span style=\"font-size: 9pt;\">M\u00e1s de 100.000.000,00<\/span><\/p>\n<\/td>\n<\/tr>\n<tr style=\"height: 18.5pt;\">\n<td style=\"width: 14.28%; border-right: 1pt solid windowtext; border-width: medium 1pt 1pt; border-style: none solid solid; border-color: -moz-use-text-color windowtext windowtext; padding: 0cm 5.4pt 0cm 0cm; height: 18.5pt;\" width=\"14%\">\n<p class=\"Normal\" style=\"text-align: justify;\"><span style=\"font-size: 9pt;\">Diseminados<\/span><\/p>\n<\/td>\n<td style=\"width: 13.22%; border-width: medium 1pt 1pt medium; border-style: none solid solid none; border-color: -moz-use-text-color windowtext windowtext -moz-use-text-color; padding: 0cm 5.4pt; height: 18.5pt;\" width=\"13%\">\n<p class=\"Normal\" style=\"text-align: justify; text-indent: 15.85pt;\"><span style=\"font-size: 9pt;\">230<\/span><\/p>\n<\/td>\n<td style=\"width: 13.84%; border-width: medium 1pt 1pt medium; border-style: none solid solid none; border-color: -moz-use-text-color windowtext windowtext -moz-use-text-color; padding: 0cm 5.4pt; height: 18.5pt;\" width=\"13%\">\n<p class=\"Normal\" style=\"text-align: center; text-indent: 35.45pt;\" align=\"center\"><span style=\"font-size: 9pt;\">317<\/span><\/p>\n<\/td>\n<td style=\"width: 13.84%; border-width: medium 1pt 1pt medium; border-style: none solid solid none; border-color: -moz-use-text-color windowtext windowtext -moz-use-text-color; padding: 0cm 5.4pt; height: 18.5pt;\" width=\"13%\">\n<p class=\"Normal\" style=\"text-align: center; text-indent: 35.45pt;\" align=\"center\"><span style=\"font-size: 9pt;\">327<\/span><\/p>\n<\/td>\n<td style=\"width: 14.26%; border-width: medium 1pt 1pt medium; border-style: none solid solid none; border-color: -moz-use-text-color windowtext windowtext -moz-use-text-color; padding: 0cm 5.4pt; height: 18.5pt;\" width=\"14%\">\n<p class=\"Normal\" style=\"text-align: center; text-indent: 35.45pt;\" align=\"center\"><span style=\"font-size: 9pt;\">341<\/span><\/p>\n<\/td>\n<td style=\"width: 15.3%; border-width: medium 1pt 1pt medium; border-style: none solid solid none; border-color: -moz-use-text-color windowtext windowtext -moz-use-text-color; padding: 0cm 5.4pt; height: 18.5pt;\" width=\"15%\">\n<p class=\"Normal\" style=\"text-align: center; text-indent: 35.45pt;\" align=\"center\"><span style=\"font-size: 9pt;\">351<\/span><\/p>\n<\/td>\n<td style=\"width: 15.3%; border-width: medium 1pt 1pt medium; border-style: none solid solid none; border-color: -moz-use-text-color windowtext windowtext -moz-use-text-color; padding: 0cm 5.4pt; height: 18.5pt;\" width=\"15%\">\n<p class=\"Normal\" style=\"text-align: center; text-indent: 35.45pt;\" align=\"center\"><span style=\"font-size: 9pt;\">364<\/span><\/p>\n<\/td>\n<\/tr>\n<tr>\n<td style=\"width: 14.28%; border-right: 1pt solid windowtext; border-width: medium 1pt 1pt; border-style: none solid solid; border-color: -moz-use-text-color windowtext windowtext; padding: 0cm 5.4pt 0cm 0cm;\" width=\"14%\">\n<p class=\"Normal\" style=\"text-align: justify;\"><span style=\"font-size: 9pt;\">Casco urbano<\/span><\/p>\n<\/td>\n<td style=\"width: 13.22%; border-width: medium 1pt 1pt medium; border-style: none solid solid none; border-color: -moz-use-text-color windowtext windowtext -moz-use-text-color; padding: 0cm 5.4pt;\" width=\"13%\">\n<p class=\"Normal\" style=\"text-align: justify; text-indent: 15.85pt;\"><span style=\"font-size: 9pt;\">154<\/span><\/p>\n<\/td>\n<td style=\"width: 13.84%; border-width: medium 1pt 1pt medium; border-style: none solid solid none; border-color: -moz-use-text-color windowtext windowtext -moz-use-text-color; padding: 0cm 5.4pt;\" width=\"13%\">\n<p class=\"Normal\" style=\"text-align: center; text-indent: 35.45pt;\" align=\"center\"><span style=\"font-size: 9pt;\">211<\/span><\/p>\n<\/td>\n<td style=\"width: 13.84%; border-width: medium 1pt 1pt medium; border-style: none solid solid none; border-color: -moz-use-text-color windowtext windowtext -moz-use-text-color; padding: 0cm 5.4pt;\" width=\"13%\">\n<p class=\"Normal\" style=\"text-align: center; text-indent: 35.45pt;\" align=\"center\"><span style=\"font-size: 9pt;\">218<\/span><\/p>\n<\/td>\n<td style=\"width: 14.26%; border-width: medium 1pt 1pt medium; border-style: none solid solid none; border-color: -moz-use-text-color windowtext windowtext -moz-use-text-color; padding: 0cm 5.4pt;\" width=\"14%\">\n<p class=\"Normal\" style=\"text-align: center; text-indent: 35.45pt;\" align=\"center\"><span style=\"font-size: 9pt;\">225<\/span><\/p>\n<\/td>\n<td style=\"width: 15.3%; border-width: medium 1pt 1pt medium; border-style: none solid solid none; border-color: -moz-use-text-color windowtext windowtext -moz-use-text-color; padding: 0cm 5.4pt;\" width=\"15%\">\n<p class=\"Normal\" style=\"text-align: center; text-indent: 35.45pt;\" align=\"center\"><span style=\"font-size: 9pt;\">233<\/span><\/p>\n<\/td>\n<td style=\"width: 15.3%; border-width: medium 1pt 1pt medium; border-style: none solid solid none; border-color: -moz-use-text-color windowtext windowtext -moz-use-text-color; padding: 0cm 5.4pt;\" width=\"15%\">\n<p class=\"Normal\" style=\"text-align: center; text-indent: 35.45pt;\" align=\"center\"><span style=\"font-size: 9pt;\">243<\/span><\/p>\n<\/td>\n<\/tr>\n<\/tbody>\n<\/table>\n<p style=\"text-align: justify;\">El importe neto de la cifra de negocios ser\u00e1 el correspondiente al conjunto de actividades econ\u00f3micas ejercidas por el titular de la actividad econ\u00f3mica y se determinar\u00e1 conforme a lo previsto en el art\u00edculo 82.1.c) del texto refundido de la Ley Reguladora de las Haciendas Locales, aprobado por el Real Decreto Legislativo 2\/2004, de 5 de marzo.<\/p>\n<p style=\"text-align: justify;\">Los pol\u00edgonos industriales se consideran diseminados.<\/p>\n<p style=\"text-align: justify;\"><a name=\"Devengo\"><\/a><strong>Devengo<\/strong><\/p>\n<p style=\"text-align: justify;\">La tasa se devenga y nace la obligaci\u00f3n de contribuir desde el momento en el que se inicie la prestaci\u00f3n del servicio, que se entender\u00e1 iniciado, atendida a su naturaleza de recepci\u00f3n obligatoria, cuando est\u00e9 establecido y en funcionamiento el servicio municipal de recogida de residuos s\u00f3lidos urbanos en las calles, plazas, caminos o lugares donde se encuentren los locales o establecimientos.<\/p>\n<p style=\"text-align: justify;\">El per\u00edodo impositivo coincide con el a\u00f1o natural, deveng\u00e1ndose el tributo el 1 de enero de cada a\u00f1o, siendo las cuotas prorrateables por trimestres naturales, tanto en las altas como en las bajas a la actividad econ\u00f3mica.<\/p>\n<p style=\"text-align: justify;\">Los cambios de titularidad en la actividad econ\u00f3mica que se trate y en el uso de los locales, producir\u00e1n efecto en el ejercicio siguiente y deber\u00e1n ser acreditados por medio de copia de escritura, contrato de arrendamiento, etc.<\/p>\n<p style=\"text-align: justify;\"><a name=\"Regimen_de_exaccion\"><\/a><strong>R\u00e9gimen de exacci\u00f3n<\/strong><\/p>\n<p style=\"text-align: justify;\">El cobro de las cuotas se efectuar\u00e1 anualmente, por medio de recibo en el per\u00edodo que determine el Ayuntamiento, excepto en el supuesto de altas, que se har\u00e1 por medio de autoliquidaci\u00f3n que presentar\u00e1 le sujeto pasivo.<\/p>\n<p style=\"text-align: justify;\">Para la exacci\u00f3n de la tasa se formar\u00e1 y aprobar\u00e1 anualmente el correspondiente padr\u00f3n, comprensivo de la relaci\u00f3n de todos los obligados al pago, en los t\u00e9rminos establecidos en la normativa vigente.<\/p>\n","protected":false},"excerpt":{"rendered":"<p>Tasa de retirada de residuos s\u00f3lidos de actividades econ\u00f3micas asimilables a los generados en domicilios particulares El Ayuntamiento de Alzira establece la tasa por la prestaci\u00f3n del servicio de recogida de residuos s\u00f3lidos de actividades econ\u00f3micas. Hecho imponible Sujeto pasivo Responsables Cuota tributaria Devengo R\u00e9gimen de exacci\u00f3n Hecho imponible Constituye el hecho imponible de la &hellip; <\/p>\n<p class=\"link-more\"><a href=\"https:\/\/alzira.es\/es\/servicios-municipales\/economia-y-recaudacion\/gestion-tributaria-cas-no\/basura-cas-no\/\" class=\"more-link\">Continuar leyendo<span class=\"screen-reader-text\"> \u00abBasura-cas-no\u00bb<\/span><\/a><\/p>\n","protected":false},"author":12,"featured_media":0,"parent":8082,"menu_order":27,"comment_status":"closed","ping_status":"closed","template":"","meta":{"_acf_changed":false,"footnotes":""},"class_list":["post-8297","page","type-page","status-publish","hentry"],"acf":[],"_links":{"self":[{"href":"https:\/\/alzira.es\/es\/wp-json\/wp\/v2\/pages\/8297","targetHints":{"allow":["GET"]}}],"collection":[{"href":"https:\/\/alzira.es\/es\/wp-json\/wp\/v2\/pages"}],"about":[{"href":"https:\/\/alzira.es\/es\/wp-json\/wp\/v2\/types\/page"}],"author":[{"embeddable":true,"href":"https:\/\/alzira.es\/es\/wp-json\/wp\/v2\/users\/12"}],"replies":[{"embeddable":true,"href":"https:\/\/alzira.es\/es\/wp-json\/wp\/v2\/comments?post=8297"}],"version-history":[{"count":3,"href":"https:\/\/alzira.es\/es\/wp-json\/wp\/v2\/pages\/8297\/revisions"}],"predecessor-version":[{"id":110947,"href":"https:\/\/alzira.es\/es\/wp-json\/wp\/v2\/pages\/8297\/revisions\/110947"}],"up":[{"embeddable":true,"href":"https:\/\/alzira.es\/es\/wp-json\/wp\/v2\/pages\/8082"}],"wp:attachment":[{"href":"https:\/\/alzira.es\/es\/wp-json\/wp\/v2\/media?parent=8297"}],"curies":[{"name":"wp","href":"https:\/\/api.w.org\/{rel}","templated":true}]}}