{"id":8090,"date":"2014-07-01T12:54:18","date_gmt":"2014-07-01T10:54:18","guid":{"rendered":"https:\/\/alzira.es\/vados\/"},"modified":"2021-08-29T10:27:20","modified_gmt":"2021-08-29T08:27:20","slug":"vados","status":"publish","type":"page","link":"https:\/\/alzira.es\/es\/servicios-municipales\/economia-y-recaudacion\/gestion-tributaria-cas-no\/vados\/","title":{"rendered":"Vados"},"content":{"rendered":"<p style=\"text-align: justify;\"><span style=\"color: #000000;\"><strong>Tasa de vados, reserva de estacionamiento y carga y descarga de mercanc\u00edas<\/strong><\/span><\/p>\n<p style=\"text-align: justify;\"><span style=\"color: #000000;\">El Ayuntamiento de Alzira ha establecido la tasa por entrada de veh\u00edculos a trav\u00e9s de las aceras y reservas de v\u00eda p\u00fablica para aparcamiento exclusivo, parada de veh\u00edculos, carga y descarga de mercanc\u00edas de cualquiera clase.<\/span><\/p>\n<p style=\"text-align: justify;\"><span style=\"color: #000000;\"><a href=\"#Hecho_imponible\"><span style=\"color: #000000;\"><strong>Hecho imponible<\/strong><\/span><\/a><\/span><br \/>\n<span style=\"color: #000000;\"><a href=\"#Sujeto_pasivo\"><span style=\"color: #000000;\"><strong>Sujeto pasivo<\/strong><\/span><\/a><\/span><br \/>\n<span style=\"color: #000000;\"><a href=\"#Devengo\"><span style=\"color: #000000;\"><strong>Devengo<\/strong><\/span><\/a><\/span><br \/>\n<span style=\"color: #000000;\"><a href=\"#Cuantia\"><span style=\"color: #000000;\"><strong>Cuant\u00eda<\/strong><\/span><\/a><\/span><\/p>\n<hr \/>\n<p style=\"text-align: justify;\"><span style=\"color: #000000;\">\u00a0<\/span><\/p>\n<p style=\"text-align: justify;\"><span style=\"color: #000000;\"><a name=\"Hecho_imponible\"><\/a><span style=\"color: #000000;\"><strong>Hecho imponible<\/strong><\/span><\/span><\/p>\n<p>Constituye el hecho imponible de la tasa el aprovechamiento especial que tiene lugar por la entrada de veh\u00edculos a trav\u00e9s de las aceras y reservas de v\u00eda p\u00fablica para aparcamiento exclusivo, parada de veh\u00edculos, carga y descarga de mercanc\u00edas de cualquiera clase, especificado en las tarifas contenidas en el art\u00edculo 4 de esta Ordenanza.<\/p>\n<p>No se realiza el hecho imponible de la tasa cuando sea necesario reservar, ya sea mediante placa de vado o se\u00f1alizaci\u00f3n en la calzada, el espacio de delante de la puerta de entrada a su casa por una persona en silla de ruedas o elemento asimilable. Se considera que es necesaria la reserva cuando las dimensiones de la acera no permitan el paso de una silla de ruedas.<\/p>\n<p style=\"text-align: justify;\"><span style=\"color: #000000;\"><a name=\"Sujeto_pasivo\"><\/a><span style=\"color: #000000;\"><strong>Sujeto pasivo<\/strong><\/span><\/span><\/p>\n<p style=\"text-align: justify;\"><span style=\"color: #000000;\">Son sujetas pasivos de la tasa, en concepto de contribuyentes, las personas f\u00edsicas y jur\u00eddicas, as\u00ed como las entidades a que se refiere el art\u00edculo 35 de la Ley General Tributaria, que soliciten, utilicen o se aprovechen de la ocupaci\u00f3n de la v\u00eda p\u00fablica.<\/span><\/p>\n<p style=\"text-align: justify;\"><span style=\"color: #000000;\">Tendr\u00e1n la condici\u00f3n de sustituto del contribuyente los propietarios de las fincas y locales a que dan acceso las susodichas entradas de veh\u00edculos, a los cuales podr\u00e1n repercutir, si procede, las cuotas sobre los respectivos beneficiarios.<\/span><\/p>\n<p style=\"text-align: justify;\"><span style=\"color: #000000;\"><a name=\"Devengo\"><\/a><span style=\"color: #000000;\"><strong>Devengo<\/strong><\/span><\/span><\/p>\n<p style=\"text-align: justify;\"><span style=\"color: #000000;\">La tasa se devenga en el momento de solicitar la licencia o el primer d\u00eda del periodo impositivo. Las cuotas ser\u00e1n irreductibles, excepto cuando, en los casos de alta por solicitud del aprovechamiento, el d\u00eda de comienzo de \u00e9ste no coincida con el a\u00f1o natural, en cuyo supuesto las cuotas se calcular\u00e1n proporcionalmente al n\u00famero de trimestres naturales que restan para finalizar el a\u00f1o, incluido el del comienzo del aprovechamiento.<\/span><\/p>\n<p style=\"text-align: justify;\"><span style=\"color: #000000;\"><a name=\"Cuantia\"><\/a><span style=\"color: #000000;\"><strong>Cuant\u00eda<\/strong><\/span><\/span><\/p>\n<p style=\"text-align: justify;\"><span style=\"color: #000000;\">Las tarifas de la tasa ser\u00e1n las siguientes:<\/span><\/p>\n<p style=\"text-align: justify;\"><span style=\"color: #000000;\">Entrada de veh\u00edculos por la acera en garajes o locales de uso individual, particular o privado, hasta tres metros lineales:<\/span><\/p>\n<table style=\"width: 400px; border: 0px solid #000000;\">\n<tbody>\n<tr>\n<td><span style=\"font-size: 10pt; color: #000000;\">Al a\u00f1o<\/span><\/td>\n<td style=\"text-align: right;\"><span style=\"font-size: 10pt; color: #000000;\">93,00 \u20ac<\/span><\/td>\n<\/tr>\n<tr>\n<td><span style=\"font-size: 10pt; color: #000000;\">Por cada metro lineal o fracci\u00f3n de m\u00e1s<\/span><\/td>\n<td style=\"text-align: right;\"><span style=\"font-size: 10pt; color: #000000;\">31,00 \u20ac<\/span><\/td>\n<\/tr>\n<\/tbody>\n<\/table>\n<div><\/div>\n<p style=\"text-align: justify;\"><span style=\"color: #000000;\">Las personas con minusval\u00edas f\u00edsicas, que necesiten tener libre la entrada a la vivienda por ir con silla de rueda, gozar\u00e1n de una bonificaci\u00f3n del 50%.<\/span><\/p>\n<p style=\"text-align: justify;\"><span style=\"color: #000000;\">\u00cddem en garajes de uso exclusivo de comunidades de propietarios del propio edificio, hasta tres metros lineales:<\/span><\/p>\n<table style=\"width: 400px; border: 0px solid #000000;\">\n<tbody>\n<tr>\n<td><span style=\"font-size: 10pt; color: #000000;\">Al a\u00f1o<\/span><\/td>\n<td style=\"text-align: right;\"><span style=\"font-size: 10pt; color: #000000;\">212,00 \u20ac<\/span><\/td>\n<\/tr>\n<tr>\n<td><span style=\"font-size: 10pt; color: #000000;\">Por cada metro lineal o fracci\u00f3n de m\u00e1s<\/span><\/td>\n<td style=\"text-align: right;\"><span style=\"font-size: 10pt; color: #000000;\">70,00 \u20ac<\/span><\/td>\n<\/tr>\n<\/tbody>\n<\/table>\n<p style=\"text-align: justify;\"><span style=\"color: #000000;\">\u00a0<\/span><br \/>\n<span style=\"color: #000000;\">A partir de 10 plazas, la tarifa que corresponda se incrementar\u00e1 en 14,00 \u20ac anuales por cada plaza de m\u00e1s.<\/span><\/p>\n<p style=\"text-align: justify;\"><span style=\"color: #000000;\">\u00cddem en garajes p\u00fablicos, hasta 3 metros lineales:<\/span><\/p>\n<table style=\"width: 400px; border: 0px solid #000000;\">\n<tbody>\n<tr>\n<td><span style=\"font-size: 10pt; color: #000000;\">Al a\u00f1o<\/span><\/td>\n<td><span style=\"font-size: 10pt; color: #000000;\">420,00 \u20ac<\/span><\/td>\n<\/tr>\n<tr>\n<td><span style=\"font-size: 10pt; color: #000000;\">Por cada metro lineal o fracci\u00f3n de m\u00e1s<\/span><\/td>\n<td><span style=\"font-size: 10pt; color: #000000;\">140,00 \u20ac<\/span><\/td>\n<\/tr>\n<\/tbody>\n<\/table>\n<p style=\"text-align: justify;\"><span style=\"color: #000000;\">A partir de 15 plazas, esta tarifa se incrementar\u00e1 en 22,00 \u20ac anuales por cada plaza de m\u00e1s.<\/span><\/p>\n<p style=\"text-align: justify;\"><span style=\"color: #000000;\">\u00cddem en talleres, establecimientos comerciales (incluidas las gasolineras) e industriales:<\/span><\/p>\n<table style=\"width: 400px; border: 0px solid #000000;\">\n<tbody>\n<tr>\n<td><span style=\"font-size: 10pt; color: #000000;\">Hasta tres metros lineales, al a\u00f1o<\/span><\/td>\n<td style=\"text-align: right;\"><span style=\"font-size: 10pt; color: #000000;\">267,00 \u20ac<\/span><\/td>\n<\/tr>\n<tr>\n<td><span style=\"font-size: 10pt; color: #000000;\">Por cada metro lineal o fracci\u00f3n de m\u00e1s<\/span><\/td>\n<td style=\"text-align: right;\"><span style=\"font-size: 10pt; color: #000000;\">89,00 \u20ac<\/span><\/td>\n<\/tr>\n<\/tbody>\n<\/table>\n<p style=\"text-align: justify;\">Los titulares del aprovechamiento que realicen actividades empresariales clasificadas en la secci\u00f3n 1a de las tarifas del Impuesto sobre Actividades Econ\u00f3micas, cuando el n\u00famero de empleados afectos a la actividad que se trate no exceda de tres, incluido el titular, gozar\u00e1n de una reducci\u00f3n en la tarifa del 50 por cien.<\/p>\n<p style=\"text-align: justify;\">Las anteriores tarifas, aplicada en su caso la reducci\u00f3n contemplada en el p\u00e1rrafo anterior, se reducir\u00e1n el 50 por cien cuando el vado est\u00e9 situado en cualquiera de los pol\u00edgonos industriales del t\u00e9rmino municipal.<\/p>\n<p style=\"text-align: justify;\"><span style=\"color: #000000;\">Las tarifas anteriores se incrementar\u00e1n en un 10 por cien cuando el bordillo est\u00e9 biselado, y de existir vado -depresi\u00f3n de la acera- el 20 por cien. En caso de renuncia a la entrada de veh\u00edculos, se deber\u00e1 reponer la acera y el bordillo a su forma original.<\/span><\/p>\n<p>Reservas de estacionamiento en la calzada, por cada metro lineal y hora, o fracci\u00f3n, al a\u00f1o:<\/p>\n<ul style=\"margin-top: 0cm;\">\n<li style=\"text-align: left;\">Para l\u00edneas de viajeros y otros usos industriales o comerciales\u00a0\u00a0\u00a0\u00a0\u00a0\u00a0 7,50 \u20ac<\/li>\n<\/ul>\n<ul style=\"margin-top: 0cm;\">\n<li style=\"text-align: left;\">Para otros usos o destinos diferentes de los anteriores\u00a0\u00a0\u00a0\u00a0\u00a0\u00a0\u00a0\u00a0\u00a0\u00a0\u00a0\u00a0\u00a0\u00a0\u00a0\u00a0\u00a0\u00a0 6,00 \u20ac<\/li>\n<\/ul>\n<p>Las anteriores reservas se entienden para los d\u00edas laborables. Si se trata de todos los d\u00edas (d\u00edas naturales), las anteriores tarifas se incrementar\u00e1n en un 10 por ciento.<\/p>\n<p>Si la reserva se realiza en horario discontinuo se aplicar\u00e1 un incremento del 10 por ciento en la tarifa.<\/p>\n<ul style=\"margin-top: 0cm;\">\n<li style=\"text-align: justify;\">Reservas para espacios para usos diversos, provocados por necesidades ocasionales, por dia y por metro lineal o cuadrado, seg\u00fan la naturaleza del aprovechamiento \u00a0 \u00a0 \u00a0 \u00a0 \u00a0 \u00a0 \u00a0\u00a0 1,00 \u20ac<\/li>\n<\/ul>\n","protected":false},"excerpt":{"rendered":"<p>Tasa de vados, reserva de estacionamiento y carga y descarga de mercanc\u00edas El Ayuntamiento de Alzira ha establecido la tasa por entrada de veh\u00edculos a trav\u00e9s de las aceras y reservas de v\u00eda p\u00fablica para aparcamiento exclusivo, parada de veh\u00edculos, carga y descarga de mercanc\u00edas de cualquiera clase. Hecho imponible Sujeto pasivo Devengo Cuant\u00eda \u00a0 &hellip; <\/p>\n<p class=\"link-more\"><a href=\"https:\/\/alzira.es\/es\/servicios-municipales\/economia-y-recaudacion\/gestion-tributaria-cas-no\/vados\/\" class=\"more-link\">Continuar leyendo<span class=\"screen-reader-text\"> \u00abVados\u00bb<\/span><\/a><\/p>\n","protected":false},"author":12,"featured_media":0,"parent":8082,"menu_order":31,"comment_status":"closed","ping_status":"closed","template":"","meta":{"_acf_changed":false,"footnotes":""},"class_list":["post-8090","page","type-page","status-publish","hentry"],"acf":[],"_links":{"self":[{"href":"https:\/\/alzira.es\/es\/wp-json\/wp\/v2\/pages\/8090","targetHints":{"allow":["GET"]}}],"collection":[{"href":"https:\/\/alzira.es\/es\/wp-json\/wp\/v2\/pages"}],"about":[{"href":"https:\/\/alzira.es\/es\/wp-json\/wp\/v2\/types\/page"}],"author":[{"embeddable":true,"href":"https:\/\/alzira.es\/es\/wp-json\/wp\/v2\/users\/12"}],"replies":[{"embeddable":true,"href":"https:\/\/alzira.es\/es\/wp-json\/wp\/v2\/comments?post=8090"}],"version-history":[{"count":2,"href":"https:\/\/alzira.es\/es\/wp-json\/wp\/v2\/pages\/8090\/revisions"}],"predecessor-version":[{"id":85105,"href":"https:\/\/alzira.es\/es\/wp-json\/wp\/v2\/pages\/8090\/revisions\/85105"}],"up":[{"embeddable":true,"href":"https:\/\/alzira.es\/es\/wp-json\/wp\/v2\/pages\/8082"}],"wp:attachment":[{"href":"https:\/\/alzira.es\/es\/wp-json\/wp\/v2\/media?parent=8090"}],"curies":[{"name":"wp","href":"https:\/\/api.w.org\/{rel}","templated":true}]}}