{"id":8082,"date":"2014-07-01T08:43:48","date_gmt":"2014-07-01T06:43:48","guid":{"rendered":"https:\/\/alzira.es\/gestion-tributaria1\/"},"modified":"2022-01-14T14:12:00","modified_gmt":"2022-01-14T13:12:00","slug":"gestion-tributaria-cas-no","status":"publish","type":"page","link":"https:\/\/alzira.es\/es\/servicios-municipales\/economia-y-recaudacion\/gestion-tributaria-cas-no\/","title":{"rendered":"Gesti\u00f3n Tributaria-cas-no"},"content":{"rendered":"\n<p>El departamento de Gesti\u00f3n Tributaria se encarga del control y aplicaci\u00f3n de las ordenanzas fiscales.<\/p>\n\n\n\n<div><a href=\"#Funciones\"><strong>Funciones<\/strong><\/a><\/div>\n\n\n\n<div><a href=\"#Servicios\"><strong>Servicios<\/strong><\/a><\/div>\n\n\n\n<div><a href=\"#Legislacion\"><strong>Legislaci\u00f3n<\/strong><\/a><\/div>\n\n\n\n<p><a name=\"Funciones\"><\/a><\/p>\n\n\n\n<p><strong>Funciones<\/strong><\/p>\n\n\n\n<p>Entre sus funciones est\u00e1n la elaboraci\u00f3n y mantenimiento de los padrones fiscales, as\u00ed como el control, redacci\u00f3n y actualizaci\u00f3n de las ordenanzas fiscales. Por otra parte se encarga del control y redacci\u00f3n de liquidaciones tributarias, la resoluci\u00f3n de recursos y reclamaciones en materia tributaria y la tramitaci\u00f3n de las solicitudes de beneficios fiscales.<\/p>\n\n\n\n<p><a name=\"Servicios\"><\/a><\/p>\n\n\n\n<p><strong>Servicios<\/strong><\/p>\n\n\n\n<div class=\"wp-block-group\"><div class=\"wp-block-group__inner-container is-layout-flow wp-block-group-is-layout-flow\">\n<ul class=\"wp-block-list\"><li>Informaci\u00f3n general y particular sobre las obligaciones tributarias municipales: impuestos peri\u00f3dicos y no peri\u00f3dicos.<\/li><li>Solicitar cambios en los datos de los recibos correspondientes a impuestos y tasas municipales de car\u00e1cter peri\u00f3dico: bienes inmuebles (urbana y r\u00fastica), vados, veh\u00edculos, actividades econ\u00f3micas, tasa de basuras.<\/li><li>Altas y alteraciones en los padrones fiscales correspondientes a los tributos municipales.<\/li><li>Se facilita a los contribuyentes el c\u00e1lculo previo de las autoliquidaciones de Plusval\u00eda (Impuesto sobre incremento del valor de los terrenos de naturaleza urbana)<\/li><li>Tramitaci\u00f3n de las bonificaciones y exenciones solicitadas.<\/li><li>B\u00fasqueda de la mayor eficacia y eficiencia en la gesti\u00f3n de los recursos financieros, econ\u00f3micos y monetarios municipales.<\/li><li>Estudios tributarios.<\/li><li>An\u00e1lisis de inversiones.<\/li><li>Recursos econ\u00f3micos.<\/li><li>Financiaci\u00f3n.<\/li><li>Liquidaci\u00f3n de tributos.<\/li><li>Emisi\u00f3n de todo tipo de justificantes sobre el contenido de las bases de datos tributarias: documentos compulsa, volantes o certificados.<\/li><\/ul>\n\n\n\n<p><\/p>\n<\/div><\/div>\n\n\n\n<p><a name=\"Legislacion\"><\/a><strong>Legislaci\u00f3n<\/strong><\/p>\n\n\n\n<ol class=\"wp-block-list\"><li>Real Decreto Legislativo 2\/2004, de 5 de marzo, por el que se aprueba el texto refundido de la Ley Reguladora de las Haciendas Locales.<\/li><li>Real Decreto Legislativo 1\/2004, de 5 de marzo, por el que se aprueba el texto refundido de la Ley del Catastro Inmobiliario.<\/li><li>Ley 58\/2003, de 17 de diciembre, General Tributaria.<\/li><li>Real Decreto 417\/2006, de 7 de abril, por el que se desarrolla el texto refundido de la Ley del Catastro Inmobiliario, aprobado por el Real Decreto Legislativo 1\/2004, de 5 de marzo.<\/li><\/ol>\n","protected":false},"excerpt":{"rendered":"<p>El departamento de Gesti\u00f3n Tributaria se encarga del control y aplicaci\u00f3n de las ordenanzas fiscales. Funciones Servicios Legislaci\u00f3n Funciones Entre sus funciones est\u00e1n la elaboraci\u00f3n y mantenimiento de los padrones fiscales, as\u00ed como el control, redacci\u00f3n y actualizaci\u00f3n de las ordenanzas fiscales. Por otra parte se encarga del control y redacci\u00f3n de liquidaciones tributarias, la &hellip; <\/p>\n<p class=\"link-more\"><a href=\"https:\/\/alzira.es\/es\/servicios-municipales\/economia-y-recaudacion\/gestion-tributaria-cas-no\/\" class=\"more-link\">Continuar leyendo<span class=\"screen-reader-text\"> \u00abGesti\u00f3n Tributaria-cas-no\u00bb<\/span><\/a><\/p>\n","protected":false},"author":12,"featured_media":0,"parent":84774,"menu_order":29,"comment_status":"closed","ping_status":"closed","template":"","meta":{"_acf_changed":false,"footnotes":""},"class_list":["post-8082","page","type-page","status-publish","hentry"],"acf":[],"_links":{"self":[{"href":"https:\/\/alzira.es\/es\/wp-json\/wp\/v2\/pages\/8082","targetHints":{"allow":["GET"]}}],"collection":[{"href":"https:\/\/alzira.es\/es\/wp-json\/wp\/v2\/pages"}],"about":[{"href":"https:\/\/alzira.es\/es\/wp-json\/wp\/v2\/types\/page"}],"author":[{"embeddable":true,"href":"https:\/\/alzira.es\/es\/wp-json\/wp\/v2\/users\/12"}],"replies":[{"embeddable":true,"href":"https:\/\/alzira.es\/es\/wp-json\/wp\/v2\/comments?post=8082"}],"version-history":[{"count":2,"href":"https:\/\/alzira.es\/es\/wp-json\/wp\/v2\/pages\/8082\/revisions"}],"predecessor-version":[{"id":110956,"href":"https:\/\/alzira.es\/es\/wp-json\/wp\/v2\/pages\/8082\/revisions\/110956"}],"up":[{"embeddable":true,"href":"https:\/\/alzira.es\/es\/wp-json\/wp\/v2\/pages\/84774"}],"wp:attachment":[{"href":"https:\/\/alzira.es\/es\/wp-json\/wp\/v2\/media?parent=8082"}],"curies":[{"name":"wp","href":"https:\/\/api.w.org\/{rel}","templated":true}]}}