{"id":8074,"date":"2014-06-26T12:32:27","date_gmt":"2014-06-26T10:32:27","guid":{"rendered":"https:\/\/alzira.es\/cuenta-general\/"},"modified":"2022-01-17T12:15:02","modified_gmt":"2022-01-17T11:15:02","slug":"cuenta-general-cas-no","status":"publish","type":"page","link":"https:\/\/alzira.es\/es\/servicios-municipales\/economia-y-recaudacion\/intervencion-cas-no\/cuenta-general-cas-no\/","title":{"rendered":"Cuenta general-cas-no"},"content":{"rendered":"<p style=\"text-align: justify;\"><span>El Ayuntamiento de Alzira, a la terminaci\u00f3n del ejercicio presupuestario, formar\u00e1 la cuenta general que pondr\u00e1 de manifiesto la gesti\u00f3n realizada en los aspectos econ\u00f3mico, financiero, patrimonial y presupuestario.<\/span><\/p>\n<div style=\"text-align: justify;\"><a href=\"#Contenido\"><strong>Contenido<\/strong><\/a><\/div>\n<div style=\"text-align: justify;\"><a href=\"#Rendicion\"><strong>Rendici\u00f3n<\/strong><\/a><\/div>\n<div style=\"text-align: justify;\"><a href=\"#Publicidad\"><strong>Publicidad<\/strong><\/a><\/div>\n<div style=\"text-align: justify;\"><strong><a href=\"#Aprobacion\">Aprobaci\u00f3n<\/a><\/strong><\/div>\n<div style=\"text-align: justify;\">&nbsp;<\/div>\n<hr>\n<p style=\"text-align: justify;\">&nbsp;<\/p>\n<p style=\"text-align: justify;\"><a name=\"Contenido\"><strong><span>Contenido <\/span><\/strong><\/a><\/p>\n<div style=\"text-align: justify;\"><span>La cuenta general estar\u00e1 integrada por:<\/span><\/div>\n<div style=\"text-align: justify;\"><span>a) La del Ayuntamiento de Alzira<\/span><\/div>\n<div style=\"text-align: justify;\"><span>c) Las de las sociedades mercantiles de capital \u00edntegramente municipal: Alzira R\u00e0dio, S.A. y Instalaciones Deportivas Alzira, S.A.<\/span><\/div>\n<p><span>Las cuentas reflejar\u00e1n la situaci\u00f3n econ\u00f3mico-financiera y patrimonial, los resultados econ\u00f3mico- patrimoniales y la ejecuci\u00f3n y liquidaci\u00f3n de los presupuestos.<\/span><\/p>\n<p style=\"text-align: justify;\"><span>El Ayuntamiento de Alzira unir\u00e1 a la cuenta general los estados integrados y consolidados de las distintas cuentas que determine el Pleno de la corporaci\u00f3n.<\/span><\/p>\n<p style=\"text-align: justify;\"><a name=\"Rendicion\"><strong><span>Rendici\u00f3n <\/span><\/strong><\/a><\/p>\n<p style=\"text-align: justify;\"><span>La alcaldesa rendir\u00e1, antes del d\u00eda 15 de mayo del ejercicio siguiente al que correspondan, los estados y cuentas del Ayuntamiento de Alzira. Las cuentas de las sociedades mercantiles Alzira R\u00e0dio, S.A. y Instalaciones Deportivas Alzira, S.A., rendidas y propuestas inicialmente por los \u00f3rganos competentes de estos, ser\u00e1n remitidas al Ayuntamiento de Alzira en el mismo plazo.<\/span><\/p>\n<p style=\"text-align: justify;\"><span>La cuenta general formada por la Intervenci\u00f3n ser\u00e1 sometida antes del d\u00eda 1 de junio a informe de la Comisi\u00f3n Especial de Cuentas, que estar\u00e1 constituida por miembros de los distintos grupos pol\u00edticos integrantes de la corporaci\u00f3n.<\/span><\/p>\n<p style=\"text-align: justify;\"><a name=\"Publicidad\"><strong><span>Publicidad<\/span><\/strong><\/a><\/p>\n<p style=\"text-align: justify;\"><span>La cuenta general, con el informe de la Comisi\u00f3n Especial a que se refiere el apartado anterior, ser\u00e1 expuesta al p\u00fablico por plazo de 15 d\u00edas, durante los cuales y ocho m\u00e1s las personas interesadas podr\u00e1n presentar reclamaciones, reparos u observaciones. Examinados \u00e9stos por la Comisi\u00f3n Especial y practicadas por esta cuantas comprobaciones estime necesarias, emitir\u00e1 nuevo informe.<\/span><\/p>\n<p style=\"text-align: justify;\"><a name=\"Aprobacion\"><strong><span>Aprobaci\u00f3n<\/span><\/strong><\/a><\/p>\n<p style=\"text-align: justify;\"><span>Acompa\u00f1ada de los informes de la Comisi\u00f3n Especial y de las reclamaciones y reparos formulados, la cuenta general se someter\u00e1 al Pleno de la corporaci\u00f3n, para que, en su caso, pueda ser aprobada antes del d\u00eda 1 de octubre.<\/span><\/p>\n<p style=\"text-align: justify;\"><span>El Ayuntamiento de Alzira rendir\u00e1 al Tribunal de Cuentas la cuenta general debidamente aprobada.<\/span><\/p>\n","protected":false},"excerpt":{"rendered":"<p>El Ayuntamiento de Alzira, a la terminaci\u00f3n del ejercicio presupuestario, formar\u00e1 la cuenta general que pondr\u00e1 de manifiesto la gesti\u00f3n realizada en los aspectos econ\u00f3mico, financiero, patrimonial y presupuestario. Contenido Rendici\u00f3n Publicidad Aprobaci\u00f3n &nbsp; &nbsp; Contenido La cuenta general estar\u00e1 integrada por: a) La del Ayuntamiento de Alzira c) Las de las sociedades mercantiles de &hellip; <\/p>\n<p class=\"link-more\"><a href=\"https:\/\/alzira.es\/es\/servicios-municipales\/economia-y-recaudacion\/intervencion-cas-no\/cuenta-general-cas-no\/\" class=\"more-link\">Continuar leyendo<span class=\"screen-reader-text\"> \u00abCuenta general-cas-no\u00bb<\/span><\/a><\/p>\n","protected":false},"author":12,"featured_media":0,"parent":2236,"menu_order":61,"comment_status":"closed","ping_status":"closed","template":"","meta":{"_acf_changed":false,"footnotes":""},"class_list":["post-8074","page","type-page","status-publish","hentry"],"acf":[],"_links":{"self":[{"href":"https:\/\/alzira.es\/es\/wp-json\/wp\/v2\/pages\/8074","targetHints":{"allow":["GET"]}}],"collection":[{"href":"https:\/\/alzira.es\/es\/wp-json\/wp\/v2\/pages"}],"about":[{"href":"https:\/\/alzira.es\/es\/wp-json\/wp\/v2\/types\/page"}],"author":[{"embeddable":true,"href":"https:\/\/alzira.es\/es\/wp-json\/wp\/v2\/users\/12"}],"replies":[{"embeddable":true,"href":"https:\/\/alzira.es\/es\/wp-json\/wp\/v2\/comments?post=8074"}],"version-history":[{"count":2,"href":"https:\/\/alzira.es\/es\/wp-json\/wp\/v2\/pages\/8074\/revisions"}],"predecessor-version":[{"id":111589,"href":"https:\/\/alzira.es\/es\/wp-json\/wp\/v2\/pages\/8074\/revisions\/111589"}],"up":[{"embeddable":true,"href":"https:\/\/alzira.es\/es\/wp-json\/wp\/v2\/pages\/2236"}],"wp:attachment":[{"href":"https:\/\/alzira.es\/es\/wp-json\/wp\/v2\/media?parent=8074"}],"curies":[{"name":"wp","href":"https:\/\/api.w.org\/{rel}","templated":true}]}}