{"id":7375,"date":"2014-05-23T09:57:46","date_gmt":"2014-05-23T07:57:46","guid":{"rendered":"https:\/\/alzira.es\/comunidades-religiosas\/"},"modified":"2021-09-01T07:59:38","modified_gmt":"2021-09-01T05:59:38","slug":"comunidades-religiosas","status":"publish","type":"page","link":"https:\/\/alzira.es\/es\/la-ciudad\/telefonos-de-interes\/comunidades-religiosas\/","title":{"rendered":"Comunidades Religiosas"},"content":{"rendered":"<p style=\"text-align: right;\">&nbsp;<a href=\"#INICIO\"><img decoding=\"async\" class=\"size-full wp-image-7371 lazyload\" data-src=\"https:\/\/alzira.es\/wp-content\/uploads\/2014\/05\/circuloFlechitaSubir1.gif\" alt=\"\u00cdndice directorio telef\u00f3nico\" width=\"25\" height=\"25\" src=\"data:image\/svg+xml;base64,PHN2ZyB3aWR0aD0iMSIgaGVpZ2h0PSIxIiB4bWxucz0iaHR0cDovL3d3dy53My5vcmcvMjAwMC9zdmciPjwvc3ZnPg==\" style=\"--smush-placeholder-width: 25px; --smush-placeholder-aspect-ratio: 25\/25;\"><\/a><\/p>\n<table style=\"width: 400px;\" border=\"1\" cellspacing=\"1\" cellpadding=\"1\" align=\"center\">\n<tbody>\n<tr>\n<td>\n<p style=\"text-align: center;\"><a name=\"COMUNIDADES\"><\/a>COMUNIDADES RELIGIOSAS<\/p>\n<\/td>\n<\/tr>\n<\/tbody>\n<\/table>\n<p style=\"text-align: left;\">&nbsp;<\/p>\n<table border=\"1\" cellspacing=\"1\" cellpadding=\"1\" align=\"center\">\n<tbody>\n<tr>\n<td>HERMANAS DE LA CARIDAD DE SAN VICENTE DE PA\u00daL (BENEFICENCIA)<br \/>\nC\/ P\u00e9rez Gald\u00f3s, 52<\/td>\n<td>96 241 21 31<\/td>\n<\/tr>\n<tr>\n<td>HERMANAS FRANCISCANAS DE LA INMACULADA (LA PUR\u00cdSIMA)<br \/>\nPartida de Tulell, s\/n<\/td>\n<td>96 241 12 39<\/td>\n<\/tr>\n<tr>\n<td>HOGAR DE ANCIANOS DESAMPARADOS SANTA TERESA JORNET<br \/>\nAv. Luis Su\u00f1er, 25<\/td>\n<td>96 240 42 78<\/td>\n<\/tr>\n<tr>\n<td>OBRERAS DE LA CRUZ DE LA SAGRADA FAMILIA<br \/>\nSagrada Familia, 38<\/td>\n<td>96 240 45 81<\/td>\n<\/tr>\n<tr>\n<td>PONTIFICIA ARCHICOFRAD\u00cdA DE LOS SANTOS PATRONOS<br \/>\nPl. Constituci\u00f3n, 12<\/td>\n<td>96 241 15 20<\/td>\n<\/tr>\n<tr>\n<td>REAL COFRAD\u00cdA DE LA VIRGEN DEL LLUCH<br \/>\nC\/ Alfarers, 6. Apdo. correos 6<\/td>\n<td>&nbsp;<\/td>\n<\/tr>\n<tr>\n<td>REAL COFRAD\u00cdA NTRA. SRA. DE LA MURTA<br \/>\nC\/ Hort dels frares, 54<\/td>\n<td>&nbsp;<\/td>\n<\/tr>\n<\/tbody>\n<\/table>\n<p style=\"text-align: left;\">&nbsp;<\/p>\n<p>&nbsp;<\/p>\n<p style=\"text-align: right;\">&nbsp;<\/p>\n","protected":false},"excerpt":{"rendered":"<p>&nbsp; COMUNIDADES RELIGIOSAS &nbsp; HERMANAS DE LA CARIDAD DE SAN VICENTE DE PA\u00daL (BENEFICENCIA) C\/ P\u00e9rez Gald\u00f3s, 52 96 241 21 31 HERMANAS FRANCISCANAS DE LA INMACULADA (LA PUR\u00cdSIMA) Partida de Tulell, s\/n 96 241 12 39 HOGAR DE ANCIANOS DESAMPARADOS SANTA TERESA JORNET Av. Luis Su\u00f1er, 25 96 240 42 78 OBRERAS DE LA &hellip; <\/p>\n<p class=\"link-more\"><a href=\"https:\/\/alzira.es\/es\/la-ciudad\/telefonos-de-interes\/comunidades-religiosas\/\" class=\"more-link\">Continuar leyendo<span class=\"screen-reader-text\"> \u00abComunidades Religiosas\u00bb<\/span><\/a><\/p>\n","protected":false},"author":12,"featured_media":7371,"parent":3617,"menu_order":0,"comment_status":"closed","ping_status":"closed","template":"","meta":{"_acf_changed":false,"footnotes":""},"class_list":["post-7375","page","type-page","status-publish","has-post-thumbnail","hentry"],"acf":[],"_links":{"self":[{"href":"https:\/\/alzira.es\/es\/wp-json\/wp\/v2\/pages\/7375","targetHints":{"allow":["GET"]}}],"collection":[{"href":"https:\/\/alzira.es\/es\/wp-json\/wp\/v2\/pages"}],"about":[{"href":"https:\/\/alzira.es\/es\/wp-json\/wp\/v2\/types\/page"}],"author":[{"embeddable":true,"href":"https:\/\/alzira.es\/es\/wp-json\/wp\/v2\/users\/12"}],"replies":[{"embeddable":true,"href":"https:\/\/alzira.es\/es\/wp-json\/wp\/v2\/comments?post=7375"}],"version-history":[{"count":2,"href":"https:\/\/alzira.es\/es\/wp-json\/wp\/v2\/pages\/7375\/revisions"}],"predecessor-version":[{"id":87680,"href":"https:\/\/alzira.es\/es\/wp-json\/wp\/v2\/pages\/7375\/revisions\/87680"}],"up":[{"embeddable":true,"href":"https:\/\/alzira.es\/es\/wp-json\/wp\/v2\/pages\/3617"}],"wp:featuredmedia":[{"embeddable":true,"href":"https:\/\/alzira.es\/es\/wp-json\/wp\/v2\/media\/7371"}],"wp:attachment":[{"href":"https:\/\/alzira.es\/es\/wp-json\/wp\/v2\/media?parent=7375"}],"curies":[{"name":"wp","href":"https:\/\/api.w.org\/{rel}","templated":true}]}}