{"id":7366,"date":"2014-02-28T09:14:44","date_gmt":"2014-02-28T08:14:44","guid":{"rendered":"https:\/\/alzira.es\/aviso-legal-condiciones-de-acceso-y-uso-del-portal-web-www-alzira-es\/"},"modified":"2021-07-28T14:59:00","modified_gmt":"2021-07-28T12:59:00","slug":"aviso-legal","status":"publish","type":"page","link":"https:\/\/alzira.es\/es\/aviso-legal\/","title":{"rendered":"Aviso Legal: Condiciones de acceso y uso"},"content":{"rendered":"<p style=\"text-align: justify;\">Todo acceso a este Sitio Web y el uso de la informaci\u00f3n contenida en el mismo, implica la aceptaci\u00f3n de las siguientes condiciones de uso:<\/p>\n<p style=\"text-align: justify;\">1. Utilizaci\u00f3n de la informaci\u00f3n contenida en el Sitio<\/p>\n<p style=\"text-align: justify;\">El Ayuntamiento de Alzira. a trav\u00e9s del dominio alzira.es. facilita la consulta libre y gratuita de informaci\u00f3n de inter\u00e9s general de la ciudad de Alzira y en particular informaci\u00f3n y gestiones propias de la administraci\u00f3n municipal.&nbsp; S\u00f3lo est\u00e1 autorizado el uso personal y no comercial. No se autoriza la copia, reproducci\u00f3n, transmisi\u00f3n, distribuci\u00f3n o modificaci\u00f3n del sitio o sus contenidos.<\/p>\n<p style=\"text-align: justify;\">La informaci\u00f3n proporcionada en este Sitio tiene car\u00e1cter meramente orientativo o informativo, es decir, carecen de validez jur\u00eddica y en ning\u00fan caso podr\u00e1 ser vinculante para la resoluci\u00f3n de los procedimientos administrativos, que se hallar\u00e1 sujeta exclusivamente a la normativa que les sea de aplicaci\u00f3n. Para fines jur\u00eddicos, deber\u00e1n consultarse los textos publicados en los Boletines y Diarios Oficiales o solicitarse al Ajuntament.<\/p>\n<p style=\"text-align: justify;\">El acceso al Sitio, as\u00ed como el uso que pueda hacerse de la informaci\u00f3n que contiene, son de la exclusiva responsabilidad del usuario. El Ajuntament de Alzira no se responsabilizar\u00e1 de ninguna consecuencia, da\u00f1o o perjuicio que pudieran derivarse de este acceso o uso de informaci\u00f3n, con excepci\u00f3n de todas aquellas actuaciones que resulten de la aplicaci\u00f3n de las disposiciones legales a las que deba someterse en el estricto ejercicio de sus competencias.<\/p>\n<p style=\"text-align: justify;\">2. Calidad de la informaci\u00f3n y contenidos<\/p>\n<p style=\"text-align: justify;\">El Ajuntament de Alzira no garantiza la exactitud, veracidad o integridad de los contenidos de este sitio Web, ni se responsabiliza del acceso o uso de los mismos. Sin embargo, desarrollar\u00e1 los esfuerzos precisos para evitar errores y, en su caso, corregirlos o actualizarlos lo antes posible, no pudiendo garantizar su inexistencia ni que el contenido de la informaci\u00f3n se encuentre permanentemente actualizado.<\/p>\n<p style=\"text-align: justify;\">El Ajuntament de Alzira podr\u00e1 efectuar, en cualquier momento y sin necesidad de previo aviso, modificaciones y actualizaciones sobre la informaci\u00f3n contenida en su Sitio Web o en su configuraci\u00f3n o presentaci\u00f3n.<\/p>\n<p style=\"text-align: justify;\">Los listados que se puedan publicar en este Sitio Web y que contengan datos de car\u00e1cter personal se ajustan a la legislaci\u00f3n actual de protecci\u00f3n de datos. Estos listados no constituyen fuente de acceso p\u00fablico y no podr\u00e1n ser reproducidos ni en todo ni en parte, ni transmitidos ni registrados por ning\u00fan sistema de recuperaci\u00f3n de informaci\u00f3n, sin el consentimiento de los propios afectados.<\/p>\n<p style=\"text-align: justify;\">3. Disponibilidad de la informaci\u00f3n<\/p>\n<p style=\"text-align: justify;\">El Ajuntament de Alzira no puede garantizar plenamente el funcionamiento de la red de comunicaciones y por tanto no asume responsabilidad alguna sobre la disponibilidad de su servidor. El servidor podr\u00e1 ser desconectado sin previo aviso. Se har\u00e1n todos los esfuerzos para que el impacto por tareas de mantenimiento sea el m\u00ednimo posible. El Ajuntament de Alzira no se responsabiliza de ning\u00fan da\u00f1o o perjuicio sufrido por el usuario que se derive del acceso a este Sitio Web o del uso de informaci\u00f3n o aplicaciones en \u00e9l contenidos.<\/p>\n<p style=\"text-align: justify;\">4. Pol\u00edtica de privacidad<\/p>\n<p style=\"text-align: justify;\">La privacidad de este Sitio Web se basa en:<\/p>\n<p style=\"text-align: justify;\">\u2022 Se solicitar\u00e1n exclusivamente los datos imprescindibles para poder proporcionarle los servicios del Sitio Web.<\/p>\n<p style=\"text-align: justify;\">\u2022 Autom\u00e1ticamente se obtendr\u00e1 exclusivamente informaci\u00f3n t\u00e9cnica, y ser\u00e1 la m\u00ednima imprescindible para darle un buen servicio. Al visitar este sitio Web, su navegador puede almacenar informaci\u00f3n t\u00e9cnica en su ordenador: el uso de cookies no proporciona ninguna informaci\u00f3n personal, ni informaci\u00f3n sobre su ordenador, s\u00f3lo est\u00e1n destinadas a ayudarle a ahorrar tiempo cuando vuelva a visitarnos, a seleccionar la hoja de estilo m\u00e1s adecuada y a que la visualizaci\u00f3n del Sitio Web sea correcta, as\u00ed como el idioma y el juego de caracteres de su navegador con el mismo motivo (por ejemplo, para que se vean bien los acentos). Tambi\u00e9n podr\u00e1 ayudarnos en la mejora del dise\u00f1o de nuestro Sitio Web y a la obtenci\u00f3n de estad\u00edsticas (en concreto, conocer el n\u00famero de \u201cvisitantes \u00fanicos\u201d que tiene nuestra web).<\/p>\n<p style=\"text-align: justify;\">\u2022 Los datos de car\u00e1cter personal que nos facilite se tratar\u00e1n de acuerdo a lo establecido por la Ley Org\u00e1nica 15\/1999, de Protecci\u00f3n de Datos de Car\u00e1cter Personal y dem\u00e1s normativa de aplicaci\u00f3n. Se incluir\u00e1n en ficheros titularidad del Ajuntament de Alzira que se utilizar\u00e1n para los propios fines municipales y los espec\u00edficos de su solicitud. Dichos datos no se ceder\u00e1n a ning\u00fan tercero, excepto por obligaciones legales y a otras Administraciones P\u00fablicas que sean las destinatarias del tratamiento. Sus derechos de acceso, rectificaci\u00f3n, cancelaci\u00f3n y oposici\u00f3n podr\u00e1 ejercerlos contactando con nosotros a trav\u00e9s de correo electr\u00f3nico en la direcci\u00f3n <a href=\"mailto:ajuntament@alzira.es\">ajuntament@alzira.es<\/a>, mediante fax al n\u00famero 96 240 1391, o mediante correo ordinario o person\u00e1ndose en el Ajuntament de Alzira, C\/ Sant Roc, 6 &#8211; 46600 Alzira. Dependiendo del tipo de derecho que nos solicite le podremos requerir que aporte una fotocopia de su Documento Nacional de Identidad o equivalente.<\/p>\n<p style=\"text-align: justify;\">5. Propiedad intelectual e industrial<\/p>\n<p style=\"text-align: justify;\">Los derechos de propiedad intelectual e industrial de este Sitio de Internet, su dise\u00f1o gr\u00e1fico, los c\u00f3digos que contiene, las marcas o signos distintivos de cualquier clase y todos sus contenidos, incluyendo los textos, im\u00e1genes, audio y cualesquiera otros materiales, son propiedad del Ajuntament de Alzira o de terceros que hayan autorizado el uso de dichos contenidos al Ajuntament de Alzira, a no ser que se indique expresamente su libre disponibilidad.<\/p>\n<p style=\"text-align: justify;\">La reproducci\u00f3n, distribuci\u00f3n, comercializaci\u00f3n o transformaci\u00f3n no autorizadas de estas obras constituye una infracci\u00f3n de los derechos de propiedad intelectual del Ajuntament de Alzira o de aqu\u00e9l que sea titular.<\/p>\n<p style=\"text-align: justify;\">La utilizaci\u00f3n no autorizada de la informaci\u00f3n contenida en este Sitio, as\u00ed como los perjuicios que pudieran ocasionarse en los derechos de propiedad intelectual e industrial del Ajuntament de Alzira pueden dar lugar al ejercicio de las acciones que legalmente correspondan y, si procede, a las responsabilidades que de dicho ejercicio se deriven.<\/p>\n<p style=\"text-align: justify;\">6. Establecimientos de hiperenlaces<\/p>\n<p style=\"text-align: justify;\">Hiperenlaces del Sitio a otras p\u00e1ginas web: en este Sitio&nbsp; Web se han incluido enlaces a p\u00e1ginas de Internet de terceros (\u201clinks\u201d), que se han considerado de inter\u00e9s para los usuarios. No obstante, el Ajuntament de Alzira no asume ninguna responsabilidad derivada de la conexi\u00f3n o contenidos de los enlaces de terceros a los que se hace referencia en el Sitio.<\/p>\n<p style=\"text-align: justify;\">Hiperenlaces desde otras p\u00e1ginas de Internet al Sitio: los usuarios que se propongan establecer un hiperenlace entre su p\u00e1gina web y la del Ajuntament de Alzira deber\u00e1n tener en cuenta lo siguiente:<\/p>\n<p style=\"text-align: justify;\">1. El establecimiento del hiperenlace no implica en ning\u00fan caso la existencia de relaciones entre el Ajuntament de Alzira y el propietario de la p\u00e1gina web en la que se establezca, ni la aceptaci\u00f3n y aprobaci\u00f3n por parte del Ajuntament de Alzira de sus contenidos o servicios. Por tanto, no se declarar\u00e1 ni se dar\u00e1 a entender que el Ajuntament de Alzira ha autorizado expresamente el hiperenlace ni que ha supervisado o asumido de cualquier forma los servicios ofrecidos o puestos a disposici\u00f3n en la p\u00e1gina web desde la que se establece el hiperenlace.<\/p>\n<p style=\"text-align: justify;\">2. El Ajuntament de Alzira no se responsabiliza en modo alguno ni garantiza la calidad, exactitud, fiabilidad, correcci\u00f3n o moralidad de contenidos o servicios que el establecimiento del hiperenlace pueda ofrecer. El usuario asume bajo su exclusiva responsabilidad las consecuencias, da\u00f1os o acciones que pudieran derivarse del acceso a la p\u00e1gina web del hiperenlace.<\/p>\n<p style=\"text-align: justify;\">3. La p\u00e1gina web en la que se establezca el hiperenlace no podr\u00e1 contener ninguna&nbsp; marca, denominaci\u00f3n, logotipo, eslogan u otros signos distintivos pertenecientes al Ajuntament de Alzira, excepto aquellos signos que formen parte del mismo hiperenlace.<\/p>\n","protected":false},"excerpt":{"rendered":"<p>Todo acceso a este Sitio Web y el uso de la informaci\u00f3n contenida en el mismo, implica la aceptaci\u00f3n de las siguientes condiciones de uso: 1. Utilizaci\u00f3n de la informaci\u00f3n contenida en el Sitio El Ayuntamiento de Alzira. a trav\u00e9s del dominio alzira.es. facilita la consulta libre y gratuita de informaci\u00f3n de inter\u00e9s general de &hellip; <\/p>\n<p class=\"link-more\"><a href=\"https:\/\/alzira.es\/es\/aviso-legal\/\" class=\"more-link\">Continuar leyendo<span class=\"screen-reader-text\"> \u00abAviso Legal: Condiciones de acceso y uso\u00bb<\/span><\/a><\/p>\n","protected":false},"author":12,"featured_media":0,"parent":0,"menu_order":83,"comment_status":"closed","ping_status":"closed","template":"","meta":{"_acf_changed":false,"footnotes":""},"class_list":["post-7366","page","type-page","status-publish","hentry"],"acf":[],"_links":{"self":[{"href":"https:\/\/alzira.es\/es\/wp-json\/wp\/v2\/pages\/7366","targetHints":{"allow":["GET"]}}],"collection":[{"href":"https:\/\/alzira.es\/es\/wp-json\/wp\/v2\/pages"}],"about":[{"href":"https:\/\/alzira.es\/es\/wp-json\/wp\/v2\/types\/page"}],"author":[{"embeddable":true,"href":"https:\/\/alzira.es\/es\/wp-json\/wp\/v2\/users\/12"}],"replies":[{"embeddable":true,"href":"https:\/\/alzira.es\/es\/wp-json\/wp\/v2\/comments?post=7366"}],"version-history":[{"count":1,"href":"https:\/\/alzira.es\/es\/wp-json\/wp\/v2\/pages\/7366\/revisions"}],"predecessor-version":[{"id":84281,"href":"https:\/\/alzira.es\/es\/wp-json\/wp\/v2\/pages\/7366\/revisions\/84281"}],"wp:attachment":[{"href":"https:\/\/alzira.es\/es\/wp-json\/wp\/v2\/media?parent=7366"}],"curies":[{"name":"wp","href":"https:\/\/api.w.org\/{rel}","templated":true}]}}