{"id":7358,"date":"2014-02-13T15:07:12","date_gmt":"2014-02-13T14:07:12","guid":{"rendered":"https:\/\/alzira.es\/tramites-y-procedimientos\/"},"modified":"2022-01-18T20:42:04","modified_gmt":"2022-01-18T19:42:04","slug":"tramites-y-procedimientos-cas-no","status":"publish","type":"page","link":"https:\/\/alzira.es\/es\/servicios-municipales\/servicios-sociales\/tramites-y-procedimientos-cas-no\/","title":{"rendered":"Tr\u00e1mites y Procedimientos-cas-no"},"content":{"rendered":"\n<h4 class=\"wp-block-heading\">DIVERSIDAD FUNCIONAL<\/h4>\n\n\n\n<hr class=\"wp-block-separator\"\/>\n\n\n\n<ul class=\"wp-block-list\"><li><a href=\"https:\/\/alzira.es\/wp-content\/uploads\/2014\/02\/dependencia.pdf\" target=\"_blank\" rel=\"noreferrer noopener\">Solicitud de reconocimiento de la situaci\u00f3n de dependencia.<\/a><\/li><li><a href=\"http:\/\/www.gva.es\/downloads\/publicados\/IN\/22021_BI.pdf\" target=\"_blank\" rel=\"noreferrer noopener\">Solicitud para la valoraci\u00f3n del grado de diversidad funcional.<\/a><\/li><li><a href=\"https:\/\/alzira.es\/wp-content\/uploads\/2012\/06\/SOC_I_018_C_Solicitud_permiso_estacionamiento_movilidad_reducida.pdf\" target=\"_blank\" rel=\"noopener\">Permiso estacionamiento para personas con movilidad reducida.<\/a><\/li><li><a href=\"http:\/\/www.imserso.es\/InterPresent1\/groups\/imserso\/documents\/binario\/pncinv.pdf\" target=\"_blank\" rel=\"noreferrer noopener\">Pensi\u00f3n no contributiva de invalidez.<\/a><\/li><li><a href=\"http:\/\/www.gva.es\/downloads\/publicados\/IN\/22299.pdf\" target=\"_blank\" rel=\"noreferrer noopener\">Tarjeta acreditativa de la condici\u00f3n de diversidad funcional.<\/a><\/li><\/ul>\n\n\n\n<div style=\"height:45px\" aria-hidden=\"true\" class=\"wp-block-spacer\"><\/div>\n\n\n\n<h4 class=\"wp-block-heading\">PERSONAS MAYORES<\/h4>\n\n\n\n<hr class=\"wp-block-separator\"\/>\n\n\n\n<ul class=\"wp-block-list\"><li><a href=\"https:\/\/alzira.es\/wp-content\/uploads\/2014\/02\/formulario_sollicitud_residencia_per_a_web.pdf\" target=\"_blank\" rel=\"noreferrer noopener\">Solicitud centro residencial municipal para personas mayores.<\/a><\/li><li><a href=\"https:\/\/alzira.es\/wp-content\/uploads\/2014\/02\/formulario_solicitud_ctro_da.pdf\" target=\"_blank\" rel=\"noreferrer noopener\">Solicitud centro de d\u00eda municipal para personas mayores.<\/a><\/li><li><a href=\"http:\/\/www.imserso.es\/InterPresent1\/groups\/imserso\/documents\/binario\/pncjub.pdf\" target=\"_blank\" rel=\"noreferrer noopener\">Pensi\u00f3n no contributiva de jubilaci\u00f3n.<\/a><\/li><li><a href=\"http:\/\/www.gva.es\/downloads\/publicados\/IN\/22033_BI.pdf\" target=\"_blank\" rel=\"noreferrer noopener\">Termalismo social.<\/a>&nbsp;<\/li><li><a href=\"https:\/\/alzira.es\/wp-content\/uploads\/2014\/02\/soc_i_013_c_solicitud_del_servicio_menjar_a_casa.pdf\" target=\"_blank\" rel=\"noopener\">Menjar a casa.<\/a><\/li><li>&nbsp;<a href=\"https:\/\/alzira.es\/wp-content\/uploads\/2014\/02\/soc_i_003_c_solicitud_del_servicio_major_a_casa.pdf\" target=\"_blank\" rel=\"noopener\">Major a casa.<\/a><\/li><li>&nbsp;<a href=\"http:\/\/www.bsocial.gva.es\/web\/mayores\" target=\"_blank\" rel=\"noopener\">Tel\u00e9fono del mayor.<\/a><\/li><\/ul>\n\n\n\n<div style=\"height:45px\" aria-hidden=\"true\" class=\"wp-block-spacer\"><\/div>\n\n\n\n<h4 class=\"wp-block-heading\">FAMILIA<\/h4>\n\n\n\n<hr class=\"wp-block-separator\"\/>\n\n\n\n<ul class=\"wp-block-list\"><li><a href=\"http:\/\/www.gva.es\/downloads\/publicados\/IN\/22011_BI.pdf\" target=\"_blank\" rel=\"noreferrer noopener\">Solicitud t\u00edtulo familia numerosa.<\/a><\/li><li>&nbsp;<a href=\"http:\/\/www.gva.es\/downloads\/publicados\/IN\/22176_BI.pdf\" target=\"_blank\" rel=\"noreferrer noopener\">Solicitud de duplicado de t\u00edtulo de familia numerosa.<\/a><\/li><\/ul>\n\n\n\n<div style=\"height:45px\" aria-hidden=\"true\" class=\"wp-block-spacer\"><\/div>\n\n\n\n<h4 class=\"wp-block-heading\">MENOR<\/h4>\n\n\n\n<hr class=\"wp-block-separator\"\/>\n\n\n\n<ul class=\"wp-block-list\"><li><a href=\"https:\/\/alzira.es\/wp-content\/uploads\/2014\/02\/gua_breve_de_deteccin_y_actuacin_en_situaciones_de_desproteccin_y_o_maltrato_infantil_desde_el_mbito_policial_1.pdf\" target=\"_blank\" rel=\"noopener\">Gu\u00eda breve de detecci\u00f3n y actuaci\u00f3n en situaciones de desprotecci\u00f3n y\/o maltrato infantil en el \u00e1mbito policial.<\/a><\/li><li><a href=\"https:\/\/alzira.es\/wp-content\/uploads\/2014\/02\/gua_breve_de_deteccin_y_actuacin_en_situaciones_de_desproteccin_y_o_maltrato_infantil_desde_el_mbito_educativo.pdf\" target=\"_blank\" rel=\"noopener\">Gu\u00eda breve de detecci\u00f3n y actuaci\u00f3n en situaciones de desprotecci\u00f3n y\/o maltrato infantil en el \u00e1mbito educativo.<\/a><\/li><li><span style=\"line-height: normal; text-align: justify;\"><span style=\"line-height: normal; text-align: justify;\"><a href=\"https:\/\/alzira.es\/wp-content\/uploads\/2014\/02\/gua_breve_de_deteccin_y_actuacin_en_situaciones_de_desproteccin_y_o_maltrato_infantil_desde_el_mbito_sanitario.pdf\" target=\"_blank\" rel=\"noopener\">Gu\u00eda breve de detecci\u00f3n y actuaci\u00f3n en situaciones de desprotecci\u00f3n y\/o maltrato infantil en el \u00e1mbito sanitario.<\/a> <\/span><\/span><\/li><\/ul>\n\n\n\n<p>&nbsp;<\/p>\n\n\n\n<p>Notificaci\u00f3n situaciones de desprotecci\u00f3n infantil:<\/p>\n\n\n\n<ul class=\"wp-block-list\"><li><a href=\"https:\/\/alzira.es\/wp-content\/uploads\/2010\/07\/hoja_de_notificacin_desde_el_mbito_policial-_rellenable.pdf\" target=\"_blank\" rel=\"noopener\">Desde el \u00e1mbito policial<\/a>.<\/li><li style=\"text-align: justify;\"><a href=\"https:\/\/alzira.es\/wp-content\/uploads\/2010\/07\/hoja_de_notificacin_desde_el_mbito_educativo_-_rellenable.pdf\" target=\"_blank\" rel=\"noopener\">Desde el \u00e1mbito&nbsp;educativo<\/a>.<\/li><li style=\"text-align: justify;\"><a style=\"font-family: verdana, geneva; font-size: 12pt;\" href=\"https:\/\/alzira.es\/wp-content\/uploads\/2010\/07\/hoja_de_notificacin_desde_el_mbito_sanitario-_rellenable.pdf\" target=\"_blank\" rel=\"noopener\">Desde el \u00e1mbito sanitario.<\/a><\/li><\/ul>\n\n\n\n<p><\/p>\n\n\n\n<p><a href=\"https:\/\/inclusio.gva.es\/es\/web\/menor\/telefono-atencion_infancia\" target=\"_blank\" rel=\"noreferrer noopener\">Tel\u00e9fono del menor.<\/a><\/p>\n","protected":false},"excerpt":{"rendered":"<p>DIVERSIDAD FUNCIONAL Solicitud de reconocimiento de la situaci\u00f3n de dependencia. Solicitud para la valoraci\u00f3n del grado de diversidad funcional. Permiso estacionamiento para personas con movilidad reducida. Pensi\u00f3n no contributiva de invalidez. Tarjeta acreditativa de la condici\u00f3n de diversidad funcional. PERSONAS MAYORES Solicitud centro residencial municipal para personas mayores. Solicitud centro de d\u00eda municipal para personas &hellip; <\/p>\n<p class=\"link-more\"><a href=\"https:\/\/alzira.es\/es\/servicios-municipales\/servicios-sociales\/tramites-y-procedimientos-cas-no\/\" class=\"more-link\">Continuar leyendo<span class=\"screen-reader-text\"> \u00abTr\u00e1mites y Procedimientos-cas-no\u00bb<\/span><\/a><\/p>\n","protected":false},"author":12,"featured_media":0,"parent":6448,"menu_order":2,"comment_status":"closed","ping_status":"closed","template":"","meta":{"_acf_changed":false,"footnotes":""},"class_list":["post-7358","page","type-page","status-publish","hentry"],"acf":[],"_links":{"self":[{"href":"https:\/\/alzira.es\/es\/wp-json\/wp\/v2\/pages\/7358","targetHints":{"allow":["GET"]}}],"collection":[{"href":"https:\/\/alzira.es\/es\/wp-json\/wp\/v2\/pages"}],"about":[{"href":"https:\/\/alzira.es\/es\/wp-json\/wp\/v2\/types\/page"}],"author":[{"embeddable":true,"href":"https:\/\/alzira.es\/es\/wp-json\/wp\/v2\/users\/12"}],"replies":[{"embeddable":true,"href":"https:\/\/alzira.es\/es\/wp-json\/wp\/v2\/comments?post=7358"}],"version-history":[{"count":2,"href":"https:\/\/alzira.es\/es\/wp-json\/wp\/v2\/pages\/7358\/revisions"}],"predecessor-version":[{"id":112090,"href":"https:\/\/alzira.es\/es\/wp-json\/wp\/v2\/pages\/7358\/revisions\/112090"}],"up":[{"embeddable":true,"href":"https:\/\/alzira.es\/es\/wp-json\/wp\/v2\/pages\/6448"}],"wp:attachment":[{"href":"https:\/\/alzira.es\/es\/wp-json\/wp\/v2\/media?parent=7358"}],"curies":[{"name":"wp","href":"https:\/\/api.w.org\/{rel}","templated":true}]}}