{"id":7268,"date":"2013-08-26T15:26:16","date_gmt":"2013-08-26T13:26:16","guid":{"rendered":"https:\/\/alzira.es\/reserva-de-libros\/"},"modified":"2021-07-27T18:31:09","modified_gmt":"2021-07-27T16:31:09","slug":"reserva-de-libros","status":"publish","type":"page","link":"https:\/\/alzira.es\/es\/servicios-municipales\/biblioteca\/reserva-de-libros\/","title":{"rendered":"Reserva de Libros"},"content":{"rendered":"<p style=\"font-size: 14.3999996185303px; line-height: 23.0399990081787px;\">\u00a0<strong style=\"font-size: 14.3999996185303px; line-height: 23.0399990081787px;\"><span style=\"font-size: 14pt;\">Reserva de libros<\/span><\/strong><\/p>\n<p><strong>-&gt;<\/strong> Solo se reservar\u00e1n libros prestados, nunca libros que est\u00e9n en la sala.<br \/>\n<strong style=\"line-height: 28.7999992370605px;\">-&gt;\u00a0<\/strong>Para reservar libros se requerir\u00e1 el carn\u00e9 de usuario\/a al corriente de tasas y libre de sanciones.<br \/>\n<strong style=\"line-height: 28.7999992370605px;\">-&gt;\u00a0<\/strong>Las reservas, pueden realizarse desde la biblioteca, por tel\u00e9fono o v\u00eda Internet\u00a0<a href=\"https:\/\/xlpv.gva.es\/absysnetopac\">http:\/\/xlpv.cult.gva.es\/abysnetopac\/ <\/a>solicitando a la biblioteca el n\u00famero de usuario\/a y el c\u00f3digo.<br \/>\n<strong style=\"line-height: 28.7999992370605px;\">-&gt;\u00a0<\/strong>No se podr\u00e1 reservar libros a m\u00e1s de un miembro de la unidad familiar, en la misma fecha.<\/p>\n<ul>\n<li style=\"list-style-type: none;\">\n<ul>\n<li style=\"list-style-type: none;\"><\/li>\n<li style=\"margin-left: 15px; padding-left: 0px;\"><span style=\"font-size: 10pt;\">LA UTILIZACI\u00d3N\u00a0DE\u00a0LAS INSTALACIONES DE\u00a0LA BIBLIOTECA\u00a0OBLIGA\u00a0A GUARDAR NORMAS B\u00c1SICAS DE HIGIENE, CORRECCI\u00d3N EN EL USO DE LAS INSTALACIONES Y RESPETO AL RESTO DE USUARIOS\/AS.<\/span><\/li>\n<li style=\"margin-left: 15px; padding-left: 0px;\"><span style=\"font-size: 10pt;\">EL PERSONAL DE\u00a0LA BIBLIOTECA\u00a0NO\u00a0ES RESPONSABLE DE LOS\/LAS MENORES.<\/span><\/li>\n<li style=\"margin-left: 15px; padding-left: 0px;\"><span style=\"font-size: 10pt;\">LOS\/LAS MENORES DE 9 A\u00d1OS DEBER\u00c1N IR ACOMPA\u00d1ADOS DE UNA\/A ADULTO\/A.<\/span><\/li>\n<\/ul>\n<\/li>\n<\/ul>\n","protected":false},"excerpt":{"rendered":"<p>\u00a0Reserva de libros -&gt; Solo se reservar\u00e1n libros prestados, nunca libros que est\u00e9n en la sala. -&gt;\u00a0Para reservar libros se requerir\u00e1 el carn\u00e9 de usuario\/a al corriente de tasas y libre de sanciones. -&gt;\u00a0Las reservas, pueden realizarse desde la biblioteca, por tel\u00e9fono o v\u00eda Internet\u00a0http:\/\/xlpv.cult.gva.es\/abysnetopac\/ solicitando a la biblioteca el n\u00famero de usuario\/a y el &hellip; <\/p>\n<p class=\"link-more\"><a href=\"https:\/\/alzira.es\/es\/servicios-municipales\/biblioteca\/reserva-de-libros\/\" class=\"more-link\">Continuar leyendo<span class=\"screen-reader-text\"> \u00abReserva de Libros\u00bb<\/span><\/a><\/p>\n","protected":false},"author":12,"featured_media":0,"parent":48857,"menu_order":15,"comment_status":"closed","ping_status":"closed","template":"","meta":{"_acf_changed":false,"footnotes":""},"class_list":["post-7268","page","type-page","status-publish","hentry"],"acf":[],"_links":{"self":[{"href":"https:\/\/alzira.es\/es\/wp-json\/wp\/v2\/pages\/7268","targetHints":{"allow":["GET"]}}],"collection":[{"href":"https:\/\/alzira.es\/es\/wp-json\/wp\/v2\/pages"}],"about":[{"href":"https:\/\/alzira.es\/es\/wp-json\/wp\/v2\/types\/page"}],"author":[{"embeddable":true,"href":"https:\/\/alzira.es\/es\/wp-json\/wp\/v2\/users\/12"}],"replies":[{"embeddable":true,"href":"https:\/\/alzira.es\/es\/wp-json\/wp\/v2\/comments?post=7268"}],"version-history":[{"count":2,"href":"https:\/\/alzira.es\/es\/wp-json\/wp\/v2\/pages\/7268\/revisions"}],"predecessor-version":[{"id":84161,"href":"https:\/\/alzira.es\/es\/wp-json\/wp\/v2\/pages\/7268\/revisions\/84161"}],"up":[{"embeddable":true,"href":"https:\/\/alzira.es\/es\/wp-json\/wp\/v2\/pages\/48857"}],"wp:attachment":[{"href":"https:\/\/alzira.es\/es\/wp-json\/wp\/v2\/media?parent=7268"}],"curies":[{"name":"wp","href":"https:\/\/api.w.org\/{rel}","templated":true}]}}