{"id":7260,"date":"2013-08-26T15:16:06","date_gmt":"2013-08-26T13:16:06","guid":{"rendered":"https:\/\/alzira.es\/contacte\/"},"modified":"2021-07-27T19:11:43","modified_gmt":"2021-07-27T17:11:43","slug":"contacte","status":"publish","type":"page","link":"https:\/\/alzira.es\/es\/servicios-municipales\/biblioteca\/contacte\/","title":{"rendered":"Contacto Biblioteca"},"content":{"rendered":"<table style=\"margin-left: auto; margin-right: auto;\" border=\"0\">\n<tbody>\n<tr>\n<td colspan=\"2\"><strong style=\"color: #000000; font-size: 14.3999996185303px; line-height: 23.0399990081787px;\"><span style=\"font-size: 14pt;\">Localizaci\u00f3n:<\/span><\/strong><strong style=\"color: #000000; font-size: 14.3999996185303px; line-height: 23.0399990081787px;\"><span style=\"font-size: 14pt;\"><br \/>\n<\/span><\/strong><\/td>\n<td style=\"width: 20px;\"><\/td>\n<td colspan=\"2\"><strong style=\"color: #000000; font-size: 14.3999996185303px; line-height: 23.0399990081787px; text-align: justify;\"><span style=\"font-size: 14pt;\">Tel\u00e9fono:<\/span><\/strong><strong style=\"color: #000000; font-size: 14.3999996185303px; line-height: 23.0399990081787px; text-align: justify;\"><span style=\"font-size: 14pt;\"><br \/>\n<\/span><\/strong><\/td>\n<td style=\"width: 20px;\"><\/td>\n<td style=\"width: 300px;\" colspan=\"2\"><strong style=\"color: #000000; font-size: 14.3999996185303px; line-height: 1.6; text-align: justify;\"><strong style=\"font-size: 14.3999996185303px; line-height: 23.0399990081787px;\"><span style=\"font-size: 14pt;\">Correo electr\u00f3nico:<\/span><\/strong><\/strong><strong style=\"color: #000000; font-size: 14.3999996185303px; line-height: 1.6; text-align: justify;\"><strong style=\"font-size: 14.3999996185303px; line-height: 23.0399990081787px;\"><span style=\"font-size: 14pt;\"><br \/>\n<\/span><\/strong><\/strong><\/td>\n<\/tr>\n<tr>\n<td style=\"width: 30px;\"><\/td>\n<td><span style=\"color: #000000; font-size: 14.3999996185303px; line-height: 23.0399990081787px; text-align: justify;\">Pla\u00e7a de les Lletres Valencianes, 5<\/span><\/td>\n<td><\/td>\n<td style=\"width: 30px;\"><\/td>\n<td><span style=\"color: #000000; font-size: 14.3999996185303px; line-height: 23.0399990081787px; text-align: justify;\">962012981<\/span><\/td>\n<td><\/td>\n<td style=\"width: 30px;\"><\/td>\n<td><a style=\"font-size: 14.3999996185303px; line-height: 23.0399990081787px; text-align: justify;\" href=\"mailto:biblioteca@alzira.es\">biblioteca@alzira.es<\/a><\/td>\n<\/tr>\n<\/tbody>\n<\/table>\n<p class=\"MsoNormal\" style=\"text-align: center;\">\n","protected":false},"excerpt":{"rendered":"<p>Localizaci\u00f3n: Tel\u00e9fono: Correo electr\u00f3nico: Pla\u00e7a de les Lletres Valencianes, 5 962012981 biblioteca@alzira.es<\/p>\n","protected":false},"author":12,"featured_media":0,"parent":48857,"menu_order":12,"comment_status":"closed","ping_status":"closed","template":"","meta":{"_acf_changed":false,"footnotes":""},"class_list":["post-7260","page","type-page","status-publish","hentry"],"acf":[],"_links":{"self":[{"href":"https:\/\/alzira.es\/es\/wp-json\/wp\/v2\/pages\/7260","targetHints":{"allow":["GET"]}}],"collection":[{"href":"https:\/\/alzira.es\/es\/wp-json\/wp\/v2\/pages"}],"about":[{"href":"https:\/\/alzira.es\/es\/wp-json\/wp\/v2\/types\/page"}],"author":[{"embeddable":true,"href":"https:\/\/alzira.es\/es\/wp-json\/wp\/v2\/users\/12"}],"replies":[{"embeddable":true,"href":"https:\/\/alzira.es\/es\/wp-json\/wp\/v2\/comments?post=7260"}],"version-history":[{"count":1,"href":"https:\/\/alzira.es\/es\/wp-json\/wp\/v2\/pages\/7260\/revisions"}],"predecessor-version":[{"id":84178,"href":"https:\/\/alzira.es\/es\/wp-json\/wp\/v2\/pages\/7260\/revisions\/84178"}],"up":[{"embeddable":true,"href":"https:\/\/alzira.es\/es\/wp-json\/wp\/v2\/pages\/48857"}],"wp:attachment":[{"href":"https:\/\/alzira.es\/es\/wp-json\/wp\/v2\/media?parent=7260"}],"curies":[{"name":"wp","href":"https:\/\/api.w.org\/{rel}","templated":true}]}}