{"id":714,"date":"2011-06-20T13:32:14","date_gmt":"2011-06-20T11:32:14","guid":{"rendered":"https:\/\/alzira.es\/planeamiento\/"},"modified":"2024-07-31T12:38:52","modified_gmt":"2024-07-31T10:38:52","slug":"planeamiento","status":"publish","type":"page","link":"https:\/\/alzira.es\/es\/servicios-municipales\/urbanismo-e-infraestructuras\/planeamiento\/","title":{"rendered":"Planeamiento"},"content":{"rendered":"<figure><img fetchpriority=\"high\" decoding=\"async\" src=\"https:\/\/alzira.es\/wp-content\/uploads\/2011\/06\/Planeamiento-1345x1072.jpg\" alt=\"\" width=\"350\" height=\"279\" \/><\/figure>\n<p>La planificaci\u00f3n urban\u00edstica del territorio se lleva a cabo mediante el planeamiento urban\u00edstico general, que en Alzira est\u00e1 constituido por el Plan general de ordenaci\u00f3n urbana de 2002 y por modificaciones puntuales del mismo, en aquellos \u00e1mbitos en los que el trascurso del tiempo ha requerido una nueva y actual planificaci\u00f3n adecuada a las necesidades de la sociedad.<br \/>Tambi\u00e9n consta en los planes parciales y de reforma interior que lo desarrollan pormenorizadamente.<\/p>\n<p>\u00a0<\/p>\n<ul>\n<li><a href=\"https:\/\/alzira.es\/es\/servicios-municipales\/urbanismo-e-infraestructuras\/planeamiento\/plan-general\/\">PLAN GENERAL<\/a><\/li>\n<li><a href=\"https:\/\/alzira.es\/es\/servicios-municipales\/urbanismo-e-infraestructuras\/planeamiento\/modificacion-puntual-plan-general\/\">MODIFICACIONES PUNTUALES PLAN GENERAL<\/a><\/li>\n<li><a href=\"https:\/\/alzira.es\/es\/servicios-municipales\/urbanismo-e-infraestructuras\/planeamiento\/planes-especiales\/\">PLANES ESPECIALES<\/a><\/li>\n<li><a href=\"https:\/\/alzira.es\/es\/servicios-municipales\/urbanismo-e-infraestructuras\/planeamiento\/planes-parciales\/\">PLANES PARCIALES<\/a><\/li>\n<li><a href=\"https:\/\/alzira.es\/es\/servicios-municipales\/urbanismo-e-infraestructuras\/planeamiento\/planes-especiales-de-reforma-interior\/\">PLANES DE REFORMA INTERIOR<\/a><\/li>\n<li><a href=\"https:\/\/alzira.es\/es\/servicios-municipales\/urbanismo-e-infraestructuras\/planeamiento\/estudios-de-detalle\/\">ESTUDIOS DE DETALLE<\/a><\/li>\n<li><a href=\"https:\/\/alzira.es\/es\/servicios-municipales\/urbanismo-e-infraestructuras\/planeamiento\/criterios-interpretativos-plan-general\/\">CRITERIOS INTERPRETATIVO<\/a><a href=\"https:\/\/alzira.es\/es\/servicios-municipales\/urbanismo-e-infraestructuras\/planeamiento\/criterios-interpretativos-plan-general\/\" target=\"_blank\" rel=\"noreferrer noopener\">S<\/a><\/li>\n<li><a href=\"https:\/\/alzira.es\/es\/servicios-municipales\/urbanismo-e-infraestructuras\/planeamiento\/p-g-o-u-en-tramite\/\">P.G.O.U. (En Tr\u00e1mite)<\/a><\/li>\n<\/ul>\n<p>\u00a0<\/p>\n","protected":false},"excerpt":{"rendered":"<p>La planificaci\u00f3n urban\u00edstica del territorio se lleva a cabo mediante el planeamiento urban\u00edstico general, que en Alzira est\u00e1 constituido por el Plan general de ordenaci\u00f3n urbana de 2002 y por modificaciones puntuales del mismo, en aquellos \u00e1mbitos en los que el trascurso del tiempo ha requerido una nueva y actual planificaci\u00f3n adecuada a las necesidades &hellip; <\/p>\n<p class=\"link-more\"><a href=\"https:\/\/alzira.es\/es\/servicios-municipales\/urbanismo-e-infraestructuras\/planeamiento\/\" class=\"more-link\">Continuar leyendo<span class=\"screen-reader-text\"> \u00abPlaneamiento\u00bb<\/span><\/a><\/p>\n","protected":false},"author":12,"featured_media":0,"parent":87644,"menu_order":32,"comment_status":"closed","ping_status":"closed","template":"","meta":{"_acf_changed":false,"footnotes":""},"class_list":["post-714","page","type-page","status-publish","hentry"],"acf":[],"_links":{"self":[{"href":"https:\/\/alzira.es\/es\/wp-json\/wp\/v2\/pages\/714","targetHints":{"allow":["GET"]}}],"collection":[{"href":"https:\/\/alzira.es\/es\/wp-json\/wp\/v2\/pages"}],"about":[{"href":"https:\/\/alzira.es\/es\/wp-json\/wp\/v2\/types\/page"}],"author":[{"embeddable":true,"href":"https:\/\/alzira.es\/es\/wp-json\/wp\/v2\/users\/12"}],"replies":[{"embeddable":true,"href":"https:\/\/alzira.es\/es\/wp-json\/wp\/v2\/comments?post=714"}],"version-history":[{"count":2,"href":"https:\/\/alzira.es\/es\/wp-json\/wp\/v2\/pages\/714\/revisions"}],"predecessor-version":[{"id":152919,"href":"https:\/\/alzira.es\/es\/wp-json\/wp\/v2\/pages\/714\/revisions\/152919"}],"up":[{"embeddable":true,"href":"https:\/\/alzira.es\/es\/wp-json\/wp\/v2\/pages\/87644"}],"wp:attachment":[{"href":"https:\/\/alzira.es\/es\/wp-json\/wp\/v2\/media?parent=714"}],"curies":[{"name":"wp","href":"https:\/\/api.w.org\/{rel}","templated":true}]}}