{"id":6613,"date":"2013-10-16T11:07:56","date_gmt":"2013-10-16T09:07:56","guid":{"rendered":"https:\/\/alzira.es\/perfil-del-contratante\/"},"modified":"2021-09-20T09:39:05","modified_gmt":"2021-09-20T07:39:05","slug":"perfil-del-contratante","status":"publish","type":"page","link":"https:\/\/alzira.es\/es\/sede-electronica\/perfil-del-contratante\/","title":{"rendered":"Perfil del Contratante"},"content":{"rendered":"<div class=\"tituloPagina\" style=\"font-family: Verdana, Geneva, Arial, Helvetica, sans-serif; font-size: 11px; line-height: normal; text-align: justify;\">&nbsp;<\/div>\n<div class=\"tituloPagina\" style=\"font-family: Verdana, Geneva, Arial, Helvetica, sans-serif; font-size: 11px; line-height: normal; text-align: justify;\">\n<p style=\"margin-top: 0px; margin-bottom: 0px; padding-top: 0px; padding-bottom: 0px; font-family: Verdana, Geneva, Arial, Helvetica, sans-serif; font-size: 11px; line-height: normal; text-align: justify;\"><span style=\"font-size: small;\">&nbsp; &nbsp; &nbsp; &nbsp; &nbsp; El \u00abPerfil del Contratante\u00bb es el lugar de esta Web donde se publica la informaci\u00f3n relativa a la contrataci\u00f3n administrativa, tales como los anuncios de licitaci\u00f3n, las adjudicaciones provisionales y definitivas y los pliegos de contrataci\u00f3n. Est\u00e1 regulado en&nbsp;<a href=\"https:\/\/alzira.es\/wp-content\/uploads\/2013\/10\/BOE-A-2011-17887.pdf\">el art\u00edculo 53 del Real Decreto Legislativo 3\/2011, de 14 de noviembre, por el que se aprueba el texto refundido de la Ley de Contratos del Sector P\u00fablico<\/a>, y debe contar con un dispositivo inform\u00e1tico que garantice la fehaciencia de la fecha y hora de inicio de publicaci\u00f3n en el sitio web.<\/span><\/p>\n<p style=\"margin-top: 0px; margin-bottom: 0px; padding-top: 0px; padding-bottom: 0px; font-family: Verdana, Geneva, Arial, Helvetica, sans-serif; font-size: 11px; line-height: normal; text-align: center;\">&nbsp;<\/p>\n<\/div>\n<div class=\"infoPagina\" style=\"font-family: Verdana, Geneva, Arial, Helvetica, sans-serif; font-size: 11px; line-height: normal; text-align: justify;\">\n<p style=\"margin-top: 0px; margin-bottom: 0px; padding-top: 0px; padding-bottom: 0px; text-align: center;\"><span style=\"font-size: small;\"><a title=\"Perfil de Contratante\" href=\"https:\/\/contrataciondelestado.es\/wps\/portal\/perfilContratante\" target=\"_blank\" rel=\"noopener\"><img decoding=\"async\" width=\"200\" height=\"84\" class=\"size-full wp-image-6607 lazyload\" style=\"--smush-placeholder-width: 200px; --smush-placeholder-aspect-ratio: 200\/84;padding: 10px;\" title=\"perfil contratante\" data-src=\"https:\/\/alzira.es\/wp-content\/uploads\/2013\/10\/perfil_contratante.jpg\" alt=\"perfil contratante\" src=\"data:image\/svg+xml;base64,PHN2ZyB3aWR0aD0iMSIgaGVpZ2h0PSIxIiB4bWxucz0iaHR0cDovL3d3dy53My5vcmcvMjAwMC9zdmciPjwvc3ZnPg==\"><\/a>&nbsp; &nbsp; &nbsp; &nbsp; &nbsp; &nbsp; &nbsp; &nbsp; &nbsp; &nbsp; &nbsp; &nbsp; &nbsp;&nbsp;<a href=\"https:\/\/community.vortal.biz\/PRODSTS\/aytoalzira\/Login.aspx\" target=\"_blank\" rel=\"noopener\"><img decoding=\"async\" class=\"size-full wp-image-6611 lazyload\" data-src=\"https:\/\/alzira.es\/wp-content\/uploads\/2013\/10\/portal_licitacion_electronica.png\" alt=\"portal licitacion electronica\" width=\"200\" height=\"86\" src=\"data:image\/svg+xml;base64,PHN2ZyB3aWR0aD0iMSIgaGVpZ2h0PSIxIiB4bWxucz0iaHR0cDovL3d3dy53My5vcmcvMjAwMC9zdmciPjwvc3ZnPg==\" style=\"--smush-placeholder-width: 200px; --smush-placeholder-aspect-ratio: 200\/86;\"><\/a><\/span>&nbsp;<\/p>\n<\/div>\n<div class=\"fases\" style=\"margin-bottom: 20px; margin-left: 10px; font-family: Verdana, Geneva, Arial, Helvetica, sans-serif; font-size: 11px; line-height: normal; text-align: justify;\">\n<div class=\"tituloFase\" style=\"font-weight: bold; color: #003d54; font-size: 9pt; margin-bottom: 10px;\">\n<div class=\"fases\" style=\"margin-bottom: 20px; margin-left: 10px; font-family: Verdana, Geneva, Arial, Helvetica, sans-serif; font-size: 11px; line-height: normal; text-align: justify;\">\n<div class=\"tituloFase\" style=\"font-weight: bold; color: #003d54; font-size: 9pt; margin-bottom: 10px;\">1. PENDIENTES DE CONVOCATORIA:<\/div>\n<\/div>\n<div class=\"fases\" style=\"margin-bottom: 20px; margin-left: 10px; font-family: Verdana, Geneva, Arial, Helvetica, sans-serif; font-size: 11px; line-height: normal; text-align: justify;\">\n<div class=\"tituloFase\" style=\"font-weight: bold; color: #003d54; font-size: 9pt; margin-bottom: 10px;\">2. EN FASE DE PRESENTACI\u00d3N DE PROPUESTAS:<\/div>\n<\/div>\n<div class=\"fases\" style=\"margin-bottom: 20px; margin-left: 10px; font-family: Verdana, Geneva, Arial, Helvetica, sans-serif; font-size: 11px; line-height: normal; text-align: justify;\">\n<div class=\"tituloFase\" style=\"font-weight: bold; color: #003d54; font-size: 9pt; margin-bottom: 10px;\">3. EN FASE DE TRAMITACI\u00d3N:<\/div>\n<\/div>\n<\/div>\n<\/div>\n<div class=\"fases\" style=\"margin-bottom: 20px; margin-left: 10px; font-family: Verdana, Geneva, Arial, Helvetica, sans-serif; font-size: 11px; line-height: normal; text-align: justify;\">\n<ul style=\"margin-left: 20px;\">\n<li style=\"list-style: square outside none; margin-left: 15px; padding-left: 0px; margin-bottom: 10px;\"><a style=\"color: #003d54; font-family: Verdana, Geneva, Arial, Helvetica, sans-serif; font-size: 11px; line-height: normal; text-align: justify;\" href=\"index.php?option=com_k2&amp;view=item&amp;id=39;arrendamiento-para-cultivo-agricola-del-bien-de-naturaleza-patrimonial-finca-rustica-situada-en-la-finca-municipal-de-la-murta-en-el-termino-municipal-de-alzira&amp;Itemid=714\">ARRENDAMIENTO PARA CULTIVO AGR\u00cdCOLA DEL BIEN DE NATURALEZA PATRIMONIAL (FINCA R\u00daSTICA), SITUADA EN LA FINCA MUNICIPAL DE LA MURTA EN EL T\u00c9RMINO MUNICIPAL DE ALZIRA.<\/a><\/li>\n<li style=\"list-style: square outside none; margin-left: 15px; padding-left: 0px; margin-bottom: 10px;\"><a style=\"color: #003d54; font-family: Verdana, Geneva, Arial, Helvetica, sans-serif; font-size: 11px; line-height: normal; text-align: justify;\" href=\"index.php?option=com_k2&amp;view=item&amp;id=190;consultoria-y-asistencia-tecnica-elaboracion-del-plan-acustico-municipal-de-alzira&amp;Itemid=710\">CONSULTORIA Y ASISTENCIA T\u00c9CNICA ELABORACI\u00d3N DEL PLAN AC\u00daSTICO MUNICIPAL DE ALZIRA<\/a><\/li>\n<li style=\"list-style: square outside none; margin-left: 15px; padding-left: 0px; margin-bottom: 10px;\"><a style=\"color: #003d54; font-family: Verdana, Geneva, Arial, Helvetica, sans-serif; font-size: 11px; line-height: normal; text-align: justify;\" href=\"index.php?option=com_k2&amp;view=item&amp;id=40;contratacion-de-la-poliza-de-seguro-de-los-vehiculos-terrestres-que-integran-el-patrimonio-del-ayuntamiento-de-alzira&amp;Itemid=714\">CONTRACTACI\u00d3 DE LA P\u00d2LISSA D&#8217;ASSEGURAN\u00c7A DE VEHICLES TERRESTRES QUE INTEGREN EL PATRIMONI DE L&#8217;AJUNTAMENT D&#8217;ALZIRA<\/a><\/li>\n<li style=\"list-style: square outside none; margin-left: 15px; padding-left: 0px; margin-bottom: 10px;\"><span style=\"color: #003d54;\"><span style=\"line-height: normal;\">CONTRATACI\u00d3N DEL SUMINISTRO DE DOS VEH\u00cdCULOS PARA EL SERVICIO DE LA POLIC\u00cdA LOCAL DE ESTE EXCMO. AYUNTAMIENTO DE ALZIRA, MEDIANTE ARRENDAMIENTO CON OPCI\u00d3N DE COMPRA (RENTING), AL FINALIZAR EL CONTRATO POR EL VALOR RESIDUAL DEL VEH\u00cdCULO DEL AYUNTAMIENTO DE ALZIRA.<\/span><\/span><\/li>\n<li style=\"list-style: square outside none; margin-left: 15px; padding-left: 0px; margin-bottom: 10px;\"><span style=\"color: #003d54;\"><span style=\"line-height: normal;\">CONTRATACI\u00d3N, MEDIANTE PROCEDIMIENTO NEGOCIADO CON PUBLICIDAD, EL SERVICIO DE PRESTACI\u00d3N DE SERVICIOS DEPORTIVOS DE LA SOCIEDAD P\u00daBLICA INSTALACIONES DEPORTIVAS ALZIRA S.A.<\/span><\/span><\/li>\n<li style=\"list-style: square outside none; margin-left: 15px; padding-left: 0px; margin-bottom: 10px;\"><a style=\"color: #003d54; font-family: Verdana, Geneva, Arial, Helvetica, sans-serif; font-size: 11px; line-height: normal; text-align: justify;\" href=\"index.php?option=com_k2&amp;view=item&amp;id=185;urbanizacion-recinto-ferial-fase-iii&amp;Itemid=708\">URBANIZACI\u00d3N RECINTO FERIAL (FASE III)<\/a><\/li>\n<\/ul>\n<\/div>\n<div class=\"masInfo\" style=\"padding-top: 10px; font-family: Verdana, Geneva, Arial, Helvetica, sans-serif; font-size: 11px; line-height: normal; text-align: justify;\">\n<p style=\"margin-top: 0px; margin-bottom: 0px; padding-top: 0px; padding-bottom: 0px;\"><span style=\"font-family: Verdana, Geneva, Arial, Helvetica, sans-serif; font-size: 11px; line-height: normal; text-align: justify;\">La informaci\u00f3n que aqu\u00ed se publica tiene car\u00e1cter orientativo, estando pendiente de posibles modificaciones como consecuencia de los distintos procesos de gesti\u00f3n.<\/span><\/p>\n<\/div>\n","protected":false},"excerpt":{"rendered":"<p>&nbsp; &nbsp; &nbsp; &nbsp; &nbsp; &nbsp; El \u00abPerfil del Contratante\u00bb es el lugar de esta Web donde se publica la informaci\u00f3n relativa a la contrataci\u00f3n administrativa, tales como los anuncios de licitaci\u00f3n, las adjudicaciones provisionales y definitivas y los pliegos de contrataci\u00f3n. Est\u00e1 regulado en&nbsp;el art\u00edculo 53 del Real Decreto Legislativo 3\/2011, de 14 de &hellip; <\/p>\n<p class=\"link-more\"><a href=\"https:\/\/alzira.es\/es\/sede-electronica\/perfil-del-contratante\/\" class=\"more-link\">Continuar leyendo<span class=\"screen-reader-text\"> \u00abPerfil del Contratante\u00bb<\/span><\/a><\/p>\n","protected":false},"author":12,"featured_media":6607,"parent":60843,"menu_order":1,"comment_status":"closed","ping_status":"closed","template":"","meta":{"_acf_changed":false,"footnotes":""},"class_list":["post-6613","page","type-page","status-publish","has-post-thumbnail","hentry"],"acf":[],"_links":{"self":[{"href":"https:\/\/alzira.es\/es\/wp-json\/wp\/v2\/pages\/6613","targetHints":{"allow":["GET"]}}],"collection":[{"href":"https:\/\/alzira.es\/es\/wp-json\/wp\/v2\/pages"}],"about":[{"href":"https:\/\/alzira.es\/es\/wp-json\/wp\/v2\/types\/page"}],"author":[{"embeddable":true,"href":"https:\/\/alzira.es\/es\/wp-json\/wp\/v2\/users\/12"}],"replies":[{"embeddable":true,"href":"https:\/\/alzira.es\/es\/wp-json\/wp\/v2\/comments?post=6613"}],"version-history":[{"count":1,"href":"https:\/\/alzira.es\/es\/wp-json\/wp\/v2\/pages\/6613\/revisions"}],"predecessor-version":[{"id":90106,"href":"https:\/\/alzira.es\/es\/wp-json\/wp\/v2\/pages\/6613\/revisions\/90106"}],"up":[{"embeddable":true,"href":"https:\/\/alzira.es\/es\/wp-json\/wp\/v2\/pages\/60843"}],"wp:featuredmedia":[{"embeddable":true,"href":"https:\/\/alzira.es\/es\/wp-json\/wp\/v2\/media\/6607"}],"wp:attachment":[{"href":"https:\/\/alzira.es\/es\/wp-json\/wp\/v2\/media?parent=6613"}],"curies":[{"name":"wp","href":"https:\/\/api.w.org\/{rel}","templated":true}]}}