{"id":6605,"date":"2013-10-10T12:34:35","date_gmt":"2013-10-10T10:34:35","guid":{"rendered":"https:\/\/alzira.es\/ocupacio-publica\/"},"modified":"2021-08-30T21:35:25","modified_gmt":"2021-08-30T19:35:25","slug":"seleccion-personal","status":"publish","type":"page","link":"https:\/\/alzira.es\/es\/servicios-municipales\/recursos-humanos\/seleccion-personal\/","title":{"rendered":"Selecci\u00f3n de Personal"},"content":{"rendered":"\n<p><span style=\"line-height: 1.6;\">En este apartado de la p\u00e1gina web pod\u00e9is encontrar las \u00faltimas ofertas de empleo p\u00fablico (OEP) pendientes de convocatoria.<\/span><\/p>\n\n\n\n<p><span style=\"line-height: 1.6;\">En la OEP se incluyen todas las plazas que est\u00e1n vacantes en la plantilla de personal, las cuales se deber\u00e1n cubrir definitivamente por personal funcionario en propiedad o por personal laboral fijo tras superar el correspondiente proceso selectivo.<\/span>&nbsp;<\/p>\n","protected":false},"excerpt":{"rendered":"<p>En este apartado de la p\u00e1gina web pod\u00e9is encontrar las \u00faltimas ofertas de empleo p\u00fablico (OEP) pendientes de convocatoria. En la OEP se incluyen todas las plazas que est\u00e1n vacantes en la plantilla de personal, las cuales se deber\u00e1n cubrir definitivamente por personal funcionario en propiedad o por personal laboral fijo tras superar el correspondiente &hellip; <\/p>\n<p class=\"link-more\"><a href=\"https:\/\/alzira.es\/es\/servicios-municipales\/recursos-humanos\/seleccion-personal\/\" class=\"more-link\">Continuar leyendo<span class=\"screen-reader-text\"> \u00abSelecci\u00f3n de Personal\u00bb<\/span><\/a><\/p>\n","protected":false},"author":12,"featured_media":0,"parent":86783,"menu_order":0,"comment_status":"closed","ping_status":"closed","template":"","meta":{"_acf_changed":false,"footnotes":""},"class_list":["post-6605","page","type-page","status-publish","hentry"],"acf":[],"_links":{"self":[{"href":"https:\/\/alzira.es\/es\/wp-json\/wp\/v2\/pages\/6605","targetHints":{"allow":["GET"]}}],"collection":[{"href":"https:\/\/alzira.es\/es\/wp-json\/wp\/v2\/pages"}],"about":[{"href":"https:\/\/alzira.es\/es\/wp-json\/wp\/v2\/types\/page"}],"author":[{"embeddable":true,"href":"https:\/\/alzira.es\/es\/wp-json\/wp\/v2\/users\/12"}],"replies":[{"embeddable":true,"href":"https:\/\/alzira.es\/es\/wp-json\/wp\/v2\/comments?post=6605"}],"version-history":[{"count":2,"href":"https:\/\/alzira.es\/es\/wp-json\/wp\/v2\/pages\/6605\/revisions"}],"predecessor-version":[{"id":86825,"href":"https:\/\/alzira.es\/es\/wp-json\/wp\/v2\/pages\/6605\/revisions\/86825"}],"up":[{"embeddable":true,"href":"https:\/\/alzira.es\/es\/wp-json\/wp\/v2\/pages\/86783"}],"wp:attachment":[{"href":"https:\/\/alzira.es\/es\/wp-json\/wp\/v2\/media?parent=6605"}],"curies":[{"name":"wp","href":"https:\/\/api.w.org\/{rel}","templated":true}]}}