{"id":6603,"date":"2013-10-08T18:07:57","date_gmt":"2013-10-08T16:07:57","guid":{"rendered":"https:\/\/alzira.es\/personas-mayores\/"},"modified":"2021-08-31T18:57:09","modified_gmt":"2021-08-31T16:57:09","slug":"personas-mayores","status":"publish","type":"page","link":"https:\/\/alzira.es\/es\/servicios-municipales\/servicios-sociales\/personas-mayores\/","title":{"rendered":"Personas mayores"},"content":{"rendered":"\n<p>El peso espec\u00edfico de la poblaci\u00f3n mayor se ha visto incrementado considerablemente en los \u00faltimos 30 a\u00f1os, debido tanto al largo y sostenido descenso de la mortalidad, que ha tra\u00eddo consigo un alargamiento de la vida, como a la tendencia al descenso de la natalidad.<\/p>\n\n\n\n<p>En la actualidad, seg\u00fan los datos extra\u00eddos del padr\u00f3n municipal, el n\u00famero de habitantes mayores de 65 a\u00f1os en Alzira es de 7.941 personas y el total de menores de edad 8.423, estas cifras indican un porcentaje de poblaci\u00f3n mayor del 17,66 % y de menores un 18,74 %, respecto al n\u00famero total de habitantes que asciende a 44.958. Dentro de este colectivo cobran mayor importancia los mayores de 85 a\u00f1os, que en la localidad est\u00e1n representados con un total de 1.187 personas; es el envejecimiento del envejecimiento.<\/p>\n\n\n\n<p>Esta tendencia se acentuar\u00e1 en el futuro y requiere ser abordada mediante un esfuerzo colectivo que garantice la cohesi\u00f3n social, universalidad, equidad, accesibilidad y la solidaridad entre generaciones. Una tendencia que nos indica que mucha problem\u00e1tica y necesidades asociadas al fen\u00f3meno del envejecimiento deber\u00e1n ser atendidas desde los \u00e1mbitos locales de proximidad, incorpor\u00e1ndose como una competencia pr\u00e1cticamente exclusiva de los servicios sociales. Estamos iniciando un proceso, en el que se contempla un desplazamiento de la presi\u00f3n asistencial, que requiere la perdida de autonom\u00eda y atenci\u00f3n a la dependencia, desde el \u00e1mbito sanitario al \u00e1mbito de los servicios sociales.<\/p>\n\n\n\n<p>Los ayuntamientos est\u00e1n llamados a ejercer un papel promotor en la articulaci\u00f3n de nuevas pol\u00edticas sociales que afronten el fen\u00f3meno del envejecimiento en los pr\u00f3ximos a\u00f1os. En ese sentido, es inaplazable que la administraci\u00f3n local se comprometa en un proceso de incorporaci\u00f3n de elementos estrat\u00e9gicos que permitan orientar las acciones que va a exigir el envejecimiento de la poblaci\u00f3n en el siglo XXI.<\/p>\n\n\n\n<p>En esta l\u00ednea argumental, se han producido cambios significativos en la atenci\u00f3n a las personas mayores y en los servicios disponibles, cambios cuantitativos, con el aumento de la oferta de recursos y prestaciones y cambios estructurales en la cobertura de necesidades.<\/p>\n\n\n\n<p>La aprobaci\u00f3n de la Ley de Promoci\u00f3n de la Autonom\u00eda Personal y Atenci\u00f3n a Personas en Situaci\u00f3n de Dependencia en diciembre de 2006, establece la colaboraci\u00f3n y participaci\u00f3n de todas las administraciones p\u00fablicas en la regulaci\u00f3n de las condiciones b\u00e1sicas y la previsi\u00f3n de los niveles de protecci\u00f3n, que garanticen la igualdad de todos los ciudadanos en el ejercicio de los derechos y en el cumplimiento de los deberes constitucionales.<\/p>\n\n\n\n<p>En este contexto, desde la iniciativa municipal se asume la responsabilidad y funci\u00f3n social de atenci\u00f3n a las personas mayores, con la implementaci\u00f3n de un modelo de gesti\u00f3n integral, destinado a promover servicios y prestaciones acordes a las nuevas y crecientes necesidades generacionales y de manera especialmente relevante, en el establecimiento de derechos y su garant\u00eda.<\/p>\n\n\n\n<p>El inter\u00e9s de l\u2019Ajuntament d\u2019Alzira como entidad gestora de servicios y prestaciones, es difundir la informaci\u00f3n de los recursos sociales dirigidos al colectivo de referencia en el municipio, al objeto de facilitar la accesibilidad y participaci\u00f3n activa de la ciudadan\u00eda en todos los \u00e1mbitos. Un compromiso municipal, en definitiva, para trabajar en clave de derechos sociales y la pr\u00e1ctica efectiva de los mismos.<\/p>\n","protected":false},"excerpt":{"rendered":"<p>El peso espec\u00edfico de la poblaci\u00f3n mayor se ha visto incrementado considerablemente en los \u00faltimos 30 a\u00f1os, debido tanto al largo y sostenido descenso de la mortalidad, que ha tra\u00eddo consigo un alargamiento de la vida, como a la tendencia al descenso de la natalidad. En la actualidad, seg\u00fan los datos extra\u00eddos del padr\u00f3n municipal, &hellip; <\/p>\n<p class=\"link-more\"><a href=\"https:\/\/alzira.es\/es\/servicios-municipales\/servicios-sociales\/personas-mayores\/\" class=\"more-link\">Continuar leyendo<span class=\"screen-reader-text\"> \u00abPersonas mayores\u00bb<\/span><\/a><\/p>\n","protected":false},"author":12,"featured_media":0,"parent":6448,"menu_order":2,"comment_status":"closed","ping_status":"closed","template":"","meta":{"_acf_changed":false,"footnotes":""},"class_list":["post-6603","page","type-page","status-publish","hentry"],"acf":[],"_links":{"self":[{"href":"https:\/\/alzira.es\/es\/wp-json\/wp\/v2\/pages\/6603","targetHints":{"allow":["GET"]}}],"collection":[{"href":"https:\/\/alzira.es\/es\/wp-json\/wp\/v2\/pages"}],"about":[{"href":"https:\/\/alzira.es\/es\/wp-json\/wp\/v2\/types\/page"}],"author":[{"embeddable":true,"href":"https:\/\/alzira.es\/es\/wp-json\/wp\/v2\/users\/12"}],"replies":[{"embeddable":true,"href":"https:\/\/alzira.es\/es\/wp-json\/wp\/v2\/comments?post=6603"}],"version-history":[{"count":1,"href":"https:\/\/alzira.es\/es\/wp-json\/wp\/v2\/pages\/6603\/revisions"}],"predecessor-version":[{"id":87489,"href":"https:\/\/alzira.es\/es\/wp-json\/wp\/v2\/pages\/6603\/revisions\/87489"}],"up":[{"embeddable":true,"href":"https:\/\/alzira.es\/es\/wp-json\/wp\/v2\/pages\/6448"}],"wp:attachment":[{"href":"https:\/\/alzira.es\/es\/wp-json\/wp\/v2\/media?parent=6603"}],"curies":[{"name":"wp","href":"https:\/\/api.w.org\/{rel}","templated":true}]}}